{"id":11481,"date":"2025-02-12T12:06:19","date_gmt":"2025-02-12T04:06:19","guid":{"rendered":"https:\/\/themerusanur.com\/resort-entdecken\/"},"modified":"2026-04-18T01:04:21","modified_gmt":"2026-04-17T17:04:21","slug":"resort-entdecken","status":"publish","type":"page","link":"https:\/\/themerusanur.com\/de\/resort-entdecken\/","title":{"rendered":"Resort entdecken"},"content":{"rendered":"\t\t<div data-elementor-type=\"wp-page\" data-elementor-id=\"11481\" class=\"elementor elementor-11481 elementor-3077\" data-elementor-post-type=\"page\">\n\t\t\t\t<div class=\"elementor-element elementor-element-d007107 ob-bg-video e-flex e-con-boxed e-con e-parent\" data-id=\"d007107\" data-element_type=\"container\" data-e-type=\"container\" data-settings=\"{&quot;background_background&quot;:&quot;classic&quot;}\">\n\t\t\t\t\t<div class=\"e-con-inner\">\n\t\t\t\t\t<\/div>\n\t\t\t\t<\/div>\n\t\t<div class=\"elementor-element elementor-element-08690a2 e-flex e-con-boxed e-con e-parent\" data-id=\"08690a2\" data-element_type=\"container\" data-e-type=\"container\">\n\t\t\t\t\t<div class=\"e-con-inner\">\n\t\t\t\t\t<\/div>\n\t\t\t\t<\/div>\n\t\t<div class=\"elementor-element elementor-element-58a8534 e-flex e-con-boxed e-con e-parent\" data-id=\"58a8534\" data-element_type=\"container\" data-e-type=\"container\">\n\t\t\t\t\t<div class=\"e-con-inner\">\n\t\t<div class=\"elementor-element elementor-element-651eeff e-con-full e-flex e-con e-child\" data-id=\"651eeff\" data-element_type=\"container\" data-e-type=\"container\">\n\t\t\t\t<div class=\"elementor-element elementor-element-c6fa47f elementor-widget elementor-widget-heading\" data-id=\"c6fa47f\" data-element_type=\"widget\" data-e-type=\"widget\" data-widget_type=\"heading.default\">\n\t\t\t\t<div class=\"elementor-widget-container\">\n\t\t\t\t\t<h1 class=\"elementor-heading-title elementor-size-default\">Resort entdecken<\/h1>\t\t\t\t<\/div>\n\t\t\t\t<\/div>\n\t\t\t\t<div class=\"elementor-element elementor-element-b771662 elementor-widget elementor-widget-text-editor\" data-id=\"b771662\" data-element_type=\"widget\" data-e-type=\"widget\" data-widget_type=\"text-editor.default\">\n\t\t\t\t<div class=\"elementor-widget-container\">\n\t\t\t\t\t\t\t\t\t<p>Eingebettet an den unber\u00fchrten Ufern des Sanur Beach erstreckt sich The Meru Sanur \u00fcber ein weitl\u00e4ufiges, 10 Hektar gro\u00dfes Resort innerhalb der The Sanur Special Economic Zone for Health &amp; Wellness. <\/p><p>Als ein Zufluchtsort der Gelassenheit konzipiert, bietet unser Resort eine nahtlose Verbindung von Luxus, Natur und Wohlbefinden. <span style=\"color: var( --e-global-color-text ); font-family: var( --e-global-typography-ed27a3f-font-family ), Sans-serif; font-size: var( --e-global-typography-ed27a3f-font-size ); font-weight: var( --e-global-typography-text-font-weight );\">Erleben Sie die Essenz tropischer Eleganz, wo erstklassige Gastfreundschaft auf den verj\u00fcngenden Geist des K\u00fcstencharmes von Sanur trifft.<\/span><\/p><p>The Meru Sanur bietet 184 Suiten, 2 Swimmingpools, 2 Restaurants, eine Lounge-Bar, eine Strandbar, eine Poolbar, ein Wellness-Spa, ein Fitnesscenter, einen Kids Club, ein Kongresszentrum, Tagungsr\u00e4ume, einen Strand und einen Gartenbereich f\u00fcr feierliche Veranstaltungen. <\/p>\t\t\t\t\t\t\t\t<\/div>\n\t\t\t\t<\/div>\n\t\t\t\t<div class=\"elementor-element elementor-element-196135d elementor-widget-divider--view-line elementor-widget elementor-widget-divider\" data-id=\"196135d\" data-element_type=\"widget\" data-e-type=\"widget\" data-widget_type=\"divider.default\">\n\t\t\t\t<div class=\"elementor-widget-container\">\n\t\t\t\t\t\t\t<div class=\"elementor-divider\">\n\t\t\t<span class=\"elementor-divider-separator\">\n\t\t\t\t\t\t<\/span>\n\t\t<\/div>\n\t\t\t\t\t\t<\/div>\n\t\t\t\t<\/div>\n\t\t\t\t<\/div>\n\t\t\t\t\t<\/div>\n\t\t\t\t<\/div>\n\t\t<div class=\"elementor-element elementor-element-fddfb78 e-grid e-con-boxed e-con e-parent\" data-id=\"fddfb78\" data-element_type=\"container\" data-e-type=\"container\">\n\t\t\t\t\t<div class=\"e-con-inner\">\n\t\t\t\t<div class=\"elementor-element elementor-element-4b731a4 elementor-widget elementor-widget-image\" data-id=\"4b731a4\" data-element_type=\"widget\" data-e-type=\"widget\" data-widget_type=\"image.default\">\n\t\t\t\t<div class=\"elementor-widget-container\">\n\t\t\t\t\t\t\t\t\t\t\t\t\t\t\t<img fetchpriority=\"high\" decoding=\"async\" width=\"800\" height=\"800\" src=\"https:\/\/themerusanur.com\/wp-content\/uploads\/2025\/12\/Awards-2025-The-Meru-Sanur-Website-500-x-500-pixel-02-1024x1024.png\" class=\"attachment-large size-large wp-image-7616\" alt=\"\" srcset=\"https:\/\/themerusanur.com\/wp-content\/uploads\/2025\/12\/Awards-2025-The-Meru-Sanur-Website-500-x-500-pixel-02-1024x1024.png 1024w, https:\/\/themerusanur.com\/wp-content\/uploads\/2025\/12\/Awards-2025-The-Meru-Sanur-Website-500-x-500-pixel-02-300x300.png 300w, https:\/\/themerusanur.com\/wp-content\/uploads\/2025\/12\/Awards-2025-The-Meru-Sanur-Website-500-x-500-pixel-02-150x150.png 150w, https:\/\/themerusanur.com\/wp-content\/uploads\/2025\/12\/Awards-2025-The-Meru-Sanur-Website-500-x-500-pixel-02-768x768.png 768w, https:\/\/themerusanur.com\/wp-content\/uploads\/2025\/12\/Awards-2025-The-Meru-Sanur-Website-500-x-500-pixel-02.png 1042w\" sizes=\"(max-width: 800px) 100vw, 800px\" title=\"\">\t\t\t\t\t\t\t\t\t\t\t\t\t\t\t<\/div>\n\t\t\t\t<\/div>\n\t\t\t\t<div class=\"elementor-element elementor-element-1eab126 elementor-widget elementor-widget-image\" data-id=\"1eab126\" data-element_type=\"widget\" data-e-type=\"widget\" data-widget_type=\"image.default\">\n\t\t\t\t<div class=\"elementor-widget-container\">\n\t\t\t\t\t\t\t\t\t\t\t\t\t\t\t<img decoding=\"async\" width=\"800\" height=\"800\" src=\"https:\/\/themerusanur.com\/wp-content\/uploads\/2025\/12\/Awards-2025-The-Meru-Sanur-Website-500-x-500-pixel-03-1024x1024.png\" class=\"attachment-large size-large wp-image-7617\" alt=\"\" srcset=\"https:\/\/themerusanur.com\/wp-content\/uploads\/2025\/12\/Awards-2025-The-Meru-Sanur-Website-500-x-500-pixel-03-1024x1024.png 1024w, https:\/\/themerusanur.com\/wp-content\/uploads\/2025\/12\/Awards-2025-The-Meru-Sanur-Website-500-x-500-pixel-03-300x300.png 300w, https:\/\/themerusanur.com\/wp-content\/uploads\/2025\/12\/Awards-2025-The-Meru-Sanur-Website-500-x-500-pixel-03-150x150.png 150w, https:\/\/themerusanur.com\/wp-content\/uploads\/2025\/12\/Awards-2025-The-Meru-Sanur-Website-500-x-500-pixel-03-768x768.png 768w, https:\/\/themerusanur.com\/wp-content\/uploads\/2025\/12\/Awards-2025-The-Meru-Sanur-Website-500-x-500-pixel-03.png 1042w\" sizes=\"(max-width: 800px) 100vw, 800px\" title=\"\">\t\t\t\t\t\t\t\t\t\t\t\t\t\t\t<\/div>\n\t\t\t\t<\/div>\n\t\t\t\t<div class=\"elementor-element elementor-element-92183c5 elementor-widget elementor-widget-image\" data-id=\"92183c5\" data-element_type=\"widget\" data-e-type=\"widget\" data-widget_type=\"image.default\">\n\t\t\t\t<div class=\"elementor-widget-container\">\n\t\t\t\t\t\t\t\t\t\t\t\t\t\t\t<img decoding=\"async\" width=\"800\" height=\"800\" src=\"https:\/\/themerusanur.com\/wp-content\/uploads\/2025\/12\/Awards-2025-The-Meru-Sanur-Website-500-x-500-pixel-04-1024x1024.png\" class=\"attachment-large size-large wp-image-7618\" alt=\"\" srcset=\"https:\/\/themerusanur.com\/wp-content\/uploads\/2025\/12\/Awards-2025-The-Meru-Sanur-Website-500-x-500-pixel-04-1024x1024.png 1024w, https:\/\/themerusanur.com\/wp-content\/uploads\/2025\/12\/Awards-2025-The-Meru-Sanur-Website-500-x-500-pixel-04-300x300.png 300w, https:\/\/themerusanur.com\/wp-content\/uploads\/2025\/12\/Awards-2025-The-Meru-Sanur-Website-500-x-500-pixel-04-150x150.png 150w, https:\/\/themerusanur.com\/wp-content\/uploads\/2025\/12\/Awards-2025-The-Meru-Sanur-Website-500-x-500-pixel-04-768x768.png 768w, https:\/\/themerusanur.com\/wp-content\/uploads\/2025\/12\/Awards-2025-The-Meru-Sanur-Website-500-x-500-pixel-04.png 1042w\" sizes=\"(max-width: 800px) 100vw, 800px\" title=\"\">\t\t\t\t\t\t\t\t\t\t\t\t\t\t\t<\/div>\n\t\t\t\t<\/div>\n\t\t\t\t<div class=\"elementor-element elementor-element-425998f elementor-widget elementor-widget-image\" data-id=\"425998f\" data-element_type=\"widget\" data-e-type=\"widget\" data-widget_type=\"image.default\">\n\t\t\t\t<div class=\"elementor-widget-container\">\n\t\t\t\t\t\t\t\t\t\t\t\t\t\t\t<img loading=\"lazy\" decoding=\"async\" width=\"800\" height=\"800\" src=\"https:\/\/themerusanur.com\/wp-content\/uploads\/2025\/12\/Awards-2025-The-Meru-Sanur-Website-500-x-500-pixel-05-1024x1024.png\" class=\"attachment-large size-large wp-image-7619\" alt=\"\" srcset=\"https:\/\/themerusanur.com\/wp-content\/uploads\/2025\/12\/Awards-2025-The-Meru-Sanur-Website-500-x-500-pixel-05-1024x1024.png 1024w, https:\/\/themerusanur.com\/wp-content\/uploads\/2025\/12\/Awards-2025-The-Meru-Sanur-Website-500-x-500-pixel-05-300x300.png 300w, https:\/\/themerusanur.com\/wp-content\/uploads\/2025\/12\/Awards-2025-The-Meru-Sanur-Website-500-x-500-pixel-05-150x150.png 150w, https:\/\/themerusanur.com\/wp-content\/uploads\/2025\/12\/Awards-2025-The-Meru-Sanur-Website-500-x-500-pixel-05-768x768.png 768w, https:\/\/themerusanur.com\/wp-content\/uploads\/2025\/12\/Awards-2025-The-Meru-Sanur-Website-500-x-500-pixel-05.png 1042w\" sizes=\"(max-width: 800px) 100vw, 800px\" title=\"\">\t\t\t\t\t\t\t\t\t\t\t\t\t\t\t<\/div>\n\t\t\t\t<\/div>\n\t\t\t\t<div class=\"elementor-element elementor-element-a18b67e elementor-widget elementor-widget-image\" data-id=\"a18b67e\" data-element_type=\"widget\" data-e-type=\"widget\" data-widget_type=\"image.default\">\n\t\t\t\t<div class=\"elementor-widget-container\">\n\t\t\t\t\t\t\t\t\t\t\t\t\t\t\t<img loading=\"lazy\" decoding=\"async\" width=\"800\" height=\"800\" src=\"https:\/\/themerusanur.com\/wp-content\/uploads\/2025\/12\/Awards-2025-The-Meru-Sanur-Website-500-x-500-pixel-06-1024x1024.png\" class=\"attachment-large size-large wp-image-7620\" alt=\"\" srcset=\"https:\/\/themerusanur.com\/wp-content\/uploads\/2025\/12\/Awards-2025-The-Meru-Sanur-Website-500-x-500-pixel-06-1024x1024.png 1024w, https:\/\/themerusanur.com\/wp-content\/uploads\/2025\/12\/Awards-2025-The-Meru-Sanur-Website-500-x-500-pixel-06-300x300.png 300w, https:\/\/themerusanur.com\/wp-content\/uploads\/2025\/12\/Awards-2025-The-Meru-Sanur-Website-500-x-500-pixel-06-150x150.png 150w, https:\/\/themerusanur.com\/wp-content\/uploads\/2025\/12\/Awards-2025-The-Meru-Sanur-Website-500-x-500-pixel-06-768x768.png 768w, https:\/\/themerusanur.com\/wp-content\/uploads\/2025\/12\/Awards-2025-The-Meru-Sanur-Website-500-x-500-pixel-06.png 1042w\" sizes=\"(max-width: 800px) 100vw, 800px\" title=\"\">\t\t\t\t\t\t\t\t\t\t\t\t\t\t\t<\/div>\n\t\t\t\t<\/div>\n\t\t\t\t\t<\/div>\n\t\t\t\t<\/div>\n\t\t<div class=\"elementor-element elementor-element-c1c4780 e-flex e-con-boxed e-con e-parent\" data-id=\"c1c4780\" data-element_type=\"container\" data-e-type=\"container\">\n\t\t\t\t\t<div class=\"e-con-inner\">\n\t\t<div class=\"elementor-element elementor-element-8ef221f e-con-full e-flex e-con e-child\" data-id=\"8ef221f\" data-element_type=\"container\" data-e-type=\"container\">\n\t\t\t\t<div class=\"elementor-element elementor-element-9650c6f elementor-widget elementor-widget-heading\" data-id=\"9650c6f\" data-element_type=\"widget\" data-e-type=\"widget\" data-widget_type=\"heading.default\">\n\t\t\t\t<div class=\"elementor-widget-container\">\n\t\t\t\t\t<h2 class=\"elementor-heading-title elementor-size-default\">Unsere Lage<\/h2>\t\t\t\t<\/div>\n\t\t\t\t<\/div>\n\t\t\t\t<div class=\"elementor-element elementor-element-60df170 elementor-widget__width-initial elementor-widget elementor-widget-text-editor\" data-id=\"60df170\" data-element_type=\"widget\" data-e-type=\"widget\" data-widget_type=\"text-editor.default\">\n\t\t\t\t<div class=\"elementor-widget-container\">\n\t\t\t\t\t\t\t\t\t<p>The Meru Sanur<\/p><p>Jalan Hang Tuah, Sanur Kaja, Denpasar Selatan, Kota Denpasar &#8211; Bali, Indonesien 80227<\/p><p>+62 (361) 2012000<\/p>\t\t\t\t\t\t\t\t<\/div>\n\t\t\t\t<\/div>\n\t\t\t\t<div class=\"elementor-element elementor-element-c18eb6c ob-btn-block elementor-widget__width-initial elementor-widget elementor-widget-button\" data-id=\"c18eb6c\" data-element_type=\"widget\" data-e-type=\"widget\" data-widget_type=\"button.default\">\n\t\t\t\t<div class=\"elementor-widget-container\">\n\t\t\t\t\t\t\t\t\t<div class=\"elementor-button-wrapper\">\n\t\t\t\t\t<a class=\"elementor-button elementor-button-link elementor-size-sm\" href=\"https:\/\/www.google.com\/maps\/dir\/\/themerusanur\" target=\"_blank\" rel=\"noopener\">\n\t\t\t\t\t\t<span class=\"elementor-button-content-wrapper\">\n\t\t\t\t\t\t\t\t\t<span class=\"elementor-button-text\">Navigieren<\/span>\n\t\t\t\t\t<\/span>\n\t\t\t\t\t<\/a>\n\t\t\t\t<\/div>\n\t\t\t\t\t\t\t\t<\/div>\n\t\t\t\t<\/div>\n\t\t\t\t<\/div>\n\t\t<div class=\"elementor-element elementor-element-86bdf04 e-con-full e-flex e-con e-child\" data-id=\"86bdf04\" data-element_type=\"container\" data-e-type=\"container\">\n\t\t\t\t<div class=\"elementor-element elementor-element-4ef8ecd elementor-widget elementor-widget-google_maps\" data-id=\"4ef8ecd\" data-element_type=\"widget\" data-e-type=\"widget\" data-widget_type=\"google_maps.default\">\n\t\t\t\t<div class=\"elementor-widget-container\">\n\t\t\t\t\t\t\t<div class=\"elementor-custom-embed\">\n\t\t\t<iframe loading=\"lazy\"\n\t\t\t\t\tsrc=\"https:\/\/maps.google.com\/maps?q=The%20Meru%20Sanur&#038;t=m&#038;z=10&#038;output=embed&#038;iwloc=near\"\n\t\t\t\t\ttitle=\"The Meru Sanur\"\n\t\t\t\t\taria-label=\"The Meru Sanur\"\n\t\t\t><\/iframe>\n\t\t<\/div>\n\t\t\t\t\t\t<\/div>\n\t\t\t\t<\/div>\n\t\t\t\t<\/div>\n\t\t\t\t\t<\/div>\n\t\t\t\t<\/div>\n\t\t<div class=\"elementor-element elementor-element-75eb853 e-flex e-con-boxed e-con e-parent\" data-id=\"75eb853\" data-element_type=\"container\" data-e-type=\"container\">\n\t\t\t\t\t<div class=\"e-con-inner\">\n\t\t\t\t<div class=\"elementor-element elementor-element-6eeee0d elementor-widget-divider--view-line elementor-widget elementor-widget-divider\" data-id=\"6eeee0d\" data-element_type=\"widget\" data-e-type=\"widget\" data-widget_type=\"divider.default\">\n\t\t\t\t<div class=\"elementor-widget-container\">\n\t\t\t\t\t\t\t<div class=\"elementor-divider\">\n\t\t\t<span class=\"elementor-divider-separator\">\n\t\t\t\t\t\t<\/span>\n\t\t<\/div>\n\t\t\t\t\t\t<\/div>\n\t\t\t\t<\/div>\n\t\t\t\t\t<\/div>\n\t\t\t\t<\/div>\n\t\t<div class=\"elementor-element elementor-element-cd2e135 e-flex e-con-boxed e-con e-parent\" data-id=\"cd2e135\" data-element_type=\"container\" data-e-type=\"container\">\n\t\t\t\t\t<div class=\"e-con-inner\">\n\t\t\t\t<div class=\"elementor-element elementor-element-9a4299e elementor-widget elementor-widget-heading\" data-id=\"9a4299e\" data-element_type=\"widget\" data-e-type=\"widget\" data-widget_type=\"heading.default\">\n\t\t\t\t<div class=\"elementor-widget-container\">\n\t\t\t\t\t<h2 class=\"elementor-heading-title elementor-size-default\">Entfernung und Zeit<\/h2>\t\t\t\t<\/div>\n\t\t\t\t<\/div>\n\t\t\t\t<div class=\"elementor-element elementor-element-a26d598 elementor-widget elementor-widget-text-editor\" data-id=\"a26d598\" data-element_type=\"widget\" data-e-type=\"widget\" data-widget_type=\"text-editor.default\">\n\t\t\t\t<div class=\"elementor-widget-container\">\n\t\t\t\t\t\t\t\t\t<p style=\"text-align: center;\">I Gusti Ngurah Rai International Airport: 17 Kilometer und ca. 30 Minuten<\/p>\n<p style=\"text-align: center;\">Bali International Hospital: 0,5 Kilometer und ca. 3 Gehminuten<\/p>\n<p style=\"text-align: center;\">Sanur Harbour: 1 Kilometer und ca. 10 Gehminuten<\/p>\n<p style=\"text-align: center;\">Icon Bali Shopping Mall: 2 Kilometer und ca. 15 Gehminuten<\/p>\n<p style=\"text-align: center;\">Nusa Dua: 22 Kilometer und ca. 35 Minuten<\/p>\n<p style=\"text-align: center;\">Ubud: 25 Kilometer und ca. 55 Minuten<\/p>\n<p style=\"text-align: center;\">Seminyak und Canggu: 15 Kilometer und ca. 45 Minuten<\/p>\t\t\t\t\t\t\t\t<\/div>\n\t\t\t\t<\/div>\n\t\t\t\t\t<\/div>\n\t\t\t\t<\/div>\n\t\t\t\t<\/div>\n\t\t","protected":false},"excerpt":{"rendered":"<p>Resort entdecken Eingebettet an den unber\u00fchrten Ufern des Sanur Beach erstreckt sich The Meru Sanur \u00fcber ein weitl\u00e4ufiges, 10 Hektar gro\u00dfes Resort innerhalb der The Sanur Special Economic Zone for Health &amp; Wellness. Als ein Zufluchtsort der Gelassenheit konzipiert, bietet unser Resort eine nahtlose Verbindung von Luxus, Natur und Wohlbefinden. Erleben Sie die Essenz tropischer [&hellip;]<\/p>\n","protected":false},"author":2,"featured_media":0,"parent":0,"menu_order":0,"comment_status":"closed","ping_status":"closed","template":"","meta":{"footnotes":""},"class_list":["post-11481","page","type-page","status-publish","hentry"],"_links":{"self":[{"href":"https:\/\/themerusanur.com\/de\/wp-json\/wp\/v2\/pages\/11481","targetHints":{"allow":["GET"]}}],"collection":[{"href":"https:\/\/themerusanur.com\/de\/wp-json\/wp\/v2\/pages"}],"about":[{"href":"https:\/\/themerusanur.com\/de\/wp-json\/wp\/v2\/types\/page"}],"author":[{"embeddable":true,"href":"https:\/\/themerusanur.com\/de\/wp-json\/wp\/v2\/users\/2"}],"replies":[{"embeddable":true,"href":"https:\/\/themerusanur.com\/de\/wp-json\/wp\/v2\/comments?post=11481"}],"version-history":[{"count":1,"href":"https:\/\/themerusanur.com\/de\/wp-json\/wp\/v2\/pages\/11481\/revisions"}],"predecessor-version":[{"id":11485,"href":"https:\/\/themerusanur.com\/de\/wp-json\/wp\/v2\/pages\/11481\/revisions\/11485"}],"wp:attachment":[{"href":"https:\/\/themerusanur.com\/de\/wp-json\/wp\/v2\/media?parent=11481"}],"curies":[{"name":"wp","href":"https:\/\/api.w.org\/{rel}","templated":true}]}}