{"id":11487,"date":"2025-06-29T18:54:11","date_gmt":"2025-06-29T10:54:11","guid":{"rendered":"https:\/\/themerusanur.com\/holiday-haven\/"},"modified":"2026-04-18T01:08:16","modified_gmt":"2026-04-17T17:08:16","slug":"holiday-haven","status":"publish","type":"page","link":"https:\/\/themerusanur.com\/de\/holiday-haven\/","title":{"rendered":"Holiday Haven"},"content":{"rendered":"\t\t<div data-elementor-type=\"wp-page\" data-elementor-id=\"11487\" class=\"elementor elementor-11487 elementor-6164\" data-elementor-post-type=\"page\">\n\t\t\t\t<div class=\"elementor-element elementor-element-25c34ace ob-bg-video e-flex e-con-boxed e-con e-parent\" data-id=\"25c34ace\" data-element_type=\"container\" data-e-type=\"container\" data-settings=\"{&quot;background_background&quot;:&quot;classic&quot;}\">\n\t\t\t\t\t<div class=\"e-con-inner\">\n\t\t\t\t\t<\/div>\n\t\t\t\t<\/div>\n\t\t<div class=\"elementor-element elementor-element-4238848e e-flex e-con-boxed e-con e-parent\" data-id=\"4238848e\" data-element_type=\"container\" data-e-type=\"container\">\n\t\t\t\t\t<div class=\"e-con-inner\">\n\t\t\t\t\t<\/div>\n\t\t\t\t<\/div>\n\t\t<div class=\"elementor-element elementor-element-4a3ba5d e-flex e-con-boxed e-con e-parent\" data-id=\"4a3ba5d\" data-element_type=\"container\" data-e-type=\"container\">\n\t\t\t\t\t<div class=\"e-con-inner\">\n\t\t<div class=\"elementor-element elementor-element-201de2ae e-con-full e-flex e-con e-child\" data-id=\"201de2ae\" data-element_type=\"container\" data-e-type=\"container\">\n\t\t\t\t<div class=\"elementor-element elementor-element-4d9010fd elementor-widget elementor-widget-heading\" data-id=\"4d9010fd\" data-element_type=\"widget\" data-e-type=\"widget\" data-widget_type=\"heading.default\">\n\t\t\t\t<div class=\"elementor-widget-container\">\n\t\t\t\t\t<h2 class=\"elementor-heading-title elementor-size-default\">Holiday Haven<\/h2>\t\t\t\t<\/div>\n\t\t\t\t<\/div>\n\t\t\t\t<div class=\"elementor-element elementor-element-2464c544 elementor-widget elementor-widget-text-editor\" data-id=\"2464c544\" data-element_type=\"widget\" data-e-type=\"widget\" data-widget_type=\"text-editor.default\">\n\t\t\t\t<div class=\"elementor-widget-container\">\n\t\t\t\t\t\t\t\t\t<p data-start=\"81\" data-end=\"316\">Entspannen Sie sich bei einem friedlichen Aufenthalt von mindestens 2 N\u00e4chten in unserem All-inclusive-Strandresort, wo der Panoramablick auf den Sanur Beach auf herzliche Gastfreundschaft und ausgew\u00e4hlte Familienerlebnisse trifft.<\/p><p data-start=\"318\" data-end=\"431\"> Ihr unvergesslicher Familienurlaub beginnt hier, wo jedes Detail auf Komfort, Verbundenheit und unbeschwerten Spa\u00df am Meer ausgelegt ist.<\/p>\t\t\t\t\t\t\t\t<\/div>\n\t\t\t\t<\/div>\n\t\t\t\t<\/div>\n\t\t<div class=\"elementor-element elementor-element-c89035b e-con-full e-flex e-con e-child\" data-id=\"c89035b\" data-element_type=\"container\" data-e-type=\"container\">\n\t\t\t\t<div class=\"elementor-element elementor-element-3602c1a elementor-widget-divider--view-line elementor-widget elementor-widget-divider\" data-id=\"3602c1a\" data-element_type=\"widget\" data-e-type=\"widget\" data-widget_type=\"divider.default\">\n\t\t\t\t<div class=\"elementor-widget-container\">\n\t\t\t\t\t\t\t<div class=\"elementor-divider\">\n\t\t\t<span class=\"elementor-divider-separator\">\n\t\t\t\t\t\t<\/span>\n\t\t<\/div>\n\t\t\t\t\t\t<\/div>\n\t\t\t\t<\/div>\n\t\t\t\t<\/div>\n\t\t\t\t\t<\/div>\n\t\t\t\t<\/div>\n\t\t<div class=\"elementor-element elementor-element-686cc860 e-con-full e-grid e-con e-child\" data-id=\"686cc860\" data-element_type=\"container\" data-e-type=\"container\">\n\t\t\t\t<div class=\"elementor-element elementor-element-5db7d363 ob-btn-block elementor-widget__width-initial elementor-widget elementor-widget-button\" data-id=\"5db7d363\" data-element_type=\"widget\" data-e-type=\"widget\" data-widget_type=\"button.default\">\n\t\t\t\t<div class=\"elementor-widget-container\">\n\t\t\t\t\t\t\t\t\t<div class=\"elementor-button-wrapper\">\n\t\t\t\t\t<a class=\"elementor-button elementor-button-link elementor-size-sm\" href=\"https:\/\/book.balibeachsanur.com\/inst\/#\/home?propertyId=50940&#038;PackageID=913000000000052&#038;checkIn=2025-06-01&#038;minNight=3\" target=\"_blank\" rel=\"noopener\">\n\t\t\t\t\t\t<span class=\"elementor-button-content-wrapper\">\n\t\t\t\t\t\t\t\t\t<span class=\"elementor-button-text\">Jetzt buchen<\/span>\n\t\t\t\t\t<\/span>\n\t\t\t\t\t<\/a>\n\t\t\t\t<\/div>\n\t\t\t\t\t\t\t\t<\/div>\n\t\t\t\t<\/div>\n\t\t\t\t<\/div>\n\t\t<div class=\"elementor-element elementor-element-76437631 e-flex e-con-boxed e-con e-parent\" data-id=\"76437631\" data-element_type=\"container\" data-e-type=\"container\">\n\t\t\t\t\t<div class=\"e-con-inner\">\n\t\t<div class=\"elementor-element elementor-element-d954385 e-con-full e-flex e-con e-child\" data-id=\"d954385\" data-element_type=\"container\" data-e-type=\"container\" data-settings=\"{&quot;background_background&quot;:&quot;classic&quot;}\">\n\t\t<div class=\"elementor-element elementor-element-4b8da7e2 e-con-full e-flex e-con e-child\" data-id=\"4b8da7e2\" data-element_type=\"container\" data-e-type=\"container\">\n\t\t<div class=\"elementor-element elementor-element-3db86ddf e-con-full e-flex e-con e-child\" data-id=\"3db86ddf\" data-element_type=\"container\" data-e-type=\"container\">\n\t\t<div class=\"elementor-element elementor-element-17d2c3c7 e-flex e-con-boxed e-con e-child\" data-id=\"17d2c3c7\" data-element_type=\"container\" data-e-type=\"container\">\n\t\t\t\t\t<div class=\"e-con-inner\">\n\t\t\t\t<div class=\"elementor-element elementor-element-60c15440 elementor-widget elementor-widget-heading\" data-id=\"60c15440\" data-element_type=\"widget\" data-e-type=\"widget\" data-widget_type=\"heading.default\">\n\t\t\t\t<div class=\"elementor-widget-container\">\n\t\t\t\t\t<h2 class=\"elementor-heading-title elementor-size-default\">Buchungszeitraum:<\/h2>\t\t\t\t<\/div>\n\t\t\t\t<\/div>\n\t\t<div class=\"elementor-element elementor-element-19f80a96 e-con-full e-flex e-con e-child\" data-id=\"19f80a96\" data-element_type=\"container\" data-e-type=\"container\">\n\t\t\t\t<div class=\"elementor-element elementor-element-59005492 elementor-widget elementor-widget-text-editor\" data-id=\"59005492\" data-element_type=\"widget\" data-e-type=\"widget\" data-widget_type=\"text-editor.default\">\n\t\t\t\t<div class=\"elementor-widget-container\">\n\t\t\t\t\t\t\t\t\t<ul><li><span data-sheets-root=\"1\">1. Juni 2025 \u2013 31. Juli 2025<\/span><\/li><\/ul>\t\t\t\t\t\t\t\t<\/div>\n\t\t\t\t<\/div>\n\t\t\t\t<\/div>\n\t\t\t\t\t<\/div>\n\t\t\t\t<\/div>\n\t\t<div class=\"elementor-element elementor-element-7c8177d8 e-flex e-con-boxed e-con e-child\" data-id=\"7c8177d8\" data-element_type=\"container\" data-e-type=\"container\">\n\t\t\t\t\t<div class=\"e-con-inner\">\n\t\t\t\t<div class=\"elementor-element elementor-element-6cd10f2e elementor-widget elementor-widget-heading\" data-id=\"6cd10f2e\" data-element_type=\"widget\" data-e-type=\"widget\" data-widget_type=\"heading.default\">\n\t\t\t\t<div class=\"elementor-widget-container\">\n\t\t\t\t\t<h2 class=\"elementor-heading-title elementor-size-default\">Aufenthaltszeitraum:<\/h2>\t\t\t\t<\/div>\n\t\t\t\t<\/div>\n\t\t<div class=\"elementor-element elementor-element-4faea0a2 e-con-full e-flex e-con e-child\" data-id=\"4faea0a2\" data-element_type=\"container\" data-e-type=\"container\">\n\t\t\t\t<div class=\"elementor-element elementor-element-564b7b63 elementor-widget elementor-widget-text-editor\" data-id=\"564b7b63\" data-element_type=\"widget\" data-e-type=\"widget\" data-widget_type=\"text-editor.default\">\n\t\t\t\t<div class=\"elementor-widget-container\">\n\t\t\t\t\t\t\t\t\t<ul><li>8. Mai 2025 \u2013 31. Juli 2025<\/li><\/ul>\t\t\t\t\t\t\t\t<\/div>\n\t\t\t\t<\/div>\n\t\t\t\t<\/div>\n\t\t\t\t\t<\/div>\n\t\t\t\t<\/div>\n\t\t\t\t<\/div>\n\t\t<div class=\"elementor-element elementor-element-14336701 e-con-full e-flex e-con e-child\" data-id=\"14336701\" data-element_type=\"container\" data-e-type=\"container\">\n\t\t\t\t<div class=\"elementor-element elementor-element-a670da8 elementor-widget elementor-widget-heading\" data-id=\"a670da8\" data-element_type=\"widget\" data-e-type=\"widget\" data-widget_type=\"heading.default\">\n\t\t\t\t<div class=\"elementor-widget-container\">\n\t\t\t\t\t<h2 class=\"elementor-heading-title elementor-size-default\">Das Paket beinhaltet:<\/h2>\t\t\t\t<\/div>\n\t\t\t\t<\/div>\n\t\t<div class=\"elementor-element elementor-element-225cc1c0 e-con-full e-grid e-con e-child\" data-id=\"225cc1c0\" data-element_type=\"container\" data-e-type=\"container\">\n\t\t\t\t<div class=\"elementor-element elementor-element-7f36a614 elementor-widget elementor-widget-text-editor\" data-id=\"7f36a614\" data-element_type=\"widget\" data-e-type=\"widget\" data-widget_type=\"text-editor.default\">\n\t\t\t\t<div class=\"elementor-widget-container\">\n\t\t\t\t\t\t\t\t\t<ul><li>Balinesisches Willkommensritual und Tridatu-Armband<\/li><li>Signature-Begr\u00fc\u00dfungsgetr\u00e4nk in der Lobby bei der Ankunft<\/li><li>Kostenloser Aufenthalt (im Bett der Eltern) f\u00fcr ein Kind unter 12 Jahren<\/li><li>T\u00e4gliches Fr\u00fchst\u00fcck im Roso Restaurant f\u00fcr 2 Erwachsene und ein Kind unter 12 Jahren <\/li><\/ul>\t\t\t\t\t\t\t\t<\/div>\n\t\t\t\t<\/div>\n\t\t\t\t<div class=\"elementor-element elementor-element-79cba435 elementor-widget elementor-widget-text-editor\" data-id=\"79cba435\" data-element_type=\"widget\" data-e-type=\"widget\" data-widget_type=\"text-editor.default\">\n\t\t\t\t<div class=\"elementor-widget-container\">\n\t\t\t\t\t\t\t\t\t<ul><li>2 St\u00fcck Kuchen auf dem Zimmer bei der Ankunft <\/li><li>Annehmlichkeiten f\u00fcr Kinder auf dem Zimmer <\/li><li>Kinderecke (Spiele und Snacks) <\/li><li>Salzteig basteln (Familienaktivit\u00e4t)<\/li><li>Kostenlose t\u00e4gliche Wellness-Aktivit\u00e4ten (Aktivit\u00e4t f\u00fcr Eltern)<\/li><li>Kostenloser Internet-WLAN-Zugang.<\/li><\/ul>\t\t\t\t\t\t\t\t<\/div>\n\t\t\t\t<\/div>\n\t\t\t\t<\/div>\n\t\t\t\t<\/div>\n\t\t\t\t<\/div>\n\t\t\t\t<\/div>\n\t\t\t\t\t<\/div>\n\t\t\t\t<\/div>\n\t\t<div class=\"elementor-element elementor-element-2b8be07a e-flex e-con-boxed e-con e-parent\" data-id=\"2b8be07a\" data-element_type=\"container\" data-e-type=\"container\">\n\t\t\t\t\t<div class=\"e-con-inner\">\n\t\t<div class=\"elementor-element elementor-element-1174f3ae e-con-full e-flex e-con e-child\" data-id=\"1174f3ae\" data-element_type=\"container\" data-e-type=\"container\" data-settings=\"{&quot;background_background&quot;:&quot;classic&quot;}\">\n\t\t<div class=\"elementor-element elementor-element-7b8c93f4 e-con-full e-flex e-con e-child\" data-id=\"7b8c93f4\" data-element_type=\"container\" data-e-type=\"container\">\n\t\t\t\t<div class=\"elementor-element elementor-element-111274b elementor-widget elementor-widget-heading\" data-id=\"111274b\" data-element_type=\"widget\" data-e-type=\"widget\" data-widget_type=\"heading.default\">\n\t\t\t\t<div class=\"elementor-widget-container\">\n\t\t\t\t\t<h2 class=\"elementor-heading-title elementor-size-default\">Allgemeine Gesch\u00e4ftsbedingungen<\/h2>\t\t\t\t<\/div>\n\t\t\t\t<\/div>\n\t\t\t\t<div class=\"elementor-element elementor-element-26b35510 elementor-widget elementor-widget-text-editor\" data-id=\"26b35510\" data-element_type=\"widget\" data-e-type=\"widget\" data-widget_type=\"text-editor.default\">\n\t\t\t\t<div class=\"elementor-widget-container\">\n\t\t\t\t\t\t\t\t\t<ul>\n<li>Mindestaufenthalt von 2 N\u00e4chten<\/li>\n<li>\n<p>Stornierungsbedingungen: Nicht stornierbar und nicht erstattungsf\u00e4hig. Dem Gast wird im Falle einer Stornierung der Gesamtpreis in Rechnung gestellt. <\/p>\n<\/li>\n<li>\n<p><span style=\"background-color: transparent; letter-spacing: 1.28px;\">Zahlungsbedingungen: Die vollst\u00e4ndige Zahlung ist bei Abschluss der Reservierung f\u00e4llig.<\/span><\/p>\n<\/li>\n<li>\n<div>\n<p>Kinderrichtlinie:&nbsp; Ein Kind unter 5 Jahren, das im vorhandenen Bett \u00fcbernachtet, erh\u00e4lt das Fr\u00fchst\u00fcck kostenlos.<\/p>\n<\/div>\n<\/li>\n<li>\n<div><span style=\"background-color: transparent; letter-spacing: 1.28px;\">Kinder ab 12 Jahren gelten als Erwachsene und es werden 100% f\u00fcr das Fr\u00fchst\u00fcck und ein Zustellbett berechnet.<\/span><\/div>\n<\/li>\n<li>\n<p><span style=\"background-color: transparent; letter-spacing: 1.28px;\">F\u00fcr ein Kind von 5 bis unter 12 Jahren, das im vorhandenen Bett \u00fcbernachtet, werden 50% des Fr\u00fchst\u00fcckspreises berechnet.<\/span><\/p>\n<\/li>\n<li>\n<p><span style=\"background-color: transparent; letter-spacing: 1.28px;\">Ein Zustellbett beinhaltet ein t\u00e4gliches Fr\u00fchst\u00fcck.<\/span><\/p>\n<\/li>\n<\/ul>\t\t\t\t\t\t\t\t<\/div>\n\t\t\t\t<\/div>\n\t\t\t\t<\/div>\n\t\t\t\t<\/div>\n\t\t\t\t\t<\/div>\n\t\t\t\t<\/div>\n\t\t<div class=\"elementor-element elementor-element-42106e70 e-con-full e-grid e-con e-child\" data-id=\"42106e70\" data-element_type=\"container\" data-e-type=\"container\">\n\t\t\t\t<div class=\"elementor-element elementor-element-75d81a55 ob-btn-block elementor-widget__width-initial elementor-widget elementor-widget-button\" data-id=\"75d81a55\" data-element_type=\"widget\" data-e-type=\"widget\" data-widget_type=\"button.default\">\n\t\t\t\t<div class=\"elementor-widget-container\">\n\t\t\t\t\t\t\t\t\t<div class=\"elementor-button-wrapper\">\n\t\t\t\t\t<a class=\"elementor-button elementor-button-link elementor-size-sm\" href=\"https:\/\/book.balibeachsanur.com\/inst\/#\/home?propertyId=50940&#038;PackageID=913000000000052&#038;checkIn=2025-06-01&#038;minNight=3\" target=\"_blank\" rel=\"noopener\">\n\t\t\t\t\t\t<span class=\"elementor-button-content-wrapper\">\n\t\t\t\t\t\t\t\t\t<span class=\"elementor-button-text\">Jetzt buchen<\/span>\n\t\t\t\t\t<\/span>\n\t\t\t\t\t<\/a>\n\t\t\t\t<\/div>\n\t\t\t\t\t\t\t\t<\/div>\n\t\t\t\t<\/div>\n\t\t\t\t<\/div>\n\t\t\t\t<\/div>\n\t\t","protected":false},"excerpt":{"rendered":"<p>Holiday Haven Entspannen Sie sich bei einem friedlichen Aufenthalt von mindestens 2 N\u00e4chten in unserem All-inclusive-Strandresort, wo der Panoramablick auf den Sanur Beach auf herzliche Gastfreundschaft und ausgew\u00e4hlte Familienerlebnisse trifft. Ihr unvergesslicher Familienurlaub beginnt hier, wo jedes Detail auf Komfort, Verbundenheit und unbeschwerten Spa\u00df am Meer ausgelegt ist. Jetzt buchen Buchungszeitraum: 1. Juni 2025 \u2013 [&hellip;]<\/p>\n","protected":false},"author":2,"featured_media":0,"parent":0,"menu_order":0,"comment_status":"closed","ping_status":"closed","template":"","meta":{"footnotes":""},"class_list":["post-11487","page","type-page","status-publish","hentry"],"_links":{"self":[{"href":"https:\/\/themerusanur.com\/de\/wp-json\/wp\/v2\/pages\/11487","targetHints":{"allow":["GET"]}}],"collection":[{"href":"https:\/\/themerusanur.com\/de\/wp-json\/wp\/v2\/pages"}],"about":[{"href":"https:\/\/themerusanur.com\/de\/wp-json\/wp\/v2\/types\/page"}],"author":[{"embeddable":true,"href":"https:\/\/themerusanur.com\/de\/wp-json\/wp\/v2\/users\/2"}],"replies":[{"embeddable":true,"href":"https:\/\/themerusanur.com\/de\/wp-json\/wp\/v2\/comments?post=11487"}],"version-history":[{"count":1,"href":"https:\/\/themerusanur.com\/de\/wp-json\/wp\/v2\/pages\/11487\/revisions"}],"predecessor-version":[{"id":11488,"href":"https:\/\/themerusanur.com\/de\/wp-json\/wp\/v2\/pages\/11487\/revisions\/11488"}],"wp:attachment":[{"href":"https:\/\/themerusanur.com\/de\/wp-json\/wp\/v2\/media?parent=11487"}],"curies":[{"name":"wp","href":"https:\/\/api.w.org\/{rel}","templated":true}]}}