{"id":11507,"date":"2025-08-15T09:13:26","date_gmt":"2025-08-15T01:13:26","guid":{"rendered":"https:\/\/themerusanur.com\/independence-wellness-stay\/"},"modified":"2026-04-18T01:42:50","modified_gmt":"2026-04-17T17:42:50","slug":"independence-wellness-stay","status":"publish","type":"page","link":"https:\/\/themerusanur.com\/de\/independence-wellness-stay\/","title":{"rendered":"Independence Wellness Stay"},"content":{"rendered":"\t\t<div data-elementor-type=\"wp-page\" data-elementor-id=\"11507\" class=\"elementor elementor-11507 elementor-6500\" data-elementor-post-type=\"page\">\n\t\t\t\t<div class=\"elementor-element elementor-element-22770182 ob-bg-video e-flex e-con-boxed e-con e-parent\" data-id=\"22770182\" data-element_type=\"container\" data-e-type=\"container\" data-settings=\"{&quot;background_background&quot;:&quot;classic&quot;}\">\n\t\t\t\t\t<div class=\"e-con-inner\">\n\t\t\t\t\t<\/div>\n\t\t\t\t<\/div>\n\t\t<div class=\"elementor-element elementor-element-4eff2581 e-flex e-con-boxed e-con e-parent\" data-id=\"4eff2581\" data-element_type=\"container\" data-e-type=\"container\">\n\t\t\t\t\t<div class=\"e-con-inner\">\n\t\t\t\t\t<\/div>\n\t\t\t\t<\/div>\n\t\t<div class=\"elementor-element elementor-element-30d8b718 e-flex e-con-boxed e-con e-parent\" data-id=\"30d8b718\" data-element_type=\"container\" data-e-type=\"container\">\n\t\t\t\t\t<div class=\"e-con-inner\">\n\t\t<div class=\"elementor-element elementor-element-43a0c6a e-con-full e-flex e-con e-child\" data-id=\"43a0c6a\" data-element_type=\"container\" data-e-type=\"container\">\n\t\t\t\t<div class=\"elementor-element elementor-element-7755fdc elementor-widget elementor-widget-heading\" data-id=\"7755fdc\" data-element_type=\"widget\" data-e-type=\"widget\" data-widget_type=\"heading.default\">\n\t\t\t\t<div class=\"elementor-widget-container\">\n\t\t\t\t\t<h2 class=\"elementor-heading-title elementor-size-default\">Independence Wellness Stay<\/h2>\t\t\t\t<\/div>\n\t\t\t\t<\/div>\n\t\t\t\t<div class=\"elementor-element elementor-element-5f1be70a elementor-widget elementor-widget-text-editor\" data-id=\"5f1be70a\" data-element_type=\"widget\" data-e-type=\"widget\" data-widget_type=\"text-editor.default\">\n\t\t\t\t<div class=\"elementor-widget-container\">\n\t\t\t\t\t\t\t\t\t<p class=\"p1\">Feiern Sie den 80. indonesischen Unabh\u00e4ngigkeitstag. Genie\u00dfen Sie einen entspannten Aufenthalt in Balis luxuri\u00f6sem Wellness-Resort in Kombination mit einer umfassenden Gesundheitsuntersuchung, die durch die innovative Medizintechnik des Bali International Hospital unterst\u00fctzt wird.<\/p>\t\t\t\t\t\t\t\t<\/div>\n\t\t\t\t<\/div>\n\t\t\t\t<\/div>\n\t\t<div class=\"elementor-element elementor-element-3cd596c0 e-con-full e-flex e-con e-child\" data-id=\"3cd596c0\" data-element_type=\"container\" data-e-type=\"container\">\n\t\t\t\t<div class=\"elementor-element elementor-element-40624ef elementor-widget-divider--view-line elementor-widget elementor-widget-divider\" data-id=\"40624ef\" data-element_type=\"widget\" data-e-type=\"widget\" data-widget_type=\"divider.default\">\n\t\t\t\t<div class=\"elementor-widget-container\">\n\t\t\t\t\t\t\t<div class=\"elementor-divider\">\n\t\t\t<span class=\"elementor-divider-separator\">\n\t\t\t\t\t\t<\/span>\n\t\t<\/div>\n\t\t\t\t\t\t<\/div>\n\t\t\t\t<\/div>\n\t\t\t\t<\/div>\n\t\t\t\t\t<\/div>\n\t\t\t\t<\/div>\n\t\t<div class=\"elementor-element elementor-element-d97f901 e-grid e-con-boxed e-con e-parent\" data-id=\"d97f901\" data-element_type=\"container\" data-e-type=\"container\">\n\t\t\t\t\t<div class=\"e-con-inner\">\n\t\t<div class=\"elementor-element elementor-element-5c80242 e-con-full e-flex e-con e-child\" data-id=\"5c80242\" data-element_type=\"container\" data-e-type=\"container\">\n\t\t\t\t<div class=\"elementor-element elementor-element-9347d02 ob-btn-block elementor-widget__width-initial elementor-widget elementor-widget-button\" data-id=\"9347d02\" data-element_type=\"widget\" data-e-type=\"widget\" data-widget_type=\"button.default\">\n\t\t\t\t<div class=\"elementor-widget-container\">\n\t\t\t\t\t\t\t\t\t<div class=\"elementor-button-wrapper\">\n\t\t\t\t\t<a class=\"elementor-button elementor-button-link elementor-size-sm\" href=\"https:\/\/book.themerusanur.com\/inst\/#home?propertyId=50941&#038;PackageID=913100000000051&#038;checkIn=2025-09-28&#038;checkOut=2025-09-30&#038;promoCode=BIHMERDEKA80\" target=\"_blank\">\n\t\t\t\t\t\t<span class=\"elementor-button-content-wrapper\">\n\t\t\t\t\t\t\t\t\t<span class=\"elementor-button-text\">The Meru Sanur reservieren<\/span>\n\t\t\t\t\t<\/span>\n\t\t\t\t\t<\/a>\n\t\t\t\t<\/div>\n\t\t\t\t\t\t\t\t<\/div>\n\t\t\t\t<\/div>\n\t\t\t\t<\/div>\n\t\t<div class=\"elementor-element elementor-element-3d7b1de e-con-full e-flex e-con e-child\" data-id=\"3d7b1de\" data-element_type=\"container\" data-e-type=\"container\">\n\t\t\t\t<div class=\"elementor-element elementor-element-573927f ob-btn-block elementor-widget__width-initial elementor-widget elementor-widget-button\" data-id=\"573927f\" data-element_type=\"widget\" data-e-type=\"widget\" data-widget_type=\"button.default\">\n\t\t\t\t<div class=\"elementor-widget-container\">\n\t\t\t\t\t\t\t\t\t<div class=\"elementor-button-wrapper\">\n\t\t\t\t\t<a class=\"elementor-button elementor-button-link elementor-size-sm\" href=\"https:\/\/book.balibeachsanur.com\/inst\/#\/home?propertyId=50940&#038;PackageID=913000000000065&#038;checkIn=2025-09-28&#038;checkOut=2025-09-30&#038;promoCode=BIHMERDEKA80\" target=\"_blank\" rel=\"noopener\">\n\t\t\t\t\t\t<span class=\"elementor-button-content-wrapper\">\n\t\t\t\t\t\t\t\t\t<span class=\"elementor-button-text\">Bali Beach Hotel entdecken<\/span>\n\t\t\t\t\t<\/span>\n\t\t\t\t\t<\/a>\n\t\t\t\t<\/div>\n\t\t\t\t\t\t\t\t<\/div>\n\t\t\t\t<\/div>\n\t\t\t\t<\/div>\n\t\t\t\t\t<\/div>\n\t\t\t\t<\/div>\n\t\t<div class=\"elementor-element elementor-element-bd2b659 e-flex e-con-boxed e-con e-parent\" data-id=\"bd2b659\" data-element_type=\"container\" data-e-type=\"container\">\n\t\t\t\t\t<div class=\"e-con-inner\">\n\t\t<div class=\"elementor-element elementor-element-48e863ec e-con-full e-flex e-con e-child\" data-id=\"48e863ec\" data-element_type=\"container\" data-e-type=\"container\" data-settings=\"{&quot;background_background&quot;:&quot;classic&quot;}\">\n\t\t<div class=\"elementor-element elementor-element-15e7ac65 e-con-full e-flex e-con e-child\" data-id=\"15e7ac65\" data-element_type=\"container\" data-e-type=\"container\">\n\t\t<div class=\"elementor-element elementor-element-757585f6 e-con-full e-flex e-con e-child\" data-id=\"757585f6\" data-element_type=\"container\" data-e-type=\"container\">\n\t\t<div class=\"elementor-element elementor-element-59bd1015 e-flex e-con-boxed e-con e-child\" data-id=\"59bd1015\" data-element_type=\"container\" data-e-type=\"container\">\n\t\t\t\t\t<div class=\"e-con-inner\">\n\t\t\t\t<div class=\"elementor-element elementor-element-23c7f5da elementor-widget elementor-widget-heading\" data-id=\"23c7f5da\" data-element_type=\"widget\" data-e-type=\"widget\" data-widget_type=\"heading.default\">\n\t\t\t\t<div class=\"elementor-widget-container\">\n\t\t\t\t\t<h2 class=\"elementor-heading-title elementor-size-default\">Buchungszeitraum:<\/h2>\t\t\t\t<\/div>\n\t\t\t\t<\/div>\n\t\t<div class=\"elementor-element elementor-element-6e8117cd e-con-full e-flex e-con e-child\" data-id=\"6e8117cd\" data-element_type=\"container\" data-e-type=\"container\">\n\t\t\t\t<div class=\"elementor-element elementor-element-2e085966 elementor-widget elementor-widget-text-editor\" data-id=\"2e085966\" data-element_type=\"widget\" data-e-type=\"widget\" data-widget_type=\"text-editor.default\">\n\t\t\t\t<div class=\"elementor-widget-container\">\n\t\t\t\t\t\t\t\t\t<ul><li>15. August 2025 &#8211; 30. September 2025<\/li><\/ul>\t\t\t\t\t\t\t\t<\/div>\n\t\t\t\t<\/div>\n\t\t\t\t<\/div>\n\t\t\t\t\t<\/div>\n\t\t\t\t<\/div>\n\t\t<div class=\"elementor-element elementor-element-768bfb13 e-flex e-con-boxed e-con e-child\" data-id=\"768bfb13\" data-element_type=\"container\" data-e-type=\"container\">\n\t\t\t\t\t<div class=\"e-con-inner\">\n\t\t\t\t<div class=\"elementor-element elementor-element-4ddab68a elementor-widget elementor-widget-heading\" data-id=\"4ddab68a\" data-element_type=\"widget\" data-e-type=\"widget\" data-widget_type=\"heading.default\">\n\t\t\t\t<div class=\"elementor-widget-container\">\n\t\t\t\t\t<h2 class=\"elementor-heading-title elementor-size-default\">Aufenthaltszeitraum:<\/h2>\t\t\t\t<\/div>\n\t\t\t\t<\/div>\n\t\t<div class=\"elementor-element elementor-element-211f4569 e-con-full e-flex e-con e-child\" data-id=\"211f4569\" data-element_type=\"container\" data-e-type=\"container\">\n\t\t\t\t<div class=\"elementor-element elementor-element-d7cc6e3 elementor-widget elementor-widget-text-editor\" data-id=\"d7cc6e3\" data-element_type=\"widget\" data-e-type=\"widget\" data-widget_type=\"text-editor.default\">\n\t\t\t\t<div class=\"elementor-widget-container\">\n\t\t\t\t\t\t\t\t\t<ul><li>17. August 2025 &#8211; 30. September 2025<\/li><\/ul>\t\t\t\t\t\t\t\t<\/div>\n\t\t\t\t<\/div>\n\t\t\t\t<\/div>\n\t\t\t\t\t<\/div>\n\t\t\t\t<\/div>\n\t\t\t\t<\/div>\n\t\t<div class=\"elementor-element elementor-element-21d10571 e-con-full e-flex e-con e-child\" data-id=\"21d10571\" data-element_type=\"container\" data-e-type=\"container\">\n\t\t\t\t<div class=\"elementor-element elementor-element-4f28e79e elementor-widget elementor-widget-heading\" data-id=\"4f28e79e\" data-element_type=\"widget\" data-e-type=\"widget\" data-widget_type=\"heading.default\">\n\t\t\t\t<div class=\"elementor-widget-container\">\n\t\t\t\t\t<h2 class=\"elementor-heading-title elementor-size-default\">Das Paket beinhaltet:<\/h2>\t\t\t\t<\/div>\n\t\t\t\t<\/div>\n\t\t<div class=\"elementor-element elementor-element-179c4df e-con-full e-grid e-con e-child\" data-id=\"179c4df\" data-element_type=\"container\" data-e-type=\"container\">\n\t\t\t\t<div class=\"elementor-element elementor-element-4a1610a elementor-widget elementor-widget-text-editor\" data-id=\"4a1610a\" data-element_type=\"widget\" data-e-type=\"widget\" data-widget_type=\"text-editor.default\">\n\t\t\t\t<div class=\"elementor-widget-container\">\n\t\t\t\t\t\t\t\t\t<ul><li><p class=\"p1\">2 \u00dcbernachtungen in der Tropical Suite<\/p><\/li><li><p class=\"p1\">T\u00e4gliches Fr\u00fchst\u00fcck f\u00fcr 2 Personen im Arunika<\/p><\/li><li><p class=\"p1\">2 x Mittag- oder Abendessen (2-G\u00e4nge-Men\u00fc) f\u00fcr 2 Personen im Arunika, roso oder Bali Beach Bar &amp; Grill<\/p><\/li><li><p class=\"p1\">1 x Health Screening Deluxe f\u00fcr 1 Person: \u00c4rztliche Beratung, Zahn- &amp; Augenuntersuchung, Vitalparameter &amp; K\u00f6rperzusammensetzung, Lipidprofil, Nierenfunktion, Blutzucker, HbA1c, Leberfunktion, R\u00f6ntgen-Thorax, Hepatitis-Screening, Herz-Screening, umfassender Bauch-Ultraschall, Harns\u00e4ure und Test auf okkultes Blut im Stuhl<\/p><\/li><\/ul>\t\t\t\t\t\t\t\t<\/div>\n\t\t\t\t<\/div>\n\t\t\t\t<\/div>\n\t\t\t\t<\/div>\n\t\t\t\t<\/div>\n\t\t\t\t<\/div>\n\t\t\t\t\t<\/div>\n\t\t\t\t<\/div>\n\t\t<div class=\"elementor-element elementor-element-33a5cb71 e-flex e-con-boxed e-con e-parent\" data-id=\"33a5cb71\" data-element_type=\"container\" data-e-type=\"container\">\n\t\t\t\t\t<div class=\"e-con-inner\">\n\t\t<div class=\"elementor-element elementor-element-1c4a0d6 e-con-full e-flex e-con e-child\" data-id=\"1c4a0d6\" data-element_type=\"container\" data-e-type=\"container\" data-settings=\"{&quot;background_background&quot;:&quot;classic&quot;}\">\n\t\t<div class=\"elementor-element elementor-element-649090d0 e-con-full e-flex e-con e-child\" data-id=\"649090d0\" data-element_type=\"container\" data-e-type=\"container\">\n\t\t\t\t<div class=\"elementor-element elementor-element-4ccd479e elementor-widget elementor-widget-heading\" data-id=\"4ccd479e\" data-element_type=\"widget\" data-e-type=\"widget\" data-widget_type=\"heading.default\">\n\t\t\t\t<div class=\"elementor-widget-container\">\n\t\t\t\t\t<h2 class=\"elementor-heading-title elementor-size-default\">Allgemeine Gesch\u00e4ftsbedingungen<\/h2>\t\t\t\t<\/div>\n\t\t\t\t<\/div>\n\t\t\t\t<div class=\"elementor-element elementor-element-efaf503 elementor-widget elementor-widget-text-editor\" data-id=\"efaf503\" data-element_type=\"widget\" data-e-type=\"widget\" data-widget_type=\"text-editor.default\">\n\t\t\t\t<div class=\"elementor-widget-container\">\n\t\t\t\t\t\t\t\t\t<ul><li>Mindestaufenthalt 2 N\u00e4chte<\/li><li><div class=\"shPackageDesc\"><p>Stornierungsbedingungen: Nicht stornierbar und nicht erstattungsf\u00e4hig<\/p><\/div><\/li><li><p>Zahlungsbedingungen: Die vollst\u00e4ndige Zahlung ist bei Abschluss der Reservierung f\u00e4llig.<\/p><\/li><li><p>Richtlinien f\u00fcr Kinder: Ein Kind unter 5 Jahren im Bett der Eltern erh\u00e4lt das Fr\u00fchst\u00fcck kostenlos. F\u00fcr ein Kind zwischen 5 und unter 12 Jahren im Bett der Eltern werden 50 % des Fr\u00fchst\u00fcckspreises berechnet. Kinder ab 12 Jahren gelten als Erwachsene und zahlen 100 % f\u00fcr Fr\u00fchst\u00fcck und Zustellbett.<\/p><\/li><li>Zustellbett-Richtlinie: Ein Zustellbett beinhaltet ein t\u00e4gliches Fr\u00fchst\u00fcck<\/li><li>\u00c4nderungen der Bedingungen vorbehalten: Diese allgemeinen Gesch\u00e4ftsbedingungen k\u00f6nnen ohne vorherige Ank\u00fcndigung ge\u00e4ndert werden. Wir empfehlen Ihnen, unsere Website zu \u00fcberpr\u00fcfen oder unser Reservierungsteam zu kontaktieren, um die aktuellsten Informationen zu unserem Resort zu erhalten. <\/li><li>Mit der Vornahme einer Reservierung oder dem Aufenthalt in unserer Unterkunft erkl\u00e4ren Sie sich mit diesen allgemeinen Gesch\u00e4ftsbedingungen einverstanden. Wir sch\u00e4tzen Ihre Unterst\u00fctzung und Ihr Verst\u00e4ndnis aufrichtig, w\u00e4hrend wir uns auf diese aufregende Reise begeben, und wir freuen uns darauf, Ihnen ein unvergessliches Erlebnis zu bieten. <\/li><\/ul>\t\t\t\t\t\t\t\t<\/div>\n\t\t\t\t<\/div>\n\t\t\t\t<\/div>\n\t\t\t\t<\/div>\n\t\t\t\t\t<\/div>\n\t\t\t\t<\/div>\n\t\t<div class=\"elementor-element elementor-element-5d51d8c e-grid e-con-boxed e-con e-parent\" data-id=\"5d51d8c\" data-element_type=\"container\" data-e-type=\"container\">\n\t\t\t\t\t<div class=\"e-con-inner\">\n\t\t<div class=\"elementor-element elementor-element-f062ceb e-con-full e-flex e-con e-child\" data-id=\"f062ceb\" data-element_type=\"container\" data-e-type=\"container\">\n\t\t\t\t<div class=\"elementor-element elementor-element-5f8fffe ob-btn-block elementor-widget__width-initial elementor-widget elementor-widget-button\" data-id=\"5f8fffe\" data-element_type=\"widget\" data-e-type=\"widget\" data-widget_type=\"button.default\">\n\t\t\t\t<div class=\"elementor-widget-container\">\n\t\t\t\t\t\t\t\t\t<div class=\"elementor-button-wrapper\">\n\t\t\t\t\t<a class=\"elementor-button elementor-button-link elementor-size-sm\" href=\"https:\/\/book.themerusanur.com\/inst\/#home?propertyId=50941&#038;PackageID=913100000000051&#038;checkIn=2025-09-28&#038;checkOut=2025-09-30&#038;promoCode=BIHMERDEKA80\" target=\"_blank\">\n\t\t\t\t\t\t<span class=\"elementor-button-content-wrapper\">\n\t\t\t\t\t\t\t\t\t<span class=\"elementor-button-text\">The Meru Sanur reservieren<\/span>\n\t\t\t\t\t<\/span>\n\t\t\t\t\t<\/a>\n\t\t\t\t<\/div>\n\t\t\t\t\t\t\t\t<\/div>\n\t\t\t\t<\/div>\n\t\t\t\t<\/div>\n\t\t<div class=\"elementor-element elementor-element-f70eceb e-con-full e-flex e-con e-child\" data-id=\"f70eceb\" data-element_type=\"container\" data-e-type=\"container\">\n\t\t\t\t<div class=\"elementor-element elementor-element-77f8a1b ob-btn-block elementor-widget__width-initial elementor-widget elementor-widget-button\" data-id=\"77f8a1b\" data-element_type=\"widget\" data-e-type=\"widget\" data-widget_type=\"button.default\">\n\t\t\t\t<div class=\"elementor-widget-container\">\n\t\t\t\t\t\t\t\t\t<div class=\"elementor-button-wrapper\">\n\t\t\t\t\t<a class=\"elementor-button elementor-button-link elementor-size-sm\" href=\"https:\/\/book.balibeachsanur.com\/inst\/#\/home?propertyId=50940&#038;PackageID=913000000000065&#038;checkIn=2025-09-28&#038;checkOut=2025-09-30&#038;promoCode=BIHMERDEKA80\" target=\"_blank\" rel=\"noopener\">\n\t\t\t\t\t\t<span class=\"elementor-button-content-wrapper\">\n\t\t\t\t\t\t\t\t\t<span class=\"elementor-button-text\">Bali Beach Hotel entdecken<\/span>\n\t\t\t\t\t<\/span>\n\t\t\t\t\t<\/a>\n\t\t\t\t<\/div>\n\t\t\t\t\t\t\t\t<\/div>\n\t\t\t\t<\/div>\n\t\t\t\t<\/div>\n\t\t\t\t\t<\/div>\n\t\t\t\t<\/div>\n\t\t\t\t<\/div>\n\t\t","protected":false},"excerpt":{"rendered":"<p>Independence Wellness Stay Feiern Sie den 80. indonesischen Unabh\u00e4ngigkeitstag. Genie\u00dfen Sie einen entspannten Aufenthalt in Balis luxuri\u00f6sem Wellness-Resort in Kombination mit einer umfassenden Gesundheitsuntersuchung, die durch die innovative Medizintechnik des Bali International Hospital unterst\u00fctzt wird. The Meru Sanur reservieren Bali Beach Hotel entdecken Buchungszeitraum: 15. August 2025 &#8211; 30. September 2025 Aufenthaltszeitraum: 17. August 2025 [&hellip;]<\/p>\n","protected":false},"author":2,"featured_media":11508,"parent":0,"menu_order":0,"comment_status":"closed","ping_status":"closed","template":"","meta":{"footnotes":""},"class_list":["post-11507","page","type-page","status-publish","has-post-thumbnail","hentry"],"_links":{"self":[{"href":"https:\/\/themerusanur.com\/de\/wp-json\/wp\/v2\/pages\/11507","targetHints":{"allow":["GET"]}}],"collection":[{"href":"https:\/\/themerusanur.com\/de\/wp-json\/wp\/v2\/pages"}],"about":[{"href":"https:\/\/themerusanur.com\/de\/wp-json\/wp\/v2\/types\/page"}],"author":[{"embeddable":true,"href":"https:\/\/themerusanur.com\/de\/wp-json\/wp\/v2\/users\/2"}],"replies":[{"embeddable":true,"href":"https:\/\/themerusanur.com\/de\/wp-json\/wp\/v2\/comments?post=11507"}],"version-history":[{"count":3,"href":"https:\/\/themerusanur.com\/de\/wp-json\/wp\/v2\/pages\/11507\/revisions"}],"predecessor-version":[{"id":11511,"href":"https:\/\/themerusanur.com\/de\/wp-json\/wp\/v2\/pages\/11507\/revisions\/11511"}],"wp:featuredmedia":[{"embeddable":true,"href":"https:\/\/themerusanur.com\/de\/wp-json\/wp\/v2\/media\/11508"}],"wp:attachment":[{"href":"https:\/\/themerusanur.com\/de\/wp-json\/wp\/v2\/media?parent=11507"}],"curies":[{"name":"wp","href":"https:\/\/api.w.org\/{rel}","templated":true}]}}