{"id":11570,"date":"2025-06-26T09:51:53","date_gmt":"2025-06-26T01:51:53","guid":{"rendered":"https:\/\/themerusanur.com\/seaside-jazz-mantra\/"},"modified":"2026-04-18T01:53:08","modified_gmt":"2026-04-17T17:53:08","slug":"seaside-jazz-mantra","status":"publish","type":"page","link":"https:\/\/themerusanur.com\/de\/seaside-jazz-mantra\/","title":{"rendered":"Seaside Jazz Mantra"},"content":{"rendered":"\t\t<div data-elementor-type=\"wp-page\" data-elementor-id=\"11570\" class=\"elementor elementor-11570 elementor-6110\" data-elementor-post-type=\"page\">\n\t\t\t\t<div class=\"elementor-element elementor-element-22770182 ob-bg-video e-flex e-con-boxed e-con e-parent\" data-id=\"22770182\" data-element_type=\"container\" data-e-type=\"container\" data-settings=\"{&quot;background_background&quot;:&quot;classic&quot;}\">\n\t\t\t\t\t<div class=\"e-con-inner\">\n\t\t\t\t\t<\/div>\n\t\t\t\t<\/div>\n\t\t<div class=\"elementor-element elementor-element-4eff2581 e-flex e-con-boxed e-con e-parent\" data-id=\"4eff2581\" data-element_type=\"container\" data-e-type=\"container\">\n\t\t\t\t\t<div class=\"e-con-inner\">\n\t\t\t\t\t<\/div>\n\t\t\t\t<\/div>\n\t\t<div class=\"elementor-element elementor-element-30d8b718 e-flex e-con-boxed e-con e-parent\" data-id=\"30d8b718\" data-element_type=\"container\" data-e-type=\"container\">\n\t\t\t\t\t<div class=\"e-con-inner\">\n\t\t<div class=\"elementor-element elementor-element-43a0c6a e-con-full e-flex e-con e-child\" data-id=\"43a0c6a\" data-element_type=\"container\" data-e-type=\"container\">\n\t\t\t\t<div class=\"elementor-element elementor-element-7755fdc elementor-widget elementor-widget-heading\" data-id=\"7755fdc\" data-element_type=\"widget\" data-e-type=\"widget\" data-widget_type=\"heading.default\">\n\t\t\t\t<div class=\"elementor-widget-container\">\n\t\t\t\t\t<h2 class=\"elementor-heading-title elementor-size-default\">Gastronomische Kunst beim Seaside Jazz Mantra\n<\/h2>\t\t\t\t<\/div>\n\t\t\t\t<\/div>\n\t\t\t\t<div class=\"elementor-element elementor-element-5f1be70a elementor-widget elementor-widget-text-editor\" data-id=\"5f1be70a\" data-element_type=\"widget\" data-e-type=\"widget\" data-widget_type=\"text-editor.default\">\n\t\t\t\t<div class=\"elementor-widget-container\">\n\t\t\t\t\t\t\t\t\t<p>Ein besonderes 6-G\u00e4nge-Men\u00fc mit Weinbegleitung, eine Zusammenarbeit zwischen Chefkoch Pierluigi Gallo, Michelin-Sterne-K\u00f6chen und Chefkoch Marco Medaglia, Executive Chef des The Meru Sanur.<\/p><p>Der Abend bietet au\u00dferdem eine Live-Jazz-Auff\u00fchrung des Koko Harsoe Quartets, einer vom Ubud Village Jazz Festival kuratierten Band.<\/p><p>Bali Beach Garden, The Meru Sanur | Freitag, 24. Oktober 2025 | 18:30 \u2013 21:00 Uhr | IDR 1.500.000++\/Person<\/p><p>F\u00fcr Reservierungen und weitere Informationen kontaktieren Sie uns bitte.<\/p>\t\t\t\t\t\t\t\t<\/div>\n\t\t\t\t<\/div>\n\t\t\t\t<\/div>\n\t\t<div class=\"elementor-element elementor-element-3cd596c0 e-con-full e-flex e-con e-child\" data-id=\"3cd596c0\" data-element_type=\"container\" data-e-type=\"container\">\n\t\t<div class=\"elementor-element elementor-element-89c9342 e-con-full e-flex e-con e-child\" data-id=\"89c9342\" data-element_type=\"container\" data-e-type=\"container\">\n\t\t<div class=\"elementor-element elementor-element-36aea77 e-con-full e-flex e-con e-child\" data-id=\"36aea77\" data-element_type=\"container\" data-e-type=\"container\" data-settings=\"{&quot;background_background&quot;:&quot;classic&quot;}\">\n\t\t<div class=\"elementor-element elementor-element-dcee94c e-con-full e-flex e-con e-child\" data-id=\"dcee94c\" data-element_type=\"container\" data-e-type=\"container\">\n\t\t\t\t<div class=\"elementor-element elementor-element-dcfb3c6 elementor-widget elementor-widget-heading\" data-id=\"dcfb3c6\" data-element_type=\"widget\" data-e-type=\"widget\" data-widget_type=\"heading.default\">\n\t\t\t\t<div class=\"elementor-widget-container\">\n\t\t\t\t\t<h2 class=\"elementor-heading-title elementor-size-default\">Allgemeine Gesch\u00e4ftsbedingungen<\/h2>\t\t\t\t<\/div>\n\t\t\t\t<\/div>\n\t\t\t\t<div class=\"elementor-element elementor-element-0f24c81 elementor-widget elementor-widget-text-editor\" data-id=\"0f24c81\" data-element_type=\"widget\" data-e-type=\"widget\" data-widget_type=\"text-editor.default\">\n\t\t\t\t<div class=\"elementor-widget-container\">\n\t\t\t\t\t\t\t\t\t<ul><li><p>Mini-Buffet &amp; Kids Corner: G\u00e4ste, die mit Kindern unter 12 Jahren teilnehmen, erhalten Zugang zu einem Mini-Buffet &amp; Kids Corner im Tagungsraum Agoong zum Preis von IDR 200.000++ pro Kind.<\/p><\/li><li><p>Kinder unter 4 Jahren: Kostenloser Eintritt f\u00fcr Kinder unter 4 Jahren.<\/p><\/li><li><p>Vorauszahlung: Zur Best\u00e4tigung Ihrer Teilnahme ist die vollst\u00e4ndige Zahlung im Voraus erforderlich.<\/p><\/li><li><p>Sitzplatzverteilung: Die Sitzplatzvergabe erfolgt nach der Reihenfolge des Eintreffens.<\/p><\/li><li><p>Begr\u00fc\u00dfungscocktail &amp; Canap\u00e9: Alle G\u00e4ste werden bei der Ankunft mit einem Begr\u00fc\u00dfungscocktail und Canap\u00e9s empfangen.<\/p><\/li><li><p>Wetterbedingte Eventualit\u00e4ten: Bei Regen oder schlechtem Wetter wird die Veranstaltung in einen Indoor-Ausweichort innerhalb des The Meru verlegt.<\/p><\/li><li><p>Besondere Ern\u00e4hrungsbed\u00fcrfnisse: Bitte informieren Sie uns im Voraus \u00fcber etwaige Ern\u00e4hrungseinschr\u00e4nkungen oder Lebensmittelallergien.<\/p><\/li><li><p>Dresscode: Elegant Coastal \u2013 Wir empfehlen Resort-Kleidung, die f\u00fcr eine Veranstaltung im Freien am Meer geeignet ist. Aufgrund der Garten-Location werden flache Schuhe oder Keilabs\u00e4tze empfohlen. <\/p><\/li><\/ul>\t\t\t\t\t\t\t\t<\/div>\n\t\t\t\t<\/div>\n\t\t\t\t<\/div>\n\t\t\t\t<\/div>\n\t\t\t\t<\/div>\n\t\t\t\t<div class=\"elementor-element elementor-element-40624ef elementor-widget-divider--view-line elementor-widget elementor-widget-divider\" data-id=\"40624ef\" data-element_type=\"widget\" data-e-type=\"widget\" data-widget_type=\"divider.default\">\n\t\t\t\t<div class=\"elementor-widget-container\">\n\t\t\t\t\t\t\t<div class=\"elementor-divider\">\n\t\t\t<span class=\"elementor-divider-separator\">\n\t\t\t\t\t\t<\/span>\n\t\t<\/div>\n\t\t\t\t\t\t<\/div>\n\t\t\t\t<\/div>\n\t\t\t\t<div class=\"elementor-element elementor-element-9347d02 ob-btn-block elementor-widget__width-initial elementor-widget elementor-widget-button\" data-id=\"9347d02\" data-element_type=\"widget\" data-e-type=\"widget\" data-widget_type=\"button.default\">\n\t\t\t\t<div class=\"elementor-widget-container\">\n\t\t\t\t\t\t\t\t\t<div class=\"elementor-button-wrapper\">\n\t\t\t\t\t<a class=\"elementor-button elementor-button-link elementor-size-sm\" href=\"https:\/\/wa.me\/6281138313077\" target=\"_blank\" rel=\"noopener\">\n\t\t\t\t\t\t<span class=\"elementor-button-content-wrapper\">\n\t\t\t\t\t\t\t\t\t<span class=\"elementor-button-text\">Reservieren Sie Ihren Tisch<\/span>\n\t\t\t\t\t<\/span>\n\t\t\t\t\t<\/a>\n\t\t\t\t<\/div>\n\t\t\t\t\t\t\t\t<\/div>\n\t\t\t\t<\/div>\n\t\t\t\t<\/div>\n\t\t\t\t\t<\/div>\n\t\t\t\t<\/div>\n\t\t\t\t<\/div>\n\t\t","protected":false},"excerpt":{"rendered":"<p>Gastronomische Kunst beim Seaside Jazz Mantra Ein besonderes 6-G\u00e4nge-Men\u00fc mit Weinbegleitung, eine Zusammenarbeit zwischen Chefkoch Pierluigi Gallo, Michelin-Sterne-K\u00f6chen und Chefkoch Marco Medaglia, Executive Chef des The Meru Sanur. Der Abend bietet au\u00dferdem eine Live-Jazz-Auff\u00fchrung des Koko Harsoe Quartets, einer vom Ubud Village Jazz Festival kuratierten Band. Bali Beach Garden, The Meru Sanur | Freitag, 24. [&hellip;]<\/p>\n","protected":false},"author":2,"featured_media":11572,"parent":0,"menu_order":0,"comment_status":"closed","ping_status":"closed","template":"","meta":{"footnotes":""},"class_list":["post-11570","page","type-page","status-publish","has-post-thumbnail","hentry"],"_links":{"self":[{"href":"https:\/\/themerusanur.com\/de\/wp-json\/wp\/v2\/pages\/11570","targetHints":{"allow":["GET"]}}],"collection":[{"href":"https:\/\/themerusanur.com\/de\/wp-json\/wp\/v2\/pages"}],"about":[{"href":"https:\/\/themerusanur.com\/de\/wp-json\/wp\/v2\/types\/page"}],"author":[{"embeddable":true,"href":"https:\/\/themerusanur.com\/de\/wp-json\/wp\/v2\/users\/2"}],"replies":[{"embeddable":true,"href":"https:\/\/themerusanur.com\/de\/wp-json\/wp\/v2\/comments?post=11570"}],"version-history":[{"count":1,"href":"https:\/\/themerusanur.com\/de\/wp-json\/wp\/v2\/pages\/11570\/revisions"}],"predecessor-version":[{"id":11573,"href":"https:\/\/themerusanur.com\/de\/wp-json\/wp\/v2\/pages\/11570\/revisions\/11573"}],"wp:featuredmedia":[{"embeddable":true,"href":"https:\/\/themerusanur.com\/de\/wp-json\/wp\/v2\/media\/11572"}],"wp:attachment":[{"href":"https:\/\/themerusanur.com\/de\/wp-json\/wp\/v2\/media?parent=11570"}],"curies":[{"name":"wp","href":"https:\/\/api.w.org\/{rel}","templated":true}]}}