{"id":11662,"date":"2025-09-01T10:48:53","date_gmt":"2025-09-01T02:48:53","guid":{"rendered":"https:\/\/themerusanur.com\/seamless-journey\/"},"modified":"2026-04-18T02:59:49","modified_gmt":"2026-04-17T18:59:49","slug":"seamless-journey","status":"publish","type":"page","link":"https:\/\/themerusanur.com\/de\/seamless-journey\/","title":{"rendered":"Seamless Journey"},"content":{"rendered":"\t\t<div data-elementor-type=\"wp-page\" data-elementor-id=\"11662\" class=\"elementor elementor-11662 elementor-6548\" data-elementor-post-type=\"page\">\n\t\t\t\t<div class=\"elementor-element elementor-element-742c291 ob-bg-video e-flex e-con-boxed e-con e-parent\" data-id=\"742c291\" data-element_type=\"container\" data-e-type=\"container\" data-settings=\"{&quot;background_background&quot;:&quot;classic&quot;}\">\n\t\t\t\t\t<div class=\"e-con-inner\">\n\t\t\t\t\t<\/div>\n\t\t\t\t<\/div>\n\t\t<div class=\"elementor-element elementor-element-3caecdb e-flex e-con-boxed e-con e-parent\" data-id=\"3caecdb\" data-element_type=\"container\" data-e-type=\"container\">\n\t\t\t\t\t<div class=\"e-con-inner\">\n\t\t\t\t\t<\/div>\n\t\t\t\t<\/div>\n\t\t<div class=\"elementor-element elementor-element-ced7e04 e-flex e-con-boxed e-con e-parent\" data-id=\"ced7e04\" data-element_type=\"container\" data-e-type=\"container\">\n\t\t\t\t\t<div class=\"e-con-inner\">\n\t\t<div class=\"elementor-element elementor-element-d7fd7b6 e-con-full e-flex e-con e-child\" data-id=\"d7fd7b6\" data-element_type=\"container\" data-e-type=\"container\">\n\t\t\t\t<div class=\"elementor-element elementor-element-6051a6f elementor-widget elementor-widget-heading\" data-id=\"6051a6f\" data-element_type=\"widget\" data-e-type=\"widget\" data-widget_type=\"heading.default\">\n\t\t\t\t<div class=\"elementor-widget-container\">\n\t\t\t\t\t<h2 class=\"elementor-heading-title elementor-size-default\">Seamless Journey<\/h2>\t\t\t\t<\/div>\n\t\t\t\t<\/div>\n\t\t\t\t<div class=\"elementor-element elementor-element-7a01e39 elementor-widget elementor-widget-text-editor\" data-id=\"7a01e39\" data-element_type=\"widget\" data-e-type=\"widget\" data-widget_type=\"text-editor.default\">\n\t\t\t\t<div class=\"elementor-widget-container\">\n\t\t\t\t\t\t\t\t\t<p>Anl\u00e4sslich des Nationalen Kundentages laden wir Sie ein, die Essenz zeitloser Eleganz im The Meru Sanur zu erleben. Genie\u00dfen Sie raffinierten Komfort in einer ruhigen K\u00fcstenumgebung, in der jedes Detail darauf ausgelegt ist, kostbare Erinnerungen zu schaffen, die Sie noch lange nach Ihrem Aufenthalt begleiten werden.  <\/p><p>Genie\u00dfen Sie ein exklusives Angebot von 15 % auf Ihren Aufenthalt bei uns.<\/p><p>Lassen Sie diesen besonderen Anlass den perfekten Moment sein, um abzuschalten, neue Kraft zu tanken und sich von der Sch\u00f6nheit der balinesischen Sonnenaufgangsk\u00fcste verw\u00f6hnen zu lassen.<\/p>\t\t\t\t\t\t\t\t<\/div>\n\t\t\t\t<\/div>\n\t\t\t\t<\/div>\n\t\t<div class=\"elementor-element elementor-element-d0bda04 e-con-full e-flex e-con e-child\" data-id=\"d0bda04\" data-element_type=\"container\" data-e-type=\"container\">\n\t\t\t\t<div class=\"elementor-element elementor-element-2cb165d elementor-widget-divider--view-line elementor-widget elementor-widget-divider\" data-id=\"2cb165d\" data-element_type=\"widget\" data-e-type=\"widget\" data-widget_type=\"divider.default\">\n\t\t\t\t<div class=\"elementor-widget-container\">\n\t\t\t\t\t\t\t<div class=\"elementor-divider\">\n\t\t\t<span class=\"elementor-divider-separator\">\n\t\t\t\t\t\t<\/span>\n\t\t<\/div>\n\t\t\t\t\t\t<\/div>\n\t\t\t\t<\/div>\n\t\t\t\t<\/div>\n\t\t\t\t\t<\/div>\n\t\t\t\t<\/div>\n\t\t<div class=\"elementor-element elementor-element-9579a8e e-flex e-con-boxed e-con e-parent\" data-id=\"9579a8e\" data-element_type=\"container\" data-e-type=\"container\">\n\t\t\t\t\t<div class=\"e-con-inner\">\n\t\t\t\t<div class=\"elementor-element elementor-element-057861b ob-btn-block elementor-widget__width-initial elementor-widget elementor-widget-button\" data-id=\"057861b\" data-element_type=\"widget\" data-e-type=\"widget\" data-widget_type=\"button.default\">\n\t\t\t\t<div class=\"elementor-widget-container\">\n\t\t\t\t\t\t\t\t\t<div class=\"elementor-button-wrapper\">\n\t\t\t\t\t<a class=\"elementor-button elementor-button-link elementor-size-sm\" href=\"https:\/\/book.themerusanur.com\/inst\/#home?propertyId=50941&#038;PackageID=913100000000054&#038;checkIn=2025-09-04&#038;promoCode=haripelanggan25\">\n\t\t\t\t\t\t<span class=\"elementor-button-content-wrapper\">\n\t\t\t\t\t\t\t\t\t<span class=\"elementor-button-text\">Reservieren<\/span>\n\t\t\t\t\t<\/span>\n\t\t\t\t\t<\/a>\n\t\t\t\t<\/div>\n\t\t\t\t\t\t\t\t<\/div>\n\t\t\t\t<\/div>\n\t\t\t\t\t<\/div>\n\t\t\t\t<\/div>\n\t\t<div class=\"elementor-element elementor-element-949558e e-flex e-con-boxed e-con e-parent\" data-id=\"949558e\" data-element_type=\"container\" data-e-type=\"container\">\n\t\t\t\t\t<div class=\"e-con-inner\">\n\t\t<div class=\"elementor-element elementor-element-a9a5c7e e-con-full e-flex e-con e-child\" data-id=\"a9a5c7e\" data-element_type=\"container\" data-e-type=\"container\" data-settings=\"{&quot;background_background&quot;:&quot;classic&quot;}\">\n\t\t<div class=\"elementor-element elementor-element-c8e97de e-con-full e-flex e-con e-child\" data-id=\"c8e97de\" data-element_type=\"container\" data-e-type=\"container\">\n\t\t<div class=\"elementor-element elementor-element-aad9cfc e-con-full e-flex e-con e-child\" data-id=\"aad9cfc\" data-element_type=\"container\" data-e-type=\"container\">\n\t\t<div class=\"elementor-element elementor-element-74b7b8a e-flex e-con-boxed e-con e-child\" data-id=\"74b7b8a\" data-element_type=\"container\" data-e-type=\"container\">\n\t\t\t\t\t<div class=\"e-con-inner\">\n\t\t\t\t<div class=\"elementor-element elementor-element-26dbbbf elementor-widget elementor-widget-heading\" data-id=\"26dbbbf\" data-element_type=\"widget\" data-e-type=\"widget\" data-widget_type=\"heading.default\">\n\t\t\t\t<div class=\"elementor-widget-container\">\n\t\t\t\t\t<h2 class=\"elementor-heading-title elementor-size-default\">Buchungszeitraum:<\/h2>\t\t\t\t<\/div>\n\t\t\t\t<\/div>\n\t\t<div class=\"elementor-element elementor-element-5cccb41 e-con-full e-flex e-con e-child\" data-id=\"5cccb41\" data-element_type=\"container\" data-e-type=\"container\">\n\t\t\t\t<div class=\"elementor-element elementor-element-b106e59 elementor-widget elementor-widget-text-editor\" data-id=\"b106e59\" data-element_type=\"widget\" data-e-type=\"widget\" data-widget_type=\"text-editor.default\">\n\t\t\t\t<div class=\"elementor-widget-container\">\n\t\t\t\t\t\t\t\t\t<ul><li><span data-sheets-root=\"1\">4. \u2013 8. September 2025<\/span><\/li><\/ul>\t\t\t\t\t\t\t\t<\/div>\n\t\t\t\t<\/div>\n\t\t\t\t<\/div>\n\t\t\t\t\t<\/div>\n\t\t\t\t<\/div>\n\t\t<div class=\"elementor-element elementor-element-df8be26 e-flex e-con-boxed e-con e-child\" data-id=\"df8be26\" data-element_type=\"container\" data-e-type=\"container\">\n\t\t\t\t\t<div class=\"e-con-inner\">\n\t\t\t\t<div class=\"elementor-element elementor-element-5273be7 elementor-widget elementor-widget-heading\" data-id=\"5273be7\" data-element_type=\"widget\" data-e-type=\"widget\" data-widget_type=\"heading.default\">\n\t\t\t\t<div class=\"elementor-widget-container\">\n\t\t\t\t\t<h2 class=\"elementor-heading-title elementor-size-default\">Aufenthaltszeitraum:<\/h2>\t\t\t\t<\/div>\n\t\t\t\t<\/div>\n\t\t<div class=\"elementor-element elementor-element-433a5b9 e-con-full e-flex e-con e-child\" data-id=\"433a5b9\" data-element_type=\"container\" data-e-type=\"container\">\n\t\t\t\t<div class=\"elementor-element elementor-element-c1a37da elementor-widget elementor-widget-text-editor\" data-id=\"c1a37da\" data-element_type=\"widget\" data-e-type=\"widget\" data-widget_type=\"text-editor.default\">\n\t\t\t\t<div class=\"elementor-widget-container\">\n\t\t\t\t\t\t\t\t\t<ul>\n<li><span data-sheets-root=\"1\">4.&nbsp; September&nbsp; \u2013 30. November 2025<\/span><\/li>\n<\/ul>\t\t\t\t\t\t\t\t<\/div>\n\t\t\t\t<\/div>\n\t\t\t\t<\/div>\n\t\t\t\t\t<\/div>\n\t\t\t\t<\/div>\n\t\t\t\t<\/div>\n\t\t<div class=\"elementor-element elementor-element-48355e8 e-con-full e-flex e-con e-child\" data-id=\"48355e8\" data-element_type=\"container\" data-e-type=\"container\">\n\t\t\t\t<div class=\"elementor-element elementor-element-91ca537 elementor-widget elementor-widget-heading\" data-id=\"91ca537\" data-element_type=\"widget\" data-e-type=\"widget\" data-widget_type=\"heading.default\">\n\t\t\t\t<div class=\"elementor-widget-container\">\n\t\t\t\t\t<h2 class=\"elementor-heading-title elementor-size-default\">Das Paket beinhaltet:<\/h2>\t\t\t\t<\/div>\n\t\t\t\t<\/div>\n\t\t<div class=\"elementor-element elementor-element-7923c74 e-con-full e-grid e-con e-child\" data-id=\"7923c74\" data-element_type=\"container\" data-e-type=\"container\">\n\t\t\t\t<div class=\"elementor-element elementor-element-71471d3 elementor-widget-laptop__width-initial elementor-widget__width-initial elementor-widget elementor-widget-text-editor\" data-id=\"71471d3\" data-element_type=\"widget\" data-e-type=\"widget\" data-widget_type=\"text-editor.default\">\n\t\t\t\t<div class=\"elementor-widget-container\">\n\t\t\t\t\t\t\t\t\t<ul><li style=\"padding: 0px; margin: 0px;\">Balinesisches Willkommensritual und Tridatu-Armband<\/li><li style=\"padding: 0px; margin: 0px;\">Willkommens-Signature-Drink in der Lobby bei der Ankunft<\/li><li style=\"padding: 0px; margin: 0px;\">T\u00e4gliches Fr\u00fchst\u00fcck im Arunika Restaurant f\u00fcr 2 Personen<\/li><li style=\"padding: 0px; margin: 0px;\">Kostenloser Internet-WLAN-Zugang.<\/li><\/ul>\t\t\t\t\t\t\t\t<\/div>\n\t\t\t\t<\/div>\n\t\t\t\t<\/div>\n\t\t\t\t<\/div>\n\t\t\t\t<\/div>\n\t\t\t\t<\/div>\n\t\t\t\t\t<\/div>\n\t\t\t\t<\/div>\n\t\t<div class=\"elementor-element elementor-element-cd0e4a2 e-flex e-con-boxed e-con e-parent\" data-id=\"cd0e4a2\" data-element_type=\"container\" data-e-type=\"container\">\n\t\t\t\t\t<div class=\"e-con-inner\">\n\t\t<div class=\"elementor-element elementor-element-48d6c59 e-con-full e-flex e-con e-child\" data-id=\"48d6c59\" data-element_type=\"container\" data-e-type=\"container\" data-settings=\"{&quot;background_background&quot;:&quot;classic&quot;}\">\n\t\t<div class=\"elementor-element elementor-element-0b28811 e-con-full e-flex e-con e-child\" data-id=\"0b28811\" data-element_type=\"container\" data-e-type=\"container\">\n\t\t\t\t<div class=\"elementor-element elementor-element-877c5cc elementor-widget elementor-widget-heading\" data-id=\"877c5cc\" data-element_type=\"widget\" data-e-type=\"widget\" data-widget_type=\"heading.default\">\n\t\t\t\t<div class=\"elementor-widget-container\">\n\t\t\t\t\t<h2 class=\"elementor-heading-title elementor-size-default\">Allgemeine Gesch\u00e4ftsbedingungen<\/h2>\t\t\t\t<\/div>\n\t\t\t\t<\/div>\n\t\t\t\t<div class=\"elementor-element elementor-element-35495be elementor-widget elementor-widget-text-editor\" data-id=\"35495be\" data-element_type=\"widget\" data-e-type=\"widget\" data-widget_type=\"text-editor.default\">\n\t\t\t\t<div class=\"elementor-widget-container\">\n\t\t\t\t\t\t\t\t\t<ul><li>Mindestaufenthalt von 1 Nacht<\/li><li><p>Stornierungsbedingungen: Nicht stornierbar und nicht erstattungsf\u00e4hig. Dem Gast wird im Falle einer Stornierung der Gesamtpreis in Rechnung gestellt. <\/p><\/li><li><p><span style=\"background-color: transparent; letter-spacing: 1.28px;\">Zahlungsbedingungen: Die vollst\u00e4ndige Zahlung ist bei Abschluss der Reservierung f\u00e4llig.<\/span><\/p><\/li><li><p><span style=\"background-color: transparent; letter-spacing: 1.28px;\">Ein Kind unter 5 Jahren im Bett der Eltern erh\u00e4lt das Fr\u00fchst\u00fcck kostenlos.<\/span><\/p><\/li><li><p><span style=\"background-color: transparent; letter-spacing: 1.28px;\">F\u00fcr ein Kind von 5 bis unter 12 Jahren, das im vorhandenen Bett \u00fcbernachtet, werden 50% des Fr\u00fchst\u00fcckspreises berechnet.<br><\/span><\/p><\/li><li><p><span style=\"background-color: transparent; letter-spacing: 1.28px;\">Kinder ab 12 Jahren gelten als Erwachsene und zahlen 100 % f\u00fcr Fr\u00fchst\u00fcck und Zustellbett.<\/span><\/p><\/li><li><p><span style=\"background-color: transparent; letter-spacing: 1.28px;\">Ein Zustellbett beinhaltet ein t\u00e4gliches Fr\u00fchst\u00fcck.<\/span><\/p><\/li><\/ul>\t\t\t\t\t\t\t\t<\/div>\n\t\t\t\t<\/div>\n\t\t\t\t<\/div>\n\t\t\t\t<\/div>\n\t\t\t\t\t<\/div>\n\t\t\t\t<\/div>\n\t\t<div class=\"elementor-element elementor-element-6de6657 e-flex e-con-boxed e-con e-parent\" data-id=\"6de6657\" data-element_type=\"container\" data-e-type=\"container\">\n\t\t\t\t\t<div class=\"e-con-inner\">\n\t\t\t\t<div class=\"elementor-element elementor-element-24d9d1c ob-btn-block elementor-widget__width-initial elementor-widget elementor-widget-button\" data-id=\"24d9d1c\" data-element_type=\"widget\" data-e-type=\"widget\" data-widget_type=\"button.default\">\n\t\t\t\t<div class=\"elementor-widget-container\">\n\t\t\t\t\t\t\t\t\t<div class=\"elementor-button-wrapper\">\n\t\t\t\t\t<a class=\"elementor-button elementor-button-link elementor-size-sm\" href=\"https:\/\/book.themerusanur.com\/inst\/#home?propertyId=50941&#038;PackageID=913100000000054&#038;checkIn=2025-09-04&#038;promoCode=haripelanggan25\">\n\t\t\t\t\t\t<span class=\"elementor-button-content-wrapper\">\n\t\t\t\t\t\t\t\t\t<span class=\"elementor-button-text\">Reservieren<\/span>\n\t\t\t\t\t<\/span>\n\t\t\t\t\t<\/a>\n\t\t\t\t<\/div>\n\t\t\t\t\t\t\t\t<\/div>\n\t\t\t\t<\/div>\n\t\t\t\t\t<\/div>\n\t\t\t\t<\/div>\n\t\t\t\t<\/div>\n\t\t","protected":false},"excerpt":{"rendered":"<p>Seamless Journey Anl\u00e4sslich des Nationalen Kundentages laden wir Sie ein, die Essenz zeitloser Eleganz im The Meru Sanur zu erleben. Genie\u00dfen Sie raffinierten Komfort in einer ruhigen K\u00fcstenumgebung, in der jedes Detail darauf ausgelegt ist, kostbare Erinnerungen zu schaffen, die Sie noch lange nach Ihrem Aufenthalt begleiten werden. Genie\u00dfen Sie ein exklusives Angebot von 15 [&hellip;]<\/p>\n","protected":false},"author":2,"featured_media":0,"parent":0,"menu_order":1,"comment_status":"closed","ping_status":"closed","template":"","meta":{"footnotes":""},"class_list":["post-11662","page","type-page","status-publish","hentry"],"_links":{"self":[{"href":"https:\/\/themerusanur.com\/de\/wp-json\/wp\/v2\/pages\/11662","targetHints":{"allow":["GET"]}}],"collection":[{"href":"https:\/\/themerusanur.com\/de\/wp-json\/wp\/v2\/pages"}],"about":[{"href":"https:\/\/themerusanur.com\/de\/wp-json\/wp\/v2\/types\/page"}],"author":[{"embeddable":true,"href":"https:\/\/themerusanur.com\/de\/wp-json\/wp\/v2\/users\/2"}],"replies":[{"embeddable":true,"href":"https:\/\/themerusanur.com\/de\/wp-json\/wp\/v2\/comments?post=11662"}],"version-history":[{"count":1,"href":"https:\/\/themerusanur.com\/de\/wp-json\/wp\/v2\/pages\/11662\/revisions"}],"predecessor-version":[{"id":11667,"href":"https:\/\/themerusanur.com\/de\/wp-json\/wp\/v2\/pages\/11662\/revisions\/11667"}],"wp:attachment":[{"href":"https:\/\/themerusanur.com\/de\/wp-json\/wp\/v2\/media?parent=11662"}],"curies":[{"name":"wp","href":"https:\/\/api.w.org\/{rel}","templated":true}]}}