{"id":11668,"date":"2026-01-12T16:33:29","date_gmt":"2026-01-12T08:33:29","guid":{"rendered":"https:\/\/themerusanur.com\/harmony-fortune-stay\/"},"modified":"2026-04-18T03:03:17","modified_gmt":"2026-04-17T19:03:17","slug":"harmony-fortune-stay","status":"publish","type":"page","link":"https:\/\/themerusanur.com\/de\/harmony-fortune-stay\/","title":{"rendered":"Harmony &amp; Fortune Stay"},"content":{"rendered":"\t\t<div data-elementor-type=\"wp-page\" data-elementor-id=\"11668\" class=\"elementor elementor-11668 elementor-7865\" data-elementor-post-type=\"page\">\n\t\t\t\t<div class=\"elementor-element elementor-element-742c291 ob-bg-video e-flex e-con-boxed e-con e-parent\" data-id=\"742c291\" data-element_type=\"container\" data-e-type=\"container\" data-settings=\"{&quot;background_background&quot;:&quot;classic&quot;}\">\n\t\t\t\t\t<div class=\"e-con-inner\">\n\t\t\t\t\t<\/div>\n\t\t\t\t<\/div>\n\t\t<div class=\"elementor-element elementor-element-3caecdb e-flex e-con-boxed e-con e-parent\" data-id=\"3caecdb\" data-element_type=\"container\" data-e-type=\"container\">\n\t\t\t\t\t<div class=\"e-con-inner\">\n\t\t\t\t\t<\/div>\n\t\t\t\t<\/div>\n\t\t<div class=\"elementor-element elementor-element-ced7e04 e-flex e-con-boxed e-con e-parent\" data-id=\"ced7e04\" data-element_type=\"container\" data-e-type=\"container\">\n\t\t\t\t\t<div class=\"e-con-inner\">\n\t\t<div class=\"elementor-element elementor-element-d7fd7b6 e-con-full e-flex e-con e-child\" data-id=\"d7fd7b6\" data-element_type=\"container\" data-e-type=\"container\">\n\t\t\t\t<div class=\"elementor-element elementor-element-6051a6f elementor-widget elementor-widget-heading\" data-id=\"6051a6f\" data-element_type=\"widget\" data-e-type=\"widget\" data-widget_type=\"heading.default\">\n\t\t\t\t<div class=\"elementor-widget-container\">\n\t\t\t\t\t<h1 class=\"elementor-heading-title elementor-size-default\">Harmony &amp; Fortune Stay<\/h1>\t\t\t\t<\/div>\n\t\t\t\t<\/div>\n\t\t\t\t<div class=\"elementor-element elementor-element-7a01e39 elementor-widget elementor-widget-text-editor\" data-id=\"7a01e39\" data-element_type=\"widget\" data-e-type=\"widget\" data-widget_type=\"text-editor.default\">\n\t\t\t\t<div class=\"elementor-widget-container\">\n\t\t\t\t\t\t\t\t\t<p>Feiern Sie das Mondneujahr mit einer Reise der Erneuerung. Bleiben Sie im Februar 2026 mindestens 3 N\u00e4chte und erhalten Sie ein gl\u00fcckbringendes \u201eAng Pao\u201c-Resortguthaben in H\u00f6he von 600.000 IDR, das Sie in unseren Gastronomie- und Wellnessbereichen einl\u00f6sen k\u00f6nnen.  <i data-path-to-node=\"1\" data-index-in-node=\"292\">G\u00fcltig f\u00fcr Aufenthalte im gesamten Februar 2026.<\/i><\/p>\t\t\t\t\t\t\t\t<\/div>\n\t\t\t\t<\/div>\n\t\t\t\t<\/div>\n\t\t<div class=\"elementor-element elementor-element-d0bda04 e-con-full e-flex e-con e-child\" data-id=\"d0bda04\" data-element_type=\"container\" data-e-type=\"container\">\n\t\t\t\t<div class=\"elementor-element elementor-element-2cb165d elementor-widget-divider--view-line elementor-widget elementor-widget-divider\" data-id=\"2cb165d\" data-element_type=\"widget\" data-e-type=\"widget\" data-widget_type=\"divider.default\">\n\t\t\t\t<div class=\"elementor-widget-container\">\n\t\t\t\t\t\t\t<div class=\"elementor-divider\">\n\t\t\t<span class=\"elementor-divider-separator\">\n\t\t\t\t\t\t<\/span>\n\t\t<\/div>\n\t\t\t\t\t\t<\/div>\n\t\t\t\t<\/div>\n\t\t\t\t<\/div>\n\t\t\t\t\t<\/div>\n\t\t\t\t<\/div>\n\t\t<div class=\"elementor-element elementor-element-9579a8e e-flex e-con-boxed e-con e-parent\" data-id=\"9579a8e\" data-element_type=\"container\" data-e-type=\"container\">\n\t\t\t\t\t<div class=\"e-con-inner\">\n\t\t\t\t<div class=\"elementor-element elementor-element-057861b ob-btn-block elementor-widget__width-initial elementor-widget elementor-widget-button\" data-id=\"057861b\" data-element_type=\"widget\" data-e-type=\"widget\" data-widget_type=\"button.default\">\n\t\t\t\t<div class=\"elementor-widget-container\">\n\t\t\t\t\t\t\t\t\t<div class=\"elementor-button-wrapper\">\n\t\t\t\t\t<a class=\"elementor-button elementor-button-link elementor-size-sm\" href=\"https:\/\/book.themerusanur.com\/inst\/#home?propertyId=383NTAckHn1WpNUP0hevAF1Nu5NDE=&#038;JDRN=Y&#038;PackageID=913100000000068&#038;checkIn=2026-02-01&#038;checkOut=2026-02-28&#038;minNight=3\">\n\t\t\t\t\t\t<span class=\"elementor-button-content-wrapper\">\n\t\t\t\t\t\t\t\t\t<span class=\"elementor-button-text\">Reservieren<\/span>\n\t\t\t\t\t<\/span>\n\t\t\t\t\t<\/a>\n\t\t\t\t<\/div>\n\t\t\t\t\t\t\t\t<\/div>\n\t\t\t\t<\/div>\n\t\t\t\t\t<\/div>\n\t\t\t\t<\/div>\n\t\t<div class=\"elementor-element elementor-element-949558e e-flex e-con-boxed e-con e-parent\" data-id=\"949558e\" data-element_type=\"container\" data-e-type=\"container\">\n\t\t\t\t\t<div class=\"e-con-inner\">\n\t\t<div class=\"elementor-element elementor-element-a9a5c7e e-con-full e-flex e-con e-child\" data-id=\"a9a5c7e\" data-element_type=\"container\" data-e-type=\"container\" data-settings=\"{&quot;background_background&quot;:&quot;classic&quot;}\">\n\t\t<div class=\"elementor-element elementor-element-c8e97de e-con-full e-flex e-con e-child\" data-id=\"c8e97de\" data-element_type=\"container\" data-e-type=\"container\">\n\t\t<div class=\"elementor-element elementor-element-aad9cfc e-con-full e-flex e-con e-child\" data-id=\"aad9cfc\" data-element_type=\"container\" data-e-type=\"container\">\n\t\t<div class=\"elementor-element elementor-element-74b7b8a e-flex e-con-boxed e-con e-child\" data-id=\"74b7b8a\" data-element_type=\"container\" data-e-type=\"container\">\n\t\t\t\t\t<div class=\"e-con-inner\">\n\t\t\t\t<div class=\"elementor-element elementor-element-26dbbbf elementor-widget elementor-widget-heading\" data-id=\"26dbbbf\" data-element_type=\"widget\" data-e-type=\"widget\" data-widget_type=\"heading.default\">\n\t\t\t\t<div class=\"elementor-widget-container\">\n\t\t\t\t\t<h2 class=\"elementor-heading-title elementor-size-default\">Buchungszeitraum:<\/h2>\t\t\t\t<\/div>\n\t\t\t\t<\/div>\n\t\t<div class=\"elementor-element elementor-element-5cccb41 e-con-full e-flex e-con e-child\" data-id=\"5cccb41\" data-element_type=\"container\" data-e-type=\"container\">\n\t\t\t\t<div class=\"elementor-element elementor-element-b106e59 elementor-widget elementor-widget-text-editor\" data-id=\"b106e59\" data-element_type=\"widget\" data-e-type=\"widget\" data-widget_type=\"text-editor.default\">\n\t\t\t\t<div class=\"elementor-widget-container\">\n\t\t\t\t\t\t\t\t\t<ul><li><span data-sheets-root=\"1\">1. \u2013 28. Februar 2026<\/span><\/li><\/ul>\t\t\t\t\t\t\t\t<\/div>\n\t\t\t\t<\/div>\n\t\t\t\t<\/div>\n\t\t\t\t\t<\/div>\n\t\t\t\t<\/div>\n\t\t<div class=\"elementor-element elementor-element-df8be26 e-flex e-con-boxed e-con e-child\" data-id=\"df8be26\" data-element_type=\"container\" data-e-type=\"container\">\n\t\t\t\t\t<div class=\"e-con-inner\">\n\t\t\t\t<div class=\"elementor-element elementor-element-5273be7 elementor-widget elementor-widget-heading\" data-id=\"5273be7\" data-element_type=\"widget\" data-e-type=\"widget\" data-widget_type=\"heading.default\">\n\t\t\t\t<div class=\"elementor-widget-container\">\n\t\t\t\t\t<h2 class=\"elementor-heading-title elementor-size-default\">Aufenthaltszeitraum:<\/h2>\t\t\t\t<\/div>\n\t\t\t\t<\/div>\n\t\t<div class=\"elementor-element elementor-element-433a5b9 e-con-full e-flex e-con e-child\" data-id=\"433a5b9\" data-element_type=\"container\" data-e-type=\"container\">\n\t\t\t\t<div class=\"elementor-element elementor-element-c1a37da elementor-widget elementor-widget-text-editor\" data-id=\"c1a37da\" data-element_type=\"widget\" data-e-type=\"widget\" data-widget_type=\"text-editor.default\">\n\t\t\t\t<div class=\"elementor-widget-container\">\n\t\t\t\t\t\t\t\t\t<ul><li style=\"font-size: 16px;\"><span data-sheets-root=\"1\">1. \u2013 28. Februar 2026<\/span><\/li><\/ul>\t\t\t\t\t\t\t\t<\/div>\n\t\t\t\t<\/div>\n\t\t\t\t<\/div>\n\t\t\t\t\t<\/div>\n\t\t\t\t<\/div>\n\t\t\t\t<\/div>\n\t\t<div class=\"elementor-element elementor-element-48355e8 e-con-full e-flex e-con e-child\" data-id=\"48355e8\" data-element_type=\"container\" data-e-type=\"container\">\n\t\t\t\t<div class=\"elementor-element elementor-element-91ca537 elementor-widget elementor-widget-heading\" data-id=\"91ca537\" data-element_type=\"widget\" data-e-type=\"widget\" data-widget_type=\"heading.default\">\n\t\t\t\t<div class=\"elementor-widget-container\">\n\t\t\t\t\t<h2 class=\"elementor-heading-title elementor-size-default\">Das Paket beinhaltet:<\/h2>\t\t\t\t<\/div>\n\t\t\t\t<\/div>\n\t\t<div class=\"elementor-element elementor-element-30d8723 e-con-full e-grid e-con e-child\" data-id=\"30d8723\" data-element_type=\"container\" data-e-type=\"container\">\n\t\t\t\t<div class=\"elementor-element elementor-element-9a8e046 elementor-widget elementor-widget-text-editor\" data-id=\"9a8e046\" data-element_type=\"widget\" data-e-type=\"widget\" data-widget_type=\"text-editor.default\">\n\t\t\t\t<div class=\"elementor-widget-container\">\n\t\t\t\t\t\t\t\t\t<ul><li>Balinesisches Willkommensritual und Tridatu-Armband<\/li><\/ul><ul><li>T\u00e4gliches Fr\u00fchst\u00fcck f\u00fcr zwei Personen<\/li><li><p class=\"p1\">Ang Pao-Resortguthaben im Wert von 600.000 IDR<\/p><\/li><\/ul>\t\t\t\t\t\t\t\t<\/div>\n\t\t\t\t<\/div>\n\t\t\t\t<\/div>\n\t\t\t\t<\/div>\n\t\t\t\t<\/div>\n\t\t\t\t<\/div>\n\t\t\t\t\t<\/div>\n\t\t\t\t<\/div>\n\t\t<div class=\"elementor-element elementor-element-cd0e4a2 e-flex e-con-boxed e-con e-parent\" data-id=\"cd0e4a2\" data-element_type=\"container\" data-e-type=\"container\">\n\t\t\t\t\t<div class=\"e-con-inner\">\n\t\t<div class=\"elementor-element elementor-element-48d6c59 e-con-full e-flex e-con e-child\" data-id=\"48d6c59\" data-element_type=\"container\" data-e-type=\"container\" data-settings=\"{&quot;background_background&quot;:&quot;classic&quot;}\">\n\t\t<div class=\"elementor-element elementor-element-0b28811 e-con-full e-flex e-con e-child\" data-id=\"0b28811\" data-element_type=\"container\" data-e-type=\"container\">\n\t\t\t\t<div class=\"elementor-element elementor-element-877c5cc elementor-widget elementor-widget-heading\" data-id=\"877c5cc\" data-element_type=\"widget\" data-e-type=\"widget\" data-widget_type=\"heading.default\">\n\t\t\t\t<div class=\"elementor-widget-container\">\n\t\t\t\t\t<h2 class=\"elementor-heading-title elementor-size-default\">Allgemeine Gesch\u00e4ftsbedingungen<\/h2>\t\t\t\t<\/div>\n\t\t\t\t<\/div>\n\t\t\t\t<div class=\"elementor-element elementor-element-35495be elementor-widget elementor-widget-text-editor\" data-id=\"35495be\" data-element_type=\"widget\" data-e-type=\"widget\" data-widget_type=\"text-editor.default\">\n\t\t\t\t<div class=\"elementor-widget-container\">\n\t\t\t\t\t\t\t\t\t<ul><li>Mindestaufenthalt von 3 N\u00e4chten<\/li><li>Zahlungsbedingungen: Die vollst\u00e4ndige Zahlung ist bei Abschluss der Reservierung erforderlich. Stornierungsbedingungen: Nicht erstattungsf\u00e4hig, nicht \u00e4nderbar und nicht stornierbar.<\/li><li>Das Resortguthaben ist nur w\u00e4hrend des Aufenthalts g\u00fcltig.<\/li><li>Das Resortguthaben ist nicht erstattungsf\u00e4hig und kann nicht gegen Bargeld eingetauscht werden. <\/li><li>Feedback und Vorschl\u00e4ge: Ihr Feedback und Ihre Vorschl\u00e4ge sind f\u00fcr uns von unsch\u00e4tzbarem Wert, da wir bestrebt sind, unsere Angebote zu verbessern und zu verfeinern. Wir ermutigen Sie, uns Ihre Gedanken w\u00e4hrend Ihres Aufenthalts mitzuteilen, entweder direkt an unser Personal oder \u00fcber unsere Feedback-Kan\u00e4le. <\/li><li>\u00c4nderungen der Bedingungen vorbehalten: Diese allgemeinen Gesch\u00e4ftsbedingungen k\u00f6nnen ohne vorherige Ank\u00fcndigung ge\u00e4ndert werden. Wir empfehlen Ihnen, unsere Website zu \u00fcberpr\u00fcfen oder unser Reservierungsteam zu kontaktieren, um die aktuellsten Informationen zu unserem Resort zu erhalten. <\/li><li>Mit der Vornahme einer Reservierung oder dem Aufenthalt in unserer Unterkunft erkl\u00e4ren Sie sich mit diesen allgemeinen Gesch\u00e4ftsbedingungen einverstanden. Wir sch\u00e4tzen Ihre Unterst\u00fctzung und Ihr Verst\u00e4ndnis aufrichtig, w\u00e4hrend wir uns auf diese aufregende Reise begeben, und wir freuen uns darauf, Ihnen ein unvergessliches Erlebnis zu bieten. <\/li><\/ul>\t\t\t\t\t\t\t\t<\/div>\n\t\t\t\t<\/div>\n\t\t\t\t<\/div>\n\t\t\t\t<\/div>\n\t\t\t\t\t<\/div>\n\t\t\t\t<\/div>\n\t\t<div class=\"elementor-element elementor-element-6de6657 e-flex e-con-boxed e-con e-parent\" data-id=\"6de6657\" data-element_type=\"container\" data-e-type=\"container\">\n\t\t\t\t\t<div class=\"e-con-inner\">\n\t\t\t\t<div class=\"elementor-element elementor-element-24d9d1c ob-btn-block elementor-widget__width-initial elementor-widget elementor-widget-button\" data-id=\"24d9d1c\" data-element_type=\"widget\" data-e-type=\"widget\" data-widget_type=\"button.default\">\n\t\t\t\t<div class=\"elementor-widget-container\">\n\t\t\t\t\t\t\t\t\t<div class=\"elementor-button-wrapper\">\n\t\t\t\t\t<a class=\"elementor-button elementor-button-link elementor-size-sm\" href=\"https:\/\/book.themerusanur.com\/inst\/#home?propertyId=383NTAckHn1WpNUP0hevAF1Nu5NDE=&#038;JDRN=Y&#038;PackageID=913100000000068&#038;checkIn=2026-02-01&#038;checkOut=2026-02-28&#038;minNight=3\">\n\t\t\t\t\t\t<span class=\"elementor-button-content-wrapper\">\n\t\t\t\t\t\t\t\t\t<span class=\"elementor-button-text\">Reservieren<\/span>\n\t\t\t\t\t<\/span>\n\t\t\t\t\t<\/a>\n\t\t\t\t<\/div>\n\t\t\t\t\t\t\t\t<\/div>\n\t\t\t\t<\/div>\n\t\t\t\t\t<\/div>\n\t\t\t\t<\/div>\n\t\t\t\t<\/div>\n\t\t","protected":false},"excerpt":{"rendered":"<p>Harmony &amp; Fortune Stay Feiern Sie das Mondneujahr mit einer Reise der Erneuerung. Bleiben Sie im Februar 2026 mindestens 3 N\u00e4chte und erhalten Sie ein gl\u00fcckbringendes \u201eAng Pao\u201c-Resortguthaben in H\u00f6he von 600.000 IDR, das Sie in unseren Gastronomie- und Wellnessbereichen einl\u00f6sen k\u00f6nnen. G\u00fcltig f\u00fcr Aufenthalte im gesamten Februar 2026. Reservieren Buchungszeitraum: 1. \u2013 28. Februar [&hellip;]<\/p>\n","protected":false},"author":2,"featured_media":0,"parent":0,"menu_order":2,"comment_status":"closed","ping_status":"closed","template":"","meta":{"footnotes":""},"class_list":["post-11668","page","type-page","status-publish","hentry"],"_links":{"self":[{"href":"https:\/\/themerusanur.com\/de\/wp-json\/wp\/v2\/pages\/11668","targetHints":{"allow":["GET"]}}],"collection":[{"href":"https:\/\/themerusanur.com\/de\/wp-json\/wp\/v2\/pages"}],"about":[{"href":"https:\/\/themerusanur.com\/de\/wp-json\/wp\/v2\/types\/page"}],"author":[{"embeddable":true,"href":"https:\/\/themerusanur.com\/de\/wp-json\/wp\/v2\/users\/2"}],"replies":[{"embeddable":true,"href":"https:\/\/themerusanur.com\/de\/wp-json\/wp\/v2\/comments?post=11668"}],"version-history":[{"count":1,"href":"https:\/\/themerusanur.com\/de\/wp-json\/wp\/v2\/pages\/11668\/revisions"}],"predecessor-version":[{"id":11669,"href":"https:\/\/themerusanur.com\/de\/wp-json\/wp\/v2\/pages\/11668\/revisions\/11669"}],"wp:attachment":[{"href":"https:\/\/themerusanur.com\/de\/wp-json\/wp\/v2\/media?parent=11668"}],"curies":[{"name":"wp","href":"https:\/\/api.w.org\/{rel}","templated":true}]}}