{"id":11723,"date":"2026-01-13T15:33:24","date_gmt":"2026-01-13T07:33:24","guid":{"rendered":"https:\/\/themerusanur.com\/spa-wellness\/crystal-quartz-massage\/"},"modified":"2026-04-18T03:52:33","modified_gmt":"2026-04-17T19:52:33","slug":"crystal-quartz-massage","status":"publish","type":"page","link":"https:\/\/themerusanur.com\/de\/spa-wellness\/crystal-quartz-massage\/","title":{"rendered":"Crystal Quartz Massage"},"content":{"rendered":"\t\t<div data-elementor-type=\"wp-page\" data-elementor-id=\"11723\" class=\"elementor elementor-11723 elementor-7891\" data-elementor-post-type=\"page\">\n\t\t\t\t<div class=\"elementor-element elementor-element-77300d2 ob-bg-video e-flex e-con-boxed e-con e-parent\" data-id=\"77300d2\" data-element_type=\"container\" data-e-type=\"container\" data-settings=\"{&quot;background_background&quot;:&quot;classic&quot;}\">\n\t\t\t\t\t<div class=\"e-con-inner\">\n\t\t\t\t\t<\/div>\n\t\t\t\t<\/div>\n\t\t<div class=\"elementor-element elementor-element-14b8af5 e-flex e-con-boxed e-con e-parent\" data-id=\"14b8af5\" data-element_type=\"container\" data-e-type=\"container\">\n\t\t\t\t\t<div class=\"e-con-inner\">\n\t\t\t\t\t<\/div>\n\t\t\t\t<\/div>\n\t\t<div class=\"elementor-element elementor-element-a7e4397 e-flex e-con-boxed e-con e-parent\" data-id=\"a7e4397\" data-element_type=\"container\" data-e-type=\"container\">\n\t\t\t\t\t<div class=\"e-con-inner\">\n\t\t<div class=\"elementor-element elementor-element-d2c944f e-con-full e-flex e-con e-child\" data-id=\"d2c944f\" data-element_type=\"container\" data-e-type=\"container\">\n\t\t\t\t<div class=\"elementor-element elementor-element-ae26e9b elementor-widget elementor-widget-heading\" data-id=\"ae26e9b\" data-element_type=\"widget\" data-e-type=\"widget\" data-widget_type=\"heading.default\">\n\t\t\t\t<div class=\"elementor-widget-container\">\n\t\t\t\t\t<h1 class=\"elementor-heading-title elementor-size-default\">Crystal Quartz Massage\n<\/h1>\t\t\t\t<\/div>\n\t\t\t\t<\/div>\n\t\t<div class=\"elementor-element elementor-element-820a152 e-con-full e-flex e-con e-child\" data-id=\"820a152\" data-element_type=\"container\" data-e-type=\"container\">\n\t\t\t\t<div class=\"elementor-element elementor-element-27bc5a1 elementor-widget elementor-widget-heading\" data-id=\"27bc5a1\" data-element_type=\"widget\" data-e-type=\"widget\" data-widget_type=\"heading.default\">\n\t\t\t\t<div class=\"elementor-widget-container\">\n\t\t\t\t\t<h2 class=\"elementor-heading-title elementor-size-default\">Activity Hours: 09.00 - 21.00<br>Advance booking of at least 24 hours is required<\/h2>\t\t\t\t<\/div>\n\t\t\t\t<\/div>\n\t\t\t\t<\/div>\n\t\t\t\t<div class=\"elementor-element elementor-element-361cca9 elementor-widget elementor-widget-text-editor\" data-id=\"361cca9\" data-element_type=\"widget\" data-e-type=\"widget\" data-widget_type=\"text-editor.default\">\n\t\t\t\t<div class=\"elementor-widget-container\">\n\t\t\t\t\t\t\t\t\t<p>Ein zutiefst erholsames Spa-Erlebnis in Sanur, das auf einem hochmodernen, beheizten Kristallquarz-Sandbett basiert. Es ist darauf ausgelegt, den K\u00f6rper sanft in W\u00e4rme einzuh\u00fcllen und gleichzeitig eine tiefe Entspannung sowie ein energetisches Gleichgewicht zu f\u00f6rdern.<br>W\u00e4hrend der K\u00f6rper vom warmen Kristallquarz umschlossen wird, entspannen sich die Muskeln allm\u00e4hlich und das Nervensystem beruhigt sich. Die eindringende W\u00e4rme unterst\u00fctzt die nat\u00fcrliche Entgiftung, stimuliert den Lymphfluss und verbessert die Durchblutung, was hilft, angestauten Stress und M\u00fcdigkeit abzubauen. <\/p>\t\t\t\t\t\t\t\t<\/div>\n\t\t\t\t<\/div>\n\t\t\t\t<\/div>\n\t\t<div class=\"elementor-element elementor-element-e665117 e-con-full e-flex e-con e-child\" data-id=\"e665117\" data-element_type=\"container\" data-e-type=\"container\">\n\t\t\t\t<div class=\"elementor-element elementor-element-0913dbc elementor-widget-divider--view-line elementor-widget elementor-widget-divider\" data-id=\"0913dbc\" data-element_type=\"widget\" data-e-type=\"widget\" data-widget_type=\"divider.default\">\n\t\t\t\t<div class=\"elementor-widget-container\">\n\t\t\t\t\t\t\t<div class=\"elementor-divider\">\n\t\t\t<span class=\"elementor-divider-separator\">\n\t\t\t\t\t\t<\/span>\n\t\t<\/div>\n\t\t\t\t\t\t<\/div>\n\t\t\t\t<\/div>\n\t\t\t\t<\/div>\n\t\t\t\t\t<\/div>\n\t\t\t\t<\/div>\n\t\t<div class=\"elementor-element elementor-element-529dbe8 e-flex e-con-boxed e-con e-parent\" data-id=\"529dbe8\" data-element_type=\"container\" data-e-type=\"container\">\n\t\t\t\t\t<div class=\"e-con-inner\">\n\t\t<div class=\"elementor-element elementor-element-396d1ec e-con-full e-flex e-con e-child\" data-id=\"396d1ec\" data-element_type=\"container\" data-e-type=\"container\">\n\t\t<div class=\"elementor-element elementor-element-e9c7955 e-con-full e-flex e-con e-child\" data-id=\"e9c7955\" data-element_type=\"container\" data-e-type=\"container\">\n\t\t\t\t<div class=\"elementor-element elementor-element-a46b691 elementor-widget elementor-widget-heading\" data-id=\"a46b691\" data-element_type=\"widget\" data-e-type=\"widget\" data-widget_type=\"heading.default\">\n\t\t\t\t<div class=\"elementor-widget-container\">\n\t\t\t\t\t<h2 class=\"elementor-heading-title elementor-size-default\"><a href=\"https:\/\/themerusanur.com\/resort-suites\/tropical-corner-suite\/\">Manik Galih<\/a><\/h2>\t\t\t\t<\/div>\n\t\t\t\t<\/div>\n\t\t\t\t<div class=\"elementor-element elementor-element-cb90b17 elementor-widget elementor-widget-heading\" data-id=\"cb90b17\" data-element_type=\"widget\" data-e-type=\"widget\" data-widget_type=\"heading.default\">\n\t\t\t\t<div class=\"elementor-widget-container\">\n\t\t\t\t\t<h2 class=\"elementor-heading-title elementor-size-default\">Seven Sacred Stones Massage, 90 Minuten |<\/span> IDR 1,950,000++\/Person<\/h2>\t\t\t\t<\/div>\n\t\t\t\t<\/div>\n\t\t\t\t<div class=\"elementor-element elementor-element-12b3fd6 elementor-widget elementor-widget-text-editor\" data-id=\"12b3fd6\" data-element_type=\"widget\" data-e-type=\"widget\" data-widget_type=\"text-editor.default\">\n\t\t\t\t<div class=\"elementor-widget-container\">\n\t\t\t\t\t\t\t\t\t<p>Manik Galih, was so viel wie die heilige Essenz von Edelsteinen bedeutet, ist eine f\u00fcr Taru Pramana charakteristische Hot-Stone-Massage auf Bali. Unter Verwendung von sieben Heilsteinen werden Gleichgewicht und innere Vitalit\u00e4t wiederhergestellt.<br>Durch die Kombination flie\u00dfender balinesischer und asiatischer Techniken l\u00f6st diese zutiefst erdende Behandlung Verspannungen, harmonisiert die Energie und verj\u00fcngt den K\u00f6rper. Erg\u00e4nzt durch die Schwingungen heiliger Klangschalen und n\u00e4hrende Wariga-\u00d6le bietet sie eine tiefgehende energetische Ausrichtung und ganzheitliche Erneuerung.  <\/p>\t\t\t\t\t\t\t\t<\/div>\n\t\t\t\t<\/div>\n\t\t\t\t<\/div>\n\t\t<div class=\"elementor-element elementor-element-5a831f9 e-con-full e-flex e-con e-child\" data-id=\"5a831f9\" data-element_type=\"container\" data-e-type=\"container\">\n\t\t\t\t<div class=\"elementor-element elementor-element-4ecd683 ob-btn-block elementor-widget__width-initial elementor-widget elementor-widget-button\" data-id=\"4ecd683\" data-element_type=\"widget\" data-e-type=\"widget\" data-widget_type=\"button.default\">\n\t\t\t\t<div class=\"elementor-widget-container\">\n\t\t\t\t\t\t\t\t\t<div class=\"elementor-button-wrapper\">\n\t\t\t\t\t<a class=\"elementor-button elementor-button-link elementor-size-sm\" href=\"http:\/\/wa.link\/0haw9h\" target=\"_blank\" rel=\"noopener\">\n\t\t\t\t\t\t<span class=\"elementor-button-content-wrapper\">\n\t\t\t\t\t\t\t\t\t<span class=\"elementor-button-text\">Reservieren<\/span>\n\t\t\t\t\t<\/span>\n\t\t\t\t\t<\/a>\n\t\t\t\t<\/div>\n\t\t\t\t\t\t\t\t<\/div>\n\t\t\t\t<\/div>\n\t\t\t\t<\/div>\n\t\t\t\t<\/div>\n\t\t<div class=\"elementor-element elementor-element-7b92ac8 e-con-full e-flex e-con e-child\" data-id=\"7b92ac8\" data-element_type=\"container\" data-e-type=\"container\">\n\t\t<div class=\"elementor-element elementor-element-85bf8dd e-con-full e-flex e-con e-child\" data-id=\"85bf8dd\" data-element_type=\"container\" data-e-type=\"container\">\n\t\t\t\t<div class=\"elementor-element elementor-element-804610f elementor-widget elementor-widget-heading\" data-id=\"804610f\" data-element_type=\"widget\" data-e-type=\"widget\" data-widget_type=\"heading.default\">\n\t\t\t\t<div class=\"elementor-widget-container\">\n\t\t\t\t\t<h2 class=\"elementor-heading-title elementor-size-default\"><a href=\"https:\/\/themerusanur.com\/resort-suites\/tropical-corner-suite\/\">Rajapala Ritual<\/a><\/h2>\t\t\t\t<\/div>\n\t\t\t\t<\/div>\n\t\t\t\t<div class=\"elementor-element elementor-element-42dba34 elementor-widget elementor-widget-heading\" data-id=\"42dba34\" data-element_type=\"widget\" data-e-type=\"widget\" data-widget_type=\"heading.default\">\n\t\t\t\t<div class=\"elementor-widget-container\">\n\t\t\t\t\t<h2 class=\"elementor-heading-title elementor-size-default\">Legacy of Royal healing, 120 Minuten | IDR 2,950,000++\/Person<\/h2>\t\t\t\t<\/div>\n\t\t\t\t<\/div>\n\t\t\t\t<div class=\"elementor-element elementor-element-4dd0767 elementor-widget elementor-widget-text-editor\" data-id=\"4dd0767\" data-element_type=\"widget\" data-e-type=\"widget\" data-widget_type=\"text-editor.default\">\n\t\t\t\t<div class=\"elementor-widget-container\">\n\t\t\t\t\t\t\t\t\t<p>Inspiriert von Rajapala, dem legend\u00e4ren k\u00f6niglichen W\u00e4chter, der St\u00e4rke, Schutz und Hingabe symbolisiert, ist dieses immersive balinesische Wellness-Ritual darauf ausgerichtet, die Vitalit\u00e4t des K\u00f6rpers wiederherzustellen und gleichzeitig das innere Gleichgewicht zu pflegen. Die Reise beginnt mit dem Erlebnis auf dem Kristallquarz-Massagebett, das den K\u00f6rper sanft in therapeutische W\u00e4rme einh\u00fcllt, um das Nervensystem zu beruhigen und den Energiefluss zu wecken. Es folgt eine zutiefst entspannende Ganzk\u00f6rpermassage, gefolgt von einem luxuri\u00f6sen Royal Balinese Bath zur Reinigung und Erneuerung. Das Ritual wird mit einer verj\u00fcngenden Kristall-Gesichtsmassage abgeschlossen, die den K\u00f6rper gesch\u00fctzt, regeneriert und zutiefst erneuert hinterl\u00e4sst.   <\/p>\t\t\t\t\t\t\t\t<\/div>\n\t\t\t\t<\/div>\n\t\t\t\t<\/div>\n\t\t<div class=\"elementor-element elementor-element-28fc87d e-con-full e-flex e-con e-child\" data-id=\"28fc87d\" data-element_type=\"container\" data-e-type=\"container\">\n\t\t\t\t<div class=\"elementor-element elementor-element-94a2106 ob-btn-block elementor-widget__width-initial elementor-widget elementor-widget-button\" data-id=\"94a2106\" data-element_type=\"widget\" data-e-type=\"widget\" data-widget_type=\"button.default\">\n\t\t\t\t<div class=\"elementor-widget-container\">\n\t\t\t\t\t\t\t\t\t<div class=\"elementor-button-wrapper\">\n\t\t\t\t\t<a class=\"elementor-button elementor-button-link elementor-size-sm\" href=\"http:\/\/wa.link\/0haw9h\" target=\"_blank\" rel=\"noopener\">\n\t\t\t\t\t\t<span class=\"elementor-button-content-wrapper\">\n\t\t\t\t\t\t\t\t\t<span class=\"elementor-button-text\">Reservieren<\/span>\n\t\t\t\t\t<\/span>\n\t\t\t\t\t<\/a>\n\t\t\t\t<\/div>\n\t\t\t\t\t\t\t\t<\/div>\n\t\t\t\t<\/div>\n\t\t\t\t<\/div>\n\t\t\t\t<\/div>\n\t\t\t\t\t<\/div>\n\t\t\t\t<\/div>\n\t\t<div class=\"elementor-element elementor-element-0c9121d e-flex e-con-boxed e-con e-parent\" data-id=\"0c9121d\" data-element_type=\"container\" data-e-type=\"container\">\n\t\t\t\t\t<div class=\"e-con-inner\">\n\t\t\t\t<div class=\"elementor-element elementor-element-f7e389b elementor-widget elementor-widget-text-editor\" data-id=\"f7e389b\" data-element_type=\"widget\" data-e-type=\"widget\" data-widget_type=\"text-editor.default\">\n\t\t\t\t<div class=\"elementor-widget-container\">\n\t\t\t\t\t\t\t\t\t<p>Am Ende Ihrer Wellness-Reise erhalten Sie das Tridatu-Armband \u2013 ein heiliges Symbol f\u00fcr Harmonie, Schutz und Achtsamkeit, das die drei g\u00f6ttlichen Kr\u00e4fte des Lebens repr\u00e4sentiert: Erschaffung, Erhaltung und Aufl\u00f6sung.<\/p>\t\t\t\t\t\t\t\t<\/div>\n\t\t\t\t<\/div>\n\t\t\t\t\t<\/div>\n\t\t\t\t<\/div>\n\t\t\t\t<\/div>\n\t\t","protected":false},"excerpt":{"rendered":"<p>Crystal Quartz Massage Activity Hours: 09.00 &#8211; 21.00Advance booking of at least 24 hours is required Ein zutiefst erholsames Spa-Erlebnis in Sanur, das auf einem hochmodernen, beheizten Kristallquarz-Sandbett basiert. Es ist darauf ausgelegt, den K\u00f6rper sanft in W\u00e4rme einzuh\u00fcllen und gleichzeitig eine tiefe Entspannung sowie ein energetisches Gleichgewicht zu f\u00f6rdern.W\u00e4hrend der K\u00f6rper vom warmen Kristallquarz [&hellip;]<\/p>\n","protected":false},"author":2,"featured_media":0,"parent":11694,"menu_order":2,"comment_status":"closed","ping_status":"closed","template":"","meta":{"footnotes":""},"class_list":["post-11723","page","type-page","status-publish","hentry"],"_links":{"self":[{"href":"https:\/\/themerusanur.com\/de\/wp-json\/wp\/v2\/pages\/11723","targetHints":{"allow":["GET"]}}],"collection":[{"href":"https:\/\/themerusanur.com\/de\/wp-json\/wp\/v2\/pages"}],"about":[{"href":"https:\/\/themerusanur.com\/de\/wp-json\/wp\/v2\/types\/page"}],"author":[{"embeddable":true,"href":"https:\/\/themerusanur.com\/de\/wp-json\/wp\/v2\/users\/2"}],"replies":[{"embeddable":true,"href":"https:\/\/themerusanur.com\/de\/wp-json\/wp\/v2\/comments?post=11723"}],"version-history":[{"count":1,"href":"https:\/\/themerusanur.com\/de\/wp-json\/wp\/v2\/pages\/11723\/revisions"}],"predecessor-version":[{"id":11725,"href":"https:\/\/themerusanur.com\/de\/wp-json\/wp\/v2\/pages\/11723\/revisions\/11725"}],"up":[{"embeddable":true,"href":"https:\/\/themerusanur.com\/de\/wp-json\/wp\/v2\/pages\/11694"}],"wp:attachment":[{"href":"https:\/\/themerusanur.com\/de\/wp-json\/wp\/v2\/media?parent=11723"}],"curies":[{"name":"wp","href":"https:\/\/api.w.org\/{rel}","templated":true}]}}