{"id":11730,"date":"2024-10-30T07:04:49","date_gmt":"2024-10-29T23:04:49","guid":{"rendered":"https:\/\/themerusanur.com\/spa-wellness\/spiritual-wellness\/"},"modified":"2026-04-18T04:00:06","modified_gmt":"2026-04-17T20:00:06","slug":"spiritual-wellness","status":"publish","type":"page","link":"https:\/\/themerusanur.com\/de\/spa-wellness\/spiritual-wellness\/","title":{"rendered":"Spiritual Wellness"},"content":{"rendered":"\t\t<div data-elementor-type=\"wp-page\" data-elementor-id=\"11730\" class=\"elementor elementor-11730 elementor-80\" data-elementor-post-type=\"page\">\n\t\t\t\t<div class=\"elementor-element elementor-element-77300d2 ob-bg-video e-flex e-con-boxed e-con e-parent\" data-id=\"77300d2\" data-element_type=\"container\" data-e-type=\"container\" data-settings=\"{&quot;background_background&quot;:&quot;classic&quot;}\">\n\t\t\t\t\t<div class=\"e-con-inner\">\n\t\t\t\t\t<\/div>\n\t\t\t\t<\/div>\n\t\t<div class=\"elementor-element elementor-element-14b8af5 e-flex e-con-boxed e-con e-parent\" data-id=\"14b8af5\" data-element_type=\"container\" data-e-type=\"container\">\n\t\t\t\t\t<div class=\"e-con-inner\">\n\t\t\t\t\t<\/div>\n\t\t\t\t<\/div>\n\t\t<div class=\"elementor-element elementor-element-a7e4397 e-flex e-con-boxed e-con e-parent\" data-id=\"a7e4397\" data-element_type=\"container\" data-e-type=\"container\">\n\t\t\t\t\t<div class=\"e-con-inner\">\n\t\t<div class=\"elementor-element elementor-element-d2c944f e-con-full e-flex e-con e-child\" data-id=\"d2c944f\" data-element_type=\"container\" data-e-type=\"container\">\n\t\t\t\t<div class=\"elementor-element elementor-element-ae26e9b elementor-widget elementor-widget-heading\" data-id=\"ae26e9b\" data-element_type=\"widget\" data-e-type=\"widget\" data-widget_type=\"heading.default\">\n\t\t\t\t<div class=\"elementor-widget-container\">\n\t\t\t\t\t<h1 class=\"elementor-heading-title elementor-size-default\">Spiritual Wellness<\/h1>\t\t\t\t<\/div>\n\t\t\t\t<\/div>\n\t\t<div class=\"elementor-element elementor-element-820a152 e-con-full e-flex e-con e-child\" data-id=\"820a152\" data-element_type=\"container\" data-e-type=\"container\">\n\t\t\t\t<div class=\"elementor-element elementor-element-27bc5a1 elementor-widget elementor-widget-heading\" data-id=\"27bc5a1\" data-element_type=\"widget\" data-e-type=\"widget\" data-widget_type=\"heading.default\">\n\t\t\t\t<div class=\"elementor-widget-container\">\n\t\t\t\t\t<h2 class=\"elementor-heading-title elementor-size-default\">Aktivit\u00e4tszeiten: 07:00 \u2013 16:00 Uhr. Eine Vorabreservierung mindestens 24 Stunden im Voraus ist erforderlich.<\/h2>\t\t\t\t<\/div>\n\t\t\t\t<\/div>\n\t\t\t\t<\/div>\n\t\t\t\t<div class=\"elementor-element elementor-element-361cca9 elementor-widget elementor-widget-text-editor\" data-id=\"361cca9\" data-element_type=\"widget\" data-e-type=\"widget\" data-widget_type=\"text-editor.default\">\n\t\t\t\t<div class=\"elementor-widget-container\">\n\t\t\t\t\t\t\t\t\t<p>Unsere Rituale lassen sich von Sekala &amp; Niskala inspirieren und unterscheiden zwischen der physischen und der spirituellen Welt. Diese miteinander verwobenen Konzepte erl\u00e4utern die tieferen Bedeutungen hinter den Zeremonien. Sekala und Niskala leiten uns dabei, sowohl physische als auch spirituelle Bed\u00fcrfnisse zu erf\u00fcllen und so einen ausgewogenen Lebensstil zu gestalten.  <\/p>\t\t\t\t\t\t\t\t<\/div>\n\t\t\t\t<\/div>\n\t\t\t\t<\/div>\n\t\t<div class=\"elementor-element elementor-element-e665117 e-con-full e-flex e-con e-child\" data-id=\"e665117\" data-element_type=\"container\" data-e-type=\"container\">\n\t\t\t\t<div class=\"elementor-element elementor-element-0913dbc elementor-widget-divider--view-line elementor-widget elementor-widget-divider\" data-id=\"0913dbc\" data-element_type=\"widget\" data-e-type=\"widget\" data-widget_type=\"divider.default\">\n\t\t\t\t<div class=\"elementor-widget-container\">\n\t\t\t\t\t\t\t<div class=\"elementor-divider\">\n\t\t\t<span class=\"elementor-divider-separator\">\n\t\t\t\t\t\t<\/span>\n\t\t<\/div>\n\t\t\t\t\t\t<\/div>\n\t\t\t\t<\/div>\n\t\t\t\t<\/div>\n\t\t\t\t\t<\/div>\n\t\t\t\t<\/div>\n\t\t<div class=\"elementor-element elementor-element-529dbe8 e-flex e-con-boxed e-con e-parent\" data-id=\"529dbe8\" data-element_type=\"container\" data-e-type=\"container\">\n\t\t\t\t\t<div class=\"e-con-inner\">\n\t\t<div class=\"elementor-element elementor-element-396d1ec e-con-full e-flex e-con e-child\" data-id=\"396d1ec\" data-element_type=\"container\" data-e-type=\"container\">\n\t\t<div class=\"elementor-element elementor-element-e9c7955 e-con-full e-flex e-con e-child\" data-id=\"e9c7955\" data-element_type=\"container\" data-e-type=\"container\">\n\t\t\t\t<div class=\"elementor-element elementor-element-a46b691 elementor-widget elementor-widget-heading\" data-id=\"a46b691\" data-element_type=\"widget\" data-e-type=\"widget\" data-widget_type=\"heading.default\">\n\t\t\t\t<div class=\"elementor-widget-container\">\n\t\t\t\t\t<h2 class=\"elementor-heading-title elementor-size-default\"><a href=\"https:\/\/themerusanur.com\/resort-suites\/tropical-corner-suite\/\">Lukat Toya<\/a><\/h2>\t\t\t\t<\/div>\n\t\t\t\t<\/div>\n\t\t\t\t<div class=\"elementor-element elementor-element-cb90b17 elementor-widget elementor-widget-heading\" data-id=\"cb90b17\" data-element_type=\"widget\" data-e-type=\"widget\" data-widget_type=\"heading.default\">\n\t\t\t\t<div class=\"elementor-widget-container\">\n\t\t\t\t\t<h2 class=\"elementor-heading-title elementor-size-default\">60 Minuten<br>IDR 800,000++\/Person<\/h2>\t\t\t\t<\/div>\n\t\t\t\t<\/div>\n\t\t\t\t<div class=\"elementor-element elementor-element-12b3fd6 elementor-widget elementor-widget-text-editor\" data-id=\"12b3fd6\" data-element_type=\"widget\" data-e-type=\"widget\" data-widget_type=\"text-editor.default\">\n\t\t\t\t<div class=\"elementor-widget-container\">\n\t\t\t\t\t\t\t\t\t<p>Ein altes balinesisches Reinigungsritual, das die reinigende Kraft des Wassers nutzt, um die innere Harmonie wiederherzustellen. Diese spirituelle Praxis, die in sakralen Traditionen verwurzelt ist, kl\u00e4rt negative Energien, reinigt den Geist und weckt einen Zustand der Achtsamkeit. Gef\u00fchrt von einem balinesischen Priester im Tempel des Resorts, beinhaltet das Ritual die Verwendung von heiligem gelbem Kokosnusswasser, einem verehrten Element in balinesischen Reinigungszeremonien. Durch diese heilige Reinigung l\u00e4dt Lukat Toya Sie ein, Lasten loszulassen, sich wieder mit Ihrem Schutzgeist zu verbinden und ein tiefes Gef\u00fchl von Ruhe, Klarheit und Ausgeglichenheit zu erfahren.   <\/p>\t\t\t\t\t\t\t\t<\/div>\n\t\t\t\t<\/div>\n\t\t\t\t<\/div>\n\t\t<div class=\"elementor-element elementor-element-5a831f9 e-con-full e-flex e-con e-child\" data-id=\"5a831f9\" data-element_type=\"container\" data-e-type=\"container\">\n\t\t\t\t<div class=\"elementor-element elementor-element-4ecd683 ob-btn-block elementor-widget__width-initial elementor-widget elementor-widget-button\" data-id=\"4ecd683\" data-element_type=\"widget\" data-e-type=\"widget\" data-widget_type=\"button.default\">\n\t\t\t\t<div class=\"elementor-widget-container\">\n\t\t\t\t\t\t\t\t\t<div class=\"elementor-button-wrapper\">\n\t\t\t\t\t<a class=\"elementor-button elementor-button-link elementor-size-sm\" href=\"http:\/\/wa.link\/0haw9h\" target=\"_blank\" rel=\"noopener\">\n\t\t\t\t\t\t<span class=\"elementor-button-content-wrapper\">\n\t\t\t\t\t\t\t\t\t<span class=\"elementor-button-text\">Reservieren<\/span>\n\t\t\t\t\t<\/span>\n\t\t\t\t\t<\/a>\n\t\t\t\t<\/div>\n\t\t\t\t\t\t\t\t<\/div>\n\t\t\t\t<\/div>\n\t\t\t\t<\/div>\n\t\t\t\t<\/div>\n\t\t<div class=\"elementor-element elementor-element-7b92ac8 e-con-full e-flex e-con e-child\" data-id=\"7b92ac8\" data-element_type=\"container\" data-e-type=\"container\">\n\t\t<div class=\"elementor-element elementor-element-85bf8dd e-con-full e-flex e-con e-child\" data-id=\"85bf8dd\" data-element_type=\"container\" data-e-type=\"container\">\n\t\t\t\t<div class=\"elementor-element elementor-element-804610f elementor-widget elementor-widget-heading\" data-id=\"804610f\" data-element_type=\"widget\" data-e-type=\"widget\" data-widget_type=\"heading.default\">\n\t\t\t\t<div class=\"elementor-widget-container\">\n\t\t\t\t\t<h2 class=\"elementor-heading-title elementor-size-default\"><a href=\"https:\/\/themerusanur.com\/resort-suites\/tropical-corner-suite\/\">Purnamaning Bayuh<\/a><\/h2>\t\t\t\t<\/div>\n\t\t\t\t<\/div>\n\t\t\t\t<div class=\"elementor-element elementor-element-42dba34 elementor-widget elementor-widget-heading\" data-id=\"42dba34\" data-element_type=\"widget\" data-e-type=\"widget\" data-widget_type=\"heading.default\">\n\t\t\t\t<div class=\"elementor-widget-container\">\n\t\t\t\t\t<h2 class=\"elementor-heading-title elementor-size-default\">60 Minuten<br>IDR 800,000++\/Person<\/h2>\t\t\t\t<\/div>\n\t\t\t\t<\/div>\n\t\t\t\t<div class=\"elementor-element elementor-element-4dd0767 elementor-widget elementor-widget-text-editor\" data-id=\"4dd0767\" data-element_type=\"widget\" data-e-type=\"widget\" data-widget_type=\"text-editor.default\">\n\t\t\t\t<div class=\"elementor-widget-container\">\n\t\t\t\t\t\t\t\t\t<p>Ein kraftvolles balinesisches Feuerreinigungsritual, das traditionell am Vorabend von Nyepi, dem balinesischen Tag der Stille, durchgef\u00fchrt wird. Nyepi markiert das balinesische Neujahr \u2013 eine heilige Zeit der Selbstreflexion, Erneuerung und spirituellen Reinigung. Es ist ein Tag des Tapa Brata Penyepian \u2013 eine Praxis der Stille, Meditation und Einsamkeit, um die Harmonie in sich selbst und mit dem Universum wiederherzustellen. Durch die transformative Energie des Feuers verbrennt Lukat Gini Negativit\u00e4t, reinigt die Seele und bereitet den Geist auf die Erneuerung vor. Dieses Ritual dient als sakraler Reset, der es erm\u00f6glicht, vergangene Lasten loszulassen und in einen Zustand der Klarheit, des Friedens und des Gleichgewichts einzutreten \u2013 bereit, das neue Jahr mit reinem Herzen und Verstand zu begr\u00fc\u00dfen.    <\/p>\t\t\t\t\t\t\t\t<\/div>\n\t\t\t\t<\/div>\n\t\t\t\t<\/div>\n\t\t<div class=\"elementor-element elementor-element-28fc87d e-con-full e-flex e-con e-child\" data-id=\"28fc87d\" data-element_type=\"container\" data-e-type=\"container\">\n\t\t\t\t<div class=\"elementor-element elementor-element-94a2106 ob-btn-block elementor-widget__width-initial elementor-widget elementor-widget-button\" data-id=\"94a2106\" data-element_type=\"widget\" data-e-type=\"widget\" data-widget_type=\"button.default\">\n\t\t\t\t<div class=\"elementor-widget-container\">\n\t\t\t\t\t\t\t\t\t<div class=\"elementor-button-wrapper\">\n\t\t\t\t\t<a class=\"elementor-button elementor-button-link elementor-size-sm\" href=\"http:\/\/wa.link\/0haw9h\" target=\"_blank\" rel=\"noopener\">\n\t\t\t\t\t\t<span class=\"elementor-button-content-wrapper\">\n\t\t\t\t\t\t\t\t\t<span class=\"elementor-button-text\">Reservieren<\/span>\n\t\t\t\t\t<\/span>\n\t\t\t\t\t<\/a>\n\t\t\t\t<\/div>\n\t\t\t\t\t\t\t\t<\/div>\n\t\t\t\t<\/div>\n\t\t\t\t<\/div>\n\t\t\t\t<\/div>\n\t\t<div class=\"elementor-element elementor-element-450fbcc e-con-full e-flex e-con e-child\" data-id=\"450fbcc\" data-element_type=\"container\" data-e-type=\"container\">\n\t\t<div class=\"elementor-element elementor-element-d3ad5b9 e-con-full e-flex e-con e-child\" data-id=\"d3ad5b9\" data-element_type=\"container\" data-e-type=\"container\">\n\t\t\t\t<div class=\"elementor-element elementor-element-252ed94 elementor-widget elementor-widget-heading\" data-id=\"252ed94\" data-element_type=\"widget\" data-e-type=\"widget\" data-widget_type=\"heading.default\">\n\t\t\t\t<div class=\"elementor-widget-container\">\n\t\t\t\t\t<h2 class=\"elementor-heading-title elementor-size-default\"><a href=\"https:\/\/themerusanur.com\/resort-suites\/tropical-corner-suite\/\">Wariga-Pawukon<\/a><\/h2>\t\t\t\t<\/div>\n\t\t\t\t<\/div>\n\t\t\t\t<div class=\"elementor-element elementor-element-de75445 elementor-widget elementor-widget-heading\" data-id=\"de75445\" data-element_type=\"widget\" data-e-type=\"widget\" data-widget_type=\"heading.default\">\n\t\t\t\t<div class=\"elementor-widget-container\">\n\t\t\t\t\t<h2 class=\"elementor-heading-title elementor-size-default\">90 Minuten<br>IDR 1,200,000++\/Person<\/h2>\t\t\t\t<\/div>\n\t\t\t\t<\/div>\n\t\t\t\t<div class=\"elementor-element elementor-element-82e0bc6 elementor-widget elementor-widget-text-editor\" data-id=\"82e0bc6\" data-element_type=\"widget\" data-e-type=\"widget\" data-widget_type=\"text-editor.default\">\n\t\t\t\t<div class=\"elementor-widget-container\">\n\t\t\t\t\t\t\t\t\t<p>Balinesische Astrologie &amp; Handlesen. Entschl\u00fcsseln Sie Ihr balinesisches Geburtshoroskop durch den Pawukon-Kalender und gewinnen Sie durch ein traditionelles Handlesen, gef\u00fchrt von einem verehrten spirituellen Guru, tiefe Einblicke in Ihren spirituellen Weg. <\/p>\t\t\t\t\t\t\t\t<\/div>\n\t\t\t\t<\/div>\n\t\t\t\t<\/div>\n\t\t<div class=\"elementor-element elementor-element-70f4b0c e-con-full e-flex e-con e-child\" data-id=\"70f4b0c\" data-element_type=\"container\" data-e-type=\"container\">\n\t\t\t\t<div class=\"elementor-element elementor-element-0b676de ob-btn-block elementor-widget__width-initial elementor-widget elementor-widget-button\" data-id=\"0b676de\" data-element_type=\"widget\" data-e-type=\"widget\" data-widget_type=\"button.default\">\n\t\t\t\t<div class=\"elementor-widget-container\">\n\t\t\t\t\t\t\t\t\t<div class=\"elementor-button-wrapper\">\n\t\t\t\t\t<a class=\"elementor-button elementor-button-link elementor-size-sm\" href=\"http:\/\/wa.link\/0haw9h\" target=\"_blank\" rel=\"noopener\">\n\t\t\t\t\t\t<span class=\"elementor-button-content-wrapper\">\n\t\t\t\t\t\t\t\t\t<span class=\"elementor-button-text\">Reservieren<\/span>\n\t\t\t\t\t<\/span>\n\t\t\t\t\t<\/a>\n\t\t\t\t<\/div>\n\t\t\t\t\t\t\t\t<\/div>\n\t\t\t\t<\/div>\n\t\t\t\t<\/div>\n\t\t\t\t<\/div>\n\t\t\t\t\t<\/div>\n\t\t\t\t<\/div>\n\t\t<div class=\"elementor-element elementor-element-0c9121d e-flex e-con-boxed e-con e-parent\" data-id=\"0c9121d\" data-element_type=\"container\" data-e-type=\"container\">\n\t\t\t\t\t<div class=\"e-con-inner\">\n\t\t\t\t<div class=\"elementor-element elementor-element-f7e389b elementor-widget elementor-widget-text-editor\" data-id=\"f7e389b\" data-element_type=\"widget\" data-e-type=\"widget\" data-widget_type=\"text-editor.default\">\n\t\t\t\t<div class=\"elementor-widget-container\">\n\t\t\t\t\t\t\t\t\t<p>Am Ende Ihrer Wellness-Reise erhalten Sie das Tridatu-Armband \u2013 ein heiliges Symbol f\u00fcr Harmonie, Schutz und Achtsamkeit, das die drei g\u00f6ttlichen Kr\u00e4fte des Lebens repr\u00e4sentiert: Erschaffung, Erhaltung und Aufl\u00f6sung.<\/p>\t\t\t\t\t\t\t\t<\/div>\n\t\t\t\t<\/div>\n\t\t\t\t\t<\/div>\n\t\t\t\t<\/div>\n\t\t\t\t<\/div>\n\t\t","protected":false},"excerpt":{"rendered":"<p>Spiritual Wellness Aktivit\u00e4tszeiten: 07:00 \u2013 16:00 Uhr. Eine Vorabreservierung mindestens 24 Stunden im Voraus ist erforderlich. Unsere Rituale lassen sich von Sekala &amp; Niskala inspirieren und unterscheiden zwischen der physischen und der spirituellen Welt. Diese miteinander verwobenen Konzepte erl\u00e4utern die tieferen Bedeutungen hinter den Zeremonien. Sekala und Niskala leiten uns dabei, sowohl physische als auch [&hellip;]<\/p>\n","protected":false},"author":2,"featured_media":0,"parent":11694,"menu_order":2,"comment_status":"closed","ping_status":"closed","template":"","meta":{"footnotes":""},"class_list":["post-11730","page","type-page","status-publish","hentry"],"_links":{"self":[{"href":"https:\/\/themerusanur.com\/de\/wp-json\/wp\/v2\/pages\/11730","targetHints":{"allow":["GET"]}}],"collection":[{"href":"https:\/\/themerusanur.com\/de\/wp-json\/wp\/v2\/pages"}],"about":[{"href":"https:\/\/themerusanur.com\/de\/wp-json\/wp\/v2\/types\/page"}],"author":[{"embeddable":true,"href":"https:\/\/themerusanur.com\/de\/wp-json\/wp\/v2\/users\/2"}],"replies":[{"embeddable":true,"href":"https:\/\/themerusanur.com\/de\/wp-json\/wp\/v2\/comments?post=11730"}],"version-history":[{"count":1,"href":"https:\/\/themerusanur.com\/de\/wp-json\/wp\/v2\/pages\/11730\/revisions"}],"predecessor-version":[{"id":11751,"href":"https:\/\/themerusanur.com\/de\/wp-json\/wp\/v2\/pages\/11730\/revisions\/11751"}],"up":[{"embeddable":true,"href":"https:\/\/themerusanur.com\/de\/wp-json\/wp\/v2\/pages\/11694"}],"wp:attachment":[{"href":"https:\/\/themerusanur.com\/de\/wp-json\/wp\/v2\/media?parent=11730"}],"curies":[{"name":"wp","href":"https:\/\/api.w.org\/{rel}","templated":true}]}}