{"id":12055,"date":"2025-01-18T15:30:03","date_gmt":"2025-01-18T07:30:03","guid":{"rendered":"https:\/\/themerusanur.com\/kulinarische-reise\/sutasoma-lounge\/"},"modified":"2026-04-18T15:04:40","modified_gmt":"2026-04-18T07:04:40","slug":"sutasoma-lounge","status":"publish","type":"page","link":"https:\/\/themerusanur.com\/de\/kulinarische-reise\/sutasoma-lounge\/","title":{"rendered":"Sutasoma Lounge"},"content":{"rendered":"\t\t<div data-elementor-type=\"wp-page\" data-elementor-id=\"12055\" class=\"elementor elementor-12055 elementor-2703\" data-elementor-post-type=\"page\">\n\t\t\t\t<div class=\"elementor-element elementor-element-d007107 ob-bg-video e-flex e-con-boxed e-con e-parent\" data-id=\"d007107\" data-element_type=\"container\" data-e-type=\"container\" data-settings=\"{&quot;background_background&quot;:&quot;classic&quot;}\">\n\t\t\t\t\t<div class=\"e-con-inner\">\n\t\t\t\t\t<\/div>\n\t\t\t\t<\/div>\n\t\t<div class=\"elementor-element elementor-element-08690a2 e-flex e-con-boxed e-con e-parent\" data-id=\"08690a2\" data-element_type=\"container\" data-e-type=\"container\">\n\t\t\t\t\t<div class=\"e-con-inner\">\n\t\t\t\t\t<\/div>\n\t\t\t\t<\/div>\n\t\t<div class=\"elementor-element elementor-element-58a8534 e-flex e-con-boxed e-con e-parent\" data-id=\"58a8534\" data-element_type=\"container\" data-e-type=\"container\">\n\t\t\t\t\t<div class=\"e-con-inner\">\n\t\t<div class=\"elementor-element elementor-element-651eeff e-con-full e-flex e-con e-child\" data-id=\"651eeff\" data-element_type=\"container\" data-e-type=\"container\">\n\t\t\t\t<div class=\"elementor-element elementor-element-c6fa47f elementor-widget elementor-widget-heading\" data-id=\"c6fa47f\" data-element_type=\"widget\" data-e-type=\"widget\" data-widget_type=\"heading.default\">\n\t\t\t\t<div class=\"elementor-widget-container\">\n\t\t\t\t\t<h1 class=\"elementor-heading-title elementor-size-default\">Sutasoma Lounge<\/h1>\t\t\t\t<\/div>\n\t\t\t\t<\/div>\n\t\t\t\t<div class=\"elementor-element elementor-element-66b1c92 elementor-widget elementor-widget-heading\" data-id=\"66b1c92\" data-element_type=\"widget\" data-e-type=\"widget\" data-widget_type=\"heading.default\">\n\t\t\t\t<div class=\"elementor-widget-container\">\n\t\t\t\t\t<h2 class=\"elementor-heading-title elementor-size-default\">\u00d6ffnungszeiten: 11.00 \u2013 23.00 Uhr<\/h2>\t\t\t\t<\/div>\n\t\t\t\t<\/div>\n\t\t\t\t<div class=\"elementor-element elementor-element-b771662 elementor-widget elementor-widget-text-editor\" data-id=\"b771662\" data-element_type=\"widget\" data-e-type=\"widget\" data-widget_type=\"text-editor.default\">\n\t\t\t\t<div class=\"elementor-widget-container\">\n\t\t\t\t\t\t\t\t\t<p>Willkommen in der Sutasoma Lounge, einer raffinierten Lounge-Bar in Sanur, in der klassische Holzarchitektur nahtlos mit einem exklusiven Bibliotheksambiente verschmilzt. Verw\u00f6hnen Sie sich mit unserer sorgf\u00e4ltig zusammengestellten Auswahl an Cocktails und alkoholischen Getr\u00e4nken, die einen ruhigen und anspruchsvollen Raum zum Entspannen, Genie\u00dfen und Entdecken der besten Cocktails in Sanur bietet. <\/p>\t\t\t\t\t\t\t\t<\/div>\n\t\t\t\t<\/div>\n\t\t\t\t<\/div>\n\t\t<div class=\"elementor-element elementor-element-1056872 e-con-full e-flex e-con e-child\" data-id=\"1056872\" data-element_type=\"container\" data-e-type=\"container\">\n\t\t\t\t<div class=\"elementor-element elementor-element-541a125 ob-btn-block elementor-widget__width-initial elementor-widget elementor-widget-button\" data-id=\"541a125\" data-element_type=\"widget\" data-e-type=\"widget\" data-widget_type=\"button.default\">\n\t\t\t\t<div class=\"elementor-widget-container\">\n\t\t\t\t\t\t\t\t\t<div class=\"elementor-button-wrapper\">\n\t\t\t\t\t<a class=\"elementor-button elementor-button-link elementor-size-sm\" href=\"https:\/\/themerusanur.com\/wp-content\/uploads\/2025\/03\/Menu-Sutasoma-2025-1.pdf\">\n\t\t\t\t\t\t<span class=\"elementor-button-content-wrapper\">\n\t\t\t\t\t\t\t\t\t<span class=\"elementor-button-text\">Men\u00fc<\/span>\n\t\t\t\t\t<\/span>\n\t\t\t\t\t<\/a>\n\t\t\t\t<\/div>\n\t\t\t\t\t\t\t\t<\/div>\n\t\t\t\t<\/div>\n\t\t\t\t<div class=\"elementor-element elementor-element-9226438 ob-btn-block elementor-widget__width-initial elementor-widget elementor-widget-button\" data-id=\"9226438\" data-element_type=\"widget\" data-e-type=\"widget\" data-widget_type=\"button.default\">\n\t\t\t\t<div class=\"elementor-widget-container\">\n\t\t\t\t\t\t\t\t\t<div class=\"elementor-button-wrapper\">\n\t\t\t\t\t<a class=\"elementor-button elementor-button-link elementor-size-sm\" href=\"https:\/\/api.whatsapp.com\/send?phone=6281138308826\" target=\"_blank\" rel=\"noopener\">\n\t\t\t\t\t\t<span class=\"elementor-button-content-wrapper\">\n\t\t\t\t\t\t\t\t\t<span class=\"elementor-button-text\">Kontaktieren Sie uns<\/span>\n\t\t\t\t\t<\/span>\n\t\t\t\t\t<\/a>\n\t\t\t\t<\/div>\n\t\t\t\t\t\t\t\t<\/div>\n\t\t\t\t<\/div>\n\t\t\t\t<\/div>\n\t\t<div class=\"elementor-element elementor-element-3a652b2 e-con-full e-flex e-con e-child\" data-id=\"3a652b2\" data-element_type=\"container\" data-e-type=\"container\">\n\t\t\t\t<div class=\"elementor-element elementor-element-9f81575 elementor-widget-divider--view-line elementor-widget elementor-widget-divider\" data-id=\"9f81575\" data-element_type=\"widget\" data-e-type=\"widget\" data-widget_type=\"divider.default\">\n\t\t\t\t<div class=\"elementor-widget-container\">\n\t\t\t\t\t\t\t<div class=\"elementor-divider\">\n\t\t\t<span class=\"elementor-divider-separator\">\n\t\t\t\t\t\t<\/span>\n\t\t<\/div>\n\t\t\t\t\t\t<\/div>\n\t\t\t\t<\/div>\n\t\t\t\t<\/div>\n\t\t\t\t\t<\/div>\n\t\t\t\t<\/div>\n\t\t<div class=\"elementor-element elementor-element-904eed3 e-flex e-con-boxed e-con e-parent\" data-id=\"904eed3\" data-element_type=\"container\" data-e-type=\"container\">\n\t\t\t\t\t<div class=\"e-con-inner\">\n\t\t\t\t<div class=\"elementor-element elementor-element-4875d39 elementor-widget elementor-widget-heading\" data-id=\"4875d39\" data-element_type=\"widget\" data-e-type=\"widget\" data-widget_type=\"heading.default\">\n\t\t\t\t<div class=\"elementor-widget-container\">\n\t\t\t\t\t<h2 class=\"elementor-heading-title elementor-size-default\">Galerie<\/h2>\t\t\t\t<\/div>\n\t\t\t\t<\/div>\n\t\t\t\t<div class=\"elementor-element elementor-element-6e5b3b6 elementor-arrows-position-outside elementor-widget elementor-widget-n-carousel\" data-id=\"6e5b3b6\" data-element_type=\"widget\" data-e-type=\"widget\" data-settings=\"{&quot;carousel_items&quot;:[{&quot;slide_title&quot;:&quot;Slide #1&quot;,&quot;_id&quot;:&quot;c41a505&quot;},{&quot;slide_title&quot;:&quot;Slide #2&quot;,&quot;_id&quot;:&quot;acdc7af&quot;},{&quot;slide_title&quot;:&quot;Slide #3&quot;,&quot;_id&quot;:&quot;fd0cbb2&quot;}],&quot;slides_to_show&quot;:&quot;1&quot;,&quot;image_spacing_custom&quot;:{&quot;unit&quot;:&quot;px&quot;,&quot;size&quot;:0,&quot;sizes&quot;:[]},&quot;slides_to_show_mobile_extra&quot;:&quot;1&quot;,&quot;image_spacing_custom_tablet&quot;:{&quot;unit&quot;:&quot;px&quot;,&quot;size&quot;:10,&quot;sizes&quot;:[]},&quot;slides_to_show_tablet&quot;:&quot;1&quot;,&quot;slides_to_show_mobile&quot;:&quot;1&quot;,&quot;autoplay&quot;:&quot;yes&quot;,&quot;autoplay_speed&quot;:5000,&quot;pause_on_hover&quot;:&quot;yes&quot;,&quot;pause_on_interaction&quot;:&quot;yes&quot;,&quot;infinite&quot;:&quot;yes&quot;,&quot;speed&quot;:500,&quot;offset_sides&quot;:&quot;none&quot;,&quot;arrows&quot;:&quot;yes&quot;,&quot;image_spacing_custom_laptop&quot;:{&quot;unit&quot;:&quot;px&quot;,&quot;size&quot;:&quot;&quot;,&quot;sizes&quot;:[]},&quot;image_spacing_custom_tablet_extra&quot;:{&quot;unit&quot;:&quot;px&quot;,&quot;size&quot;:&quot;&quot;,&quot;sizes&quot;:[]},&quot;image_spacing_custom_mobile_extra&quot;:{&quot;unit&quot;:&quot;px&quot;,&quot;size&quot;:&quot;&quot;,&quot;sizes&quot;:[]},&quot;image_spacing_custom_mobile&quot;:{&quot;unit&quot;:&quot;px&quot;,&quot;size&quot;:&quot;&quot;,&quot;sizes&quot;:[]}}\" data-widget_type=\"nested-carousel.default\">\n\t\t\t\t<div class=\"elementor-widget-container\">\n\t\t\t\t\t\t\t<div class=\"e-n-carousel swiper\" role=\"region\" aria-roledescription=\"carousel\" aria-label=\"Carousel\" dir=\"ltr\">\n\t\t\t<div class=\"swiper-wrapper\" aria-live=\"off\">\n\t\t\t\t\t\t\t\t\t\t<div class=\"swiper-slide\" data-slide=\"1\" role=\"group\" aria-roledescription=\"slide\" aria-label=\"1 of 3\">\n\t\t\t\t\t\t\t<div class=\"elementor-element elementor-element-80ef8d4 e-flex e-con-boxed e-con e-child\" data-id=\"80ef8d4\" data-element_type=\"container\" data-e-type=\"container\">\n\t\t\t\t\t<div class=\"e-con-inner\">\n\t\t<div class=\"elementor-element elementor-element-24378ab e-con-full e-flex e-con e-child\" data-id=\"24378ab\" data-element_type=\"container\" data-e-type=\"container\">\n\t\t\t\t<div class=\"elementor-element elementor-element-f461a81 elementor-hidden-mobile_extra elementor-hidden-mobile elementor-widget elementor-widget-image\" data-id=\"f461a81\" data-element_type=\"widget\" data-e-type=\"widget\" data-widget_type=\"image.default\">\n\t\t\t\t<div class=\"elementor-widget-container\">\n\t\t\t\t\t\t\t\t\t\t\t\t\t\t\t<img fetchpriority=\"high\" decoding=\"async\" width=\"1288\" height=\"570\" src=\"https:\/\/themerusanur.com\/wp-content\/uploads\/2025\/01\/1288-x-570-Sutasoma-Lounge-The-Meru-Sanur-1.jpg\" class=\"attachment-full size-full wp-image-12057\" alt=\"\" srcset=\"https:\/\/themerusanur.com\/wp-content\/uploads\/2025\/01\/1288-x-570-Sutasoma-Lounge-The-Meru-Sanur-1.jpg 1288w, https:\/\/themerusanur.com\/wp-content\/uploads\/2025\/01\/1288-x-570-Sutasoma-Lounge-The-Meru-Sanur-1-300x133.jpg 300w, https:\/\/themerusanur.com\/wp-content\/uploads\/2025\/01\/1288-x-570-Sutasoma-Lounge-The-Meru-Sanur-1-1024x453.jpg 1024w, https:\/\/themerusanur.com\/wp-content\/uploads\/2025\/01\/1288-x-570-Sutasoma-Lounge-The-Meru-Sanur-1-768x340.jpg 768w\" sizes=\"(max-width: 1288px) 100vw, 1288px\" title=\"\">\t\t\t\t\t\t\t\t\t\t\t\t\t\t\t<\/div>\n\t\t\t\t<\/div>\n\t\t\t\t<div class=\"elementor-element elementor-element-ef8c607 elementor-hidden-desktop elementor-hidden-laptop elementor-hidden-tablet_extra elementor-hidden-tablet elementor-widget elementor-widget-image\" data-id=\"ef8c607\" data-element_type=\"widget\" data-e-type=\"widget\" data-widget_type=\"image.default\">\n\t\t\t\t<div class=\"elementor-widget-container\">\n\t\t\t\t\t\t\t\t\t\t\t\t\t\t\t<img decoding=\"async\" width=\"716\" height=\"600\" src=\"https:\/\/themerusanur.com\/wp-content\/uploads\/2025\/01\/716-x-600-Sutasoma-Lounge-The-Meru-Sanur-1.jpg\" class=\"attachment-full size-full wp-image-12058\" alt=\"\" srcset=\"https:\/\/themerusanur.com\/wp-content\/uploads\/2025\/01\/716-x-600-Sutasoma-Lounge-The-Meru-Sanur-1.jpg 716w, https:\/\/themerusanur.com\/wp-content\/uploads\/2025\/01\/716-x-600-Sutasoma-Lounge-The-Meru-Sanur-1-300x251.jpg 300w\" sizes=\"(max-width: 716px) 100vw, 716px\" title=\"\">\t\t\t\t\t\t\t\t\t\t\t\t\t\t\t<\/div>\n\t\t\t\t<\/div>\n\t\t\t\t<\/div>\n\t\t\t\t\t<\/div>\n\t\t\t\t<\/div>\n\t\t\t\t\t\t\t\t<\/div>\n\t\t\t\t\t\t\t\t\t\t\t<div class=\"swiper-slide\" data-slide=\"2\" role=\"group\" aria-roledescription=\"slide\" aria-label=\"2 of 3\">\n\t\t\t\t\t\t\t<div class=\"elementor-element elementor-element-c09cfe4 e-flex e-con-boxed e-con e-child\" data-id=\"c09cfe4\" data-element_type=\"container\" data-e-type=\"container\">\n\t\t\t\t\t<div class=\"e-con-inner\">\n\t\t<div class=\"elementor-element elementor-element-765e779 e-con-full e-flex e-con e-child\" data-id=\"765e779\" data-element_type=\"container\" data-e-type=\"container\">\n\t\t\t\t<div class=\"elementor-element elementor-element-47e682a elementor-hidden-mobile_extra elementor-hidden-mobile elementor-widget elementor-widget-image\" data-id=\"47e682a\" data-element_type=\"widget\" data-e-type=\"widget\" data-widget_type=\"image.default\">\n\t\t\t\t<div class=\"elementor-widget-container\">\n\t\t\t\t\t\t\t\t\t\t\t\t\t\t\t<img decoding=\"async\" width=\"1288\" height=\"570\" src=\"https:\/\/themerusanur.com\/wp-content\/uploads\/2025\/01\/1288-x-570-Sutasoma-Lounge-The-Meru-Sanur-2.jpg\" class=\"attachment-full size-full wp-image-12059\" alt=\"\" srcset=\"https:\/\/themerusanur.com\/wp-content\/uploads\/2025\/01\/1288-x-570-Sutasoma-Lounge-The-Meru-Sanur-2.jpg 1288w, https:\/\/themerusanur.com\/wp-content\/uploads\/2025\/01\/1288-x-570-Sutasoma-Lounge-The-Meru-Sanur-2-300x133.jpg 300w, https:\/\/themerusanur.com\/wp-content\/uploads\/2025\/01\/1288-x-570-Sutasoma-Lounge-The-Meru-Sanur-2-1024x453.jpg 1024w, https:\/\/themerusanur.com\/wp-content\/uploads\/2025\/01\/1288-x-570-Sutasoma-Lounge-The-Meru-Sanur-2-768x340.jpg 768w\" sizes=\"(max-width: 1288px) 100vw, 1288px\" title=\"\">\t\t\t\t\t\t\t\t\t\t\t\t\t\t\t<\/div>\n\t\t\t\t<\/div>\n\t\t\t\t<div class=\"elementor-element elementor-element-62e02ea elementor-hidden-desktop elementor-hidden-laptop elementor-hidden-tablet_extra elementor-hidden-tablet elementor-widget elementor-widget-image\" data-id=\"62e02ea\" data-element_type=\"widget\" data-e-type=\"widget\" data-widget_type=\"image.default\">\n\t\t\t\t<div class=\"elementor-widget-container\">\n\t\t\t\t\t\t\t\t\t\t\t\t\t\t\t<img loading=\"lazy\" decoding=\"async\" width=\"716\" height=\"600\" src=\"https:\/\/themerusanur.com\/wp-content\/uploads\/2025\/01\/716-x-600-Sutasoma-Lounge-The-Meru-Sanur-2.jpg\" class=\"attachment-full size-full wp-image-12060\" alt=\"\" srcset=\"https:\/\/themerusanur.com\/wp-content\/uploads\/2025\/01\/716-x-600-Sutasoma-Lounge-The-Meru-Sanur-2.jpg 716w, https:\/\/themerusanur.com\/wp-content\/uploads\/2025\/01\/716-x-600-Sutasoma-Lounge-The-Meru-Sanur-2-300x251.jpg 300w\" sizes=\"(max-width: 716px) 100vw, 716px\" title=\"\">\t\t\t\t\t\t\t\t\t\t\t\t\t\t\t<\/div>\n\t\t\t\t<\/div>\n\t\t\t\t<\/div>\n\t\t\t\t\t<\/div>\n\t\t\t\t<\/div>\n\t\t\t\t\t\t\t\t<\/div>\n\t\t\t\t\t\t\t\t\t\t\t<div class=\"swiper-slide\" data-slide=\"3\" role=\"group\" aria-roledescription=\"slide\" aria-label=\"3 of 3\">\n\t\t\t\t\t\t\t<div class=\"elementor-element elementor-element-d7978f8 e-flex e-con-boxed e-con e-child\" data-id=\"d7978f8\" data-element_type=\"container\" data-e-type=\"container\">\n\t\t\t\t\t<div class=\"e-con-inner\">\n\t\t<div class=\"elementor-element elementor-element-a5e544c e-con-full e-flex e-con e-child\" data-id=\"a5e544c\" data-element_type=\"container\" data-e-type=\"container\">\n\t\t\t\t<div class=\"elementor-element elementor-element-e55811c elementor-hidden-mobile_extra elementor-hidden-mobile elementor-widget elementor-widget-image\" data-id=\"e55811c\" data-element_type=\"widget\" data-e-type=\"widget\" data-widget_type=\"image.default\">\n\t\t\t\t<div class=\"elementor-widget-container\">\n\t\t\t\t\t\t\t\t\t\t\t\t\t\t\t<img loading=\"lazy\" decoding=\"async\" width=\"1288\" height=\"570\" src=\"https:\/\/themerusanur.com\/wp-content\/uploads\/2025\/01\/1288-x-570-Sutasoma-Lounge-The-Meru-Sanur-3.jpg\" class=\"attachment-full size-full wp-image-12061\" alt=\"\" srcset=\"https:\/\/themerusanur.com\/wp-content\/uploads\/2025\/01\/1288-x-570-Sutasoma-Lounge-The-Meru-Sanur-3.jpg 1288w, https:\/\/themerusanur.com\/wp-content\/uploads\/2025\/01\/1288-x-570-Sutasoma-Lounge-The-Meru-Sanur-3-300x133.jpg 300w, https:\/\/themerusanur.com\/wp-content\/uploads\/2025\/01\/1288-x-570-Sutasoma-Lounge-The-Meru-Sanur-3-1024x453.jpg 1024w, https:\/\/themerusanur.com\/wp-content\/uploads\/2025\/01\/1288-x-570-Sutasoma-Lounge-The-Meru-Sanur-3-768x340.jpg 768w\" sizes=\"(max-width: 1288px) 100vw, 1288px\" title=\"\">\t\t\t\t\t\t\t\t\t\t\t\t\t\t\t<\/div>\n\t\t\t\t<\/div>\n\t\t\t\t<div class=\"elementor-element elementor-element-8ffe719 elementor-hidden-desktop elementor-hidden-laptop elementor-hidden-tablet_extra elementor-hidden-tablet elementor-widget elementor-widget-image\" data-id=\"8ffe719\" data-element_type=\"widget\" data-e-type=\"widget\" data-widget_type=\"image.default\">\n\t\t\t\t<div class=\"elementor-widget-container\">\n\t\t\t\t\t\t\t\t\t\t\t\t\t\t\t<img loading=\"lazy\" decoding=\"async\" width=\"716\" height=\"600\" src=\"https:\/\/themerusanur.com\/wp-content\/uploads\/2025\/01\/716-x-600-Sutasoma-Lounge-The-Meru-Sanur-3.jpg\" class=\"attachment-full size-full wp-image-12062\" alt=\"\" srcset=\"https:\/\/themerusanur.com\/wp-content\/uploads\/2025\/01\/716-x-600-Sutasoma-Lounge-The-Meru-Sanur-3.jpg 716w, https:\/\/themerusanur.com\/wp-content\/uploads\/2025\/01\/716-x-600-Sutasoma-Lounge-The-Meru-Sanur-3-300x251.jpg 300w\" sizes=\"(max-width: 716px) 100vw, 716px\" title=\"\">\t\t\t\t\t\t\t\t\t\t\t\t\t\t\t<\/div>\n\t\t\t\t<\/div>\n\t\t\t\t<\/div>\n\t\t\t\t\t<\/div>\n\t\t\t\t<\/div>\n\t\t\t\t\t\t\t\t<\/div>\n\t\t\t\t\t\t\t\t<\/div>\n\t\t<\/div>\n\t\t\t\t\t<div class=\"elementor-swiper-button elementor-swiper-button-prev\" role=\"button\" tabindex=\"0\" aria-label=\"Previous\">\n\t\t\t\t<i aria-hidden=\"true\" class=\"fas fa-angle-left\"><\/i>\t\t\t<\/div>\n\t\t\t<div class=\"elementor-swiper-button elementor-swiper-button-next\" role=\"button\" tabindex=\"0\" aria-label=\"Next\">\n\t\t\t\t<i aria-hidden=\"true\" class=\"fas fa-angle-right\"><\/i>\t\t\t<\/div>\n\t\t\t\t\t\t<\/div>\n\t\t\t\t<\/div>\n\t\t\t\t\t<\/div>\n\t\t\t\t<\/div>\n\t\t<div class=\"elementor-element elementor-element-58c01344 e-con-full e-grid elementor-hidden-desktop elementor-hidden-laptop elementor-hidden-tablet_extra elementor-hidden-tablet elementor-hidden-mobile_extra elementor-hidden-mobile e-con e-child\" data-id=\"58c01344\" data-element_type=\"container\" data-e-type=\"container\">\n\t\t\t\t<div class=\"elementor-element elementor-element-4a699f59 ob-btn-block elementor-widget__width-initial elementor-widget elementor-widget-button\" data-id=\"4a699f59\" data-element_type=\"widget\" data-e-type=\"widget\" data-widget_type=\"button.default\">\n\t\t\t\t<div class=\"elementor-widget-container\">\n\t\t\t\t\t\t\t\t\t<div class=\"elementor-button-wrapper\">\n\t\t\t\t\t<a class=\"elementor-button elementor-button-link elementor-size-sm\" href=\"https:\/\/themerusanur.com\/wp-content\/uploads\/2025\/03\/Menu-Sutasoma-2025-1.pdf\">\n\t\t\t\t\t\t<span class=\"elementor-button-content-wrapper\">\n\t\t\t\t\t\t\t\t\t<span class=\"elementor-button-text\">Men\u00fc<\/span>\n\t\t\t\t\t<\/span>\n\t\t\t\t\t<\/a>\n\t\t\t\t<\/div>\n\t\t\t\t\t\t\t\t<\/div>\n\t\t\t\t<\/div>\n\t\t\t\t<div class=\"elementor-element elementor-element-39957820 ob-btn-block elementor-widget__width-initial elementor-widget elementor-widget-button\" data-id=\"39957820\" data-element_type=\"widget\" data-e-type=\"widget\" data-widget_type=\"button.default\">\n\t\t\t\t<div class=\"elementor-widget-container\">\n\t\t\t\t\t\t\t\t\t<div class=\"elementor-button-wrapper\">\n\t\t\t\t\t<a class=\"elementor-button elementor-button-link elementor-size-sm\" href=\"https:\/\/api.whatsapp.com\/send?phone=6281138308826\" target=\"_blank\" rel=\"noopener\">\n\t\t\t\t\t\t<span class=\"elementor-button-content-wrapper\">\n\t\t\t\t\t\t\t\t\t<span class=\"elementor-button-text\">Kontaktieren Sie uns<\/span>\n\t\t\t\t\t<\/span>\n\t\t\t\t\t<\/a>\n\t\t\t\t<\/div>\n\t\t\t\t\t\t\t\t<\/div>\n\t\t\t\t<\/div>\n\t\t\t\t<\/div>\n\t\t\t\t<\/div>\n\t\t","protected":false},"excerpt":{"rendered":"<p>Sutasoma Lounge \u00d6ffnungszeiten: 11.00 \u2013 23.00 Uhr Willkommen in der Sutasoma Lounge, einer raffinierten Lounge-Bar in Sanur, in der klassische Holzarchitektur nahtlos mit einem exklusiven Bibliotheksambiente verschmilzt. Verw\u00f6hnen Sie sich mit unserer sorgf\u00e4ltig zusammengestellten Auswahl an Cocktails und alkoholischen Getr\u00e4nken, die einen ruhigen und anspruchsvollen Raum zum Entspannen, Genie\u00dfen und Entdecken der besten Cocktails in [&hellip;]<\/p>\n","protected":false},"author":2,"featured_media":0,"parent":11980,"menu_order":3,"comment_status":"closed","ping_status":"closed","template":"","meta":{"footnotes":""},"class_list":["post-12055","page","type-page","status-publish","hentry"],"_links":{"self":[{"href":"https:\/\/themerusanur.com\/de\/wp-json\/wp\/v2\/pages\/12055","targetHints":{"allow":["GET"]}}],"collection":[{"href":"https:\/\/themerusanur.com\/de\/wp-json\/wp\/v2\/pages"}],"about":[{"href":"https:\/\/themerusanur.com\/de\/wp-json\/wp\/v2\/types\/page"}],"author":[{"embeddable":true,"href":"https:\/\/themerusanur.com\/de\/wp-json\/wp\/v2\/users\/2"}],"replies":[{"embeddable":true,"href":"https:\/\/themerusanur.com\/de\/wp-json\/wp\/v2\/comments?post=12055"}],"version-history":[{"count":1,"href":"https:\/\/themerusanur.com\/de\/wp-json\/wp\/v2\/pages\/12055\/revisions"}],"predecessor-version":[{"id":12063,"href":"https:\/\/themerusanur.com\/de\/wp-json\/wp\/v2\/pages\/12055\/revisions\/12063"}],"up":[{"embeddable":true,"href":"https:\/\/themerusanur.com\/de\/wp-json\/wp\/v2\/pages\/11980"}],"wp:attachment":[{"href":"https:\/\/themerusanur.com\/de\/wp-json\/wp\/v2\/media?parent=12055"}],"curies":[{"name":"wp","href":"https:\/\/api.w.org\/{rel}","templated":true}]}}