{"id":12065,"date":"2025-02-15T13:01:27","date_gmt":"2025-02-15T05:01:27","guid":{"rendered":"https:\/\/themerusanur.com\/kulinarische-reise\/bali-beach-bar-und-grill\/"},"modified":"2026-04-18T15:05:37","modified_gmt":"2026-04-18T07:05:37","slug":"bali-beach-bar-und-grill","status":"publish","type":"page","link":"https:\/\/themerusanur.com\/de\/kulinarische-reise\/bali-beach-bar-und-grill\/","title":{"rendered":"Bali Beach Bar und Grill"},"content":{"rendered":"\t\t<div data-elementor-type=\"wp-page\" data-elementor-id=\"12065\" class=\"elementor elementor-12065 elementor-3261\" data-elementor-post-type=\"page\">\n\t\t\t\t<div class=\"elementor-element elementor-element-d007107 ob-bg-video e-flex e-con-boxed e-con e-parent\" data-id=\"d007107\" data-element_type=\"container\" data-e-type=\"container\" data-settings=\"{&quot;background_background&quot;:&quot;classic&quot;}\">\n\t\t\t\t\t<div class=\"e-con-inner\">\n\t\t\t\t\t<\/div>\n\t\t\t\t<\/div>\n\t\t<div class=\"elementor-element elementor-element-08690a2 e-flex e-con-boxed e-con e-parent\" data-id=\"08690a2\" data-element_type=\"container\" data-e-type=\"container\">\n\t\t\t\t\t<div class=\"e-con-inner\">\n\t\t\t\t\t<\/div>\n\t\t\t\t<\/div>\n\t\t<div class=\"elementor-element elementor-element-58a8534 e-flex e-con-boxed e-con e-parent\" data-id=\"58a8534\" data-element_type=\"container\" data-e-type=\"container\">\n\t\t\t\t\t<div class=\"e-con-inner\">\n\t\t<div class=\"elementor-element elementor-element-651eeff e-con-full e-flex e-con e-child\" data-id=\"651eeff\" data-element_type=\"container\" data-e-type=\"container\">\n\t\t\t\t<div class=\"elementor-element elementor-element-c6fa47f elementor-widget elementor-widget-heading\" data-id=\"c6fa47f\" data-element_type=\"widget\" data-e-type=\"widget\" data-widget_type=\"heading.default\">\n\t\t\t\t<div class=\"elementor-widget-container\">\n\t\t\t\t\t<h2 class=\"elementor-heading-title elementor-size-default\">Bali Beach Bar und Grill<\/h2>\t\t\t\t<\/div>\n\t\t\t\t<\/div>\n\t\t\t\t<div class=\"elementor-element elementor-element-66b1c92 elementor-widget elementor-widget-heading\" data-id=\"66b1c92\" data-element_type=\"widget\" data-e-type=\"widget\" data-widget_type=\"heading.default\">\n\t\t\t\t<div class=\"elementor-widget-container\">\n\t\t\t\t\t<h2 class=\"elementor-heading-title elementor-size-default\">\u00d6ffnungszeiten: 17.00 \u2013 23.00 Uhr<\/h2>\t\t\t\t<\/div>\n\t\t\t\t<\/div>\n\t\t\t\t<div class=\"elementor-element elementor-element-b771662 elementor-widget elementor-widget-text-editor\" data-id=\"b771662\" data-element_type=\"widget\" data-e-type=\"widget\" data-widget_type=\"text-editor.default\">\n\t\t\t\t<div class=\"elementor-widget-container\">\n\t\t\t\t\t\t\t\t\t<p>Genie\u00dfen Sie ein gehobenes Gasterlebnis am Meer in der Beach Bar, die eine exquisite Auswahl an frischen Meeresfr\u00fcchten und fachm\u00e4nnisch gegrillten Speisen bietet, erg\u00e4nzt durch ein ausgew\u00e4hltes Sortiment an erstklassigen alkoholischen und alkoholfreien Getr\u00e4nken. Lassen Sie sich von au\u00dfergew\u00f6hnlichem Service und dem ruhigen Ambiente direkt am Strand von Sanur verw\u00f6hnen. <\/p>\t\t\t\t\t\t\t\t<\/div>\n\t\t\t\t<\/div>\n\t\t\t\t<\/div>\n\t\t<div class=\"elementor-element elementor-element-8e902e5 e-con-full e-grid e-con e-child\" data-id=\"8e902e5\" data-element_type=\"container\" data-e-type=\"container\">\n\t\t\t\t<div class=\"elementor-element elementor-element-541a125 ob-btn-block elementor-widget__width-initial elementor-widget elementor-widget-button\" data-id=\"541a125\" data-element_type=\"widget\" data-e-type=\"widget\" data-widget_type=\"button.default\">\n\t\t\t\t<div class=\"elementor-widget-container\">\n\t\t\t\t\t\t\t\t\t<div class=\"elementor-button-wrapper\">\n\t\t\t\t\t<a class=\"elementor-button elementor-button-link elementor-size-sm\" href=\"https:\/\/cornflowerblue-donkey-738377.hostingersite.com\/wp-content\/uploads\/2025\/03\/Beach-Bar-Menu.pdf\" target=\"_blank\" rel=\"noopener\">\n\t\t\t\t\t\t<span class=\"elementor-button-content-wrapper\">\n\t\t\t\t\t\t\t\t\t<span class=\"elementor-button-text\">Men\u00fc<\/span>\n\t\t\t\t\t<\/span>\n\t\t\t\t\t<\/a>\n\t\t\t\t<\/div>\n\t\t\t\t\t\t\t\t<\/div>\n\t\t\t\t<\/div>\n\t\t\t\t<div class=\"elementor-element elementor-element-01d9f5b ob-btn-block elementor-widget__width-initial elementor-widget elementor-widget-button\" data-id=\"01d9f5b\" data-element_type=\"widget\" data-e-type=\"widget\" data-widget_type=\"button.default\">\n\t\t\t\t<div class=\"elementor-widget-container\">\n\t\t\t\t\t\t\t\t\t<div class=\"elementor-button-wrapper\">\n\t\t\t\t\t<a class=\"elementor-button elementor-button-link elementor-size-sm\" href=\"#\">\n\t\t\t\t\t\t<span class=\"elementor-button-content-wrapper\">\n\t\t\t\t\t\t\t\t\t<span class=\"elementor-button-text\">Reservieren<\/span>\n\t\t\t\t\t<\/span>\n\t\t\t\t\t<\/a>\n\t\t\t\t<\/div>\n\t\t\t\t\t\t\t\t<\/div>\n\t\t\t\t<\/div>\n\t\t\t\t<div class=\"elementor-element elementor-element-9226438 ob-btn-block elementor-widget__width-initial elementor-widget elementor-widget-button\" data-id=\"9226438\" data-element_type=\"widget\" data-e-type=\"widget\" data-widget_type=\"button.default\">\n\t\t\t\t<div class=\"elementor-widget-container\">\n\t\t\t\t\t\t\t\t\t<div class=\"elementor-button-wrapper\">\n\t\t\t\t\t<a class=\"elementor-button elementor-button-link elementor-size-sm\" href=\"#\">\n\t\t\t\t\t\t<span class=\"elementor-button-content-wrapper\">\n\t\t\t\t\t\t\t\t\t<span class=\"elementor-button-text\">Kontaktieren Sie uns<\/span>\n\t\t\t\t\t<\/span>\n\t\t\t\t\t<\/a>\n\t\t\t\t<\/div>\n\t\t\t\t\t\t\t\t<\/div>\n\t\t\t\t<\/div>\n\t\t\t\t<\/div>\n\t\t<div class=\"elementor-element elementor-element-3a652b2 e-con-full e-flex e-con e-child\" data-id=\"3a652b2\" data-element_type=\"container\" data-e-type=\"container\">\n\t\t\t\t<div class=\"elementor-element elementor-element-9f81575 elementor-widget-divider--view-line elementor-widget elementor-widget-divider\" data-id=\"9f81575\" data-element_type=\"widget\" data-e-type=\"widget\" data-widget_type=\"divider.default\">\n\t\t\t\t<div class=\"elementor-widget-container\">\n\t\t\t\t\t\t\t<div class=\"elementor-divider\">\n\t\t\t<span class=\"elementor-divider-separator\">\n\t\t\t\t\t\t<\/span>\n\t\t<\/div>\n\t\t\t\t\t\t<\/div>\n\t\t\t\t<\/div>\n\t\t\t\t<\/div>\n\t\t\t\t\t<\/div>\n\t\t\t\t<\/div>\n\t\t<div class=\"elementor-element elementor-element-904eed3 e-flex e-con-boxed e-con e-parent\" data-id=\"904eed3\" data-element_type=\"container\" data-e-type=\"container\">\n\t\t\t\t\t<div class=\"e-con-inner\">\n\t\t\t\t<div class=\"elementor-element elementor-element-4875d39 elementor-widget elementor-widget-heading\" data-id=\"4875d39\" data-element_type=\"widget\" data-e-type=\"widget\" data-widget_type=\"heading.default\">\n\t\t\t\t<div class=\"elementor-widget-container\">\n\t\t\t\t\t<h2 class=\"elementor-heading-title elementor-size-default\">Galerie<\/h2>\t\t\t\t<\/div>\n\t\t\t\t<\/div>\n\t\t\t\t<div class=\"elementor-element elementor-element-6e5b3b6 elementor-arrows-position-outside elementor-widget elementor-widget-n-carousel\" data-id=\"6e5b3b6\" data-element_type=\"widget\" data-e-type=\"widget\" data-settings=\"{&quot;carousel_items&quot;:[{&quot;slide_title&quot;:&quot;Slide #1&quot;,&quot;_id&quot;:&quot;c41a505&quot;},{&quot;slide_title&quot;:&quot;Slide #2&quot;,&quot;_id&quot;:&quot;acdc7af&quot;},{&quot;slide_title&quot;:&quot;Slide #3&quot;,&quot;_id&quot;:&quot;fd0cbb2&quot;}],&quot;slides_to_show&quot;:&quot;1&quot;,&quot;image_spacing_custom&quot;:{&quot;unit&quot;:&quot;px&quot;,&quot;size&quot;:0,&quot;sizes&quot;:[]},&quot;slides_to_show_mobile_extra&quot;:&quot;1&quot;,&quot;image_spacing_custom_tablet&quot;:{&quot;unit&quot;:&quot;px&quot;,&quot;size&quot;:10,&quot;sizes&quot;:[]},&quot;slides_to_show_tablet&quot;:&quot;1&quot;,&quot;slides_to_show_mobile&quot;:&quot;1&quot;,&quot;autoplay&quot;:&quot;yes&quot;,&quot;autoplay_speed&quot;:5000,&quot;pause_on_hover&quot;:&quot;yes&quot;,&quot;pause_on_interaction&quot;:&quot;yes&quot;,&quot;infinite&quot;:&quot;yes&quot;,&quot;speed&quot;:500,&quot;offset_sides&quot;:&quot;none&quot;,&quot;arrows&quot;:&quot;yes&quot;,&quot;image_spacing_custom_laptop&quot;:{&quot;unit&quot;:&quot;px&quot;,&quot;size&quot;:&quot;&quot;,&quot;sizes&quot;:[]},&quot;image_spacing_custom_tablet_extra&quot;:{&quot;unit&quot;:&quot;px&quot;,&quot;size&quot;:&quot;&quot;,&quot;sizes&quot;:[]},&quot;image_spacing_custom_mobile_extra&quot;:{&quot;unit&quot;:&quot;px&quot;,&quot;size&quot;:&quot;&quot;,&quot;sizes&quot;:[]},&quot;image_spacing_custom_mobile&quot;:{&quot;unit&quot;:&quot;px&quot;,&quot;size&quot;:&quot;&quot;,&quot;sizes&quot;:[]}}\" data-widget_type=\"nested-carousel.default\">\n\t\t\t\t<div class=\"elementor-widget-container\">\n\t\t\t\t\t\t\t<div class=\"e-n-carousel swiper\" role=\"region\" aria-roledescription=\"carousel\" aria-label=\"Carousel\" dir=\"ltr\">\n\t\t\t<div class=\"swiper-wrapper\" aria-live=\"off\">\n\t\t\t\t\t\t\t\t\t\t<div class=\"swiper-slide\" data-slide=\"1\" role=\"group\" aria-roledescription=\"slide\" aria-label=\"1 of 3\">\n\t\t\t\t\t\t\t<div class=\"elementor-element elementor-element-80ef8d4 e-flex e-con-boxed e-con e-child\" data-id=\"80ef8d4\" data-element_type=\"container\" data-e-type=\"container\">\n\t\t\t\t\t<div class=\"e-con-inner\">\n\t\t<div class=\"elementor-element elementor-element-24378ab e-con-full e-flex e-con e-child\" data-id=\"24378ab\" data-element_type=\"container\" data-e-type=\"container\">\n\t\t\t\t<div class=\"elementor-element elementor-element-f461a81 elementor-hidden-mobile_extra elementor-hidden-mobile elementor-widget elementor-widget-image\" data-id=\"f461a81\" data-element_type=\"widget\" data-e-type=\"widget\" data-widget_type=\"image.default\">\n\t\t\t\t<div class=\"elementor-widget-container\">\n\t\t\t\t\t\t\t\t\t\t\t\t\t\t\t<img fetchpriority=\"high\" decoding=\"async\" width=\"1128\" height=\"570\" src=\"https:\/\/themerusanur.com\/wp-content\/uploads\/2025\/02\/Website-1128x570-Beach-Bar-1.jpg\" class=\"attachment-full size-full wp-image-12067\" alt=\"\" srcset=\"https:\/\/themerusanur.com\/wp-content\/uploads\/2025\/02\/Website-1128x570-Beach-Bar-1.jpg 1128w, https:\/\/themerusanur.com\/wp-content\/uploads\/2025\/02\/Website-1128x570-Beach-Bar-1-300x152.jpg 300w, https:\/\/themerusanur.com\/wp-content\/uploads\/2025\/02\/Website-1128x570-Beach-Bar-1-1024x517.jpg 1024w, https:\/\/themerusanur.com\/wp-content\/uploads\/2025\/02\/Website-1128x570-Beach-Bar-1-768x388.jpg 768w\" sizes=\"(max-width: 1128px) 100vw, 1128px\" title=\"\">\t\t\t\t\t\t\t\t\t\t\t\t\t\t\t<\/div>\n\t\t\t\t<\/div>\n\t\t\t\t<div class=\"elementor-element elementor-element-ef8c607 elementor-hidden-desktop elementor-hidden-laptop elementor-hidden-tablet_extra elementor-hidden-tablet elementor-widget elementor-widget-image\" data-id=\"ef8c607\" data-element_type=\"widget\" data-e-type=\"widget\" data-widget_type=\"image.default\">\n\t\t\t\t<div class=\"elementor-widget-container\">\n\t\t\t\t\t\t\t\t\t\t\t\t\t\t\t<img decoding=\"async\" width=\"716\" height=\"600\" src=\"https:\/\/themerusanur.com\/wp-content\/uploads\/2025\/02\/Website-716-x-600-Beach-Bar-1.jpg\" class=\"attachment-full size-full wp-image-12068\" alt=\"\" srcset=\"https:\/\/themerusanur.com\/wp-content\/uploads\/2025\/02\/Website-716-x-600-Beach-Bar-1.jpg 716w, https:\/\/themerusanur.com\/wp-content\/uploads\/2025\/02\/Website-716-x-600-Beach-Bar-1-300x251.jpg 300w\" sizes=\"(max-width: 716px) 100vw, 716px\" title=\"\">\t\t\t\t\t\t\t\t\t\t\t\t\t\t\t<\/div>\n\t\t\t\t<\/div>\n\t\t\t\t<\/div>\n\t\t\t\t\t<\/div>\n\t\t\t\t<\/div>\n\t\t\t\t\t\t\t\t<\/div>\n\t\t\t\t\t\t\t\t\t\t\t<div class=\"swiper-slide\" data-slide=\"2\" role=\"group\" aria-roledescription=\"slide\" aria-label=\"2 of 3\">\n\t\t\t\t\t\t\t<div class=\"elementor-element elementor-element-c09cfe4 e-flex e-con-boxed e-con e-child\" data-id=\"c09cfe4\" data-element_type=\"container\" data-e-type=\"container\">\n\t\t\t\t\t<div class=\"e-con-inner\">\n\t\t<div class=\"elementor-element elementor-element-765e779 e-con-full e-flex e-con e-child\" data-id=\"765e779\" data-element_type=\"container\" data-e-type=\"container\">\n\t\t\t\t<div class=\"elementor-element elementor-element-47e682a elementor-hidden-mobile_extra elementor-hidden-mobile elementor-widget elementor-widget-image\" data-id=\"47e682a\" data-element_type=\"widget\" data-e-type=\"widget\" data-widget_type=\"image.default\">\n\t\t\t\t<div class=\"elementor-widget-container\">\n\t\t\t\t\t\t\t\t\t\t\t\t\t\t\t<img decoding=\"async\" width=\"1128\" height=\"570\" src=\"https:\/\/themerusanur.com\/wp-content\/uploads\/2025\/02\/Website-1128x570-Beach-Bar-2.jpg\" class=\"attachment-full size-full wp-image-12069\" alt=\"\" srcset=\"https:\/\/themerusanur.com\/wp-content\/uploads\/2025\/02\/Website-1128x570-Beach-Bar-2.jpg 1128w, https:\/\/themerusanur.com\/wp-content\/uploads\/2025\/02\/Website-1128x570-Beach-Bar-2-300x152.jpg 300w, https:\/\/themerusanur.com\/wp-content\/uploads\/2025\/02\/Website-1128x570-Beach-Bar-2-1024x517.jpg 1024w, https:\/\/themerusanur.com\/wp-content\/uploads\/2025\/02\/Website-1128x570-Beach-Bar-2-768x388.jpg 768w\" sizes=\"(max-width: 1128px) 100vw, 1128px\" title=\"\">\t\t\t\t\t\t\t\t\t\t\t\t\t\t\t<\/div>\n\t\t\t\t<\/div>\n\t\t\t\t<div class=\"elementor-element elementor-element-62e02ea elementor-hidden-desktop elementor-hidden-laptop elementor-hidden-tablet_extra elementor-hidden-tablet elementor-widget elementor-widget-image\" data-id=\"62e02ea\" data-element_type=\"widget\" data-e-type=\"widget\" data-widget_type=\"image.default\">\n\t\t\t\t<div class=\"elementor-widget-container\">\n\t\t\t\t\t\t\t\t\t\t\t\t\t\t\t<img loading=\"lazy\" decoding=\"async\" width=\"716\" height=\"600\" src=\"https:\/\/themerusanur.com\/wp-content\/uploads\/2025\/02\/Website-716-x-600-Beach-Bar-2.jpg\" class=\"attachment-full size-full wp-image-12070\" alt=\"\" srcset=\"https:\/\/themerusanur.com\/wp-content\/uploads\/2025\/02\/Website-716-x-600-Beach-Bar-2.jpg 716w, https:\/\/themerusanur.com\/wp-content\/uploads\/2025\/02\/Website-716-x-600-Beach-Bar-2-300x251.jpg 300w\" sizes=\"(max-width: 716px) 100vw, 716px\" title=\"\">\t\t\t\t\t\t\t\t\t\t\t\t\t\t\t<\/div>\n\t\t\t\t<\/div>\n\t\t\t\t<\/div>\n\t\t\t\t\t<\/div>\n\t\t\t\t<\/div>\n\t\t\t\t\t\t\t\t<\/div>\n\t\t\t\t\t\t\t\t\t\t\t<div class=\"swiper-slide\" data-slide=\"3\" role=\"group\" aria-roledescription=\"slide\" aria-label=\"3 of 3\">\n\t\t\t\t\t\t\t<div class=\"elementor-element elementor-element-d7978f8 e-flex e-con-boxed e-con e-child\" data-id=\"d7978f8\" data-element_type=\"container\" data-e-type=\"container\">\n\t\t\t\t\t<div class=\"e-con-inner\">\n\t\t<div class=\"elementor-element elementor-element-a5e544c e-con-full e-flex e-con e-child\" data-id=\"a5e544c\" data-element_type=\"container\" data-e-type=\"container\">\n\t\t\t\t<div class=\"elementor-element elementor-element-e55811c elementor-hidden-mobile_extra elementor-hidden-mobile elementor-widget elementor-widget-image\" data-id=\"e55811c\" data-element_type=\"widget\" data-e-type=\"widget\" data-widget_type=\"image.default\">\n\t\t\t\t<div class=\"elementor-widget-container\">\n\t\t\t\t\t\t\t\t\t\t\t\t\t\t\t<img loading=\"lazy\" decoding=\"async\" width=\"1128\" height=\"570\" src=\"https:\/\/themerusanur.com\/wp-content\/uploads\/2025\/02\/Website-1128x570-Beach-Bar-3.jpg\" class=\"attachment-full size-full wp-image-12071\" alt=\"\" srcset=\"https:\/\/themerusanur.com\/wp-content\/uploads\/2025\/02\/Website-1128x570-Beach-Bar-3.jpg 1128w, https:\/\/themerusanur.com\/wp-content\/uploads\/2025\/02\/Website-1128x570-Beach-Bar-3-300x152.jpg 300w, https:\/\/themerusanur.com\/wp-content\/uploads\/2025\/02\/Website-1128x570-Beach-Bar-3-1024x517.jpg 1024w, https:\/\/themerusanur.com\/wp-content\/uploads\/2025\/02\/Website-1128x570-Beach-Bar-3-768x388.jpg 768w\" sizes=\"(max-width: 1128px) 100vw, 1128px\" title=\"\">\t\t\t\t\t\t\t\t\t\t\t\t\t\t\t<\/div>\n\t\t\t\t<\/div>\n\t\t\t\t<div class=\"elementor-element elementor-element-8ffe719 elementor-hidden-desktop elementor-hidden-laptop elementor-hidden-tablet_extra elementor-hidden-tablet elementor-widget elementor-widget-image\" data-id=\"8ffe719\" data-element_type=\"widget\" data-e-type=\"widget\" data-widget_type=\"image.default\">\n\t\t\t\t<div class=\"elementor-widget-container\">\n\t\t\t\t\t\t\t\t\t\t\t\t\t\t\t<img loading=\"lazy\" decoding=\"async\" width=\"716\" height=\"600\" src=\"https:\/\/themerusanur.com\/wp-content\/uploads\/2025\/02\/Website-716-x-600-Beach-Bar-3.jpg\" class=\"attachment-full size-full wp-image-12072\" alt=\"\" srcset=\"https:\/\/themerusanur.com\/wp-content\/uploads\/2025\/02\/Website-716-x-600-Beach-Bar-3.jpg 716w, https:\/\/themerusanur.com\/wp-content\/uploads\/2025\/02\/Website-716-x-600-Beach-Bar-3-300x251.jpg 300w\" sizes=\"(max-width: 716px) 100vw, 716px\" title=\"\">\t\t\t\t\t\t\t\t\t\t\t\t\t\t\t<\/div>\n\t\t\t\t<\/div>\n\t\t\t\t<\/div>\n\t\t\t\t\t<\/div>\n\t\t\t\t<\/div>\n\t\t\t\t\t\t\t\t<\/div>\n\t\t\t\t\t\t\t\t<\/div>\n\t\t<\/div>\n\t\t\t\t\t<div class=\"elementor-swiper-button elementor-swiper-button-prev\" role=\"button\" tabindex=\"0\" aria-label=\"Previous\">\n\t\t\t\t<i aria-hidden=\"true\" class=\"fas fa-angle-left\"><\/i>\t\t\t<\/div>\n\t\t\t<div class=\"elementor-swiper-button elementor-swiper-button-next\" role=\"button\" tabindex=\"0\" aria-label=\"Next\">\n\t\t\t\t<i aria-hidden=\"true\" class=\"fas fa-angle-right\"><\/i>\t\t\t<\/div>\n\t\t\t\t\t\t<\/div>\n\t\t\t\t<\/div>\n\t\t\t\t\t<\/div>\n\t\t\t\t<\/div>\n\t\t<div class=\"elementor-element elementor-element-0a3ab9f e-flex e-con-boxed e-con e-parent\" data-id=\"0a3ab9f\" data-element_type=\"container\" data-e-type=\"container\">\n\t\t\t\t\t<div class=\"e-con-inner\">\n\t\t\t\t<div class=\"elementor-element elementor-element-0e0a9d4 elementor-widget-divider--view-line elementor-widget elementor-widget-divider\" data-id=\"0e0a9d4\" data-element_type=\"widget\" data-e-type=\"widget\" data-widget_type=\"divider.default\">\n\t\t\t\t<div class=\"elementor-widget-container\">\n\t\t\t\t\t\t\t<div class=\"elementor-divider\">\n\t\t\t<span class=\"elementor-divider-separator\">\n\t\t\t\t\t\t<\/span>\n\t\t<\/div>\n\t\t\t\t\t\t<\/div>\n\t\t\t\t<\/div>\n\t\t\t\t<div class=\"elementor-element elementor-element-64e17d4 elementor-widget elementor-widget-heading\" data-id=\"64e17d4\" data-element_type=\"widget\" data-e-type=\"widget\" data-widget_type=\"heading.default\">\n\t\t\t\t<div class=\"elementor-widget-container\">\n\t\t\t\t\t<h2 class=\"elementor-heading-title elementor-size-default\">Exklusive Angebote in der Beach Bar<\/h2>\t\t\t\t<\/div>\n\t\t\t\t<\/div>\n\t\t\t\t\t<\/div>\n\t\t\t\t<\/div>\n\t\t\t\t<\/div>\n\t\t","protected":false},"excerpt":{"rendered":"<p>Bali Beach Bar und Grill \u00d6ffnungszeiten: 17.00 \u2013 23.00 Uhr Genie\u00dfen Sie ein gehobenes Gasterlebnis am Meer in der Beach Bar, die eine exquisite Auswahl an frischen Meeresfr\u00fcchten und fachm\u00e4nnisch gegrillten Speisen bietet, erg\u00e4nzt durch ein ausgew\u00e4hltes Sortiment an erstklassigen alkoholischen und alkoholfreien Getr\u00e4nken. Lassen Sie sich von au\u00dfergew\u00f6hnlichem Service und dem ruhigen Ambiente direkt [&hellip;]<\/p>\n","protected":false},"author":2,"featured_media":11996,"parent":11980,"menu_order":4,"comment_status":"closed","ping_status":"closed","template":"","meta":{"footnotes":""},"class_list":["post-12065","page","type-page","status-publish","has-post-thumbnail","hentry"],"_links":{"self":[{"href":"https:\/\/themerusanur.com\/de\/wp-json\/wp\/v2\/pages\/12065","targetHints":{"allow":["GET"]}}],"collection":[{"href":"https:\/\/themerusanur.com\/de\/wp-json\/wp\/v2\/pages"}],"about":[{"href":"https:\/\/themerusanur.com\/de\/wp-json\/wp\/v2\/types\/page"}],"author":[{"embeddable":true,"href":"https:\/\/themerusanur.com\/de\/wp-json\/wp\/v2\/users\/2"}],"replies":[{"embeddable":true,"href":"https:\/\/themerusanur.com\/de\/wp-json\/wp\/v2\/comments?post=12065"}],"version-history":[{"count":1,"href":"https:\/\/themerusanur.com\/de\/wp-json\/wp\/v2\/pages\/12065\/revisions"}],"predecessor-version":[{"id":12074,"href":"https:\/\/themerusanur.com\/de\/wp-json\/wp\/v2\/pages\/12065\/revisions\/12074"}],"up":[{"embeddable":true,"href":"https:\/\/themerusanur.com\/de\/wp-json\/wp\/v2\/pages\/11980"}],"wp:featuredmedia":[{"embeddable":true,"href":"https:\/\/themerusanur.com\/de\/wp-json\/wp\/v2\/media\/11996"}],"wp:attachment":[{"href":"https:\/\/themerusanur.com\/de\/wp-json\/wp\/v2\/media?parent=12065"}],"curies":[{"name":"wp","href":"https:\/\/api.w.org\/{rel}","templated":true}]}}