{"id":12123,"date":"2025-10-27T10:53:18","date_gmt":"2025-10-27T02:53:18","guid":{"rendered":"https:\/\/themerusanur.com\/exklusive-angebote\/healing-journey\/"},"modified":"2026-04-18T16:45:29","modified_gmt":"2026-04-18T08:45:29","slug":"healing-journey","status":"publish","type":"page","link":"https:\/\/themerusanur.com\/de\/exklusive-angebote\/healing-journey\/","title":{"rendered":"Healing Journey"},"content":{"rendered":"\t\t<div data-elementor-type=\"wp-page\" data-elementor-id=\"12123\" class=\"elementor elementor-12123 elementor-6881\" data-elementor-post-type=\"page\">\n\t\t\t\t<div class=\"elementor-element elementor-element-22770182 ob-bg-video e-flex e-con-boxed e-con e-parent\" data-id=\"22770182\" data-element_type=\"container\" data-e-type=\"container\" data-settings=\"{&quot;background_background&quot;:&quot;classic&quot;}\">\n\t\t\t\t\t<div class=\"e-con-inner\">\n\t\t\t\t\t<\/div>\n\t\t\t\t<\/div>\n\t\t<div class=\"elementor-element elementor-element-4eff2581 e-flex e-con-boxed e-con e-parent\" data-id=\"4eff2581\" data-element_type=\"container\" data-e-type=\"container\">\n\t\t\t\t\t<div class=\"e-con-inner\">\n\t\t\t\t\t<\/div>\n\t\t\t\t<\/div>\n\t\t<div class=\"elementor-element elementor-element-30d8b718 e-flex e-con-boxed e-con e-parent\" data-id=\"30d8b718\" data-element_type=\"container\" data-e-type=\"container\">\n\t\t\t\t\t<div class=\"e-con-inner\">\n\t\t<div class=\"elementor-element elementor-element-43a0c6a e-con-full e-flex e-con e-child\" data-id=\"43a0c6a\" data-element_type=\"container\" data-e-type=\"container\">\n\t\t\t\t<div class=\"elementor-element elementor-element-7755fdc elementor-widget elementor-widget-heading\" data-id=\"7755fdc\" data-element_type=\"widget\" data-e-type=\"widget\" data-widget_type=\"heading.default\">\n\t\t\t\t<div class=\"elementor-widget-container\">\n\t\t\t\t\t<h1 class=\"elementor-heading-title elementor-size-default\">Healing Journey<\/h1>\t\t\t\t<\/div>\n\t\t\t\t<\/div>\n\t\t\t\t<div class=\"elementor-element elementor-element-5f1be70a elementor-widget elementor-widget-text-editor\" data-id=\"5f1be70a\" data-element_type=\"widget\" data-e-type=\"widget\" data-widget_type=\"text-editor.default\">\n\t\t\t\t<div class=\"elementor-widget-container\">\n\t\t\t\t\t\t\t\t\t<p>Begeben Sie sich auf eine transformative Reise von 3 N\u00e4chten, die darauf ausgelegt ist, die Harmonie zwischen K\u00f6rper, Geist und Seele wiederherzustellen. Unser Healing Journey Package kombiniert authentische balinesische Rituale, therapeutische Spa-Behandlungen und achtsame Erlebnisse in der ruhigen Atmosph\u00e4re von Sanur. <\/p>\n<p>Wir pr\u00e4sentieren das Healing Journey Stay Package, ein exklusives Angebot, das sorgf\u00e4ltig f\u00fcr Personen konzipiert wurde, die tiefe Erholung und pers\u00f6nliche Erneuerung suchen. Im beschleunigten Tempo des modernen Lebens ist die Gelegenheit f\u00fcr echte Ruhe und Selbstfokus von gr\u00f6\u00dfter Bedeutung. Dieses Paket dient als Ihre formelle Einladung, sich zur\u00fcckzuziehen und Zeit Ihrem Wohlbefinden zu widmen.  <\/p>\n<p>Unser Ziel ist es, eine ruhige, ungest\u00f6rte Umgebung zu bieten, die geistige Klarheit und emotionales Loslassen f\u00f6rdert. Wir bieten mehr als nur eine Unterkunft; wir bieten ein Heiligtum, in dem Sie Ihre pers\u00f6nliche Heilungsreise mit Absicht und vollkommener Ruhe verfolgen k\u00f6nnen. <\/p>\n<p> <\/p>\t\t\t\t\t\t\t\t<\/div>\n\t\t\t\t<\/div>\n\t\t\t\t<\/div>\n\t\t<div class=\"elementor-element elementor-element-3cd596c0 e-con-full e-flex e-con e-child\" data-id=\"3cd596c0\" data-element_type=\"container\" data-e-type=\"container\">\n\t\t\t\t<div class=\"elementor-element elementor-element-40624ef elementor-widget-divider--view-line elementor-widget elementor-widget-divider\" data-id=\"40624ef\" data-element_type=\"widget\" data-e-type=\"widget\" data-widget_type=\"divider.default\">\n\t\t\t\t<div class=\"elementor-widget-container\">\n\t\t\t\t\t\t\t<div class=\"elementor-divider\">\n\t\t\t<span class=\"elementor-divider-separator\">\n\t\t\t\t\t\t<\/span>\n\t\t<\/div>\n\t\t\t\t\t\t<\/div>\n\t\t\t\t<\/div>\n\t\t\t\t<\/div>\n\t\t\t\t\t<\/div>\n\t\t\t\t<\/div>\n\t\t<div class=\"elementor-element elementor-element-d97f901 e-grid e-con-boxed e-con e-parent\" data-id=\"d97f901\" data-element_type=\"container\" data-e-type=\"container\">\n\t\t\t\t\t<div class=\"e-con-inner\">\n\t\t<div class=\"elementor-element elementor-element-5c80242 e-con-full e-flex e-con e-child\" data-id=\"5c80242\" data-element_type=\"container\" data-e-type=\"container\">\n\t\t\t\t<div class=\"elementor-element elementor-element-9347d02 ob-btn-block elementor-widget__width-initial elementor-widget elementor-widget-button\" data-id=\"9347d02\" data-element_type=\"widget\" data-e-type=\"widget\" data-widget_type=\"button.default\">\n\t\t\t\t<div class=\"elementor-widget-container\">\n\t\t\t\t\t\t\t\t\t<div class=\"elementor-button-wrapper\">\n\t\t\t\t\t<a class=\"elementor-button elementor-button-link elementor-size-sm\" href=\"https:\/\/book.themerusanur.com\/inst\/#home?propertyId=50941&#038;PackageID=913100000000059&#038;checkIn=2025-10-14&#038;minNight=3\" target=\"_blank\">\n\t\t\t\t\t\t<span class=\"elementor-button-content-wrapper\">\n\t\t\t\t\t\t\t\t\t<span class=\"elementor-button-text\">The Meru Sanur reservieren<\/span>\n\t\t\t\t\t<\/span>\n\t\t\t\t\t<\/a>\n\t\t\t\t<\/div>\n\t\t\t\t\t\t\t\t<\/div>\n\t\t\t\t<\/div>\n\t\t\t\t<\/div>\n\t\t<div class=\"elementor-element elementor-element-3d7b1de e-con-full e-flex e-con e-child\" data-id=\"3d7b1de\" data-element_type=\"container\" data-e-type=\"container\">\n\t\t\t\t<div class=\"elementor-element elementor-element-573927f ob-btn-block elementor-widget__width-initial elementor-widget elementor-widget-button\" data-id=\"573927f\" data-element_type=\"widget\" data-e-type=\"widget\" data-widget_type=\"button.default\">\n\t\t\t\t<div class=\"elementor-widget-container\">\n\t\t\t\t\t\t\t\t\t<div class=\"elementor-button-wrapper\">\n\t\t\t\t\t<a class=\"elementor-button elementor-button-link elementor-size-sm\" href=\"https:\/\/book.balibeachsanur.com\/inst\/#\/home?propertyId=50940&#038;PackageID=913000000000075&#038;checkIn=2025-10-14&#038;minNight=3\" target=\"_blank\" rel=\"noopener\">\n\t\t\t\t\t\t<span class=\"elementor-button-content-wrapper\">\n\t\t\t\t\t\t\t\t\t<span class=\"elementor-button-text\">Bali Beach Hotel entdecken<\/span>\n\t\t\t\t\t<\/span>\n\t\t\t\t\t<\/a>\n\t\t\t\t<\/div>\n\t\t\t\t\t\t\t\t<\/div>\n\t\t\t\t<\/div>\n\t\t\t\t<\/div>\n\t\t\t\t\t<\/div>\n\t\t\t\t<\/div>\n\t\t<div class=\"elementor-element elementor-element-bd2b659 e-flex e-con-boxed e-con e-parent\" data-id=\"bd2b659\" data-element_type=\"container\" data-e-type=\"container\">\n\t\t\t\t\t<div class=\"e-con-inner\">\n\t\t<div class=\"elementor-element elementor-element-48e863ec e-con-full e-flex e-con e-child\" data-id=\"48e863ec\" data-element_type=\"container\" data-e-type=\"container\" data-settings=\"{&quot;background_background&quot;:&quot;classic&quot;}\">\n\t\t<div class=\"elementor-element elementor-element-15e7ac65 e-con-full e-flex e-con e-child\" data-id=\"15e7ac65\" data-element_type=\"container\" data-e-type=\"container\">\n\t\t<div class=\"elementor-element elementor-element-757585f6 e-con-full e-flex e-con e-child\" data-id=\"757585f6\" data-element_type=\"container\" data-e-type=\"container\">\n\t\t<div class=\"elementor-element elementor-element-59bd1015 e-flex e-con-boxed e-con e-child\" data-id=\"59bd1015\" data-element_type=\"container\" data-e-type=\"container\">\n\t\t\t\t\t<div class=\"e-con-inner\">\n\t\t\t\t<div class=\"elementor-element elementor-element-23c7f5da elementor-widget elementor-widget-heading\" data-id=\"23c7f5da\" data-element_type=\"widget\" data-e-type=\"widget\" data-widget_type=\"heading.default\">\n\t\t\t\t<div class=\"elementor-widget-container\">\n\t\t\t\t\t<h2 class=\"elementor-heading-title elementor-size-default\">Buchungszeitraum:<\/h2>\t\t\t\t<\/div>\n\t\t\t\t<\/div>\n\t\t<div class=\"elementor-element elementor-element-6e8117cd e-con-full e-flex e-con e-child\" data-id=\"6e8117cd\" data-element_type=\"container\" data-e-type=\"container\">\n\t\t\t\t<div class=\"elementor-element elementor-element-2e085966 elementor-widget elementor-widget-text-editor\" data-id=\"2e085966\" data-element_type=\"widget\" data-e-type=\"widget\" data-widget_type=\"text-editor.default\">\n\t\t\t\t<div class=\"elementor-widget-container\">\n\t\t\t\t\t\t\t\t\t<ul><li>23. September 2025 \u2013 31. Juli 2026<\/li><\/ul>\t\t\t\t\t\t\t\t<\/div>\n\t\t\t\t<\/div>\n\t\t\t\t<\/div>\n\t\t\t\t\t<\/div>\n\t\t\t\t<\/div>\n\t\t<div class=\"elementor-element elementor-element-768bfb13 e-flex e-con-boxed e-con e-child\" data-id=\"768bfb13\" data-element_type=\"container\" data-e-type=\"container\">\n\t\t\t\t\t<div class=\"e-con-inner\">\n\t\t\t\t<div class=\"elementor-element elementor-element-4ddab68a elementor-widget elementor-widget-heading\" data-id=\"4ddab68a\" data-element_type=\"widget\" data-e-type=\"widget\" data-widget_type=\"heading.default\">\n\t\t\t\t<div class=\"elementor-widget-container\">\n\t\t\t\t\t<h2 class=\"elementor-heading-title elementor-size-default\">Aufenthaltszeitraum:<\/h2>\t\t\t\t<\/div>\n\t\t\t\t<\/div>\n\t\t<div class=\"elementor-element elementor-element-211f4569 e-con-full e-flex e-con e-child\" data-id=\"211f4569\" data-element_type=\"container\" data-e-type=\"container\">\n\t\t\t\t<div class=\"elementor-element elementor-element-d7cc6e3 elementor-widget elementor-widget-text-editor\" data-id=\"d7cc6e3\" data-element_type=\"widget\" data-e-type=\"widget\" data-widget_type=\"text-editor.default\">\n\t\t\t\t<div class=\"elementor-widget-container\">\n\t\t\t\t\t\t\t\t\t<ul><li>1. Oktober 2025 \u2013 31. Juli 2026<\/li><\/ul>\t\t\t\t\t\t\t\t<\/div>\n\t\t\t\t<\/div>\n\t\t\t\t<\/div>\n\t\t\t\t\t<\/div>\n\t\t\t\t<\/div>\n\t\t\t\t<\/div>\n\t\t<div class=\"elementor-element elementor-element-19b0078f e-con-full e-flex e-con e-child\" data-id=\"19b0078f\" data-element_type=\"container\" data-e-type=\"container\">\n\t\t<div class=\"elementor-element elementor-element-79158521 e-flex e-con-boxed e-con e-child\" data-id=\"79158521\" data-element_type=\"container\" data-e-type=\"container\">\n\t\t\t\t\t<div class=\"e-con-inner\">\n\t\t\t\t<div class=\"elementor-element elementor-element-1513cc51 elementor-widget elementor-widget-heading\" data-id=\"1513cc51\" data-element_type=\"widget\" data-e-type=\"widget\" data-widget_type=\"heading.default\">\n\t\t\t\t<div class=\"elementor-widget-container\">\n\t\t\t\t\t<h2 class=\"elementor-heading-title elementor-size-default\">Sperrzeitraum:<\/h2>\t\t\t\t<\/div>\n\t\t\t\t<\/div>\n\t\t<div class=\"elementor-element elementor-element-1417deb8 e-con-full e-flex e-con e-child\" data-id=\"1417deb8\" data-element_type=\"container\" data-e-type=\"container\">\n\t\t\t\t<div class=\"elementor-element elementor-element-1446b302 elementor-widget elementor-widget-text-editor\" data-id=\"1446b302\" data-element_type=\"widget\" data-e-type=\"widget\" data-widget_type=\"text-editor.default\">\n\t\t\t\t<div class=\"elementor-widget-container\">\n\t\t\t\t\t\t\t\t\t<ul>\n<li><span data-sheets-root=\"1\">30. Dezember 2025 &#8211; 1. Januar 2026<\/span><\/li>\n<\/ul>\t\t\t\t\t\t\t\t<\/div>\n\t\t\t\t<\/div>\n\t\t\t\t<\/div>\n\t\t\t\t\t<\/div>\n\t\t\t\t<\/div>\n\t\t\t\t<\/div>\n\t\t<div class=\"elementor-element elementor-element-21d10571 e-con-full e-flex e-con e-child\" data-id=\"21d10571\" data-element_type=\"container\" data-e-type=\"container\">\n\t\t\t\t<div class=\"elementor-element elementor-element-4f28e79e elementor-widget elementor-widget-heading\" data-id=\"4f28e79e\" data-element_type=\"widget\" data-e-type=\"widget\" data-widget_type=\"heading.default\">\n\t\t\t\t<div class=\"elementor-widget-container\">\n\t\t\t\t\t<h2 class=\"elementor-heading-title elementor-size-default\">Das Paket beinhaltet:<\/h2>\t\t\t\t<\/div>\n\t\t\t\t<\/div>\n\t\t\t\t<div class=\"elementor-element elementor-element-4a1610a elementor-widget elementor-widget-text-editor\" data-id=\"4a1610a\" data-element_type=\"widget\" data-e-type=\"widget\" data-widget_type=\"text-editor.default\">\n\t\t\t\t<div class=\"elementor-widget-container\">\n\t\t\t\t\t\t\t\t\t<div data-id=\"fa17b75\" data-element_type=\"widget\" data-widget_type=\"text-editor.default\">\n<div>\n<ul>\n<li>\n<p>Healing Journey Package (3-night package)<\/p>\n<hr data-end=\"582\" data-start=\"579\">\n<p data-end=\"619\" data-start=\"584\">Tag 1 \u2013 Ankunft und Erdung<\/p>\n<ul>\n<li data-end=\"656\" data-start=\"622\">Willkommensgetr\u00e4nk bei der Ankunft<\/li>\n<li>Check-in und Orientierung<\/li>\n<li>Sandikala Ritual \u2013 eine ruhige balinesische Zeremonie zum Beginn Ihrer Heilungsreise<\/li>\n<\/ul>\n<hr data-end=\"816\" data-start=\"813\">\n<p data-end=\"856\" data-start=\"818\">Tag 2 \u2013 Verbindung von K\u00f6rper und Geist<\/p>\n<ul>\n<li data-end=\"896\" data-start=\"859\">Sunrise Connection am Strand<\/li>\n<li data-end=\"944\" data-start=\"899\">Gesundes Fr\u00fchst\u00fcck im Arunika Restaurant <\/li>\n<li data-end=\"1012\" data-start=\"947\">Wellness Apothecary \u2013 erstellen Sie Ihre pers\u00f6nliche Kr\u00e4utermischung<\/li>\n<li data-end=\"1065\" data-start=\"1015\">Ganzk\u00f6rpermassage, K\u00f6rperpeeling und Wickel-Therapie<\/li>\n<li data-end=\"1109\" data-start=\"1068\">Nahrhaftes Mittagessen im Arunika Restaurant<\/li>\n<li data-end=\"1109\" data-start=\"1068\">Sound Healing und Atemmeditations-Sitzung<\/li>\n<li data-end=\"1162\" data-start=\"1112\">Heritage Tour mit einem besonderen Besuch im Soekarno Room (Gr\u00fcndungsvater Indonesiens)<\/li>\n<li data-end=\"1263\" data-start=\"1218\">N\u00e4hrendes Abendessen im Arunika Restaurant<\/li>\n<\/ul>\n<hr data-end=\"1268\" data-start=\"1265\">\n<p data-end=\"1314\" data-start=\"1270\">Tag 3 \u2013 Heilung durch Kunst und Geist<\/p>\n<ul>\n<li data-end=\"1365\" data-start=\"1317\">Olah Prana \u2013 balinesische K\u00f6rperenergie-Bewegung<\/li>\n<li data-end=\"1413\" data-start=\"1368\">Gesundes Fr\u00fchst\u00fcck im Arunika Restaurant<\/li>\n<li data-end=\"1413\" data-start=\"1368\">Wellness Apothecary \u2013 erstellen Sie Ihre pers\u00f6nliche Kr\u00e4utermischung<\/li>\n<li data-end=\"1485\" data-start=\"1416\">Balinesischer Malworkshop \u2013 Kreativit\u00e4t und Achtsamkeit ausdr\u00fccken<\/li>\n<li data-end=\"1545\" data-start=\"1488\">Goji Berry Facial und Baderitual zur Hauterneuerung<\/li>\n<li data-end=\"1589\" data-start=\"1548\">Nahrhaftes Mittagessen im Arunika Restaurant<\/li>\n<li data-end=\"1631\" data-start=\"1592\">Melukat Swara Reinigungsritual<\/li>\n<li>Song of the Senses Journey \u2013 Verbindung von K\u00f6rper, Atem und Geist<\/li>\n<li>Goddess Lobby Tour und Legende von Rajapala<\/li>\n<li>N\u00e4hrendes Abendessen im Arunika Restaurant<\/li>\n<\/ul>\n<hr data-end=\"1795\" data-start=\"1792\">\n<p data-end=\"1835\" data-start=\"1797\">Tag 4 \u2013 Abreise mit Erneuerung<\/p>\n<ul>\n<li data-end=\"1885\" data-start=\"1838\">Sunrise Tai Chi \u2013 K\u00f6rper und Geist harmonisieren<\/li>\n<li data-end=\"1933\" data-start=\"1888\">Gesundes Fr\u00fchst\u00fcck im Arunika Restaurant<\/li>\n<li data-end=\"1971\" data-start=\"1936\">Abreise<\/li>\n<\/ul>\n<hr data-end=\"1795\" data-start=\"1792\">\n<p data-end=\"1835\" data-start=\"1797\">Stornierungs- und \u00c4nderungsbedingungen:<br>*Bei einer Stornierung zu einem beliebigen Zeitpunkt wird der Gesamtpreis der Reservierung in Rechnung gestellt<br>*Bei Nichterscheinen werden 100% des gesamten Aufenthalts in Rechnung gestellt<\/p>\n<p>Zahlungsbedingungen:<br>*Die vollst\u00e4ndige Zahlung ist bei Abschluss der Reservierung erforderlich<br>*Es f\u00e4llt ein Zuschlag f\u00fcr die Hochsaison an<\/p>\n<\/li>\n<\/ul>\n<\/div>\n<\/div>\t\t\t\t\t\t\t\t<\/div>\n\t\t\t\t<\/div>\n\t\t\t\t<\/div>\n\t\t\t\t<\/div>\n\t\t\t\t<\/div>\n\t\t\t\t\t<\/div>\n\t\t\t\t<\/div>\n\t\t<div class=\"elementor-element elementor-element-33a5cb71 e-flex e-con-boxed e-con e-parent\" data-id=\"33a5cb71\" data-element_type=\"container\" data-e-type=\"container\">\n\t\t\t\t\t<div class=\"e-con-inner\">\n\t\t<div class=\"elementor-element elementor-element-1c4a0d6 e-con-full e-flex e-con e-child\" data-id=\"1c4a0d6\" data-element_type=\"container\" data-e-type=\"container\" data-settings=\"{&quot;background_background&quot;:&quot;classic&quot;}\">\n\t\t<div class=\"elementor-element elementor-element-649090d0 e-con-full e-flex e-con e-child\" data-id=\"649090d0\" data-element_type=\"container\" data-e-type=\"container\">\n\t\t\t\t<div class=\"elementor-element elementor-element-4ccd479e elementor-widget elementor-widget-heading\" data-id=\"4ccd479e\" data-element_type=\"widget\" data-e-type=\"widget\" data-widget_type=\"heading.default\">\n\t\t\t\t<div class=\"elementor-widget-container\">\n\t\t\t\t\t<h2 class=\"elementor-heading-title elementor-size-default\">Allgemeine Gesch\u00e4ftsbedingungen<\/h2>\t\t\t\t<\/div>\n\t\t\t\t<\/div>\n\t\t\t\t<div class=\"elementor-element elementor-element-efaf503 elementor-widget elementor-widget-text-editor\" data-id=\"efaf503\" data-element_type=\"widget\" data-e-type=\"widget\" data-widget_type=\"text-editor.default\">\n\t\t\t\t<div class=\"elementor-widget-container\">\n\t\t\t\t\t\t\t\t\t<h5><span style=\"text-decoration: underline;\">Stornierungs- und \u00c4nderungsbedingungen: <\/span><\/h5><p>-Die Reservierung muss mindestens 7 Tage vor dem Check-in-Datum erfolgen<br>-Reservierungen k\u00f6nnen bis zu 14 Tage vor der Ankunft ge\u00e4ndert werden, vorbehaltlich der Best\u00e4tigung der Datums\u00e4nderung<br>-Bei einer Stornierung zu einem beliebigen Zeitpunkt wird der Gesamtpreis der Reservierung in Rechnung gestellt<br>-Bei Nichterscheinen werden 100% des gesamten Aufenthalts in Rechnung gestellt<\/p><h5><span style=\"text-decoration: underline;\">Zahlungsbedingungen:<\/span><\/h5><p>-Die vollst\u00e4ndige Zahlung ist bei Abschluss der Reservierung erforderlich<br>-Es f\u00e4llt ein Zuschlag f\u00fcr die Hochsaison an<\/p><div class=\"mb-5\"><h5 class=\"fs16 fw600 notranslate\"><span style=\"text-decoration: underline;\">Richtlinien f\u00fcr Kinder:<\/span><\/h5><p class=\"fs12 fw400\"><span class=\"fs12 fw400 roomDes\">-Ein Kind unter 5 Jahren, das im vorhandenen Bett \u00fcbernachtet, erh\u00e4lt das Fr\u00fchst\u00fcck kostenlos<br>-F\u00fcr ein Kind von 5 bis unter 12 Jahren, das im vorhandenen Bett \u00fcbernachtet, werden 50% des Fr\u00fchst\u00fcckspreises berechnet<br>-Kinder ab 12 Jahren gelten als Erwachsene und es werden 100% f\u00fcr das Fr\u00fchst\u00fcck und ein Zustellbett berechnet<\/span><\/p><\/div><div class=\"mb-5\"><h5 class=\"fs16 fw600 notranslate\"><span style=\"text-decoration: underline;\">Richtlinien f\u00fcr Zustellbetten:<\/span><\/h5><p class=\"fs12 fw400\"><span class=\"fs12 fw400 roomDes\">&#8211; Ein Zustellbett beinhaltet ein t\u00e4gliches Fr\u00fchst\u00fcck<\/span><\/p><\/div><div class=\"mb-5\"><h5 class=\"fs16 fw600 notranslate\"><span style=\"text-decoration: underline;\">Stornierungsbedingungen:<\/span><\/h5><p class=\"fs12 fw400\"><span class=\"fs12 fw400 roomDes\">&#8211; Dem Gast wird im Falle einer Stornierung der Gesamtpreis berechnet.<\/span><\/p><\/div><div class=\"mb-5\"><h5 class=\"fs16 fw600 notranslate\"><span style=\"text-decoration: underline;\">Datenschutzerkl\u00e4rung:<\/span><\/h5><p class=\"fs12 fw400\"><span class=\"fs12 fw400 roomDes\">PT Hotel Internasional Sanur Indonesia &#8211; The Meru Sanur verpflichtet sich zum Schutz der Privatsph\u00e4re aller Besucher unserer Website. Diese Website, themerusanur.com, sammelt personenbezogene Daten nur insoweit, als dies erforderlich ist, um Ihnen einen hervorragenden Service zu bieten und Ihre Anfrage zu bearbeiten oder Ihnen Informationen bereitzustellen. <\/span><\/p><\/div>\t\t\t\t\t\t\t\t<\/div>\n\t\t\t\t<\/div>\n\t\t\t\t<\/div>\n\t\t\t\t<\/div>\n\t\t\t\t\t<\/div>\n\t\t\t\t<\/div>\n\t\t<div class=\"elementor-element elementor-element-5d51d8c e-grid e-con-boxed e-con e-parent\" data-id=\"5d51d8c\" data-element_type=\"container\" data-e-type=\"container\">\n\t\t\t\t\t<div class=\"e-con-inner\">\n\t\t<div class=\"elementor-element elementor-element-f062ceb e-con-full e-flex e-con e-child\" data-id=\"f062ceb\" data-element_type=\"container\" data-e-type=\"container\">\n\t\t\t\t<div class=\"elementor-element elementor-element-5f8fffe ob-btn-block elementor-widget__width-initial elementor-widget elementor-widget-button\" data-id=\"5f8fffe\" data-element_type=\"widget\" data-e-type=\"widget\" data-widget_type=\"button.default\">\n\t\t\t\t<div class=\"elementor-widget-container\">\n\t\t\t\t\t\t\t\t\t<div class=\"elementor-button-wrapper\">\n\t\t\t\t\t<a class=\"elementor-button elementor-button-link elementor-size-sm\" href=\"https:\/\/book.themerusanur.com\/inst\/#home?propertyId=50941&#038;PackageID=913100000000055&#038;checkIn=2025-10-01&#038;minNight=5&#038;promoCode=luxuryholiday\" target=\"_blank\">\n\t\t\t\t\t\t<span class=\"elementor-button-content-wrapper\">\n\t\t\t\t\t\t\t\t\t<span class=\"elementor-button-text\">The Meru Sanur reservieren<\/span>\n\t\t\t\t\t<\/span>\n\t\t\t\t\t<\/a>\n\t\t\t\t<\/div>\n\t\t\t\t\t\t\t\t<\/div>\n\t\t\t\t<\/div>\n\t\t\t\t<\/div>\n\t\t<div class=\"elementor-element elementor-element-f70eceb e-con-full e-flex e-con e-child\" data-id=\"f70eceb\" data-element_type=\"container\" data-e-type=\"container\">\n\t\t\t\t<div class=\"elementor-element elementor-element-77f8a1b ob-btn-block elementor-widget__width-initial elementor-widget elementor-widget-button\" data-id=\"77f8a1b\" data-element_type=\"widget\" data-e-type=\"widget\" data-widget_type=\"button.default\">\n\t\t\t\t<div class=\"elementor-widget-container\">\n\t\t\t\t\t\t\t\t\t<div class=\"elementor-button-wrapper\">\n\t\t\t\t\t<a class=\"elementor-button elementor-button-link elementor-size-sm\" href=\"https:\/\/book.balibeachsanur.com\/inst\/#\/home?propertyId=50940&#038;PackageID=913000000000069&#038;checkIn=2025-10-01&#038;minNight=5&#038;promoCode=luxuryholiday\" target=\"_blank\" rel=\"noopener\">\n\t\t\t\t\t\t<span class=\"elementor-button-content-wrapper\">\n\t\t\t\t\t\t\t\t\t<span class=\"elementor-button-text\">Bali Beach Hotel entdecken<\/span>\n\t\t\t\t\t<\/span>\n\t\t\t\t\t<\/a>\n\t\t\t\t<\/div>\n\t\t\t\t\t\t\t\t<\/div>\n\t\t\t\t<\/div>\n\t\t\t\t<\/div>\n\t\t\t\t\t<\/div>\n\t\t\t\t<\/div>\n\t\t\t\t<\/div>\n\t\t","protected":false},"excerpt":{"rendered":"<p>Healing Journey Begeben Sie sich auf eine transformative Reise von 3 N\u00e4chten, die darauf ausgelegt ist, die Harmonie zwischen K\u00f6rper, Geist und Seele wiederherzustellen. Unser Healing Journey Package kombiniert authentische balinesische Rituale, therapeutische Spa-Behandlungen und achtsame Erlebnisse in der ruhigen Atmosph\u00e4re von Sanur. Wir pr\u00e4sentieren das Healing Journey Stay Package, ein exklusives Angebot, das sorgf\u00e4ltig [&hellip;]<\/p>\n","protected":false},"author":2,"featured_media":11499,"parent":12081,"menu_order":0,"comment_status":"closed","ping_status":"closed","template":"","meta":{"footnotes":""},"class_list":["post-12123","page","type-page","status-publish","has-post-thumbnail","hentry"],"_links":{"self":[{"href":"https:\/\/themerusanur.com\/de\/wp-json\/wp\/v2\/pages\/12123","targetHints":{"allow":["GET"]}}],"collection":[{"href":"https:\/\/themerusanur.com\/de\/wp-json\/wp\/v2\/pages"}],"about":[{"href":"https:\/\/themerusanur.com\/de\/wp-json\/wp\/v2\/types\/page"}],"author":[{"embeddable":true,"href":"https:\/\/themerusanur.com\/de\/wp-json\/wp\/v2\/users\/2"}],"replies":[{"embeddable":true,"href":"https:\/\/themerusanur.com\/de\/wp-json\/wp\/v2\/comments?post=12123"}],"version-history":[{"count":1,"href":"https:\/\/themerusanur.com\/de\/wp-json\/wp\/v2\/pages\/12123\/revisions"}],"predecessor-version":[{"id":12125,"href":"https:\/\/themerusanur.com\/de\/wp-json\/wp\/v2\/pages\/12123\/revisions\/12125"}],"up":[{"embeddable":true,"href":"https:\/\/themerusanur.com\/de\/wp-json\/wp\/v2\/pages\/12081"}],"wp:featuredmedia":[{"embeddable":true,"href":"https:\/\/themerusanur.com\/de\/wp-json\/wp\/v2\/media\/11499"}],"wp:attachment":[{"href":"https:\/\/themerusanur.com\/de\/wp-json\/wp\/v2\/media?parent=12123"}],"curies":[{"name":"wp","href":"https:\/\/api.w.org\/{rel}","templated":true}]}}