{"id":12126,"date":"2025-09-15T14:42:41","date_gmt":"2025-09-15T06:42:41","guid":{"rendered":"https:\/\/themerusanur.com\/exklusive-angebote\/romantic-luxury-suite\/"},"modified":"2026-04-18T16:48:50","modified_gmt":"2026-04-18T08:48:50","slug":"romantic-luxury-suite","status":"publish","type":"page","link":"https:\/\/themerusanur.com\/de\/exklusive-angebote\/romantic-luxury-suite\/","title":{"rendered":"Romantic Luxury Suite"},"content":{"rendered":"\t\t<div data-elementor-type=\"wp-page\" data-elementor-id=\"12126\" class=\"elementor elementor-12126 elementor-6661\" data-elementor-post-type=\"page\">\n\t\t\t\t<div class=\"elementor-element elementor-element-22770182 ob-bg-video e-flex e-con-boxed e-con e-parent\" data-id=\"22770182\" data-element_type=\"container\" data-e-type=\"container\" data-settings=\"{&quot;background_background&quot;:&quot;classic&quot;}\">\n\t\t\t\t\t<div class=\"e-con-inner\">\n\t\t\t\t\t<\/div>\n\t\t\t\t<\/div>\n\t\t<div class=\"elementor-element elementor-element-4eff2581 e-flex e-con-boxed e-con e-parent\" data-id=\"4eff2581\" data-element_type=\"container\" data-e-type=\"container\">\n\t\t\t\t\t<div class=\"e-con-inner\">\n\t\t\t\t\t<\/div>\n\t\t\t\t<\/div>\n\t\t<div class=\"elementor-element elementor-element-30d8b718 e-flex e-con-boxed e-con e-parent\" data-id=\"30d8b718\" data-element_type=\"container\" data-e-type=\"container\">\n\t\t\t\t\t<div class=\"e-con-inner\">\n\t\t<div class=\"elementor-element elementor-element-43a0c6a e-con-full e-flex e-con e-child\" data-id=\"43a0c6a\" data-element_type=\"container\" data-e-type=\"container\">\n\t\t\t\t<div class=\"elementor-element elementor-element-7755fdc elementor-widget elementor-widget-heading\" data-id=\"7755fdc\" data-element_type=\"widget\" data-e-type=\"widget\" data-widget_type=\"heading.default\">\n\t\t\t\t<div class=\"elementor-widget-container\">\n\t\t\t\t\t<h1 class=\"elementor-heading-title elementor-size-default\">Romantic Luxury Suite<\/h1>\t\t\t\t<\/div>\n\t\t\t\t<\/div>\n\t\t\t\t<div class=\"elementor-element elementor-element-5f1be70a elementor-widget elementor-widget-text-editor\" data-id=\"5f1be70a\" data-element_type=\"widget\" data-e-type=\"widget\" data-widget_type=\"text-editor.default\">\n\t\t\t\t<div class=\"elementor-widget-container\">\n\t\t\t\t\t\t\t\t\t<p>Treten Sie ein in die Romantic Luxury Suite, eine Oase, in der Liebe erbl\u00fcht und Erinnerungen geschaffen werden.<\/p><p>Bei einem Mindestaufenthalt von f\u00fcnf N\u00e4chten im The Meru Sanur oder Bali Beach Hotel genie\u00dfen Sie erstklassige romantische Erlebnisse und bedeutungsvolle Aktivit\u00e4ten, die speziell f\u00fcr zwei Personen konzipiert wurden. Von intimen Momenten bis hin zu unvergesslichen Abenteuern wird Ihr Aufenthalt zu einer wundersch\u00f6nen Feier der Zweisamkeit. <\/p>\t\t\t\t\t\t\t\t<\/div>\n\t\t\t\t<\/div>\n\t\t\t\t<\/div>\n\t\t<div class=\"elementor-element elementor-element-3cd596c0 e-con-full e-flex e-con e-child\" data-id=\"3cd596c0\" data-element_type=\"container\" data-e-type=\"container\">\n\t\t\t\t<div class=\"elementor-element elementor-element-40624ef elementor-widget-divider--view-line elementor-widget elementor-widget-divider\" data-id=\"40624ef\" data-element_type=\"widget\" data-e-type=\"widget\" data-widget_type=\"divider.default\">\n\t\t\t\t<div class=\"elementor-widget-container\">\n\t\t\t\t\t\t\t<div class=\"elementor-divider\">\n\t\t\t<span class=\"elementor-divider-separator\">\n\t\t\t\t\t\t<\/span>\n\t\t<\/div>\n\t\t\t\t\t\t<\/div>\n\t\t\t\t<\/div>\n\t\t\t\t<\/div>\n\t\t\t\t\t<\/div>\n\t\t\t\t<\/div>\n\t\t<div class=\"elementor-element elementor-element-e912e8a e-grid e-con-boxed e-con e-parent\" data-id=\"e912e8a\" data-element_type=\"container\" data-e-type=\"container\">\n\t\t\t\t\t<div class=\"e-con-inner\">\n\t\t<div class=\"elementor-element elementor-element-4482da2 e-con-full e-flex e-con e-child\" data-id=\"4482da2\" data-element_type=\"container\" data-e-type=\"container\">\n\t\t\t\t<div class=\"elementor-element elementor-element-7ae977a ob-btn-block elementor-widget__width-initial elementor-widget elementor-widget-button\" data-id=\"7ae977a\" data-element_type=\"widget\" data-e-type=\"widget\" data-widget_type=\"button.default\">\n\t\t\t\t<div class=\"elementor-widget-container\">\n\t\t\t\t\t\t\t\t\t<div class=\"elementor-button-wrapper\">\n\t\t\t\t\t<a class=\"elementor-button elementor-button-link elementor-size-sm\" href=\"https:\/\/book.themerusanur.com\/inst\/#home?propertyId=50941&#038;PackageID=913100000000056&#038;checkIn=2025-10-01&#038;minNight=5&#038;promoCode=romanticluxury\" target=\"_blank\">\n\t\t\t\t\t\t<span class=\"elementor-button-content-wrapper\">\n\t\t\t\t\t\t\t\t\t<span class=\"elementor-button-text\">The Meru Sanur reservieren<\/span>\n\t\t\t\t\t<\/span>\n\t\t\t\t\t<\/a>\n\t\t\t\t<\/div>\n\t\t\t\t\t\t\t\t<\/div>\n\t\t\t\t<\/div>\n\t\t\t\t<\/div>\n\t\t<div class=\"elementor-element elementor-element-d33cf5d e-con-full e-flex e-con e-child\" data-id=\"d33cf5d\" data-element_type=\"container\" data-e-type=\"container\">\n\t\t\t\t<div class=\"elementor-element elementor-element-ad5f760 ob-btn-block elementor-widget__width-initial elementor-widget elementor-widget-button\" data-id=\"ad5f760\" data-element_type=\"widget\" data-e-type=\"widget\" data-widget_type=\"button.default\">\n\t\t\t\t<div class=\"elementor-widget-container\">\n\t\t\t\t\t\t\t\t\t<div class=\"elementor-button-wrapper\">\n\t\t\t\t\t<a class=\"elementor-button elementor-button-link elementor-size-sm\" href=\"https:\/\/book.balibeachsanur.com\/inst\/#\/home?propertyId=50940&#038;PackageID=913000000000070&#038;checkIn=2025-10-01&#038;minNight=5&#038;promoCode=romanticluxury\" target=\"_blank\" rel=\"noopener\">\n\t\t\t\t\t\t<span class=\"elementor-button-content-wrapper\">\n\t\t\t\t\t\t\t\t\t<span class=\"elementor-button-text\">Bali Beach Hotel entdecken<\/span>\n\t\t\t\t\t<\/span>\n\t\t\t\t\t<\/a>\n\t\t\t\t<\/div>\n\t\t\t\t\t\t\t\t<\/div>\n\t\t\t\t<\/div>\n\t\t\t\t<\/div>\n\t\t\t\t\t<\/div>\n\t\t\t\t<\/div>\n\t\t<div class=\"elementor-element elementor-element-bd2b659 e-flex e-con-boxed e-con e-parent\" data-id=\"bd2b659\" data-element_type=\"container\" data-e-type=\"container\">\n\t\t\t\t\t<div class=\"e-con-inner\">\n\t\t<div class=\"elementor-element elementor-element-48e863ec e-con-full e-flex e-con e-child\" data-id=\"48e863ec\" data-element_type=\"container\" data-e-type=\"container\" data-settings=\"{&quot;background_background&quot;:&quot;classic&quot;}\">\n\t\t<div class=\"elementor-element elementor-element-15e7ac65 e-con-full e-flex e-con e-child\" data-id=\"15e7ac65\" data-element_type=\"container\" data-e-type=\"container\">\n\t\t<div class=\"elementor-element elementor-element-757585f6 e-con-full e-flex e-con e-child\" data-id=\"757585f6\" data-element_type=\"container\" data-e-type=\"container\">\n\t\t<div class=\"elementor-element elementor-element-59bd1015 e-flex e-con-boxed e-con e-child\" data-id=\"59bd1015\" data-element_type=\"container\" data-e-type=\"container\">\n\t\t\t\t\t<div class=\"e-con-inner\">\n\t\t\t\t<div class=\"elementor-element elementor-element-23c7f5da elementor-widget elementor-widget-heading\" data-id=\"23c7f5da\" data-element_type=\"widget\" data-e-type=\"widget\" data-widget_type=\"heading.default\">\n\t\t\t\t<div class=\"elementor-widget-container\">\n\t\t\t\t\t<h2 class=\"elementor-heading-title elementor-size-default\">Buchungszeitraum:<\/h2>\t\t\t\t<\/div>\n\t\t\t\t<\/div>\n\t\t<div class=\"elementor-element elementor-element-6e8117cd e-con-full e-flex e-con e-child\" data-id=\"6e8117cd\" data-element_type=\"container\" data-e-type=\"container\">\n\t\t\t\t<div class=\"elementor-element elementor-element-2e085966 elementor-widget elementor-widget-text-editor\" data-id=\"2e085966\" data-element_type=\"widget\" data-e-type=\"widget\" data-widget_type=\"text-editor.default\">\n\t\t\t\t<div class=\"elementor-widget-container\">\n\t\t\t\t\t\t\t\t\t<ul><li>23. September 2025 \u2013 31. Juli 2026<\/li><\/ul>\t\t\t\t\t\t\t\t<\/div>\n\t\t\t\t<\/div>\n\t\t\t\t<\/div>\n\t\t\t\t\t<\/div>\n\t\t\t\t<\/div>\n\t\t<div class=\"elementor-element elementor-element-768bfb13 e-flex e-con-boxed e-con e-child\" data-id=\"768bfb13\" data-element_type=\"container\" data-e-type=\"container\">\n\t\t\t\t\t<div class=\"e-con-inner\">\n\t\t\t\t<div class=\"elementor-element elementor-element-4ddab68a elementor-widget elementor-widget-heading\" data-id=\"4ddab68a\" data-element_type=\"widget\" data-e-type=\"widget\" data-widget_type=\"heading.default\">\n\t\t\t\t<div class=\"elementor-widget-container\">\n\t\t\t\t\t<h2 class=\"elementor-heading-title elementor-size-default\">Aufenthaltszeitraum:<\/h2>\t\t\t\t<\/div>\n\t\t\t\t<\/div>\n\t\t<div class=\"elementor-element elementor-element-211f4569 e-con-full e-flex e-con e-child\" data-id=\"211f4569\" data-element_type=\"container\" data-e-type=\"container\">\n\t\t\t\t<div class=\"elementor-element elementor-element-d7cc6e3 elementor-widget elementor-widget-text-editor\" data-id=\"d7cc6e3\" data-element_type=\"widget\" data-e-type=\"widget\" data-widget_type=\"text-editor.default\">\n\t\t\t\t<div class=\"elementor-widget-container\">\n\t\t\t\t\t\t\t\t\t<ul><li>1. Oktober 2025 \u2013 31. Juli 2026<\/li><\/ul>\t\t\t\t\t\t\t\t<\/div>\n\t\t\t\t<\/div>\n\t\t\t\t<\/div>\n\t\t\t\t\t<\/div>\n\t\t\t\t<\/div>\n\t\t\t\t<\/div>\n\t\t<div class=\"elementor-element elementor-element-19b0078f e-con-full e-flex e-con e-child\" data-id=\"19b0078f\" data-element_type=\"container\" data-e-type=\"container\">\n\t\t<div class=\"elementor-element elementor-element-79158521 e-flex e-con-boxed e-con e-child\" data-id=\"79158521\" data-element_type=\"container\" data-e-type=\"container\">\n\t\t\t\t\t<div class=\"e-con-inner\">\n\t\t\t\t<div class=\"elementor-element elementor-element-1513cc51 elementor-widget elementor-widget-heading\" data-id=\"1513cc51\" data-element_type=\"widget\" data-e-type=\"widget\" data-widget_type=\"heading.default\">\n\t\t\t\t<div class=\"elementor-widget-container\">\n\t\t\t\t\t<h2 class=\"elementor-heading-title elementor-size-default\">Sperrzeitraum:<\/h2>\t\t\t\t<\/div>\n\t\t\t\t<\/div>\n\t\t<div class=\"elementor-element elementor-element-1417deb8 e-con-full e-flex e-con e-child\" data-id=\"1417deb8\" data-element_type=\"container\" data-e-type=\"container\">\n\t\t\t\t<div class=\"elementor-element elementor-element-1446b302 elementor-widget elementor-widget-text-editor\" data-id=\"1446b302\" data-element_type=\"widget\" data-e-type=\"widget\" data-widget_type=\"text-editor.default\">\n\t\t\t\t<div class=\"elementor-widget-container\">\n\t\t\t\t\t\t\t\t\t<ul>\n<li><span data-sheets-root=\"1\">30. Dezember 2025 &#8211; 1. Januar 2026<\/span><\/li>\n<\/ul>\t\t\t\t\t\t\t\t<\/div>\n\t\t\t\t<\/div>\n\t\t\t\t<\/div>\n\t\t\t\t\t<\/div>\n\t\t\t\t<\/div>\n\t\t\t\t<\/div>\n\t\t<div class=\"elementor-element elementor-element-21d10571 e-con-full e-flex e-con e-child\" data-id=\"21d10571\" data-element_type=\"container\" data-e-type=\"container\">\n\t\t\t\t<div class=\"elementor-element elementor-element-4f28e79e elementor-widget elementor-widget-heading\" data-id=\"4f28e79e\" data-element_type=\"widget\" data-e-type=\"widget\" data-widget_type=\"heading.default\">\n\t\t\t\t<div class=\"elementor-widget-container\">\n\t\t\t\t\t<h2 class=\"elementor-heading-title elementor-size-default\">Das Paket beinhaltet:<\/h2>\t\t\t\t<\/div>\n\t\t\t\t<\/div>\n\t\t<div class=\"elementor-element elementor-element-179c4df e-con-full e-grid e-con e-child\" data-id=\"179c4df\" data-element_type=\"container\" data-e-type=\"container\">\n\t\t\t\t<div class=\"elementor-element elementor-element-4a1610a elementor-widget elementor-widget-text-editor\" data-id=\"4a1610a\" data-element_type=\"widget\" data-e-type=\"widget\" data-widget_type=\"text-editor.default\">\n\t\t\t\t<div class=\"elementor-widget-container\">\n\t\t\t\t\t\t\t\t\t<ul><li>T\u00e4gliches privates Fr\u00fchst\u00fcck f\u00fcr 2 Personen in der Suite<\/li><li>Hin- und R\u00fccktransfer zum Flughafen und Flughafenservice mit Jumpa f\u00fcr 2 Personen<\/li><li>T\u00e4glich 10 Stunden Auto mit Fahrer auf Abruf<\/li><li>1x Begr\u00fc\u00dfungsflasche Wein auf dem Zimmer bei der Ankunft<\/li><li>1x romantisches Candle-Light-Dinner am Strand f\u00fcr 2 Personen<\/li><li>1x Signature-Paarmassage (90 Min.) und Wald-K\u00f6rperwickel<\/li><li>1x Tempelbesuch und Segnung f\u00fcr 2 Personen<\/li><li>1x Ocean Golf 7 Shooting f\u00fcr 2 Personen<\/li><li>1x halbt\u00e4giger T\u00f6pfer-Workshop bei Kevala Ceramics f\u00fcr 2 Personen (Drehen an der Scheibe und Dekoration)<\/li><li>T\u00e4glicher Nachmittagstee in der Suite f\u00fcr 2 Personen<\/li><li>1x 3-st\u00fcndiges Fotoshooting im balinesischen Stil mit balinesischem Kost\u00fcm und Make-up (Foto von Magkna)<\/li><\/ul>\t\t\t\t\t\t\t\t<\/div>\n\t\t\t\t<\/div>\n\t\t\t\t<\/div>\n\t\t\t\t<\/div>\n\t\t\t\t<\/div>\n\t\t\t\t<\/div>\n\t\t\t\t\t<\/div>\n\t\t\t\t<\/div>\n\t\t<div class=\"elementor-element elementor-element-33a5cb71 e-flex e-con-boxed e-con e-parent\" data-id=\"33a5cb71\" data-element_type=\"container\" data-e-type=\"container\">\n\t\t\t\t\t<div class=\"e-con-inner\">\n\t\t<div class=\"elementor-element elementor-element-1c4a0d6 e-con-full e-flex e-con e-child\" data-id=\"1c4a0d6\" data-element_type=\"container\" data-e-type=\"container\" data-settings=\"{&quot;background_background&quot;:&quot;classic&quot;}\">\n\t\t<div class=\"elementor-element elementor-element-649090d0 e-con-full e-flex e-con e-child\" data-id=\"649090d0\" data-element_type=\"container\" data-e-type=\"container\">\n\t\t\t\t<div class=\"elementor-element elementor-element-4ccd479e elementor-widget elementor-widget-heading\" data-id=\"4ccd479e\" data-element_type=\"widget\" data-e-type=\"widget\" data-widget_type=\"heading.default\">\n\t\t\t\t<div class=\"elementor-widget-container\">\n\t\t\t\t\t<h2 class=\"elementor-heading-title elementor-size-default\">Allgemeine Gesch\u00e4ftsbedingungen<\/h2>\t\t\t\t<\/div>\n\t\t\t\t<\/div>\n\t\t\t\t<div class=\"elementor-element elementor-element-efaf503 elementor-widget elementor-widget-text-editor\" data-id=\"efaf503\" data-element_type=\"widget\" data-e-type=\"widget\" data-widget_type=\"text-editor.default\">\n\t\t\t\t<div class=\"elementor-widget-container\">\n\t\t\t\t\t\t\t\t\t<h5><span style=\"text-decoration: underline;\">Stornierungs- und \u00c4nderungsbedingungen: <\/span><\/h5><p>-Die Reservierung muss mindestens 7 Tage vor dem Check-in-Datum erfolgen<br>-Reservierungen k\u00f6nnen bis zu 14 Tage vor der Ankunft ge\u00e4ndert werden, vorbehaltlich der Best\u00e4tigung der Datums\u00e4nderung<br>-Bei einer Stornierung zu jedem beliebigen Zeitpunkt wird der Gesamtpreis der Reservierung in Rechnung gestellt<br>-Bei Nichterscheinen werden 100% des gesamten Aufenthalts in Rechnung gestellt<\/p><h5><span style=\"text-decoration: underline;\">Zahlungsbedingungen:<\/span><\/h5><p>-Die vollst\u00e4ndige Zahlung ist bei Abschluss der Reservierung erforderlich<br>-Es f\u00e4llt ein Zuschlag f\u00fcr die Hochsaison an<\/p><div class=\"mb-5\"><h5 class=\"fs16 fw600 notranslate\"><span style=\"text-decoration: underline;\">Stornierungsbedingungen:<\/span><\/h5><p class=\"fs12 fw400\"><span class=\"fs12 fw400 roomDes\">&#8211; Dem Gast wird im Falle einer Stornierung der Gesamtpreis berechnet.<\/span><\/p><\/div><div class=\"mb-5\"><h5 class=\"fs16 fw600 notranslate\"><span style=\"text-decoration: underline;\">Datenschutzerkl\u00e4rung:<\/span><\/h5><p class=\"fs12 fw400\"><span class=\"fs12 fw400 roomDes\">PT Hotel Internasional Sanur Indonesia \u2013 The Meru Sanur verpflichtet sich zum Schutz der Privatsph\u00e4re aller Personen, die auf unsere Website zugreifen. Diese Website, themerusanur.com, sammelt personenbezogene Daten \u00fcber Sie nur insoweit, als dies erforderlich ist, um Ihnen einen hervorragenden Service zu bieten und um Ihre Anfrage zu bearbeiten oder Ihnen Informationen bereitzustellen. <\/span><\/p><\/div>\t\t\t\t\t\t\t\t<\/div>\n\t\t\t\t<\/div>\n\t\t\t\t<\/div>\n\t\t\t\t<\/div>\n\t\t\t\t\t<\/div>\n\t\t\t\t<\/div>\n\t\t<div class=\"elementor-element elementor-element-a354f90 e-grid e-con-boxed e-con e-parent\" data-id=\"a354f90\" data-element_type=\"container\" data-e-type=\"container\">\n\t\t\t\t\t<div class=\"e-con-inner\">\n\t\t\t\t\t<\/div>\n\t\t\t\t<\/div>\n\t\t<div class=\"elementor-element elementor-element-9d89996 e-grid e-con-boxed e-con e-parent\" data-id=\"9d89996\" data-element_type=\"container\" data-e-type=\"container\">\n\t\t\t\t\t<div class=\"e-con-inner\">\n\t\t<div class=\"elementor-element elementor-element-842c7f4 e-con-full e-flex e-con e-child\" data-id=\"842c7f4\" data-element_type=\"container\" data-e-type=\"container\">\n\t\t\t\t<div class=\"elementor-element elementor-element-4d1730a ob-btn-block elementor-widget__width-initial elementor-widget elementor-widget-button\" data-id=\"4d1730a\" data-element_type=\"widget\" data-e-type=\"widget\" data-widget_type=\"button.default\">\n\t\t\t\t<div class=\"elementor-widget-container\">\n\t\t\t\t\t\t\t\t\t<div class=\"elementor-button-wrapper\">\n\t\t\t\t\t<a class=\"elementor-button elementor-button-link elementor-size-sm\" href=\"https:\/\/book.themerusanur.com\/inst\/#home?propertyId=50941&#038;PackageID=913100000000056&#038;checkIn=2025-10-01&#038;minNight=5&#038;promoCode=romanticluxury\" target=\"_blank\">\n\t\t\t\t\t\t<span class=\"elementor-button-content-wrapper\">\n\t\t\t\t\t\t\t\t\t<span class=\"elementor-button-text\">The Meru Sanur reservieren<\/span>\n\t\t\t\t\t<\/span>\n\t\t\t\t\t<\/a>\n\t\t\t\t<\/div>\n\t\t\t\t\t\t\t\t<\/div>\n\t\t\t\t<\/div>\n\t\t\t\t<\/div>\n\t\t<div class=\"elementor-element elementor-element-08465b8 e-con-full e-flex e-con e-child\" data-id=\"08465b8\" data-element_type=\"container\" data-e-type=\"container\">\n\t\t\t\t<div class=\"elementor-element elementor-element-5402c82 ob-btn-block elementor-widget__width-initial elementor-widget elementor-widget-button\" data-id=\"5402c82\" data-element_type=\"widget\" data-e-type=\"widget\" data-widget_type=\"button.default\">\n\t\t\t\t<div class=\"elementor-widget-container\">\n\t\t\t\t\t\t\t\t\t<div class=\"elementor-button-wrapper\">\n\t\t\t\t\t<a class=\"elementor-button elementor-button-link elementor-size-sm\" href=\"https:\/\/book.balibeachsanur.com\/inst\/#\/home?propertyId=50940&#038;PackageID=913000000000070&#038;checkIn=2025-10-01&#038;minNight=5&#038;promoCode=romanticluxury\" target=\"_blank\" rel=\"noopener\">\n\t\t\t\t\t\t<span class=\"elementor-button-content-wrapper\">\n\t\t\t\t\t\t\t\t\t<span class=\"elementor-button-text\">Bali Beach Hotel entdecken<\/span>\n\t\t\t\t\t<\/span>\n\t\t\t\t\t<\/a>\n\t\t\t\t<\/div>\n\t\t\t\t\t\t\t\t<\/div>\n\t\t\t\t<\/div>\n\t\t\t\t<\/div>\n\t\t\t\t\t<\/div>\n\t\t\t\t<\/div>\n\t\t\t\t<\/div>\n\t\t","protected":false},"excerpt":{"rendered":"<p>Romantic Luxury Suite Treten Sie ein in die Romantic Luxury Suite, eine Oase, in der Liebe erbl\u00fcht und Erinnerungen geschaffen werden. Bei einem Mindestaufenthalt von f\u00fcnf N\u00e4chten im The Meru Sanur oder Bali Beach Hotel genie\u00dfen Sie erstklassige romantische Erlebnisse und bedeutungsvolle Aktivit\u00e4ten, die speziell f\u00fcr zwei Personen konzipiert wurden. Von intimen Momenten bis hin [&hellip;]<\/p>\n","protected":false},"author":2,"featured_media":11671,"parent":12081,"menu_order":0,"comment_status":"closed","ping_status":"closed","template":"","meta":{"footnotes":""},"class_list":["post-12126","page","type-page","status-publish","has-post-thumbnail","hentry"],"_links":{"self":[{"href":"https:\/\/themerusanur.com\/de\/wp-json\/wp\/v2\/pages\/12126","targetHints":{"allow":["GET"]}}],"collection":[{"href":"https:\/\/themerusanur.com\/de\/wp-json\/wp\/v2\/pages"}],"about":[{"href":"https:\/\/themerusanur.com\/de\/wp-json\/wp\/v2\/types\/page"}],"author":[{"embeddable":true,"href":"https:\/\/themerusanur.com\/de\/wp-json\/wp\/v2\/users\/2"}],"replies":[{"embeddable":true,"href":"https:\/\/themerusanur.com\/de\/wp-json\/wp\/v2\/comments?post=12126"}],"version-history":[{"count":1,"href":"https:\/\/themerusanur.com\/de\/wp-json\/wp\/v2\/pages\/12126\/revisions"}],"predecessor-version":[{"id":12127,"href":"https:\/\/themerusanur.com\/de\/wp-json\/wp\/v2\/pages\/12126\/revisions\/12127"}],"up":[{"embeddable":true,"href":"https:\/\/themerusanur.com\/de\/wp-json\/wp\/v2\/pages\/12081"}],"wp:featuredmedia":[{"embeddable":true,"href":"https:\/\/themerusanur.com\/de\/wp-json\/wp\/v2\/media\/11671"}],"wp:attachment":[{"href":"https:\/\/themerusanur.com\/de\/wp-json\/wp\/v2\/media?parent=12126"}],"curies":[{"name":"wp","href":"https:\/\/api.w.org\/{rel}","templated":true}]}}