{"id":12128,"date":"2025-04-11T16:37:11","date_gmt":"2025-04-11T08:37:11","guid":{"rendered":"https:\/\/themerusanur.com\/exklusive-angebote\/sanur-beach-all-inclusive\/"},"modified":"2026-04-18T16:52:10","modified_gmt":"2026-04-18T08:52:10","slug":"sanur-beach-all-inclusive","status":"publish","type":"page","link":"https:\/\/themerusanur.com\/de\/exklusive-angebote\/sanur-beach-all-inclusive\/","title":{"rendered":"Sanur Beach All Inclusive"},"content":{"rendered":"\t\t<div data-elementor-type=\"wp-page\" data-elementor-id=\"12128\" class=\"elementor elementor-12128 elementor-5056\" data-elementor-post-type=\"page\">\n\t\t\t\t<div class=\"elementor-element elementor-element-22770182 ob-bg-video e-flex e-con-boxed e-con e-parent\" data-id=\"22770182\" data-element_type=\"container\" data-e-type=\"container\" data-settings=\"{&quot;background_background&quot;:&quot;classic&quot;}\">\n\t\t\t\t\t<div class=\"e-con-inner\">\n\t\t\t\t\t<\/div>\n\t\t\t\t<\/div>\n\t\t<div class=\"elementor-element elementor-element-4eff2581 e-flex e-con-boxed e-con e-parent\" data-id=\"4eff2581\" data-element_type=\"container\" data-e-type=\"container\">\n\t\t\t\t\t<div class=\"e-con-inner\">\n\t\t\t\t\t<\/div>\n\t\t\t\t<\/div>\n\t\t<div class=\"elementor-element elementor-element-30d8b718 e-flex e-con-boxed e-con e-parent\" data-id=\"30d8b718\" data-element_type=\"container\" data-e-type=\"container\">\n\t\t\t\t\t<div class=\"e-con-inner\">\n\t\t<div class=\"elementor-element elementor-element-43a0c6a e-con-full e-flex e-con e-child\" data-id=\"43a0c6a\" data-element_type=\"container\" data-e-type=\"container\">\n\t\t\t\t<div class=\"elementor-element elementor-element-7755fdc elementor-widget elementor-widget-heading\" data-id=\"7755fdc\" data-element_type=\"widget\" data-e-type=\"widget\" data-widget_type=\"heading.default\">\n\t\t\t\t<div class=\"elementor-widget-container\">\n\t\t\t\t\t<h1 class=\"elementor-heading-title elementor-size-default\">Sanur Beach All Inclusive<\/h1>\t\t\t\t<\/div>\n\t\t\t\t<\/div>\n\t\t\t\t<div class=\"elementor-element elementor-element-5f1be70a elementor-widget elementor-widget-text-editor\" data-id=\"5f1be70a\" data-element_type=\"widget\" data-e-type=\"widget\" data-widget_type=\"text-editor.default\">\n\t\t\t\t<div class=\"elementor-widget-container\">\n\t\t\t\t\t\t\t\t\t<p>Entfliehen Sie ins Paradies mit unserem All-Inclusive-Paket \u2013 Ihrem ultimativen, sorgenfreien Kurzurlaub. Genie\u00dfen Sie einen Aufenthalt von mindestens 5 N\u00e4chten und sichern Sie sich eine Vielzahl exklusiver Vorteile, darunter t\u00e4gliche Mahlzeiten, ausgew\u00e4hlte Getr\u00e4nke, Aktivit\u00e4ten und vieles mehr.  <\/p>\t\t\t\t\t\t\t\t<\/div>\n\t\t\t\t<\/div>\n\t\t\t\t<\/div>\n\t\t<div class=\"elementor-element elementor-element-3cd596c0 e-con-full e-flex e-con e-child\" data-id=\"3cd596c0\" data-element_type=\"container\" data-e-type=\"container\">\n\t\t\t\t<div class=\"elementor-element elementor-element-40624ef elementor-widget-divider--view-line elementor-widget elementor-widget-divider\" data-id=\"40624ef\" data-element_type=\"widget\" data-e-type=\"widget\" data-widget_type=\"divider.default\">\n\t\t\t\t<div class=\"elementor-widget-container\">\n\t\t\t\t\t\t\t<div class=\"elementor-divider\">\n\t\t\t<span class=\"elementor-divider-separator\">\n\t\t\t\t\t\t<\/span>\n\t\t<\/div>\n\t\t\t\t\t\t<\/div>\n\t\t\t\t<\/div>\n\t\t\t\t<\/div>\n\t\t\t\t\t<\/div>\n\t\t\t\t<\/div>\n\t\t<div class=\"elementor-element elementor-element-d97f901 e-grid e-con-boxed e-con e-parent\" data-id=\"d97f901\" data-element_type=\"container\" data-e-type=\"container\">\n\t\t\t\t\t<div class=\"e-con-inner\">\n\t\t<div class=\"elementor-element elementor-element-5c80242 e-con-full e-flex e-con e-child\" data-id=\"5c80242\" data-element_type=\"container\" data-e-type=\"container\">\n\t\t\t\t<div class=\"elementor-element elementor-element-9347d02 ob-btn-block elementor-widget__width-initial elementor-widget elementor-widget-button\" data-id=\"9347d02\" data-element_type=\"widget\" data-e-type=\"widget\" data-widget_type=\"button.default\">\n\t\t\t\t<div class=\"elementor-widget-container\">\n\t\t\t\t\t\t\t\t\t<div class=\"elementor-button-wrapper\">\n\t\t\t\t\t<a class=\"elementor-button elementor-button-link elementor-size-sm\" href=\"https:\/\/book.themerusanur.com\/inst\/#home?propertyId=50941&#038;PackageID=913100000000036&#038;promoCode=ALLIN&#038;minNight=5\" target=\"_blank\">\n\t\t\t\t\t\t<span class=\"elementor-button-content-wrapper\">\n\t\t\t\t\t\t\t\t\t<span class=\"elementor-button-text\">The Meru Sanur reservieren<\/span>\n\t\t\t\t\t<\/span>\n\t\t\t\t\t<\/a>\n\t\t\t\t<\/div>\n\t\t\t\t\t\t\t\t<\/div>\n\t\t\t\t<\/div>\n\t\t\t\t<\/div>\n\t\t<div class=\"elementor-element elementor-element-3d7b1de e-con-full e-flex e-con e-child\" data-id=\"3d7b1de\" data-element_type=\"container\" data-e-type=\"container\">\n\t\t\t\t<div class=\"elementor-element elementor-element-573927f ob-btn-block elementor-widget__width-initial elementor-widget elementor-widget-button\" data-id=\"573927f\" data-element_type=\"widget\" data-e-type=\"widget\" data-widget_type=\"button.default\">\n\t\t\t\t<div class=\"elementor-widget-container\">\n\t\t\t\t\t\t\t\t\t<div class=\"elementor-button-wrapper\">\n\t\t\t\t\t<a class=\"elementor-button elementor-button-link elementor-size-sm\" href=\"https:\/\/book.balibeachsanur.com\/inst\/#\/home?propertyId=50940&#038;PackageID=913000000000048&#038;promoCode=ALLIN&#038;minNight=5\" target=\"_blank\" rel=\"noopener\">\n\t\t\t\t\t\t<span class=\"elementor-button-content-wrapper\">\n\t\t\t\t\t\t\t\t\t<span class=\"elementor-button-text\">Bali Beach Hotel entdecken<\/span>\n\t\t\t\t\t<\/span>\n\t\t\t\t\t<\/a>\n\t\t\t\t<\/div>\n\t\t\t\t\t\t\t\t<\/div>\n\t\t\t\t<\/div>\n\t\t\t\t<\/div>\n\t\t\t\t\t<\/div>\n\t\t\t\t<\/div>\n\t\t<div class=\"elementor-element elementor-element-bd2b659 e-flex e-con-boxed e-con e-parent\" data-id=\"bd2b659\" data-element_type=\"container\" data-e-type=\"container\">\n\t\t\t\t\t<div class=\"e-con-inner\">\n\t\t<div class=\"elementor-element elementor-element-48e863ec e-con-full e-flex e-con e-child\" data-id=\"48e863ec\" data-element_type=\"container\" data-e-type=\"container\" data-settings=\"{&quot;background_background&quot;:&quot;classic&quot;}\">\n\t\t<div class=\"elementor-element elementor-element-15e7ac65 e-con-full e-flex e-con e-child\" data-id=\"15e7ac65\" data-element_type=\"container\" data-e-type=\"container\">\n\t\t<div class=\"elementor-element elementor-element-757585f6 e-con-full e-flex e-con e-child\" data-id=\"757585f6\" data-element_type=\"container\" data-e-type=\"container\">\n\t\t<div class=\"elementor-element elementor-element-59bd1015 e-flex e-con-boxed e-con e-child\" data-id=\"59bd1015\" data-element_type=\"container\" data-e-type=\"container\">\n\t\t\t\t\t<div class=\"e-con-inner\">\n\t\t\t\t<div class=\"elementor-element elementor-element-23c7f5da elementor-widget elementor-widget-heading\" data-id=\"23c7f5da\" data-element_type=\"widget\" data-e-type=\"widget\" data-widget_type=\"heading.default\">\n\t\t\t\t<div class=\"elementor-widget-container\">\n\t\t\t\t\t<h2 class=\"elementor-heading-title elementor-size-default\">Buchungszeitraum:<\/h2>\t\t\t\t<\/div>\n\t\t\t\t<\/div>\n\t\t<div class=\"elementor-element elementor-element-6e8117cd e-con-full e-flex e-con e-child\" data-id=\"6e8117cd\" data-element_type=\"container\" data-e-type=\"container\">\n\t\t\t\t<div class=\"elementor-element elementor-element-2e085966 elementor-widget elementor-widget-text-editor\" data-id=\"2e085966\" data-element_type=\"widget\" data-e-type=\"widget\" data-widget_type=\"text-editor.default\">\n\t\t\t\t<div class=\"elementor-widget-container\">\n\t\t\t\t\t\t\t\t\t<ul><li><span data-sheets-root=\"1\"><span style=\"letter-spacing: 1.04px;\">1. Januar 2026 \u2013 15. Dezember 2026<\/span><\/span><\/li><\/ul>\t\t\t\t\t\t\t\t<\/div>\n\t\t\t\t<\/div>\n\t\t\t\t<\/div>\n\t\t\t\t\t<\/div>\n\t\t\t\t<\/div>\n\t\t<div class=\"elementor-element elementor-element-768bfb13 e-flex e-con-boxed e-con e-child\" data-id=\"768bfb13\" data-element_type=\"container\" data-e-type=\"container\">\n\t\t\t\t\t<div class=\"e-con-inner\">\n\t\t\t\t<div class=\"elementor-element elementor-element-4ddab68a elementor-widget elementor-widget-heading\" data-id=\"4ddab68a\" data-element_type=\"widget\" data-e-type=\"widget\" data-widget_type=\"heading.default\">\n\t\t\t\t<div class=\"elementor-widget-container\">\n\t\t\t\t\t<h2 class=\"elementor-heading-title elementor-size-default\">Aufenthaltszeitraum:<\/h2>\t\t\t\t<\/div>\n\t\t\t\t<\/div>\n\t\t<div class=\"elementor-element elementor-element-211f4569 e-con-full e-flex e-con e-child\" data-id=\"211f4569\" data-element_type=\"container\" data-e-type=\"container\">\n\t\t\t\t<div class=\"elementor-element elementor-element-d7cc6e3 elementor-widget elementor-widget-text-editor\" data-id=\"d7cc6e3\" data-element_type=\"widget\" data-e-type=\"widget\" data-widget_type=\"text-editor.default\">\n\t\t\t\t<div class=\"elementor-widget-container\">\n\t\t\t\t\t\t\t\t\t<ul><li><span data-sheets-root=\"1\">1. Januar 2026 \u2013 20. Dezember 2026<\/span><\/li><\/ul>\t\t\t\t\t\t\t\t<\/div>\n\t\t\t\t<\/div>\n\t\t\t\t<\/div>\n\t\t\t\t\t<\/div>\n\t\t\t\t<\/div>\n\t\t\t\t<\/div>\n\t\t<div class=\"elementor-element elementor-element-19b0078f e-con-full e-flex e-con e-child\" data-id=\"19b0078f\" data-element_type=\"container\" data-e-type=\"container\">\n\t\t<div class=\"elementor-element elementor-element-79158521 e-flex e-con-boxed e-con e-child\" data-id=\"79158521\" data-element_type=\"container\" data-e-type=\"container\">\n\t\t\t\t\t<div class=\"e-con-inner\">\n\t\t\t\t<div class=\"elementor-element elementor-element-1513cc51 elementor-widget elementor-widget-heading\" data-id=\"1513cc51\" data-element_type=\"widget\" data-e-type=\"widget\" data-widget_type=\"heading.default\">\n\t\t\t\t<div class=\"elementor-widget-container\">\n\t\t\t\t\t<h2 class=\"elementor-heading-title elementor-size-default\">Sperrzeitraum:<\/h2>\t\t\t\t<\/div>\n\t\t\t\t<\/div>\n\t\t<div class=\"elementor-element elementor-element-1417deb8 e-con-full e-flex e-con e-child\" data-id=\"1417deb8\" data-element_type=\"container\" data-e-type=\"container\">\n\t\t\t\t<div class=\"elementor-element elementor-element-1446b302 elementor-widget elementor-widget-text-editor\" data-id=\"1446b302\" data-element_type=\"widget\" data-e-type=\"widget\" data-widget_type=\"text-editor.default\">\n\t\t\t\t<div class=\"elementor-widget-container\">\n\t\t\t\t\t\t\t\t\t<ul><li><span data-sheets-root=\"1\"><span style=\"letter-spacing: 1.04px;\">21. Dezember 2026 \u2013 1. Januar 2027<\/span><\/span><\/li><\/ul>\t\t\t\t\t\t\t\t<\/div>\n\t\t\t\t<\/div>\n\t\t\t\t<\/div>\n\t\t\t\t\t<\/div>\n\t\t\t\t<\/div>\n\t\t\t\t<\/div>\n\t\t<div class=\"elementor-element elementor-element-21d10571 e-con-full e-flex e-con e-child\" data-id=\"21d10571\" data-element_type=\"container\" data-e-type=\"container\">\n\t\t\t\t<div class=\"elementor-element elementor-element-4f28e79e elementor-widget elementor-widget-heading\" data-id=\"4f28e79e\" data-element_type=\"widget\" data-e-type=\"widget\" data-widget_type=\"heading.default\">\n\t\t\t\t<div class=\"elementor-widget-container\">\n\t\t\t\t\t<h2 class=\"elementor-heading-title elementor-size-default\">Das Paket beinhaltet:<\/h2>\t\t\t\t<\/div>\n\t\t\t\t<\/div>\n\t\t<div class=\"elementor-element elementor-element-179c4df e-con-full e-grid e-con e-child\" data-id=\"179c4df\" data-element_type=\"container\" data-e-type=\"container\">\n\t\t\t\t<div class=\"elementor-element elementor-element-4a1610a elementor-widget elementor-widget-text-editor\" data-id=\"4a1610a\" data-element_type=\"widget\" data-e-type=\"widget\" data-widget_type=\"text-editor.default\">\n\t\t\t\t<div class=\"elementor-widget-container\">\n\t\t\t\t\t\t\t\t\t<ul><li>Willkommens-Signature-Drink<\/li><li>Willkommens-Flasche Wein auf dem Zimmer<\/li><li>T\u00e4gliches Fr\u00fchst\u00fcck im Arunika Restaurant f\u00fcr zwei Personen<\/li><li>T\u00e4gliches 2-G\u00e4nge-Mittagessen oder -Abendessen f\u00fcr zwei Personen im roso oder Arunika<\/li><li>Resort Ambassador Service 7.00 \u2013 23.00 Uhr<\/li><li>T\u00e4glich unbegrenzt Heritage-Cocktails, Hausweine, Craft-Bier und Canap\u00e9s in der Sutasoma Lounge<\/li><li>Einmalige 45-min\u00fctige Massage f\u00fcr zwei Personen im Taru Pramana Spa &amp; Wellness<\/li><li>T\u00e4glich 3 Stunden Zugang zum Niskala Kids Club<\/li><li>T\u00e4gliche Wellness-Aktivit\u00e4ten <\/li><\/ul>\t\t\t\t\t\t\t\t<\/div>\n\t\t\t\t<\/div>\n\t\t\t\t<\/div>\n\t\t\t\t<\/div>\n\t\t\t\t<\/div>\n\t\t\t\t<\/div>\n\t\t\t\t\t<\/div>\n\t\t\t\t<\/div>\n\t\t<div class=\"elementor-element elementor-element-33a5cb71 e-flex e-con-boxed e-con e-parent\" data-id=\"33a5cb71\" data-element_type=\"container\" data-e-type=\"container\">\n\t\t\t\t\t<div class=\"e-con-inner\">\n\t\t<div class=\"elementor-element elementor-element-1c4a0d6 e-con-full e-flex e-con e-child\" data-id=\"1c4a0d6\" data-element_type=\"container\" data-e-type=\"container\" data-settings=\"{&quot;background_background&quot;:&quot;classic&quot;}\">\n\t\t<div class=\"elementor-element elementor-element-649090d0 e-con-full e-flex e-con e-child\" data-id=\"649090d0\" data-element_type=\"container\" data-e-type=\"container\">\n\t\t\t\t<div class=\"elementor-element elementor-element-4ccd479e elementor-widget elementor-widget-heading\" data-id=\"4ccd479e\" data-element_type=\"widget\" data-e-type=\"widget\" data-widget_type=\"heading.default\">\n\t\t\t\t<div class=\"elementor-widget-container\">\n\t\t\t\t\t<h2 class=\"elementor-heading-title elementor-size-default\">Allgemeine Gesch\u00e4ftsbedingungen<\/h2>\t\t\t\t<\/div>\n\t\t\t\t<\/div>\n\t\t\t\t<div class=\"elementor-element elementor-element-efaf503 elementor-widget elementor-widget-text-editor\" data-id=\"efaf503\" data-element_type=\"widget\" data-e-type=\"widget\" data-widget_type=\"text-editor.default\">\n\t\t\t\t<div class=\"elementor-widget-container\">\n\t\t\t\t\t\t\t\t\t<ul>\n<li>Mindestaufenthaltsdauer 5 N\u00e4chte<\/li>\n<li>\n<div class=\"shPackageDesc\">\n<p>Stornierungs- und \u00c4nderungsbedingungen:<\/p>\n<p>*Sie k\u00f6nnen bis zu 21 Tage vor der Anreise kostenlos stornieren (die vollst\u00e4ndige Zahlung wird auf die urspr\u00fcngliche Zahlungsmethode zur\u00fcckerstattet)<br>*Reservierungen k\u00f6nnen bis zu 21 Tage vor der Ankunft ge\u00e4ndert werden, vorbehaltlich der Best\u00e4tigung der Datums\u00e4nderung<br>*Reservierungen k\u00f6nnen bis zu 21 Tage vor der Ankunft auf einen anderen Gast \u00fcbertragen werden, vorbehaltlich der Best\u00e4tigung der Namens\u00e4nderung<br>*Bei einer Stornierung innerhalb von 20 Tagen vor der Ankunft wird Ihnen der Gesamtpreis der Reservierung in Rechnung gestellt<br>*Bei Nichterscheinen (No-Show) werden 100% des gesamten Aufenthalts in Rechnung gestellt<\/p>\n<\/div>\n<\/li>\n<li>\n<p>Stornierungsbedingungen: Dem Gast werden 100% der 1. Nacht in Rechnung gestellt.<\/p>\n<\/li>\n<li>\n<p><span style=\"background-color: transparent; color: var( --e-global-color-text ); font-family: var( --e-global-typography-48160fd-font-family ), Sans-serif; font-weight: var( --e-global-typography-text-font-weight ); letter-spacing: var( --e-global-typography-48160fd-letter-spacing ); text-align: var(--text-align);\">Zahlungsbedingungen: Die vollst\u00e4ndige Zahlung ist bei Abschluss der Reservierung f\u00e4llig.<\/span><\/p>\n<\/li>\n<li>Feedback und Vorschl\u00e4ge: Ihr Feedback und Ihre Vorschl\u00e4ge sind f\u00fcr uns von unsch\u00e4tzbarem Wert, da wir bestrebt sind, unsere Angebote zu verbessern und zu verfeinern. Wir ermutigen Sie, uns Ihre Gedanken w\u00e4hrend Ihres Aufenthalts mitzuteilen, entweder direkt an unser Personal oder \u00fcber unsere Feedback-Kan\u00e4le. <\/li>\n<li>\u00c4nderungen der Bedingungen vorbehalten: Diese allgemeinen Gesch\u00e4ftsbedingungen k\u00f6nnen ohne vorherige Ank\u00fcndigung ge\u00e4ndert werden. Wir empfehlen Ihnen, unsere Website zu \u00fcberpr\u00fcfen oder unser Reservierungsteam zu kontaktieren, um die aktuellsten Informationen zu unserem Resort zu erhalten. <\/li>\n<li>Mit der Vornahme einer Reservierung oder dem Aufenthalt in unserer Unterkunft erkl\u00e4ren Sie sich mit diesen allgemeinen Gesch\u00e4ftsbedingungen einverstanden. Wir sch\u00e4tzen Ihre Unterst\u00fctzung und Ihr Verst\u00e4ndnis aufrichtig, w\u00e4hrend wir uns auf diese aufregende Reise begeben, und wir freuen uns darauf, Ihnen ein unvergessliches Erlebnis zu bieten. <\/li>\n<\/ul>\t\t\t\t\t\t\t\t<\/div>\n\t\t\t\t<\/div>\n\t\t\t\t<\/div>\n\t\t\t\t<\/div>\n\t\t\t\t\t<\/div>\n\t\t\t\t<\/div>\n\t\t<div class=\"elementor-element elementor-element-5d51d8c e-grid e-con-boxed e-con e-parent\" data-id=\"5d51d8c\" data-element_type=\"container\" data-e-type=\"container\">\n\t\t\t\t\t<div class=\"e-con-inner\">\n\t\t<div class=\"elementor-element elementor-element-f062ceb e-con-full e-flex e-con e-child\" data-id=\"f062ceb\" data-element_type=\"container\" data-e-type=\"container\">\n\t\t\t\t<div class=\"elementor-element elementor-element-5f8fffe ob-btn-block elementor-widget__width-initial elementor-widget elementor-widget-button\" data-id=\"5f8fffe\" data-element_type=\"widget\" data-e-type=\"widget\" data-widget_type=\"button.default\">\n\t\t\t\t<div class=\"elementor-widget-container\">\n\t\t\t\t\t\t\t\t\t<div class=\"elementor-button-wrapper\">\n\t\t\t\t\t<a class=\"elementor-button elementor-button-link elementor-size-sm\" href=\"https:\/\/book.themerusanur.com\/inst\/#home?propertyId=50941&#038;PackageID=913100000000036&#038;promoCode=ALLIN&#038;minNight=5\" target=\"_blank\">\n\t\t\t\t\t\t<span class=\"elementor-button-content-wrapper\">\n\t\t\t\t\t\t\t\t\t<span class=\"elementor-button-text\">The Meru Sanur reservieren<\/span>\n\t\t\t\t\t<\/span>\n\t\t\t\t\t<\/a>\n\t\t\t\t<\/div>\n\t\t\t\t\t\t\t\t<\/div>\n\t\t\t\t<\/div>\n\t\t\t\t<\/div>\n\t\t<div class=\"elementor-element elementor-element-f70eceb e-con-full e-flex e-con e-child\" data-id=\"f70eceb\" data-element_type=\"container\" data-e-type=\"container\">\n\t\t\t\t<div class=\"elementor-element elementor-element-77f8a1b ob-btn-block elementor-widget__width-initial elementor-widget elementor-widget-button\" data-id=\"77f8a1b\" data-element_type=\"widget\" data-e-type=\"widget\" data-widget_type=\"button.default\">\n\t\t\t\t<div class=\"elementor-widget-container\">\n\t\t\t\t\t\t\t\t\t<div class=\"elementor-button-wrapper\">\n\t\t\t\t\t<a class=\"elementor-button elementor-button-link elementor-size-sm\" href=\"https:\/\/book.balibeachsanur.com\/inst\/#\/home?propertyId=50940&#038;PackageID=913000000000048&#038;promoCode=ALLIN&#038;minNight=5\" target=\"_blank\" rel=\"noopener\">\n\t\t\t\t\t\t<span class=\"elementor-button-content-wrapper\">\n\t\t\t\t\t\t\t\t\t<span class=\"elementor-button-text\">Bali Beach Hotel entdecken<\/span>\n\t\t\t\t\t<\/span>\n\t\t\t\t\t<\/a>\n\t\t\t\t<\/div>\n\t\t\t\t\t\t\t\t<\/div>\n\t\t\t\t<\/div>\n\t\t\t\t<\/div>\n\t\t\t\t\t<\/div>\n\t\t\t\t<\/div>\n\t\t\t\t<\/div>\n\t\t","protected":false},"excerpt":{"rendered":"<p>Sanur Beach All Inclusive Entfliehen Sie ins Paradies mit unserem All-Inclusive-Paket \u2013 Ihrem ultimativen, sorgenfreien Kurzurlaub. Genie\u00dfen Sie einen Aufenthalt von mindestens 5 N\u00e4chten und sichern Sie sich eine Vielzahl exklusiver Vorteile, darunter t\u00e4gliche Mahlzeiten, ausgew\u00e4hlte Getr\u00e4nke, Aktivit\u00e4ten und vieles mehr. The Meru Sanur reservieren Bali Beach Hotel entdecken Buchungszeitraum: 1. Januar 2026 \u2013 15. [&hellip;]<\/p>\n","protected":false},"author":2,"featured_media":11499,"parent":12081,"menu_order":0,"comment_status":"closed","ping_status":"closed","template":"","meta":{"footnotes":""},"class_list":["post-12128","page","type-page","status-publish","has-post-thumbnail","hentry"],"_links":{"self":[{"href":"https:\/\/themerusanur.com\/de\/wp-json\/wp\/v2\/pages\/12128","targetHints":{"allow":["GET"]}}],"collection":[{"href":"https:\/\/themerusanur.com\/de\/wp-json\/wp\/v2\/pages"}],"about":[{"href":"https:\/\/themerusanur.com\/de\/wp-json\/wp\/v2\/types\/page"}],"author":[{"embeddable":true,"href":"https:\/\/themerusanur.com\/de\/wp-json\/wp\/v2\/users\/2"}],"replies":[{"embeddable":true,"href":"https:\/\/themerusanur.com\/de\/wp-json\/wp\/v2\/comments?post=12128"}],"version-history":[{"count":1,"href":"https:\/\/themerusanur.com\/de\/wp-json\/wp\/v2\/pages\/12128\/revisions"}],"predecessor-version":[{"id":12129,"href":"https:\/\/themerusanur.com\/de\/wp-json\/wp\/v2\/pages\/12128\/revisions\/12129"}],"up":[{"embeddable":true,"href":"https:\/\/themerusanur.com\/de\/wp-json\/wp\/v2\/pages\/12081"}],"wp:featuredmedia":[{"embeddable":true,"href":"https:\/\/themerusanur.com\/de\/wp-json\/wp\/v2\/media\/11499"}],"wp:attachment":[{"href":"https:\/\/themerusanur.com\/de\/wp-json\/wp\/v2\/media?parent=12128"}],"curies":[{"name":"wp","href":"https:\/\/api.w.org\/{rel}","templated":true}]}}