{"id":12211,"date":"2025-02-13T16:50:29","date_gmt":"2025-02-13T08:50:29","guid":{"rendered":"https:\/\/themerusanur.com\/events-konferenzen\/bali-beach-convention-center\/"},"modified":"2026-04-18T18:07:48","modified_gmt":"2026-04-18T10:07:48","slug":"bali-beach-convention-center","status":"publish","type":"page","link":"https:\/\/themerusanur.com\/de\/events-konferenzen\/bali-beach-convention-center\/","title":{"rendered":"Bali Beach Convention Center"},"content":{"rendered":"\t\t<div data-elementor-type=\"wp-page\" data-elementor-id=\"12211\" class=\"elementor elementor-12211 elementor-3151\" data-elementor-post-type=\"page\">\n\t\t\t\t<div class=\"elementor-element elementor-element-d007107 ob-bg-video e-flex e-con-boxed e-con e-parent\" data-id=\"d007107\" data-element_type=\"container\" data-e-type=\"container\" data-settings=\"{&quot;background_background&quot;:&quot;classic&quot;}\">\n\t\t\t\t\t<div class=\"e-con-inner\">\n\t\t\t\t\t<\/div>\n\t\t\t\t<\/div>\n\t\t<div class=\"elementor-element elementor-element-08690a2 e-flex e-con-boxed e-con e-parent\" data-id=\"08690a2\" data-element_type=\"container\" data-e-type=\"container\">\n\t\t\t\t\t<div class=\"e-con-inner\">\n\t\t\t\t\t<\/div>\n\t\t\t\t<\/div>\n\t\t<div class=\"elementor-element elementor-element-58a8534 e-flex e-con-boxed e-con e-parent\" data-id=\"58a8534\" data-element_type=\"container\" data-e-type=\"container\">\n\t\t\t\t\t<div class=\"e-con-inner\">\n\t\t<div class=\"elementor-element elementor-element-651eeff e-con-full e-flex e-con e-child\" data-id=\"651eeff\" data-element_type=\"container\" data-e-type=\"container\">\n\t\t\t\t<div class=\"elementor-element elementor-element-c6fa47f elementor-widget elementor-widget-heading\" data-id=\"c6fa47f\" data-element_type=\"widget\" data-e-type=\"widget\" data-widget_type=\"heading.default\">\n\t\t\t\t<div class=\"elementor-widget-container\">\n\t\t\t\t\t<h1 class=\"elementor-heading-title elementor-size-default\">Bali Beach Convention Center<\/h1>\t\t\t\t<\/div>\n\t\t\t\t<\/div>\n\t\t<div class=\"elementor-element elementor-element-6c57340 e-con-full e-flex e-con e-child\" data-id=\"6c57340\" data-element_type=\"container\" data-e-type=\"container\" data-settings=\"{&quot;background_background&quot;:&quot;classic&quot;}\">\n\t\t<div class=\"elementor-element elementor-element-66a6164 e-con-full e-flex e-con e-child\" data-id=\"66a6164\" data-element_type=\"container\" data-e-type=\"container\">\n\t\t<div class=\"elementor-element elementor-element-3327412 e-con-full e-flex e-con e-child\" data-id=\"3327412\" data-element_type=\"container\" data-e-type=\"container\">\n\t\t\t\t<div class=\"elementor-element elementor-element-b4d388c elementor-widget elementor-widget-heading\" data-id=\"b4d388c\" data-element_type=\"widget\" data-e-type=\"widget\" data-widget_type=\"heading.default\">\n\t\t\t\t<div class=\"elementor-widget-container\">\n\t\t\t\t\t<h2 class=\"elementor-heading-title elementor-size-default\">3750 m<sup>2<\/sup><\/h2>\t\t\t\t<\/div>\n\t\t\t\t<\/div>\n\t\t\t\t<\/div>\n\t\t<div class=\"elementor-element elementor-element-40aff80 e-con-full e-flex e-con e-child\" data-id=\"40aff80\" data-element_type=\"container\" data-e-type=\"container\">\n\t\t\t\t<div class=\"elementor-element elementor-element-1294036 elementor-widget elementor-widget-heading\" data-id=\"1294036\" data-element_type=\"widget\" data-e-type=\"widget\" data-widget_type=\"heading.default\">\n\t\t\t\t<div class=\"elementor-widget-container\">\n\t\t\t\t\t<h2 class=\"elementor-heading-title elementor-size-default\">Tropenblick<\/h2>\t\t\t\t<\/div>\n\t\t\t\t<\/div>\n\t\t\t\t<\/div>\n\t\t<div class=\"elementor-element elementor-element-e92fb1b e-con-full e-flex e-con e-child\" data-id=\"e92fb1b\" data-element_type=\"container\" data-e-type=\"container\">\n\t\t\t\t<div class=\"elementor-element elementor-element-e16f801 elementor-widget elementor-widget-heading\" data-id=\"e16f801\" data-element_type=\"widget\" data-e-type=\"widget\" data-widget_type=\"heading.default\">\n\t\t\t\t<div class=\"elementor-widget-container\">\n\t\t\t\t\t<h2 class=\"elementor-heading-title elementor-size-default\">Bis zu 4756 G\u00e4ste<\/h2>\t\t\t\t<\/div>\n\t\t\t\t<\/div>\n\t\t\t\t<\/div>\n\t\t\t\t<\/div>\n\t\t\t\t<\/div>\n\t\t\t\t<div class=\"elementor-element elementor-element-b771662 elementor-widget elementor-widget-text-editor\" data-id=\"b771662\" data-element_type=\"widget\" data-e-type=\"widget\" data-widget_type=\"text-editor.default\">\n\t\t\t\t<div class=\"elementor-widget-container\">\n\t\t\t\t\t\t\t\t\t<p style=\"text-align: left;\">Das Bali Beach Convention Center bietet einen unvergleichlichen Rahmen f\u00fcr Weltklasse-Events. Mit Blick auf den ruhigen Sanur Beach kombiniert unser f\u00fchrendes Kongresszentrum auf Bali atemberaubende Meeresblicke mit einem anspruchsvollen Interieur und schafft so eine Atmosph\u00e4re von Eleganz und Prestige. Konzipiert f\u00fcr Konferenzen, Firmentreffen, Hochzeiten und gro\u00dfe Feierlichkeiten.  <br><br><\/p>\t\t\t\t\t\t\t\t<\/div>\n\t\t\t\t<\/div>\n\t\t\t\t<\/div>\n\t\t<div class=\"elementor-element elementor-element-aede4ef e-con-full e-flex e-con e-child\" data-id=\"aede4ef\" data-element_type=\"container\" data-e-type=\"container\">\n\t\t\t\t<div class=\"elementor-element elementor-element-b4ef1a4 elementor-widget-divider--view-line elementor-widget elementor-widget-divider\" data-id=\"b4ef1a4\" data-element_type=\"widget\" data-e-type=\"widget\" data-widget_type=\"divider.default\">\n\t\t\t\t<div class=\"elementor-widget-container\">\n\t\t\t\t\t\t\t<div class=\"elementor-divider\">\n\t\t\t<span class=\"elementor-divider-separator\">\n\t\t\t\t\t\t<\/span>\n\t\t<\/div>\n\t\t\t\t\t\t<\/div>\n\t\t\t\t<\/div>\n\t\t\t\t<\/div>\n\t\t\t\t\t<\/div>\n\t\t\t\t<\/div>\n\t\t<div class=\"elementor-element elementor-element-acc8f5c e-flex e-con-boxed e-con e-parent\" data-id=\"acc8f5c\" data-element_type=\"container\" data-e-type=\"container\">\n\t\t\t\t\t<div class=\"e-con-inner\">\n\t\t<div class=\"elementor-element elementor-element-6be4b64 e-con-full e-flex e-con e-child\" data-id=\"6be4b64\" data-element_type=\"container\" data-e-type=\"container\" data-settings=\"{&quot;background_background&quot;:&quot;classic&quot;}\">\n\t\t<div class=\"elementor-element elementor-element-b2d6e0e e-con-full e-flex e-con e-child\" data-id=\"b2d6e0e\" data-element_type=\"container\" data-e-type=\"container\">\n\t\t\t\t<div class=\"elementor-element elementor-element-d328821 elementor-widget elementor-widget-heading\" data-id=\"d328821\" data-element_type=\"widget\" data-e-type=\"widget\" data-widget_type=\"heading.default\">\n\t\t\t\t<div class=\"elementor-widget-container\">\n\t\t\t\t\t<h2 class=\"elementor-heading-title elementor-size-default\">Bali Beach Convention Konfiguration &amp; Kapazit\u00e4t<\/h2>\t\t\t\t<\/div>\n\t\t\t\t<\/div>\n\t\t\t\t<div class=\"elementor-element elementor-element-bb98cfe elementor-hidden-mobile_extra elementor-hidden-mobile elementor-widget elementor-widget-image\" data-id=\"bb98cfe\" data-element_type=\"widget\" data-e-type=\"widget\" data-widget_type=\"image.default\">\n\t\t\t\t<div class=\"elementor-widget-container\">\n\t\t\t\t\t\t\t\t\t\t\t\t\t\t\t<img fetchpriority=\"high\" decoding=\"async\" width=\"1512\" height=\"520\" src=\"https:\/\/themerusanur.com\/wp-content\/uploads\/2025\/02\/Website-1512x520-Bali-Beach-Convention-Configuration.jpg\" class=\"attachment-full size-full wp-image-12219\" alt=\"\" srcset=\"https:\/\/themerusanur.com\/wp-content\/uploads\/2025\/02\/Website-1512x520-Bali-Beach-Convention-Configuration.jpg 1512w, https:\/\/themerusanur.com\/wp-content\/uploads\/2025\/02\/Website-1512x520-Bali-Beach-Convention-Configuration-300x103.jpg 300w, https:\/\/themerusanur.com\/wp-content\/uploads\/2025\/02\/Website-1512x520-Bali-Beach-Convention-Configuration-1024x352.jpg 1024w, https:\/\/themerusanur.com\/wp-content\/uploads\/2025\/02\/Website-1512x520-Bali-Beach-Convention-Configuration-768x264.jpg 768w\" sizes=\"(max-width: 1512px) 100vw, 1512px\" title=\"\">\t\t\t\t\t\t\t\t\t\t\t\t\t\t\t<\/div>\n\t\t\t\t<\/div>\n\t\t\t\t<div class=\"elementor-element elementor-element-655687f elementor-hidden-desktop elementor-hidden-laptop elementor-hidden-tablet_extra elementor-hidden-tablet elementor-widget elementor-widget-button\" data-id=\"655687f\" data-element_type=\"widget\" data-e-type=\"widget\" data-widget_type=\"button.default\">\n\t\t\t\t<div class=\"elementor-widget-container\">\n\t\t\t\t\t\t\t\t\t<div class=\"elementor-button-wrapper\">\n\t\t\t\t\t<a class=\"elementor-button elementor-button-link elementor-size-sm\" href=\"https:\/\/themerusanur.com\/wp-content\/uploads\/2025\/02\/Website-1512x520-Bali-Beach-Convention-Configuration.jpg\" target=\"_blank\">\n\t\t\t\t\t\t<span class=\"elementor-button-content-wrapper\">\n\t\t\t\t\t\t\t\t\t<span class=\"elementor-button-text\">Konfiguration entdecken<\/span>\n\t\t\t\t\t<\/span>\n\t\t\t\t\t<\/a>\n\t\t\t\t<\/div>\n\t\t\t\t\t\t\t\t<\/div>\n\t\t\t\t<\/div>\n\t\t\t\t<\/div>\n\t\t\t\t<\/div>\n\t\t\t\t\t<\/div>\n\t\t\t\t<\/div>\n\t\t<div class=\"elementor-element elementor-element-904eed3 e-flex e-con-boxed e-con e-parent\" data-id=\"904eed3\" data-element_type=\"container\" data-e-type=\"container\">\n\t\t\t\t\t<div class=\"e-con-inner\">\n\t\t\t\t<div class=\"elementor-element elementor-element-4875d39 elementor-widget elementor-widget-heading\" data-id=\"4875d39\" data-element_type=\"widget\" data-e-type=\"widget\" data-widget_type=\"heading.default\">\n\t\t\t\t<div class=\"elementor-widget-container\">\n\t\t\t\t\t<h2 class=\"elementor-heading-title elementor-size-default\">Galerie<\/h2>\t\t\t\t<\/div>\n\t\t\t\t<\/div>\n\t\t\t\t<div class=\"elementor-element elementor-element-6e5b3b6 elementor-arrows-position-outside elementor-widget elementor-widget-n-carousel\" data-id=\"6e5b3b6\" data-element_type=\"widget\" data-e-type=\"widget\" data-settings=\"{&quot;carousel_items&quot;:[{&quot;slide_title&quot;:&quot;Slide #1&quot;,&quot;_id&quot;:&quot;c41a505&quot;},{&quot;slide_title&quot;:&quot;Slide #2&quot;,&quot;_id&quot;:&quot;acdc7af&quot;},{&quot;slide_title&quot;:&quot;Slide #3&quot;,&quot;_id&quot;:&quot;fd0cbb2&quot;}],&quot;slides_to_show&quot;:&quot;1&quot;,&quot;image_spacing_custom&quot;:{&quot;unit&quot;:&quot;px&quot;,&quot;size&quot;:0,&quot;sizes&quot;:[]},&quot;slides_to_show_mobile_extra&quot;:&quot;1&quot;,&quot;image_spacing_custom_tablet&quot;:{&quot;unit&quot;:&quot;px&quot;,&quot;size&quot;:10,&quot;sizes&quot;:[]},&quot;slides_to_show_tablet&quot;:&quot;1&quot;,&quot;slides_to_show_mobile&quot;:&quot;1&quot;,&quot;autoplay&quot;:&quot;yes&quot;,&quot;autoplay_speed&quot;:5000,&quot;pause_on_hover&quot;:&quot;yes&quot;,&quot;pause_on_interaction&quot;:&quot;yes&quot;,&quot;infinite&quot;:&quot;yes&quot;,&quot;speed&quot;:500,&quot;offset_sides&quot;:&quot;none&quot;,&quot;arrows&quot;:&quot;yes&quot;,&quot;image_spacing_custom_laptop&quot;:{&quot;unit&quot;:&quot;px&quot;,&quot;size&quot;:&quot;&quot;,&quot;sizes&quot;:[]},&quot;image_spacing_custom_tablet_extra&quot;:{&quot;unit&quot;:&quot;px&quot;,&quot;size&quot;:&quot;&quot;,&quot;sizes&quot;:[]},&quot;image_spacing_custom_mobile_extra&quot;:{&quot;unit&quot;:&quot;px&quot;,&quot;size&quot;:&quot;&quot;,&quot;sizes&quot;:[]},&quot;image_spacing_custom_mobile&quot;:{&quot;unit&quot;:&quot;px&quot;,&quot;size&quot;:&quot;&quot;,&quot;sizes&quot;:[]}}\" data-widget_type=\"nested-carousel.default\">\n\t\t\t\t<div class=\"elementor-widget-container\">\n\t\t\t\t\t\t\t<div class=\"e-n-carousel swiper\" role=\"region\" aria-roledescription=\"carousel\" aria-label=\"Carousel\" dir=\"ltr\">\n\t\t\t<div class=\"swiper-wrapper\" aria-live=\"off\">\n\t\t\t\t\t\t\t\t\t\t<div class=\"swiper-slide\" data-slide=\"1\" role=\"group\" aria-roledescription=\"slide\" aria-label=\"1 of 3\">\n\t\t\t\t\t\t\t<div class=\"elementor-element elementor-element-80ef8d4 e-flex e-con-boxed e-con e-child\" data-id=\"80ef8d4\" data-element_type=\"container\" data-e-type=\"container\">\n\t\t\t\t\t<div class=\"e-con-inner\">\n\t\t<div class=\"elementor-element elementor-element-24378ab e-con-full e-flex e-con e-child\" data-id=\"24378ab\" data-element_type=\"container\" data-e-type=\"container\">\n\t\t\t\t<div class=\"elementor-element elementor-element-f461a81 elementor-hidden-mobile_extra elementor-hidden-mobile elementor-widget elementor-widget-image\" data-id=\"f461a81\" data-element_type=\"widget\" data-e-type=\"widget\" data-widget_type=\"image.default\">\n\t\t\t\t<div class=\"elementor-widget-container\">\n\t\t\t\t\t\t\t\t\t\t\t\t\t\t\t<img decoding=\"async\" width=\"1128\" height=\"570\" src=\"https:\/\/themerusanur.com\/wp-content\/uploads\/2025\/02\/Website-1128x570-Bali-Beach-Convention-1.jpg\" class=\"attachment-full size-full wp-image-12213\" alt=\"\" srcset=\"https:\/\/themerusanur.com\/wp-content\/uploads\/2025\/02\/Website-1128x570-Bali-Beach-Convention-1.jpg 1128w, https:\/\/themerusanur.com\/wp-content\/uploads\/2025\/02\/Website-1128x570-Bali-Beach-Convention-1-300x152.jpg 300w, https:\/\/themerusanur.com\/wp-content\/uploads\/2025\/02\/Website-1128x570-Bali-Beach-Convention-1-1024x517.jpg 1024w, https:\/\/themerusanur.com\/wp-content\/uploads\/2025\/02\/Website-1128x570-Bali-Beach-Convention-1-768x388.jpg 768w\" sizes=\"(max-width: 1128px) 100vw, 1128px\" title=\"\">\t\t\t\t\t\t\t\t\t\t\t\t\t\t\t<\/div>\n\t\t\t\t<\/div>\n\t\t\t\t<div class=\"elementor-element elementor-element-ef8c607 elementor-hidden-desktop elementor-hidden-laptop elementor-hidden-tablet_extra elementor-hidden-tablet elementor-widget elementor-widget-image\" data-id=\"ef8c607\" data-element_type=\"widget\" data-e-type=\"widget\" data-widget_type=\"image.default\">\n\t\t\t\t<div class=\"elementor-widget-container\">\n\t\t\t\t\t\t\t\t\t\t\t\t\t\t\t<img decoding=\"async\" width=\"716\" height=\"600\" src=\"https:\/\/themerusanur.com\/wp-content\/uploads\/2025\/02\/Website-716-x-600-Bali-Beach-Convention-A.jpg\" class=\"attachment-full size-full wp-image-12216\" alt=\"\" srcset=\"https:\/\/themerusanur.com\/wp-content\/uploads\/2025\/02\/Website-716-x-600-Bali-Beach-Convention-A.jpg 716w, https:\/\/themerusanur.com\/wp-content\/uploads\/2025\/02\/Website-716-x-600-Bali-Beach-Convention-A-300x251.jpg 300w\" sizes=\"(max-width: 716px) 100vw, 716px\" title=\"\">\t\t\t\t\t\t\t\t\t\t\t\t\t\t\t<\/div>\n\t\t\t\t<\/div>\n\t\t\t\t<\/div>\n\t\t\t\t\t<\/div>\n\t\t\t\t<\/div>\n\t\t\t\t\t\t\t\t<\/div>\n\t\t\t\t\t\t\t\t\t\t\t<div class=\"swiper-slide\" data-slide=\"2\" role=\"group\" aria-roledescription=\"slide\" aria-label=\"2 of 3\">\n\t\t\t\t\t\t\t<div class=\"elementor-element elementor-element-c09cfe4 e-flex e-con-boxed e-con e-child\" data-id=\"c09cfe4\" data-element_type=\"container\" data-e-type=\"container\">\n\t\t\t\t\t<div class=\"e-con-inner\">\n\t\t<div class=\"elementor-element elementor-element-765e779 e-con-full e-flex e-con e-child\" data-id=\"765e779\" data-element_type=\"container\" data-e-type=\"container\">\n\t\t\t\t<div class=\"elementor-element elementor-element-47e682a elementor-hidden-mobile_extra elementor-hidden-mobile elementor-widget elementor-widget-image\" data-id=\"47e682a\" data-element_type=\"widget\" data-e-type=\"widget\" data-widget_type=\"image.default\">\n\t\t\t\t<div class=\"elementor-widget-container\">\n\t\t\t\t\t\t\t\t\t\t\t\t\t\t\t<img loading=\"lazy\" decoding=\"async\" width=\"1128\" height=\"570\" src=\"https:\/\/themerusanur.com\/wp-content\/uploads\/2025\/02\/Website-1128x570-Bali-Beach-Convention-2.jpg\" class=\"attachment-full size-full wp-image-12214\" alt=\"\" srcset=\"https:\/\/themerusanur.com\/wp-content\/uploads\/2025\/02\/Website-1128x570-Bali-Beach-Convention-2.jpg 1128w, https:\/\/themerusanur.com\/wp-content\/uploads\/2025\/02\/Website-1128x570-Bali-Beach-Convention-2-300x152.jpg 300w, https:\/\/themerusanur.com\/wp-content\/uploads\/2025\/02\/Website-1128x570-Bali-Beach-Convention-2-1024x517.jpg 1024w, https:\/\/themerusanur.com\/wp-content\/uploads\/2025\/02\/Website-1128x570-Bali-Beach-Convention-2-768x388.jpg 768w\" sizes=\"(max-width: 1128px) 100vw, 1128px\" title=\"\">\t\t\t\t\t\t\t\t\t\t\t\t\t\t\t<\/div>\n\t\t\t\t<\/div>\n\t\t\t\t<div class=\"elementor-element elementor-element-62e02ea elementor-hidden-desktop elementor-hidden-laptop elementor-hidden-tablet_extra elementor-hidden-tablet elementor-widget elementor-widget-image\" data-id=\"62e02ea\" data-element_type=\"widget\" data-e-type=\"widget\" data-widget_type=\"image.default\">\n\t\t\t\t<div class=\"elementor-widget-container\">\n\t\t\t\t\t\t\t\t\t\t\t\t\t\t\t<img loading=\"lazy\" decoding=\"async\" width=\"716\" height=\"600\" src=\"https:\/\/themerusanur.com\/wp-content\/uploads\/2025\/02\/Website-716-x-600-Bali-Beach-Convention-B.jpg\" class=\"attachment-full size-full wp-image-12217\" alt=\"\" srcset=\"https:\/\/themerusanur.com\/wp-content\/uploads\/2025\/02\/Website-716-x-600-Bali-Beach-Convention-B.jpg 716w, https:\/\/themerusanur.com\/wp-content\/uploads\/2025\/02\/Website-716-x-600-Bali-Beach-Convention-B-300x251.jpg 300w\" sizes=\"(max-width: 716px) 100vw, 716px\" title=\"\">\t\t\t\t\t\t\t\t\t\t\t\t\t\t\t<\/div>\n\t\t\t\t<\/div>\n\t\t\t\t<\/div>\n\t\t\t\t\t<\/div>\n\t\t\t\t<\/div>\n\t\t\t\t\t\t\t\t<\/div>\n\t\t\t\t\t\t\t\t\t\t\t<div class=\"swiper-slide\" data-slide=\"3\" role=\"group\" aria-roledescription=\"slide\" aria-label=\"3 of 3\">\n\t\t\t\t\t\t\t<div class=\"elementor-element elementor-element-d7978f8 e-flex e-con-boxed e-con e-child\" data-id=\"d7978f8\" data-element_type=\"container\" data-e-type=\"container\">\n\t\t\t\t\t<div class=\"e-con-inner\">\n\t\t<div class=\"elementor-element elementor-element-a5e544c e-con-full e-flex e-con e-child\" data-id=\"a5e544c\" data-element_type=\"container\" data-e-type=\"container\">\n\t\t\t\t<div class=\"elementor-element elementor-element-e55811c elementor-hidden-mobile_extra elementor-hidden-mobile elementor-widget elementor-widget-image\" data-id=\"e55811c\" data-element_type=\"widget\" data-e-type=\"widget\" data-widget_type=\"image.default\">\n\t\t\t\t<div class=\"elementor-widget-container\">\n\t\t\t\t\t\t\t\t\t\t\t\t\t\t\t<img loading=\"lazy\" decoding=\"async\" width=\"1128\" height=\"570\" src=\"https:\/\/themerusanur.com\/wp-content\/uploads\/2025\/02\/Website-1128x570-Bali-Beach-Convention-3.jpg\" class=\"attachment-full size-full wp-image-12215\" alt=\"\" srcset=\"https:\/\/themerusanur.com\/wp-content\/uploads\/2025\/02\/Website-1128x570-Bali-Beach-Convention-3.jpg 1128w, https:\/\/themerusanur.com\/wp-content\/uploads\/2025\/02\/Website-1128x570-Bali-Beach-Convention-3-300x152.jpg 300w, https:\/\/themerusanur.com\/wp-content\/uploads\/2025\/02\/Website-1128x570-Bali-Beach-Convention-3-1024x517.jpg 1024w, https:\/\/themerusanur.com\/wp-content\/uploads\/2025\/02\/Website-1128x570-Bali-Beach-Convention-3-768x388.jpg 768w\" sizes=\"(max-width: 1128px) 100vw, 1128px\" title=\"\">\t\t\t\t\t\t\t\t\t\t\t\t\t\t\t<\/div>\n\t\t\t\t<\/div>\n\t\t\t\t<div class=\"elementor-element elementor-element-8ffe719 elementor-hidden-desktop elementor-hidden-laptop elementor-hidden-tablet_extra elementor-hidden-tablet elementor-widget elementor-widget-image\" data-id=\"8ffe719\" data-element_type=\"widget\" data-e-type=\"widget\" data-widget_type=\"image.default\">\n\t\t\t\t<div class=\"elementor-widget-container\">\n\t\t\t\t\t\t\t\t\t\t\t\t\t\t\t<img loading=\"lazy\" decoding=\"async\" width=\"716\" height=\"600\" src=\"https:\/\/themerusanur.com\/wp-content\/uploads\/2025\/02\/Website-716-x-600-Bali-Beach-Convention-C.jpg\" class=\"attachment-full size-full wp-image-12218\" alt=\"\" srcset=\"https:\/\/themerusanur.com\/wp-content\/uploads\/2025\/02\/Website-716-x-600-Bali-Beach-Convention-C.jpg 716w, https:\/\/themerusanur.com\/wp-content\/uploads\/2025\/02\/Website-716-x-600-Bali-Beach-Convention-C-300x251.jpg 300w\" sizes=\"(max-width: 716px) 100vw, 716px\" title=\"\">\t\t\t\t\t\t\t\t\t\t\t\t\t\t\t<\/div>\n\t\t\t\t<\/div>\n\t\t\t\t<\/div>\n\t\t\t\t\t<\/div>\n\t\t\t\t<\/div>\n\t\t\t\t\t\t\t\t<\/div>\n\t\t\t\t\t\t\t\t<\/div>\n\t\t<\/div>\n\t\t\t\t\t<div class=\"elementor-swiper-button elementor-swiper-button-prev\" role=\"button\" tabindex=\"0\" aria-label=\"Previous\">\n\t\t\t\t<i aria-hidden=\"true\" class=\"fas fa-angle-left\"><\/i>\t\t\t<\/div>\n\t\t\t<div class=\"elementor-swiper-button elementor-swiper-button-next\" role=\"button\" tabindex=\"0\" aria-label=\"Next\">\n\t\t\t\t<i aria-hidden=\"true\" class=\"fas fa-angle-right\"><\/i>\t\t\t<\/div>\n\t\t\t\t\t\t<\/div>\n\t\t\t\t<\/div>\n\t\t\t\t<div class=\"elementor-element elementor-element-3085cc4 ob-btn-block elementor-widget__width-initial elementor-widget elementor-widget-button\" data-id=\"3085cc4\" data-element_type=\"widget\" data-e-type=\"widget\" data-widget_type=\"button.default\">\n\t\t\t\t<div class=\"elementor-widget-container\">\n\t\t\t\t\t\t\t\t\t<div class=\"elementor-button-wrapper\">\n\t\t\t\t\t<a class=\"elementor-button elementor-button-link elementor-size-sm\" href=\"#\">\n\t\t\t\t\t\t<span class=\"elementor-button-content-wrapper\">\n\t\t\t\t\t\t\t\t\t<span class=\"elementor-button-text\">Kontaktieren Sie uns<\/span>\n\t\t\t\t\t<\/span>\n\t\t\t\t\t<\/a>\n\t\t\t\t<\/div>\n\t\t\t\t\t\t\t\t<\/div>\n\t\t\t\t<\/div>\n\t\t\t\t\t<\/div>\n\t\t\t\t<\/div>\n\t\t\t\t<\/div>\n\t\t","protected":false},"excerpt":{"rendered":"<p>Bali Beach Convention Center 3750 m2 Tropenblick Bis zu 4756 G\u00e4ste Das Bali Beach Convention Center bietet einen unvergleichlichen Rahmen f\u00fcr Weltklasse-Events. Mit Blick auf den ruhigen Sanur Beach kombiniert unser f\u00fchrendes Kongresszentrum auf Bali atemberaubende Meeresblicke mit einem anspruchsvollen Interieur und schafft so eine Atmosph\u00e4re von Eleganz und Prestige. Konzipiert f\u00fcr Konferenzen, Firmentreffen, Hochzeiten [&hellip;]<\/p>\n","protected":false},"author":2,"featured_media":11568,"parent":12188,"menu_order":1,"comment_status":"closed","ping_status":"closed","template":"","meta":{"footnotes":""},"class_list":["post-12211","page","type-page","status-publish","has-post-thumbnail","hentry"],"_links":{"self":[{"href":"https:\/\/themerusanur.com\/de\/wp-json\/wp\/v2\/pages\/12211","targetHints":{"allow":["GET"]}}],"collection":[{"href":"https:\/\/themerusanur.com\/de\/wp-json\/wp\/v2\/pages"}],"about":[{"href":"https:\/\/themerusanur.com\/de\/wp-json\/wp\/v2\/types\/page"}],"author":[{"embeddable":true,"href":"https:\/\/themerusanur.com\/de\/wp-json\/wp\/v2\/users\/2"}],"replies":[{"embeddable":true,"href":"https:\/\/themerusanur.com\/de\/wp-json\/wp\/v2\/comments?post=12211"}],"version-history":[{"count":1,"href":"https:\/\/themerusanur.com\/de\/wp-json\/wp\/v2\/pages\/12211\/revisions"}],"predecessor-version":[{"id":12220,"href":"https:\/\/themerusanur.com\/de\/wp-json\/wp\/v2\/pages\/12211\/revisions\/12220"}],"up":[{"embeddable":true,"href":"https:\/\/themerusanur.com\/de\/wp-json\/wp\/v2\/pages\/12188"}],"wp:featuredmedia":[{"embeddable":true,"href":"https:\/\/themerusanur.com\/de\/wp-json\/wp\/v2\/media\/11568"}],"wp:attachment":[{"href":"https:\/\/themerusanur.com\/de\/wp-json\/wp\/v2\/media?parent=12211"}],"curies":[{"name":"wp","href":"https:\/\/api.w.org\/{rel}","templated":true}]}}