{"id":10899,"date":"2025-06-26T09:51:53","date_gmt":"2025-06-26T01:51:53","guid":{"rendered":"https:\/\/themerusanur.com\/seaside-jazz-mantra\/"},"modified":"2026-04-17T00:30:27","modified_gmt":"2026-04-16T16:30:27","slug":"seaside-jazz-mantra","status":"publish","type":"page","link":"https:\/\/themerusanur.com\/fr\/seaside-jazz-mantra\/","title":{"rendered":"Seaside Jazz Mantra"},"content":{"rendered":"\t\t<div data-elementor-type=\"wp-page\" data-elementor-id=\"10899\" class=\"elementor elementor-10899 elementor-6110\" data-elementor-post-type=\"page\">\n\t\t\t\t<div class=\"elementor-element elementor-element-22770182 ob-bg-video e-flex e-con-boxed e-con e-parent\" data-id=\"22770182\" data-element_type=\"container\" data-e-type=\"container\" data-settings=\"{&quot;background_background&quot;:&quot;classic&quot;}\">\n\t\t\t\t\t<div class=\"e-con-inner\">\n\t\t\t\t\t<\/div>\n\t\t\t\t<\/div>\n\t\t<div class=\"elementor-element elementor-element-4eff2581 e-flex e-con-boxed e-con e-parent\" data-id=\"4eff2581\" data-element_type=\"container\" data-e-type=\"container\">\n\t\t\t\t\t<div class=\"e-con-inner\">\n\t\t\t\t\t<\/div>\n\t\t\t\t<\/div>\n\t\t<div class=\"elementor-element elementor-element-30d8b718 e-flex e-con-boxed e-con e-parent\" data-id=\"30d8b718\" data-element_type=\"container\" data-e-type=\"container\">\n\t\t\t\t\t<div class=\"e-con-inner\">\n\t\t<div class=\"elementor-element elementor-element-43a0c6a e-con-full e-flex e-con e-child\" data-id=\"43a0c6a\" data-element_type=\"container\" data-e-type=\"container\">\n\t\t\t\t<div class=\"elementor-element elementor-element-7755fdc elementor-widget elementor-widget-heading\" data-id=\"7755fdc\" data-element_type=\"widget\" data-e-type=\"widget\" data-widget_type=\"heading.default\">\n\t\t\t\t<div class=\"elementor-widget-container\">\n\t\t\t\t\t<h2 class=\"elementor-heading-title elementor-size-default\">Art gastronomique au Seaside Jazz Mantra\n<\/h2>\t\t\t\t<\/div>\n\t\t\t\t<\/div>\n\t\t\t\t<div class=\"elementor-element elementor-element-5f1be70a elementor-widget elementor-widget-text-editor\" data-id=\"5f1be70a\" data-element_type=\"widget\" data-e-type=\"widget\" data-widget_type=\"text-editor.default\">\n\t\t\t\t<div class=\"elementor-widget-container\">\n\t\t\t\t\t\t\t\t\t<p>Un d\u00eener sp\u00e9cial de 6 plats avec accord mets et vins, une collaboration entre le Chef Pierluigi Gallo, des chefs \u00e9toil\u00e9s au guide Michelin et le Chef Marco Medaglia, Chef ex\u00e9cutif de The Meru Sanur.<\/p><p>La soir\u00e9e comprendra \u00e9galement un concert de jazz en direct du Koko Harsoe Quartet, un groupe s\u00e9lectionn\u00e9 par l&rsquo;Ubud Village Jazz Festival.<\/p><p>Bali Beach Garden, The Meru Sanur | Vendredi 24 octobre 2025 | 18h30 \u2013 21h00 | IDR 1,500,000++\/Personne<\/p><p>Pour toute r\u00e9servation et plus d&rsquo;informations, veuillez nous contacter.<\/p>\t\t\t\t\t\t\t\t<\/div>\n\t\t\t\t<\/div>\n\t\t\t\t<\/div>\n\t\t<div class=\"elementor-element elementor-element-3cd596c0 e-con-full e-flex e-con e-child\" data-id=\"3cd596c0\" data-element_type=\"container\" data-e-type=\"container\">\n\t\t<div class=\"elementor-element elementor-element-89c9342 e-con-full e-flex e-con e-child\" data-id=\"89c9342\" data-element_type=\"container\" data-e-type=\"container\">\n\t\t<div class=\"elementor-element elementor-element-36aea77 e-con-full e-flex e-con e-child\" data-id=\"36aea77\" data-element_type=\"container\" data-e-type=\"container\" data-settings=\"{&quot;background_background&quot;:&quot;classic&quot;}\">\n\t\t<div class=\"elementor-element elementor-element-dcee94c e-con-full e-flex e-con e-child\" data-id=\"dcee94c\" data-element_type=\"container\" data-e-type=\"container\">\n\t\t\t\t<div class=\"elementor-element elementor-element-dcfb3c6 elementor-widget elementor-widget-heading\" data-id=\"dcfb3c6\" data-element_type=\"widget\" data-e-type=\"widget\" data-widget_type=\"heading.default\">\n\t\t\t\t<div class=\"elementor-widget-container\">\n\t\t\t\t\t<h2 class=\"elementor-heading-title elementor-size-default\">Termes et conditions<\/h2>\t\t\t\t<\/div>\n\t\t\t\t<\/div>\n\t\t\t\t<div class=\"elementor-element elementor-element-0f24c81 elementor-widget elementor-widget-text-editor\" data-id=\"0f24c81\" data-element_type=\"widget\" data-e-type=\"widget\" data-widget_type=\"text-editor.default\">\n\t\t\t\t<div class=\"elementor-widget-container\">\n\t\t\t\t\t\t\t\t\t<ul><li><p>Mini Buffet et Kids Corner:<br>Les clients accompagn\u00e9s d&rsquo;enfants de moins de 12 ans auront acc\u00e8s \u00e0 un Mini Buffet et Kids Corner dans la salle de r\u00e9union Agoong, au prix de IDR 200,000++ par enfant.<\/p><\/li><li><p>Enfants de moins de 4 ans:<br>Entr\u00e9e gratuite pour les enfants de moins de 4 ans.<\/p><\/li><li><p>Paiement \u00e0 l&rsquo;avance:<br>Le paiement int\u00e9gral est requis \u00e0 l&rsquo;avance pour confirmer votre pr\u00e9sence.<\/p><\/li><li><p>Attribution des places:<br>Les places sont attribu\u00e9es selon le principe du premier arriv\u00e9, premier servi.<\/p><\/li><li><p>Cocktail de bienvenue et canap\u00e9s:<br>Tous les clients seront accueillis avec un cocktail de bienvenue et des canap\u00e9s \u00e0 leur arriv\u00e9e.<\/p><\/li><li><p>Impr\u00e9vus m\u00e9t\u00e9orologiques:<br>En cas de pluie ou d&rsquo;intemp\u00e9ries, l&rsquo;\u00e9v\u00e9nement sera d\u00e9plac\u00e9 vers un lieu de repli en int\u00e9rieur au sein de The Meru.<\/p><\/li><li><p>Restrictions alimentaires:<br>Veuillez nous informer \u00e0 l&rsquo;avance de toute restriction alimentaire ou allergie.<\/p><\/li><li><p>Code vestimentaire:<br>\u00c9l\u00e9gant et c\u00f4tier \u2013 Nous recommandons une tenue de complexe adapt\u00e9e \u00e0 un cadre baln\u00e9aire en plein air. Les chaussures plates ou compens\u00e9es sont recommand\u00e9es en raison de l&#8217;emplacement dans le jardin. <\/p><\/li><\/ul>\t\t\t\t\t\t\t\t<\/div>\n\t\t\t\t<\/div>\n\t\t\t\t<\/div>\n\t\t\t\t<\/div>\n\t\t\t\t<\/div>\n\t\t\t\t<div class=\"elementor-element elementor-element-40624ef elementor-widget-divider--view-line elementor-widget elementor-widget-divider\" data-id=\"40624ef\" data-element_type=\"widget\" data-e-type=\"widget\" data-widget_type=\"divider.default\">\n\t\t\t\t<div class=\"elementor-widget-container\">\n\t\t\t\t\t\t\t<div class=\"elementor-divider\">\n\t\t\t<span class=\"elementor-divider-separator\">\n\t\t\t\t\t\t<\/span>\n\t\t<\/div>\n\t\t\t\t\t\t<\/div>\n\t\t\t\t<\/div>\n\t\t\t\t<div class=\"elementor-element elementor-element-9347d02 ob-btn-block elementor-widget__width-initial elementor-widget elementor-widget-button\" data-id=\"9347d02\" data-element_type=\"widget\" data-e-type=\"widget\" data-widget_type=\"button.default\">\n\t\t\t\t<div class=\"elementor-widget-container\">\n\t\t\t\t\t\t\t\t\t<div class=\"elementor-button-wrapper\">\n\t\t\t\t\t<a class=\"elementor-button elementor-button-link elementor-size-sm\" href=\"https:\/\/wa.me\/6281138313077\" target=\"_blank\" rel=\"noopener\">\n\t\t\t\t\t\t<span class=\"elementor-button-content-wrapper\">\n\t\t\t\t\t\t\t\t\t<span class=\"elementor-button-text\">R\u00e9server votre table<\/span>\n\t\t\t\t\t<\/span>\n\t\t\t\t\t<\/a>\n\t\t\t\t<\/div>\n\t\t\t\t\t\t\t\t<\/div>\n\t\t\t\t<\/div>\n\t\t\t\t<\/div>\n\t\t\t\t\t<\/div>\n\t\t\t\t<\/div>\n\t\t\t\t<\/div>\n\t\t","protected":false},"excerpt":{"rendered":"<p>Art gastronomique au Seaside Jazz Mantra Un d\u00eener sp\u00e9cial de 6 plats avec accord mets et vins, une collaboration entre le Chef Pierluigi Gallo, des chefs \u00e9toil\u00e9s au guide Michelin et le Chef Marco Medaglia, Chef ex\u00e9cutif de The Meru Sanur. La soir\u00e9e comprendra \u00e9galement un concert de jazz en direct du Koko Harsoe Quartet, [&hellip;]<\/p>\n","protected":false},"author":2,"featured_media":10901,"parent":0,"menu_order":0,"comment_status":"closed","ping_status":"closed","template":"","meta":{"footnotes":""},"class_list":["post-10899","page","type-page","status-publish","has-post-thumbnail","hentry"],"_links":{"self":[{"href":"https:\/\/themerusanur.com\/fr\/wp-json\/wp\/v2\/pages\/10899","targetHints":{"allow":["GET"]}}],"collection":[{"href":"https:\/\/themerusanur.com\/fr\/wp-json\/wp\/v2\/pages"}],"about":[{"href":"https:\/\/themerusanur.com\/fr\/wp-json\/wp\/v2\/types\/page"}],"author":[{"embeddable":true,"href":"https:\/\/themerusanur.com\/fr\/wp-json\/wp\/v2\/users\/2"}],"replies":[{"embeddable":true,"href":"https:\/\/themerusanur.com\/fr\/wp-json\/wp\/v2\/comments?post=10899"}],"version-history":[{"count":1,"href":"https:\/\/themerusanur.com\/fr\/wp-json\/wp\/v2\/pages\/10899\/revisions"}],"predecessor-version":[{"id":10902,"href":"https:\/\/themerusanur.com\/fr\/wp-json\/wp\/v2\/pages\/10899\/revisions\/10902"}],"wp:featuredmedia":[{"embeddable":true,"href":"https:\/\/themerusanur.com\/fr\/wp-json\/wp\/v2\/media\/10901"}],"wp:attachment":[{"href":"https:\/\/themerusanur.com\/fr\/wp-json\/wp\/v2\/media?parent=10899"}],"curies":[{"name":"wp","href":"https:\/\/api.w.org\/{rel}","templated":true}]}}