{"id":11002,"date":"2025-02-11T15:33:41","date_gmt":"2025-02-11T07:33:41","guid":{"rendered":"https:\/\/themerusanur.com\/honeymoon-bliss-package\/"},"modified":"2026-04-17T01:10:08","modified_gmt":"2026-04-16T17:10:08","slug":"honeymoon-bliss-package","status":"publish","type":"page","link":"https:\/\/themerusanur.com\/fr\/honeymoon-bliss-package\/","title":{"rendered":"Honeymoon Bliss package"},"content":{"rendered":"\t\t<div data-elementor-type=\"wp-page\" data-elementor-id=\"11002\" class=\"elementor elementor-11002 elementor-2883\" data-elementor-post-type=\"page\">\n\t\t\t\t<div class=\"elementor-element elementor-element-742c291 ob-bg-video e-flex e-con-boxed e-con e-parent\" data-id=\"742c291\" data-element_type=\"container\" data-e-type=\"container\" data-settings=\"{&quot;background_background&quot;:&quot;classic&quot;}\">\n\t\t\t\t\t<div class=\"e-con-inner\">\n\t\t\t\t\t<\/div>\n\t\t\t\t<\/div>\n\t\t<div class=\"elementor-element elementor-element-3caecdb e-flex e-con-boxed e-con e-parent\" data-id=\"3caecdb\" data-element_type=\"container\" data-e-type=\"container\">\n\t\t\t\t\t<div class=\"e-con-inner\">\n\t\t\t\t\t<\/div>\n\t\t\t\t<\/div>\n\t\t<div class=\"elementor-element elementor-element-ced7e04 e-flex e-con-boxed e-con e-parent\" data-id=\"ced7e04\" data-element_type=\"container\" data-e-type=\"container\">\n\t\t\t\t\t<div class=\"e-con-inner\">\n\t\t<div class=\"elementor-element elementor-element-d7fd7b6 e-con-full e-flex e-con e-child\" data-id=\"d7fd7b6\" data-element_type=\"container\" data-e-type=\"container\">\n\t\t\t\t<div class=\"elementor-element elementor-element-6051a6f elementor-widget elementor-widget-heading\" data-id=\"6051a6f\" data-element_type=\"widget\" data-e-type=\"widget\" data-widget_type=\"heading.default\">\n\t\t\t\t<div class=\"elementor-widget-container\">\n\t\t\t\t\t<h2 class=\"elementor-heading-title elementor-size-default\">Honeymoon Bliss<\/h2>\t\t\t\t<\/div>\n\t\t\t\t<\/div>\n\t\t\t\t<div class=\"elementor-element elementor-element-7a01e39 elementor-widget elementor-widget-text-editor\" data-id=\"7a01e39\" data-element_type=\"widget\" data-e-type=\"widget\" data-widget_type=\"text-editor.default\">\n\t\t\t\t<div class=\"elementor-widget-container\">\n\t\t\t\t\t\t\t\t\t<p>Embarquez pour un voyage romantique de 3 nuits \u00e0 The Meru Sanur. D\u00e9couvrez la magie de Sanur avec des d\u00eeners intimistes en bord de mer, des h\u00e9bergements luxueux et des touches personnalis\u00e9es qui cr\u00e9ent des souvenirs inoubliables. C\u00e9l\u00e9brez votre amour dans la beaut\u00e9 sereine de Sanur, o\u00f9 chaque moment est con\u00e7u pour enchanter et ravir.  <\/p>\t\t\t\t\t\t\t\t<\/div>\n\t\t\t\t<\/div>\n\t\t\t\t<\/div>\n\t\t<div class=\"elementor-element elementor-element-d0bda04 e-con-full e-flex e-con e-child\" data-id=\"d0bda04\" data-element_type=\"container\" data-e-type=\"container\">\n\t\t\t\t<div class=\"elementor-element elementor-element-2cb165d elementor-widget-divider--view-line elementor-widget elementor-widget-divider\" data-id=\"2cb165d\" data-element_type=\"widget\" data-e-type=\"widget\" data-widget_type=\"divider.default\">\n\t\t\t\t<div class=\"elementor-widget-container\">\n\t\t\t\t\t\t\t<div class=\"elementor-divider\">\n\t\t\t<span class=\"elementor-divider-separator\">\n\t\t\t\t\t\t<\/span>\n\t\t<\/div>\n\t\t\t\t\t\t<\/div>\n\t\t\t\t<\/div>\n\t\t\t\t<\/div>\n\t\t\t\t\t<\/div>\n\t\t\t\t<\/div>\n\t\t<div class=\"elementor-element elementor-element-9579a8e e-flex e-con-boxed e-con e-parent\" data-id=\"9579a8e\" data-element_type=\"container\" data-e-type=\"container\">\n\t\t\t\t\t<div class=\"e-con-inner\">\n\t\t\t\t<div class=\"elementor-element elementor-element-057861b ob-btn-block elementor-widget__width-initial elementor-widget elementor-widget-button\" data-id=\"057861b\" data-element_type=\"widget\" data-e-type=\"widget\" data-widget_type=\"button.default\">\n\t\t\t\t<div class=\"elementor-widget-container\">\n\t\t\t\t\t\t\t\t\t<div class=\"elementor-button-wrapper\">\n\t\t\t\t\t<a class=\"elementor-button elementor-button-link elementor-size-sm\" href=\"https:\/\/book.themerusanur.com\/inst\/#home?propertyId=50941&#038;PackageID=913100000000021&#038;minNight=3\">\n\t\t\t\t\t\t<span class=\"elementor-button-content-wrapper\">\n\t\t\t\t\t\t\t\t\t<span class=\"elementor-button-text\">R\u00e9server<\/span>\n\t\t\t\t\t<\/span>\n\t\t\t\t\t<\/a>\n\t\t\t\t<\/div>\n\t\t\t\t\t\t\t\t<\/div>\n\t\t\t\t<\/div>\n\t\t\t\t\t<\/div>\n\t\t\t\t<\/div>\n\t\t<div class=\"elementor-element elementor-element-949558e e-flex e-con-boxed e-con e-parent\" data-id=\"949558e\" data-element_type=\"container\" data-e-type=\"container\">\n\t\t\t\t\t<div class=\"e-con-inner\">\n\t\t<div class=\"elementor-element elementor-element-a9a5c7e e-con-full e-flex e-con e-child\" data-id=\"a9a5c7e\" data-element_type=\"container\" data-e-type=\"container\" data-settings=\"{&quot;background_background&quot;:&quot;classic&quot;}\">\n\t\t<div class=\"elementor-element elementor-element-c8e97de e-con-full e-flex e-con e-child\" data-id=\"c8e97de\" data-element_type=\"container\" data-e-type=\"container\">\n\t\t<div class=\"elementor-element elementor-element-aad9cfc e-con-full e-flex e-con e-child\" data-id=\"aad9cfc\" data-element_type=\"container\" data-e-type=\"container\">\n\t\t<div class=\"elementor-element elementor-element-74b7b8a e-flex e-con-boxed e-con e-child\" data-id=\"74b7b8a\" data-element_type=\"container\" data-e-type=\"container\">\n\t\t\t\t\t<div class=\"e-con-inner\">\n\t\t\t\t<div class=\"elementor-element elementor-element-26dbbbf elementor-widget elementor-widget-heading\" data-id=\"26dbbbf\" data-element_type=\"widget\" data-e-type=\"widget\" data-widget_type=\"heading.default\">\n\t\t\t\t<div class=\"elementor-widget-container\">\n\t\t\t\t\t<h2 class=\"elementor-heading-title elementor-size-default\">P\u00e9riode de r\u00e9servation :<\/h2>\t\t\t\t<\/div>\n\t\t\t\t<\/div>\n\t\t<div class=\"elementor-element elementor-element-5cccb41 e-con-full e-flex e-con e-child\" data-id=\"5cccb41\" data-element_type=\"container\" data-e-type=\"container\">\n\t\t\t\t<div class=\"elementor-element elementor-element-b106e59 elementor-widget elementor-widget-text-editor\" data-id=\"b106e59\" data-element_type=\"widget\" data-e-type=\"widget\" data-widget_type=\"text-editor.default\">\n\t\t\t\t<div class=\"elementor-widget-container\">\n\t\t\t\t\t\t\t\t\t<ul><li><span data-sheets-root=\"1\">Imm\u00e9diatement &#8211; 27 septembre 2025<\/span><\/li><\/ul>\t\t\t\t\t\t\t\t<\/div>\n\t\t\t\t<\/div>\n\t\t\t\t<\/div>\n\t\t\t\t\t<\/div>\n\t\t\t\t<\/div>\n\t\t<div class=\"elementor-element elementor-element-df8be26 e-flex e-con-boxed e-con e-child\" data-id=\"df8be26\" data-element_type=\"container\" data-e-type=\"container\">\n\t\t\t\t\t<div class=\"e-con-inner\">\n\t\t\t\t<div class=\"elementor-element elementor-element-5273be7 elementor-widget elementor-widget-heading\" data-id=\"5273be7\" data-element_type=\"widget\" data-e-type=\"widget\" data-widget_type=\"heading.default\">\n\t\t\t\t<div class=\"elementor-widget-container\">\n\t\t\t\t\t<h2 class=\"elementor-heading-title elementor-size-default\">P\u00e9riode de s\u00e9jour :<\/h2>\t\t\t\t<\/div>\n\t\t\t\t<\/div>\n\t\t<div class=\"elementor-element elementor-element-433a5b9 e-con-full e-flex e-con e-child\" data-id=\"433a5b9\" data-element_type=\"container\" data-e-type=\"container\">\n\t\t\t\t<div class=\"elementor-element elementor-element-c1a37da elementor-widget elementor-widget-text-editor\" data-id=\"c1a37da\" data-element_type=\"widget\" data-e-type=\"widget\" data-widget_type=\"text-editor.default\">\n\t\t\t\t<div class=\"elementor-widget-container\">\n\t\t\t\t\t\t\t\t\t<ul><li><span style=\"letter-spacing: 1.04px;\"><span style=\"letter-spacing: 1.28px;\">Imm\u00e9diatement &#8211; 30 septembre 2025<\/span><\/span><\/li><\/ul>\t\t\t\t\t\t\t\t<\/div>\n\t\t\t\t<\/div>\n\t\t\t\t<\/div>\n\t\t\t\t\t<\/div>\n\t\t\t\t<\/div>\n\t\t\t\t<\/div>\n\t\t<div class=\"elementor-element elementor-element-48355e8 e-con-full e-flex e-con e-child\" data-id=\"48355e8\" data-element_type=\"container\" data-e-type=\"container\">\n\t\t\t\t<div class=\"elementor-element elementor-element-91ca537 elementor-widget elementor-widget-heading\" data-id=\"91ca537\" data-element_type=\"widget\" data-e-type=\"widget\" data-widget_type=\"heading.default\">\n\t\t\t\t<div class=\"elementor-widget-container\">\n\t\t\t\t\t<h2 class=\"elementor-heading-title elementor-size-default\">Le forfait comprend :<\/h2>\t\t\t\t<\/div>\n\t\t\t\t<\/div>\n\t\t<div class=\"elementor-element elementor-element-30d8723 e-con-full e-grid e-con e-child\" data-id=\"30d8723\" data-element_type=\"container\" data-e-type=\"container\">\n\t\t\t\t<div class=\"elementor-element elementor-element-9a8e046 elementor-widget elementor-widget-text-editor\" data-id=\"9a8e046\" data-element_type=\"widget\" data-e-type=\"widget\" data-widget_type=\"text-editor.default\">\n\t\t\t\t<div class=\"elementor-widget-container\">\n\t\t\t\t\t\t\t\t\t<ul>\n<li>Rituel de bienvenue balinais et bracelet Tridatu<\/li>\n<\/ul>\n<ul>\n<li>Petit-d\u00e9jeuner quotidien pour deux personnes<\/li>\n<li>\n<p class=\"p1\">1 s\u00e9ance de Kundalini Yoga<\/p>\n<\/li>\n<li>\n<p class=\"p1\">1 soin Raja Pala Ken Sulasih v\u1edbi Lukat Toya<\/p>\n<\/li>\n<\/ul>\t\t\t\t\t\t\t\t<\/div>\n\t\t\t\t<\/div>\n\t\t\t\t<div class=\"elementor-element elementor-element-c8c30f7 elementor-widget elementor-widget-text-editor\" data-id=\"c8c30f7\" data-element_type=\"widget\" data-e-type=\"widget\" data-widget_type=\"text-editor.default\">\n\t\t\t\t<div class=\"elementor-widget-container\">\n\t\t\t\t\t\t\t\t\t<ul>\n<li>1 d\u00eener romantique<\/li>\n<li>\n<p class=\"p1\">1 d\u00e9coration de lune de miel et g\u00e2teau<\/p>\n<\/li>\n<li>\n<p class=\"p1\">1 bouteille de vin rouge<\/p>\n<\/li>\n<li>\n<p class=\"p1\">Transferts a\u00e9roport aller-retour<\/p>\n<\/li>\n<\/ul>\t\t\t\t\t\t\t\t<\/div>\n\t\t\t\t<\/div>\n\t\t\t\t<\/div>\n\t\t\t\t<\/div>\n\t\t\t\t<\/div>\n\t\t\t\t<\/div>\n\t\t\t\t\t<\/div>\n\t\t\t\t<\/div>\n\t\t<div class=\"elementor-element elementor-element-cd0e4a2 e-flex e-con-boxed e-con e-parent\" data-id=\"cd0e4a2\" data-element_type=\"container\" data-e-type=\"container\">\n\t\t\t\t\t<div class=\"e-con-inner\">\n\t\t<div class=\"elementor-element elementor-element-48d6c59 e-con-full e-flex e-con e-child\" data-id=\"48d6c59\" data-element_type=\"container\" data-e-type=\"container\" data-settings=\"{&quot;background_background&quot;:&quot;classic&quot;}\">\n\t\t<div class=\"elementor-element elementor-element-0b28811 e-con-full e-flex e-con e-child\" data-id=\"0b28811\" data-element_type=\"container\" data-e-type=\"container\">\n\t\t\t\t<div class=\"elementor-element elementor-element-877c5cc elementor-widget elementor-widget-heading\" data-id=\"877c5cc\" data-element_type=\"widget\" data-e-type=\"widget\" data-widget_type=\"heading.default\">\n\t\t\t\t<div class=\"elementor-widget-container\">\n\t\t\t\t\t<h2 class=\"elementor-heading-title elementor-size-default\">Termes et conditions<\/h2>\t\t\t\t<\/div>\n\t\t\t\t<\/div>\n\t\t\t\t<div class=\"elementor-element elementor-element-35495be elementor-widget elementor-widget-text-editor\" data-id=\"35495be\" data-element_type=\"widget\" data-e-type=\"widget\" data-widget_type=\"text-editor.default\">\n\t\t\t\t<div class=\"elementor-widget-container\">\n\t\t\t\t\t\t\t\t\t<ul><li>S\u00e9lection d&rsquo;activit\u00e9s gratuites programm\u00e9es<\/li><li>Conditions de paiement : Le paiement int\u00e9gral est requis lors de la finalisation de la r\u00e9servation<br>Politique d&rsquo;annulation : Non remboursable, non modifiable et non annulable<\/li><li>Retours et suggestions : Vos retours et suggestions nous sont pr\u00e9cieux car nous nous effor\u00e7ons d&rsquo;am\u00e9liorer et d&rsquo;affiner nos offres. Nous vous encourageons \u00e0 partager vos impressions avec nous pendant votre s\u00e9jour, que ce soit directement avec notre personnel ou via nos canaux de communication. <\/li><li>Conditions sujettes \u00e0 modification : Ces termes et conditions peuvent \u00eatre modifi\u00e9s sans pr\u00e9avis. Nous vous recommandons de consulter notre site Web ou de contacter notre \u00e9quipe de r\u00e9servation pour obtenir les informations les plus r\u00e9centes concernant notre complexe. <\/li><li>En effectuant une r\u00e9servation ou en s\u00e9journant dans notre \u00e9tablissement, vous acceptez de vous conformer \u00e0 ces termes et conditions. Nous appr\u00e9cions sinc\u00e8rement votre soutien et votre compr\u00e9hension alors que nous nous lan\u00e7ons dans cette aventure passionnante, et nous sommes impatients de vous offrir une exp\u00e9rience inoubliable. <\/li><\/ul>\t\t\t\t\t\t\t\t<\/div>\n\t\t\t\t<\/div>\n\t\t\t\t<\/div>\n\t\t<div class=\"elementor-element elementor-element-43276e9 e-con-full e-flex e-con e-child\" data-id=\"43276e9\" data-element_type=\"container\" data-e-type=\"container\">\n\t\t\t\t<div class=\"elementor-element elementor-element-30ba744 elementor-widget elementor-widget-heading\" data-id=\"30ba744\" data-element_type=\"widget\" data-e-type=\"widget\" data-widget_type=\"heading.default\">\n\t\t\t\t<div class=\"elementor-widget-container\">\n\t\t\t\t\t<h2 class=\"elementor-heading-title elementor-size-default\">S\u00e9lection d'activit\u00e9s gratuites programm\u00e9es<\/h2>\t\t\t\t<\/div>\n\t\t\t\t<\/div>\n\t\t\t\t<div class=\"elementor-element elementor-element-977c99c elementor-widget elementor-widget-text-editor\" data-id=\"977c99c\" data-element_type=\"widget\" data-e-type=\"widget\" data-widget_type=\"text-editor.default\">\n\t\t\t\t<div class=\"elementor-widget-container\">\n\t\t\t\t\t\t\t\t\t<ul><li><span style=\"background-color: transparent; color: var( --e-global-color-text ); font-family: var( --e-global-typography-48160fd-font-family ), Sans-serif; font-weight: var( --e-global-typography-text-font-weight ); letter-spacing: var( --e-global-typography-48160fd-letter-spacing ); text-align: var(--text-align);\">Couple Yoga : Pratiquer le yoga ensemble peut approfondir les liens gr\u00e2ce \u00e0 des exp\u00e9riences partag\u00e9es, un soutien mutuel et une respiration ainsi que des mouvements synchronis\u00e9s. Le yoga v\u00e0 la m\u00e9ditation en duo peuvent sp\u00e9cifiquement renforcer la connexion entre les partenaires romantiques. <\/span><\/li><li>Raja Pala Ken Sulasih Treatment : Issue de la mythologie balinaise, le conte de \u00ab Kakawin Rajapala \u00bb d\u00e9peint le d\u00e9vouement ind\u00e9fectible du prince Rajapala envers sa bien-aim\u00e9e Ken Sulasih malgr\u00e9 les d\u00e9fis qu&rsquo;ils affrontent ; Rajapala et Ken Sulasih incarnent les qualit\u00e9s durables d&rsquo;amour, de loyaut\u00e9 et de pers\u00e9v\u00e9rance. C\u00e9l\u00e9brez ces vertus intemporelles avec un rituel pour deux, commen\u00e7ant par une exfoliation corporelle au chocolat pour nettoyer la peau, suivie d&rsquo;un massage corporel complet utilisant l&rsquo;huile d&rsquo;aromath\u00e9rapie de votre choix pour soulager les tensions musculaires.  <\/li><li>Couple Bracelet : Le bracelet de grenat symbolise un engagement profond et un amour durable.<\/li><li>Lukat Toya : Une c\u00e9r\u00e9monie traditionnelle de b\u00e9n\u00e9diction par l&rsquo;eau qui incarne l&rsquo;essence de la purification. Le rituel Lukat Toya est une c\u00e9r\u00e9monie profonde visant \u00e0 purger et \u00e0 raviver notre connexion avec les \u00e9nergies divines. Guid\u00e9 par notre pr\u00eatre local estim\u00e9, ce voyage transformateur offre une \u00e9volution vers plus d&rsquo;aisance et d&rsquo;harmonie dans votre corps, votre esprit et votre \u00e2me.  <\/li><li>Romantic Dinner : Profitez d&rsquo;un d\u00eener enchanteur de cinq plats sur la plage, accompagn\u00e9 d&rsquo;une bouteille de vin p\u00e9tillant. D\u00e9lectez-vous de plats gastronomiques, d&rsquo;un service personnalis\u00e9 et du son apaisant de l&rsquo;oc\u00e9an. C&rsquo;est parfait pour une soir\u00e9e m\u00e9morable avec l&rsquo;\u00eatre cher.   <\/li><\/ul>\t\t\t\t\t\t\t\t<\/div>\n\t\t\t\t<\/div>\n\t\t\t\t<\/div>\n\t\t\t\t<\/div>\n\t\t\t\t\t<\/div>\n\t\t\t\t<\/div>\n\t\t<div class=\"elementor-element elementor-element-6de6657 e-flex e-con-boxed e-con e-parent\" data-id=\"6de6657\" data-element_type=\"container\" data-e-type=\"container\">\n\t\t\t\t\t<div class=\"e-con-inner\">\n\t\t\t\t<div class=\"elementor-element elementor-element-24d9d1c ob-btn-block elementor-widget__width-initial elementor-widget elementor-widget-button\" data-id=\"24d9d1c\" data-element_type=\"widget\" data-e-type=\"widget\" data-widget_type=\"button.default\">\n\t\t\t\t<div class=\"elementor-widget-container\">\n\t\t\t\t\t\t\t\t\t<div class=\"elementor-button-wrapper\">\n\t\t\t\t\t<a class=\"elementor-button elementor-button-link elementor-size-sm\" href=\"https:\/\/book.themerusanur.com\/inst\/#home?propertyId=50941&#038;PackageID=913100000000021&#038;minNight=3\">\n\t\t\t\t\t\t<span class=\"elementor-button-content-wrapper\">\n\t\t\t\t\t\t\t\t\t<span class=\"elementor-button-text\">R\u00e9server<\/span>\n\t\t\t\t\t<\/span>\n\t\t\t\t\t<\/a>\n\t\t\t\t<\/div>\n\t\t\t\t\t\t\t\t<\/div>\n\t\t\t\t<\/div>\n\t\t\t\t\t<\/div>\n\t\t\t\t<\/div>\n\t\t\t\t<\/div>\n\t\t","protected":false},"excerpt":{"rendered":"<p>Honeymoon Bliss Embarquez pour un voyage romantique de 3 nuits \u00e0 The Meru Sanur. D\u00e9couvrez la magie de Sanur avec des d\u00eeners intimistes en bord de mer, des h\u00e9bergements luxueux et des touches personnalis\u00e9es qui cr\u00e9ent des souvenirs inoubliables. C\u00e9l\u00e9brez votre amour dans la beaut\u00e9 sereine de Sanur, o\u00f9 chaque moment est con\u00e7u pour enchanter [&hellip;]<\/p>\n","protected":false},"author":2,"featured_media":0,"parent":0,"menu_order":2,"comment_status":"closed","ping_status":"closed","template":"","meta":{"footnotes":""},"class_list":["post-11002","page","type-page","status-publish","hentry"],"_links":{"self":[{"href":"https:\/\/themerusanur.com\/fr\/wp-json\/wp\/v2\/pages\/11002","targetHints":{"allow":["GET"]}}],"collection":[{"href":"https:\/\/themerusanur.com\/fr\/wp-json\/wp\/v2\/pages"}],"about":[{"href":"https:\/\/themerusanur.com\/fr\/wp-json\/wp\/v2\/types\/page"}],"author":[{"embeddable":true,"href":"https:\/\/themerusanur.com\/fr\/wp-json\/wp\/v2\/users\/2"}],"replies":[{"embeddable":true,"href":"https:\/\/themerusanur.com\/fr\/wp-json\/wp\/v2\/comments?post=11002"}],"version-history":[{"count":1,"href":"https:\/\/themerusanur.com\/fr\/wp-json\/wp\/v2\/pages\/11002\/revisions"}],"predecessor-version":[{"id":11005,"href":"https:\/\/themerusanur.com\/fr\/wp-json\/wp\/v2\/pages\/11002\/revisions\/11005"}],"wp:attachment":[{"href":"https:\/\/themerusanur.com\/fr\/wp-json\/wp\/v2\/media?parent=11002"}],"curies":[{"name":"wp","href":"https:\/\/api.w.org\/{rel}","templated":true}]}}