{"id":11063,"date":"2026-01-13T15:33:24","date_gmt":"2026-01-13T07:33:24","guid":{"rendered":"https:\/\/themerusanur.com\/spa-wellness\/crystal-quartz-massage\/"},"modified":"2026-04-17T02:18:09","modified_gmt":"2026-04-16T18:18:09","slug":"crystal-quartz-massage","status":"publish","type":"page","link":"https:\/\/themerusanur.com\/fr\/spa-wellness\/crystal-quartz-massage\/","title":{"rendered":"Crystal Quartz Massage"},"content":{"rendered":"\t\t<div data-elementor-type=\"wp-page\" data-elementor-id=\"11063\" class=\"elementor elementor-11063 elementor-7891\" data-elementor-post-type=\"page\">\n\t\t\t\t<div class=\"elementor-element elementor-element-77300d2 ob-bg-video e-flex e-con-boxed e-con e-parent\" data-id=\"77300d2\" data-element_type=\"container\" data-e-type=\"container\" data-settings=\"{&quot;background_background&quot;:&quot;classic&quot;}\">\n\t\t\t\t\t<div class=\"e-con-inner\">\n\t\t\t\t\t<\/div>\n\t\t\t\t<\/div>\n\t\t<div class=\"elementor-element elementor-element-14b8af5 e-flex e-con-boxed e-con e-parent\" data-id=\"14b8af5\" data-element_type=\"container\" data-e-type=\"container\">\n\t\t\t\t\t<div class=\"e-con-inner\">\n\t\t\t\t\t<\/div>\n\t\t\t\t<\/div>\n\t\t<div class=\"elementor-element elementor-element-a7e4397 e-flex e-con-boxed e-con e-parent\" data-id=\"a7e4397\" data-element_type=\"container\" data-e-type=\"container\">\n\t\t\t\t\t<div class=\"e-con-inner\">\n\t\t<div class=\"elementor-element elementor-element-d2c944f e-con-full e-flex e-con e-child\" data-id=\"d2c944f\" data-element_type=\"container\" data-e-type=\"container\">\n\t\t\t\t<div class=\"elementor-element elementor-element-ae26e9b elementor-widget elementor-widget-heading\" data-id=\"ae26e9b\" data-element_type=\"widget\" data-e-type=\"widget\" data-widget_type=\"heading.default\">\n\t\t\t\t<div class=\"elementor-widget-container\">\n\t\t\t\t\t<h1 class=\"elementor-heading-title elementor-size-default\">Crystal Quartz Massage\n<\/h1>\t\t\t\t<\/div>\n\t\t\t\t<\/div>\n\t\t<div class=\"elementor-element elementor-element-820a152 e-con-full e-flex e-con e-child\" data-id=\"820a152\" data-element_type=\"container\" data-e-type=\"container\">\n\t\t\t\t<div class=\"elementor-element elementor-element-27bc5a1 elementor-widget elementor-widget-heading\" data-id=\"27bc5a1\" data-element_type=\"widget\" data-e-type=\"widget\" data-widget_type=\"heading.default\">\n\t\t\t\t<div class=\"elementor-widget-container\">\n\t\t\t\t\t<h2 class=\"elementor-heading-title elementor-size-default\">Heures d'activit\u00e9 : 09h00 - 21h00<br>Une r\u00e9servation au moins 24 heures \u00e0 l'avance est requise<\/h2>\t\t\t\t<\/div>\n\t\t\t\t<\/div>\n\t\t\t\t<\/div>\n\t\t\t\t<div class=\"elementor-element elementor-element-361cca9 elementor-widget elementor-widget-text-editor\" data-id=\"361cca9\" data-element_type=\"widget\" data-e-type=\"widget\" data-widget_type=\"text-editor.default\">\n\t\t\t\t<div class=\"elementor-widget-container\">\n\t\t\t\t\t\t\t\t\t<p>Une exp\u00e9rience de spa \u00e0 Sanur profond\u00e9ment restauratrice centr\u00e9e sur un lit de sable en Crystal Quartz chauff\u00e9 de haute technologie, con\u00e7u pour envelopper doucement le corps de chaleur tout en favorisant une relaxation profonde et un \u00e9quilibre \u00e9nerg\u00e9tique. \u00c0 mesure que le corps est embrass\u00e9 par le Crystal Quartz chaud, les muscles se rel\u00e2chent progressivement et le syst\u00e8me nerveux se calme. La chaleur p\u00e9n\u00e9trante favorise la d\u00e9toxification naturelle, stimule le flux lymphatique et am\u00e9liore la circulation, aidant \u00e0 lib\u00e9rer le stress et la fatigue accumul\u00e9s. <\/p>\t\t\t\t\t\t\t\t<\/div>\n\t\t\t\t<\/div>\n\t\t\t\t<\/div>\n\t\t<div class=\"elementor-element elementor-element-e665117 e-con-full e-flex e-con e-child\" data-id=\"e665117\" data-element_type=\"container\" data-e-type=\"container\">\n\t\t\t\t<div class=\"elementor-element elementor-element-0913dbc elementor-widget-divider--view-line elementor-widget elementor-widget-divider\" data-id=\"0913dbc\" data-element_type=\"widget\" data-e-type=\"widget\" data-widget_type=\"divider.default\">\n\t\t\t\t<div class=\"elementor-widget-container\">\n\t\t\t\t\t\t\t<div class=\"elementor-divider\">\n\t\t\t<span class=\"elementor-divider-separator\">\n\t\t\t\t\t\t<\/span>\n\t\t<\/div>\n\t\t\t\t\t\t<\/div>\n\t\t\t\t<\/div>\n\t\t\t\t<\/div>\n\t\t\t\t\t<\/div>\n\t\t\t\t<\/div>\n\t\t<div class=\"elementor-element elementor-element-529dbe8 e-flex e-con-boxed e-con e-parent\" data-id=\"529dbe8\" data-element_type=\"container\" data-e-type=\"container\">\n\t\t\t\t\t<div class=\"e-con-inner\">\n\t\t<div class=\"elementor-element elementor-element-396d1ec e-con-full e-flex e-con e-child\" data-id=\"396d1ec\" data-element_type=\"container\" data-e-type=\"container\">\n\t\t<div class=\"elementor-element elementor-element-e9c7955 e-con-full e-flex e-con e-child\" data-id=\"e9c7955\" data-element_type=\"container\" data-e-type=\"container\">\n\t\t\t\t<div class=\"elementor-element elementor-element-a46b691 elementor-widget elementor-widget-heading\" data-id=\"a46b691\" data-element_type=\"widget\" data-e-type=\"widget\" data-widget_type=\"heading.default\">\n\t\t\t\t<div class=\"elementor-widget-container\">\n\t\t\t\t\t<h2 class=\"elementor-heading-title elementor-size-default\"><a href=\"https:\/\/themerusanur.com\/resort-suites\/tropical-corner-suite\/\">Manik Galih<\/a><\/h2>\t\t\t\t<\/div>\n\t\t\t\t<\/div>\n\t\t\t\t<div class=\"elementor-element elementor-element-cb90b17 elementor-widget elementor-widget-heading\" data-id=\"cb90b17\" data-element_type=\"widget\" data-e-type=\"widget\" data-widget_type=\"heading.default\">\n\t\t\t\t<div class=\"elementor-widget-container\">\n\t\t\t\t\t<h2 class=\"elementor-heading-title elementor-size-default\">Seven Sacred Stones Massage<br>90 Minutes | <\/span>IDR 1,950,000++\/person<\/h2>\t\t\t\t<\/div>\n\t\t\t\t<\/div>\n\t\t\t\t<div class=\"elementor-element elementor-element-12b3fd6 elementor-widget elementor-widget-text-editor\" data-id=\"12b3fd6\" data-element_type=\"widget\" data-e-type=\"widget\" data-widget_type=\"text-editor.default\">\n\t\t\t\t<div class=\"elementor-widget-container\">\n\t\t\t\t\t\t\t\t\t<p>Manik Galih, qui signifie l&rsquo;essence sacr\u00e9e des pierres pr\u00e9cieuses, est un massage aux pierres chaudes signature de Taru Pramana \u00e0 Bali utilisant sept pierres de gu\u00e9rison pour restaurer l&rsquo;\u00e9quilibre et la vitalit\u00e9 int\u00e9rieure. M\u00ealant des techniques balinaises et asiatiques fluides, ce soin profond\u00e9ment ancr\u00e9 lib\u00e8re les tensions, harmonise l&rsquo;\u00e9nergie et rajeunit le corps. Enrichi par les vibrations de bols sonores sacr\u00e9s et des huiles wariga nourrissantes, il offre un alignement \u00e9nerg\u00e9tique profond et un renouveau holistique.  <\/p>\t\t\t\t\t\t\t\t<\/div>\n\t\t\t\t<\/div>\n\t\t\t\t<\/div>\n\t\t<div class=\"elementor-element elementor-element-5a831f9 e-con-full e-flex e-con e-child\" data-id=\"5a831f9\" data-element_type=\"container\" data-e-type=\"container\">\n\t\t\t\t<div class=\"elementor-element elementor-element-4ecd683 ob-btn-block elementor-widget__width-initial elementor-widget elementor-widget-button\" data-id=\"4ecd683\" data-element_type=\"widget\" data-e-type=\"widget\" data-widget_type=\"button.default\">\n\t\t\t\t<div class=\"elementor-widget-container\">\n\t\t\t\t\t\t\t\t\t<div class=\"elementor-button-wrapper\">\n\t\t\t\t\t<a class=\"elementor-button elementor-button-link elementor-size-sm\" href=\"http:\/\/wa.link\/0haw9h\" target=\"_blank\" rel=\"noopener\">\n\t\t\t\t\t\t<span class=\"elementor-button-content-wrapper\">\n\t\t\t\t\t\t\t\t\t<span class=\"elementor-button-text\">R\u00e9server<\/span>\n\t\t\t\t\t<\/span>\n\t\t\t\t\t<\/a>\n\t\t\t\t<\/div>\n\t\t\t\t\t\t\t\t<\/div>\n\t\t\t\t<\/div>\n\t\t\t\t<\/div>\n\t\t\t\t<\/div>\n\t\t<div class=\"elementor-element elementor-element-7b92ac8 e-con-full e-flex e-con e-child\" data-id=\"7b92ac8\" data-element_type=\"container\" data-e-type=\"container\">\n\t\t<div class=\"elementor-element elementor-element-85bf8dd e-con-full e-flex e-con e-child\" data-id=\"85bf8dd\" data-element_type=\"container\" data-e-type=\"container\">\n\t\t\t\t<div class=\"elementor-element elementor-element-804610f elementor-widget elementor-widget-heading\" data-id=\"804610f\" data-element_type=\"widget\" data-e-type=\"widget\" data-widget_type=\"heading.default\">\n\t\t\t\t<div class=\"elementor-widget-container\">\n\t\t\t\t\t<h2 class=\"elementor-heading-title elementor-size-default\"><a href=\"https:\/\/themerusanur.com\/resort-suites\/tropical-corner-suite\/\">Rajapala Ritual<\/a><\/h2>\t\t\t\t<\/div>\n\t\t\t\t<\/div>\n\t\t\t\t<div class=\"elementor-element elementor-element-42dba34 elementor-widget elementor-widget-heading\" data-id=\"42dba34\" data-element_type=\"widget\" data-e-type=\"widget\" data-widget_type=\"heading.default\">\n\t\t\t\t<div class=\"elementor-widget-container\">\n\t\t\t\t\t<h2 class=\"elementor-heading-title elementor-size-default\">Heritage de la gu\u00e9rison royale<br>120 minutes | 2,950,000 IDR++\/personne<\/h2>\t\t\t\t<\/div>\n\t\t\t\t<\/div>\n\t\t\t\t<div class=\"elementor-element elementor-element-4dd0767 elementor-widget elementor-widget-text-editor\" data-id=\"4dd0767\" data-element_type=\"widget\" data-e-type=\"widget\" data-widget_type=\"text-editor.default\">\n\t\t\t\t<div class=\"elementor-widget-container\">\n\t\t\t\t\t\t\t\t\t<p>Inspir\u00e9 par Rajapala, le l\u00e9gendaire gardien royal symbolisant la force, la protection et le d\u00e9vouement, ce rituel de bien-\u00eatre immersif \u00e0 Bali est con\u00e7u pour restaurer la vitalit\u00e9 du corps tout en nourrissant l&rsquo;\u00e9quilibre int\u00e9rieur. Le voyage commence par l&rsquo;exp\u00e9rience du lit de massage en Crystal Quartz, enveloppant doucement le corps d&rsquo;une chaleur th\u00e9rapeutique pour calmer le syst\u00e8me nerveux et \u00e9veiller le flux d&rsquo;\u00e9nergie. Il se poursuit par un massage complet du corps profond\u00e9ment relaxant, suivi d&rsquo;un luxueux bain royal balinais pour nettoyer et renouveler. Le rituel se termine par un massage facial au cristal rajeunissant, laissant le corps prot\u00e9g\u00e9, restaur\u00e9 et profond\u00e9ment renouvel\u00e9.   <\/p>\t\t\t\t\t\t\t\t<\/div>\n\t\t\t\t<\/div>\n\t\t\t\t<\/div>\n\t\t<div class=\"elementor-element elementor-element-28fc87d e-con-full e-flex e-con e-child\" data-id=\"28fc87d\" data-element_type=\"container\" data-e-type=\"container\">\n\t\t\t\t<div class=\"elementor-element elementor-element-94a2106 ob-btn-block elementor-widget__width-initial elementor-widget elementor-widget-button\" data-id=\"94a2106\" data-element_type=\"widget\" data-e-type=\"widget\" data-widget_type=\"button.default\">\n\t\t\t\t<div class=\"elementor-widget-container\">\n\t\t\t\t\t\t\t\t\t<div class=\"elementor-button-wrapper\">\n\t\t\t\t\t<a class=\"elementor-button elementor-button-link elementor-size-sm\" href=\"http:\/\/wa.link\/0haw9h\" target=\"_blank\" rel=\"noopener\">\n\t\t\t\t\t\t<span class=\"elementor-button-content-wrapper\">\n\t\t\t\t\t\t\t\t\t<span class=\"elementor-button-text\">R\u00e9server<\/span>\n\t\t\t\t\t<\/span>\n\t\t\t\t\t<\/a>\n\t\t\t\t<\/div>\n\t\t\t\t\t\t\t\t<\/div>\n\t\t\t\t<\/div>\n\t\t\t\t<\/div>\n\t\t\t\t<\/div>\n\t\t\t\t\t<\/div>\n\t\t\t\t<\/div>\n\t\t<div class=\"elementor-element elementor-element-0c9121d e-flex e-con-boxed e-con e-parent\" data-id=\"0c9121d\" data-element_type=\"container\" data-e-type=\"container\">\n\t\t\t\t\t<div class=\"e-con-inner\">\n\t\t\t\t<div class=\"elementor-element elementor-element-f7e389b elementor-widget elementor-widget-text-editor\" data-id=\"f7e389b\" data-element_type=\"widget\" data-e-type=\"widget\" data-widget_type=\"text-editor.default\">\n\t\t\t\t<div class=\"elementor-widget-container\">\n\t\t\t\t\t\t\t\t\t<p>\u00c0 la fin de votre voyage de bien-\u00eatre, vous recevrez le bracelet Tridatu \u2014 un symbole sacr\u00e9 d&rsquo;harmonie, de protection et de pleine conscience, repr\u00e9sentant les trois forces divines de la vie : la cr\u00e9ation, la pr\u00e9servation et la dissolution.<\/p>\t\t\t\t\t\t\t\t<\/div>\n\t\t\t\t<\/div>\n\t\t\t\t\t<\/div>\n\t\t\t\t<\/div>\n\t\t\t\t<\/div>\n\t\t","protected":false},"excerpt":{"rendered":"<p>Crystal Quartz Massage Heures d&rsquo;activit\u00e9 : 09h00 &#8211; 21h00Une r\u00e9servation au moins 24 heures \u00e0 l&rsquo;avance est requise Une exp\u00e9rience de spa \u00e0 Sanur profond\u00e9ment restauratrice centr\u00e9e sur un lit de sable en Crystal Quartz chauff\u00e9 de haute technologie, con\u00e7u pour envelopper doucement le corps de chaleur tout en favorisant une relaxation profonde et un [&hellip;]<\/p>\n","protected":false},"author":2,"featured_media":0,"parent":11037,"menu_order":2,"comment_status":"closed","ping_status":"closed","template":"","meta":{"footnotes":""},"class_list":["post-11063","page","type-page","status-publish","hentry"],"_links":{"self":[{"href":"https:\/\/themerusanur.com\/fr\/wp-json\/wp\/v2\/pages\/11063","targetHints":{"allow":["GET"]}}],"collection":[{"href":"https:\/\/themerusanur.com\/fr\/wp-json\/wp\/v2\/pages"}],"about":[{"href":"https:\/\/themerusanur.com\/fr\/wp-json\/wp\/v2\/types\/page"}],"author":[{"embeddable":true,"href":"https:\/\/themerusanur.com\/fr\/wp-json\/wp\/v2\/users\/2"}],"replies":[{"embeddable":true,"href":"https:\/\/themerusanur.com\/fr\/wp-json\/wp\/v2\/comments?post=11063"}],"version-history":[{"count":1,"href":"https:\/\/themerusanur.com\/fr\/wp-json\/wp\/v2\/pages\/11063\/revisions"}],"predecessor-version":[{"id":11065,"href":"https:\/\/themerusanur.com\/fr\/wp-json\/wp\/v2\/pages\/11063\/revisions\/11065"}],"up":[{"embeddable":true,"href":"https:\/\/themerusanur.com\/fr\/wp-json\/wp\/v2\/pages\/11037"}],"wp:attachment":[{"href":"https:\/\/themerusanur.com\/fr\/wp-json\/wp\/v2\/media?parent=11063"}],"curies":[{"name":"wp","href":"https:\/\/api.w.org\/{rel}","templated":true}]}}