{"id":11067,"date":"2024-10-30T07:04:49","date_gmt":"2024-10-29T23:04:49","guid":{"rendered":"https:\/\/themerusanur.com\/spa-wellness\/spiritual-wellness\/"},"modified":"2026-04-17T02:23:06","modified_gmt":"2026-04-16T18:23:06","slug":"spiritual-wellness","status":"publish","type":"page","link":"https:\/\/themerusanur.com\/fr\/spa-wellness\/spiritual-wellness\/","title":{"rendered":"Spiritual Wellness"},"content":{"rendered":"\t\t<div data-elementor-type=\"wp-page\" data-elementor-id=\"11067\" class=\"elementor elementor-11067 elementor-80\" data-elementor-post-type=\"page\">\n\t\t\t\t<div class=\"elementor-element elementor-element-77300d2 ob-bg-video e-flex e-con-boxed e-con e-parent\" data-id=\"77300d2\" data-element_type=\"container\" data-e-type=\"container\" data-settings=\"{&quot;background_background&quot;:&quot;classic&quot;}\">\n\t\t\t\t\t<div class=\"e-con-inner\">\n\t\t\t\t\t<\/div>\n\t\t\t\t<\/div>\n\t\t<div class=\"elementor-element elementor-element-14b8af5 e-flex e-con-boxed e-con e-parent\" data-id=\"14b8af5\" data-element_type=\"container\" data-e-type=\"container\">\n\t\t\t\t\t<div class=\"e-con-inner\">\n\t\t\t\t\t<\/div>\n\t\t\t\t<\/div>\n\t\t<div class=\"elementor-element elementor-element-a7e4397 e-flex e-con-boxed e-con e-parent\" data-id=\"a7e4397\" data-element_type=\"container\" data-e-type=\"container\">\n\t\t\t\t\t<div class=\"e-con-inner\">\n\t\t<div class=\"elementor-element elementor-element-d2c944f e-con-full e-flex e-con e-child\" data-id=\"d2c944f\" data-element_type=\"container\" data-e-type=\"container\">\n\t\t\t\t<div class=\"elementor-element elementor-element-ae26e9b elementor-widget elementor-widget-heading\" data-id=\"ae26e9b\" data-element_type=\"widget\" data-e-type=\"widget\" data-widget_type=\"heading.default\">\n\t\t\t\t<div class=\"elementor-widget-container\">\n\t\t\t\t\t<h1 class=\"elementor-heading-title elementor-size-default\">Spiritual Wellness<\/h1>\t\t\t\t<\/div>\n\t\t\t\t<\/div>\n\t\t<div class=\"elementor-element elementor-element-820a152 e-con-full e-flex e-con e-child\" data-id=\"820a152\" data-element_type=\"container\" data-e-type=\"container\">\n\t\t\t\t<div class=\"elementor-element elementor-element-27bc5a1 elementor-widget elementor-widget-heading\" data-id=\"27bc5a1\" data-element_type=\"widget\" data-e-type=\"widget\" data-widget_type=\"heading.default\">\n\t\t\t\t<div class=\"elementor-widget-container\">\n\t\t\t\t\t<h2 class=\"elementor-heading-title elementor-size-default\">Heures d'activit\u00e9 : 07h00 - 16h00<br>Une r\u00e9servation au moins 24 heures \u00e0 l'avance est requise<\/h2>\t\t\t\t<\/div>\n\t\t\t\t<\/div>\n\t\t\t\t<\/div>\n\t\t\t\t<div class=\"elementor-element elementor-element-361cca9 elementor-widget elementor-widget-text-editor\" data-id=\"361cca9\" data-element_type=\"widget\" data-e-type=\"widget\" data-widget_type=\"text-editor.default\">\n\t\t\t\t<div class=\"elementor-widget-container\">\n\t\t\t\t\t\t\t\t\t<p>Nos rituels s&rsquo;inspirent de Sekala et Niskala, distinguant les domaines physique et spirituel. Ces concepts entrelac\u00e9s \u00e9lucident les significations plus profondes derri\u00e8re les c\u00e9r\u00e9monies. Sekala et Niskala nous guident pour fournir des soins r\u00e9pondant aux besoins physiques et spirituels, fa\u00e7onnant ainsi un mode de vie \u00e9quilibr\u00e9.  <\/p>\t\t\t\t\t\t\t\t<\/div>\n\t\t\t\t<\/div>\n\t\t\t\t<\/div>\n\t\t<div class=\"elementor-element elementor-element-e665117 e-con-full e-flex e-con e-child\" data-id=\"e665117\" data-element_type=\"container\" data-e-type=\"container\">\n\t\t\t\t<div class=\"elementor-element elementor-element-0913dbc elementor-widget-divider--view-line elementor-widget elementor-widget-divider\" data-id=\"0913dbc\" data-element_type=\"widget\" data-e-type=\"widget\" data-widget_type=\"divider.default\">\n\t\t\t\t<div class=\"elementor-widget-container\">\n\t\t\t\t\t\t\t<div class=\"elementor-divider\">\n\t\t\t<span class=\"elementor-divider-separator\">\n\t\t\t\t\t\t<\/span>\n\t\t<\/div>\n\t\t\t\t\t\t<\/div>\n\t\t\t\t<\/div>\n\t\t\t\t<\/div>\n\t\t\t\t\t<\/div>\n\t\t\t\t<\/div>\n\t\t<div class=\"elementor-element elementor-element-529dbe8 e-flex e-con-boxed e-con e-parent\" data-id=\"529dbe8\" data-element_type=\"container\" data-e-type=\"container\">\n\t\t\t\t\t<div class=\"e-con-inner\">\n\t\t<div class=\"elementor-element elementor-element-396d1ec e-con-full e-flex e-con e-child\" data-id=\"396d1ec\" data-element_type=\"container\" data-e-type=\"container\">\n\t\t<div class=\"elementor-element elementor-element-e9c7955 e-con-full e-flex e-con e-child\" data-id=\"e9c7955\" data-element_type=\"container\" data-e-type=\"container\">\n\t\t\t\t<div class=\"elementor-element elementor-element-a46b691 elementor-widget elementor-widget-heading\" data-id=\"a46b691\" data-element_type=\"widget\" data-e-type=\"widget\" data-widget_type=\"heading.default\">\n\t\t\t\t<div class=\"elementor-widget-container\">\n\t\t\t\t\t<h2 class=\"elementor-heading-title elementor-size-default\"><a href=\"https:\/\/themerusanur.com\/resort-suites\/tropical-corner-suite\/\">Lukat Toya<\/a><\/h2>\t\t\t\t<\/div>\n\t\t\t\t<\/div>\n\t\t\t\t<div class=\"elementor-element elementor-element-cb90b17 elementor-widget elementor-widget-heading\" data-id=\"cb90b17\" data-element_type=\"widget\" data-e-type=\"widget\" data-widget_type=\"heading.default\">\n\t\t\t\t<div class=\"elementor-widget-container\">\n\t\t\t\t\t<h2 class=\"elementor-heading-title elementor-size-default\">60 minutes<br>800,000 IDR++\/personne<\/h2>\t\t\t\t<\/div>\n\t\t\t\t<\/div>\n\t\t\t\t<div class=\"elementor-element elementor-element-12b3fd6 elementor-widget elementor-widget-text-editor\" data-id=\"12b3fd6\" data-element_type=\"widget\" data-e-type=\"widget\" data-widget_type=\"text-editor.default\">\n\t\t\t\t<div class=\"elementor-widget-container\">\n\t\t\t\t\t\t\t\t\t<p>Un rituel de purification balinais ancestral qui utilise le pouvoir nettoyant de l&rsquo;eau pour restaurer l&rsquo;harmonie int\u00e9rieure. Enracin\u00e9e dans des traditions sacr\u00e9es, cette pratique spirituelle \u00e9limine les \u00e9nergies n\u00e9gatives, purifie l&rsquo;esprit et \u00e9veille un \u00e9tat de pleine conscience. Guid\u00e9 par un pr\u00eatre balinais au temple du complexe, le rituel implique l&rsquo;utilisation d&rsquo;eau de noix de coco jaune sacr\u00e9e, un \u00e9l\u00e9ment v\u00e9n\u00e9r\u00e9 dans les c\u00e9r\u00e9monies de purification balinaises. \u00c0 travers ce nettoyage sacr\u00e9, Lukat Toya vous invite \u00e0 vous lib\u00e9rer de vos fardeaux, \u00e0 vous reconnecter avec votre esprit protecteur et \u00e0 embrasser un profond sentiment de calme, de clart\u00e9 et d&rsquo;\u00e9quilibre.   <\/p>\t\t\t\t\t\t\t\t<\/div>\n\t\t\t\t<\/div>\n\t\t\t\t<\/div>\n\t\t<div class=\"elementor-element elementor-element-5a831f9 e-con-full e-flex e-con e-child\" data-id=\"5a831f9\" data-element_type=\"container\" data-e-type=\"container\">\n\t\t\t\t<div class=\"elementor-element elementor-element-4ecd683 ob-btn-block elementor-widget__width-initial elementor-widget elementor-widget-button\" data-id=\"4ecd683\" data-element_type=\"widget\" data-e-type=\"widget\" data-widget_type=\"button.default\">\n\t\t\t\t<div class=\"elementor-widget-container\">\n\t\t\t\t\t\t\t\t\t<div class=\"elementor-button-wrapper\">\n\t\t\t\t\t<a class=\"elementor-button elementor-button-link elementor-size-sm\" href=\"http:\/\/wa.link\/0haw9h\" target=\"_blank\" rel=\"noopener\">\n\t\t\t\t\t\t<span class=\"elementor-button-content-wrapper\">\n\t\t\t\t\t\t\t\t\t<span class=\"elementor-button-text\">R\u00e9server<\/span>\n\t\t\t\t\t<\/span>\n\t\t\t\t\t<\/a>\n\t\t\t\t<\/div>\n\t\t\t\t\t\t\t\t<\/div>\n\t\t\t\t<\/div>\n\t\t\t\t<\/div>\n\t\t\t\t<\/div>\n\t\t<div class=\"elementor-element elementor-element-7b92ac8 e-con-full e-flex e-con e-child\" data-id=\"7b92ac8\" data-element_type=\"container\" data-e-type=\"container\">\n\t\t<div class=\"elementor-element elementor-element-85bf8dd e-con-full e-flex e-con e-child\" data-id=\"85bf8dd\" data-element_type=\"container\" data-e-type=\"container\">\n\t\t\t\t<div class=\"elementor-element elementor-element-804610f elementor-widget elementor-widget-heading\" data-id=\"804610f\" data-element_type=\"widget\" data-e-type=\"widget\" data-widget_type=\"heading.default\">\n\t\t\t\t<div class=\"elementor-widget-container\">\n\t\t\t\t\t<h2 class=\"elementor-heading-title elementor-size-default\"><a href=\"https:\/\/themerusanur.com\/resort-suites\/tropical-corner-suite\/\">Purnamaning Bayuh<\/a><\/h2>\t\t\t\t<\/div>\n\t\t\t\t<\/div>\n\t\t\t\t<div class=\"elementor-element elementor-element-42dba34 elementor-widget elementor-widget-heading\" data-id=\"42dba34\" data-element_type=\"widget\" data-e-type=\"widget\" data-widget_type=\"heading.default\">\n\t\t\t\t<div class=\"elementor-widget-container\">\n\t\t\t\t\t<h2 class=\"elementor-heading-title elementor-size-default\">60 minutes<br>800,000 IDR++\/personne<\/h2>\t\t\t\t<\/div>\n\t\t\t\t<\/div>\n\t\t\t\t<div class=\"elementor-element elementor-element-4dd0767 elementor-widget elementor-widget-text-editor\" data-id=\"4dd0767\" data-element_type=\"widget\" data-e-type=\"widget\" data-widget_type=\"text-editor.default\">\n\t\t\t\t<div class=\"elementor-widget-container\">\n\t\t\t\t\t\t\t\t\t<p>Un puissant rituel de purification par le feu balinais, traditionnellement accompli la veille de Nyepi, le jour du silence balinais. Nyepi marque le Nouvel An balinais, un moment sacr\u00e9 d&rsquo;autor\u00e9flexion, de renouveau et de purification spirituelle. C&rsquo;est un jour de Tapa Brata Penyepian \u2014 une pratique de silence, de m\u00e9ditation et de solitude pour restaurer l&rsquo;harmonie int\u00e9rieure et avec l&rsquo;univers. Gr\u00e2ce \u00e0 l&rsquo;\u00e9nergie transformatrice du feu, Lukat Gni br\u00fble la n\u00e9gativit\u00e9, purifie l&rsquo;\u00e2me et pr\u00e9pare l&rsquo;esprit au renouveau. Ce rituel sert de r\u00e9initialisation sacr\u00e9e, permettant de lib\u00e9rer les fardeaux du pass\u00e9 et d&rsquo;entrer dans un \u00e9tat de clart\u00e9, de paix et d&rsquo;\u00e9quilibre \u2014 pr\u00eat \u00e0 accueillir la nouvelle ann\u00e9e avec un c\u0153ur et un esprit purs. Un rituel de purification balinais ancestral qui utilise le pouvoir nettoyant de l&rsquo;eau.    <\/p>\t\t\t\t\t\t\t\t<\/div>\n\t\t\t\t<\/div>\n\t\t\t\t<\/div>\n\t\t<div class=\"elementor-element elementor-element-28fc87d e-con-full e-flex e-con e-child\" data-id=\"28fc87d\" data-element_type=\"container\" data-e-type=\"container\">\n\t\t\t\t<div class=\"elementor-element elementor-element-94a2106 ob-btn-block elementor-widget__width-initial elementor-widget elementor-widget-button\" data-id=\"94a2106\" data-element_type=\"widget\" data-e-type=\"widget\" data-widget_type=\"button.default\">\n\t\t\t\t<div class=\"elementor-widget-container\">\n\t\t\t\t\t\t\t\t\t<div class=\"elementor-button-wrapper\">\n\t\t\t\t\t<a class=\"elementor-button elementor-button-link elementor-size-sm\" href=\"http:\/\/wa.link\/0haw9h\" target=\"_blank\" rel=\"noopener\">\n\t\t\t\t\t\t<span class=\"elementor-button-content-wrapper\">\n\t\t\t\t\t\t\t\t\t<span class=\"elementor-button-text\">R\u00e9server<\/span>\n\t\t\t\t\t<\/span>\n\t\t\t\t\t<\/a>\n\t\t\t\t<\/div>\n\t\t\t\t\t\t\t\t<\/div>\n\t\t\t\t<\/div>\n\t\t\t\t<\/div>\n\t\t\t\t<\/div>\n\t\t<div class=\"elementor-element elementor-element-450fbcc e-con-full e-flex e-con e-child\" data-id=\"450fbcc\" data-element_type=\"container\" data-e-type=\"container\">\n\t\t<div class=\"elementor-element elementor-element-d3ad5b9 e-con-full e-flex e-con e-child\" data-id=\"d3ad5b9\" data-element_type=\"container\" data-e-type=\"container\">\n\t\t\t\t<div class=\"elementor-element elementor-element-252ed94 elementor-widget elementor-widget-heading\" data-id=\"252ed94\" data-element_type=\"widget\" data-e-type=\"widget\" data-widget_type=\"heading.default\">\n\t\t\t\t<div class=\"elementor-widget-container\">\n\t\t\t\t\t<h2 class=\"elementor-heading-title elementor-size-default\"><a href=\"https:\/\/themerusanur.com\/resort-suites\/tropical-corner-suite\/\">Wariga-Pawukon<\/a><\/h2>\t\t\t\t<\/div>\n\t\t\t\t<\/div>\n\t\t\t\t<div class=\"elementor-element elementor-element-de75445 elementor-widget elementor-widget-heading\" data-id=\"de75445\" data-element_type=\"widget\" data-e-type=\"widget\" data-widget_type=\"heading.default\">\n\t\t\t\t<div class=\"elementor-widget-container\">\n\t\t\t\t\t<h2 class=\"elementor-heading-title elementor-size-default\">90 minutes<br>1,200,000 IDR++\/personne<\/h2>\t\t\t\t<\/div>\n\t\t\t\t<\/div>\n\t\t\t\t<div class=\"elementor-element elementor-element-82e0bc6 elementor-widget elementor-widget-text-editor\" data-id=\"82e0bc6\" data-element_type=\"widget\" data-e-type=\"widget\" data-widget_type=\"text-editor.default\">\n\t\t\t\t<div class=\"elementor-widget-container\">\n\t\t\t\t\t\t\t\t\t<p>Astrologie balinaise et chiromancie. D\u00e9voilez votre th\u00e8me natal balinais \u00e0 travers le calendrier Pawukon et obtenez des informations profondes sur votre chemin spirituel gr\u00e2ce \u00e0 une lecture de paume traditionnelle, guid\u00e9e par un gourou spirituel v\u00e9n\u00e9r\u00e9. <\/p>\t\t\t\t\t\t\t\t<\/div>\n\t\t\t\t<\/div>\n\t\t\t\t<\/div>\n\t\t<div class=\"elementor-element elementor-element-70f4b0c e-con-full e-flex e-con e-child\" data-id=\"70f4b0c\" data-element_type=\"container\" data-e-type=\"container\">\n\t\t\t\t<div class=\"elementor-element elementor-element-0b676de ob-btn-block elementor-widget__width-initial elementor-widget elementor-widget-button\" data-id=\"0b676de\" data-element_type=\"widget\" data-e-type=\"widget\" data-widget_type=\"button.default\">\n\t\t\t\t<div class=\"elementor-widget-container\">\n\t\t\t\t\t\t\t\t\t<div class=\"elementor-button-wrapper\">\n\t\t\t\t\t<a class=\"elementor-button elementor-button-link elementor-size-sm\" href=\"http:\/\/wa.link\/0haw9h\" target=\"_blank\" rel=\"noopener\">\n\t\t\t\t\t\t<span class=\"elementor-button-content-wrapper\">\n\t\t\t\t\t\t\t\t\t<span class=\"elementor-button-text\">R\u00e9server<\/span>\n\t\t\t\t\t<\/span>\n\t\t\t\t\t<\/a>\n\t\t\t\t<\/div>\n\t\t\t\t\t\t\t\t<\/div>\n\t\t\t\t<\/div>\n\t\t\t\t<\/div>\n\t\t\t\t<\/div>\n\t\t\t\t\t<\/div>\n\t\t\t\t<\/div>\n\t\t<div class=\"elementor-element elementor-element-0c9121d e-flex e-con-boxed e-con e-parent\" data-id=\"0c9121d\" data-element_type=\"container\" data-e-type=\"container\">\n\t\t\t\t\t<div class=\"e-con-inner\">\n\t\t\t\t<div class=\"elementor-element elementor-element-f7e389b elementor-widget elementor-widget-text-editor\" data-id=\"f7e389b\" data-element_type=\"widget\" data-e-type=\"widget\" data-widget_type=\"text-editor.default\">\n\t\t\t\t<div class=\"elementor-widget-container\">\n\t\t\t\t\t\t\t\t\t<p>\u00c0 la fin de votre voyage de bien-\u00eatre, vous recevrez le bracelet Tridatu \u2014 un symbole sacr\u00e9 d&rsquo;harmonie, de protection et de pleine conscience, repr\u00e9sentant les trois forces divines de la vie : la cr\u00e9ation, la pr\u00e9servation et la dissolution.<\/p>\t\t\t\t\t\t\t\t<\/div>\n\t\t\t\t<\/div>\n\t\t\t\t\t<\/div>\n\t\t\t\t<\/div>\n\t\t\t\t<\/div>\n\t\t","protected":false},"excerpt":{"rendered":"<p>Spiritual Wellness Heures d&rsquo;activit\u00e9 : 07h00 &#8211; 16h00Une r\u00e9servation au moins 24 heures \u00e0 l&rsquo;avance est requise Nos rituels s&rsquo;inspirent de Sekala et Niskala, distinguant les domaines physique et spirituel. Ces concepts entrelac\u00e9s \u00e9lucident les significations plus profondes derri\u00e8re les c\u00e9r\u00e9monies. Sekala et Niskala nous guident pour fournir des soins r\u00e9pondant aux besoins physiques et [&hellip;]<\/p>\n","protected":false},"author":2,"featured_media":0,"parent":11037,"menu_order":2,"comment_status":"closed","ping_status":"closed","template":"","meta":{"footnotes":""},"class_list":["post-11067","page","type-page","status-publish","hentry"],"_links":{"self":[{"href":"https:\/\/themerusanur.com\/fr\/wp-json\/wp\/v2\/pages\/11067","targetHints":{"allow":["GET"]}}],"collection":[{"href":"https:\/\/themerusanur.com\/fr\/wp-json\/wp\/v2\/pages"}],"about":[{"href":"https:\/\/themerusanur.com\/fr\/wp-json\/wp\/v2\/types\/page"}],"author":[{"embeddable":true,"href":"https:\/\/themerusanur.com\/fr\/wp-json\/wp\/v2\/users\/2"}],"replies":[{"embeddable":true,"href":"https:\/\/themerusanur.com\/fr\/wp-json\/wp\/v2\/comments?post=11067"}],"version-history":[{"count":1,"href":"https:\/\/themerusanur.com\/fr\/wp-json\/wp\/v2\/pages\/11067\/revisions"}],"predecessor-version":[{"id":11088,"href":"https:\/\/themerusanur.com\/fr\/wp-json\/wp\/v2\/pages\/11067\/revisions\/11088"}],"up":[{"embeddable":true,"href":"https:\/\/themerusanur.com\/fr\/wp-json\/wp\/v2\/pages\/11037"}],"wp:attachment":[{"href":"https:\/\/themerusanur.com\/fr\/wp-json\/wp\/v2\/media?parent=11067"}],"curies":[{"name":"wp","href":"https:\/\/api.w.org\/{rel}","templated":true}]}}