{"id":11264,"date":"2025-02-11T13:57:14","date_gmt":"2025-02-11T05:57:14","guid":{"rendered":"https:\/\/themerusanur.com\/stay-longer-save-package\/"},"modified":"2026-04-17T03:25:22","modified_gmt":"2026-04-16T19:25:22","slug":"stay-longer-save-package","status":"publish","type":"page","link":"https:\/\/themerusanur.com\/fr\/stay-longer-save-package\/","title":{"rendered":"Stay Longer &amp; Save package"},"content":{"rendered":"\t\t<div data-elementor-type=\"wp-page\" data-elementor-id=\"11264\" class=\"elementor elementor-11264 elementor-2881\" data-elementor-post-type=\"page\">\n\t\t\t\t<div class=\"elementor-element elementor-element-742c291 ob-bg-video e-flex e-con-boxed e-con e-parent\" data-id=\"742c291\" data-element_type=\"container\" data-e-type=\"container\" data-settings=\"{&quot;background_background&quot;:&quot;classic&quot;}\">\n\t\t\t\t\t<div class=\"e-con-inner\">\n\t\t\t\t\t<\/div>\n\t\t\t\t<\/div>\n\t\t<div class=\"elementor-element elementor-element-3caecdb e-flex e-con-boxed e-con e-parent\" data-id=\"3caecdb\" data-element_type=\"container\" data-e-type=\"container\">\n\t\t\t\t\t<div class=\"e-con-inner\">\n\t\t\t\t\t<\/div>\n\t\t\t\t<\/div>\n\t\t<div class=\"elementor-element elementor-element-ced7e04 e-flex e-con-boxed e-con e-parent\" data-id=\"ced7e04\" data-element_type=\"container\" data-e-type=\"container\">\n\t\t\t\t\t<div class=\"e-con-inner\">\n\t\t<div class=\"elementor-element elementor-element-d7fd7b6 e-con-full e-flex e-con e-child\" data-id=\"d7fd7b6\" data-element_type=\"container\" data-e-type=\"container\">\n\t\t\t\t<div class=\"elementor-element elementor-element-6051a6f elementor-widget elementor-widget-heading\" data-id=\"6051a6f\" data-element_type=\"widget\" data-e-type=\"widget\" data-widget_type=\"heading.default\">\n\t\t\t\t<div class=\"elementor-widget-container\">\n\t\t\t\t\t<h2 class=\"elementor-heading-title elementor-size-default\">Stay Longer &amp; Save<\/h2>\t\t\t\t<\/div>\n\t\t\t\t<\/div>\n\t\t\t\t<div class=\"elementor-element elementor-element-7a01e39 elementor-widget elementor-widget-text-editor\" data-id=\"7a01e39\" data-element_type=\"widget\" data-e-type=\"widget\" data-widget_type=\"text-editor.default\">\n\t\t\t\t<div class=\"elementor-widget-container\">\n\t\t\t\t\t\t\t\t\t<p>Profitez de notre distingu\u00e9 Long Stay Package avec un minimum de 7 nuits, con\u00e7u pour offrir une p\u00e9riode prolong\u00e9e d&rsquo;opulence et de tranquillit\u00e9. B\u00e9n\u00e9ficiez de privil\u00e8ges exclusifs, notamment de somptueux petits-d\u00e9jeuners gratuits, de g\u00e9n\u00e9reuses r\u00e9ductions au spa et de r\u00e9servations prioritaires. Prolongez votre s\u00e9jour, am\u00e9liorez votre exp\u00e9rience et cr\u00e9ez des souvenirs intemporels avec nous.<\/p>\t\t\t\t\t\t\t\t<\/div>\n\t\t\t\t<\/div>\n\t\t\t\t<\/div>\n\t\t<div class=\"elementor-element elementor-element-d0bda04 e-con-full e-flex e-con e-child\" data-id=\"d0bda04\" data-element_type=\"container\" data-e-type=\"container\">\n\t\t\t\t<div class=\"elementor-element elementor-element-2cb165d elementor-widget-divider--view-line elementor-widget elementor-widget-divider\" data-id=\"2cb165d\" data-element_type=\"widget\" data-e-type=\"widget\" data-widget_type=\"divider.default\">\n\t\t\t\t<div class=\"elementor-widget-container\">\n\t\t\t\t\t\t\t<div class=\"elementor-divider\">\n\t\t\t<span class=\"elementor-divider-separator\">\n\t\t\t\t\t\t<\/span>\n\t\t<\/div>\n\t\t\t\t\t\t<\/div>\n\t\t\t\t<\/div>\n\t\t\t\t<\/div>\n\t\t\t\t\t<\/div>\n\t\t\t\t<\/div>\n\t\t<div class=\"elementor-element elementor-element-9579a8e e-flex e-con-boxed e-con e-parent\" data-id=\"9579a8e\" data-element_type=\"container\" data-e-type=\"container\">\n\t\t\t\t\t<div class=\"e-con-inner\">\n\t\t\t\t<div class=\"elementor-element elementor-element-057861b ob-btn-block elementor-widget__width-initial elementor-widget elementor-widget-button\" data-id=\"057861b\" data-element_type=\"widget\" data-e-type=\"widget\" data-widget_type=\"button.default\">\n\t\t\t\t<div class=\"elementor-widget-container\">\n\t\t\t\t\t\t\t\t\t<div class=\"elementor-button-wrapper\">\n\t\t\t\t\t<a class=\"elementor-button elementor-button-link elementor-size-sm\" href=\"https:\/\/book.themerusanur.com\/be\/index_be?m_currency=IDR&#038;fixp=&#038;display=flexi&#038;propertyId=OTEzMQ%3D%3D\">\n\t\t\t\t\t\t<span class=\"elementor-button-content-wrapper\">\n\t\t\t\t\t\t\t\t\t<span class=\"elementor-button-text\">R\u00e9server<\/span>\n\t\t\t\t\t<\/span>\n\t\t\t\t\t<\/a>\n\t\t\t\t<\/div>\n\t\t\t\t\t\t\t\t<\/div>\n\t\t\t\t<\/div>\n\t\t\t\t\t<\/div>\n\t\t\t\t<\/div>\n\t\t<div class=\"elementor-element elementor-element-949558e e-flex e-con-boxed e-con e-parent\" data-id=\"949558e\" data-element_type=\"container\" data-e-type=\"container\">\n\t\t\t\t\t<div class=\"e-con-inner\">\n\t\t<div class=\"elementor-element elementor-element-a9a5c7e e-con-full e-flex e-con e-child\" data-id=\"a9a5c7e\" data-element_type=\"container\" data-e-type=\"container\" data-settings=\"{&quot;background_background&quot;:&quot;classic&quot;}\">\n\t\t<div class=\"elementor-element elementor-element-c8e97de e-con-full e-flex e-con e-child\" data-id=\"c8e97de\" data-element_type=\"container\" data-e-type=\"container\">\n\t\t<div class=\"elementor-element elementor-element-aad9cfc e-con-full e-flex e-con e-child\" data-id=\"aad9cfc\" data-element_type=\"container\" data-e-type=\"container\">\n\t\t<div class=\"elementor-element elementor-element-74b7b8a e-flex e-con-boxed e-con e-child\" data-id=\"74b7b8a\" data-element_type=\"container\" data-e-type=\"container\">\n\t\t\t\t\t<div class=\"e-con-inner\">\n\t\t\t\t<div class=\"elementor-element elementor-element-26dbbbf elementor-widget elementor-widget-heading\" data-id=\"26dbbbf\" data-element_type=\"widget\" data-e-type=\"widget\" data-widget_type=\"heading.default\">\n\t\t\t\t<div class=\"elementor-widget-container\">\n\t\t\t\t\t<h2 class=\"elementor-heading-title elementor-size-default\">P\u00e9riode de r\u00e9servation :<\/h2>\t\t\t\t<\/div>\n\t\t\t\t<\/div>\n\t\t<div class=\"elementor-element elementor-element-5cccb41 e-con-full e-flex e-con e-child\" data-id=\"5cccb41\" data-element_type=\"container\" data-e-type=\"container\">\n\t\t\t\t<div class=\"elementor-element elementor-element-b106e59 elementor-widget elementor-widget-text-editor\" data-id=\"b106e59\" data-element_type=\"widget\" data-e-type=\"widget\" data-widget_type=\"text-editor.default\">\n\t\t\t\t<div class=\"elementor-widget-container\">\n\t\t\t\t\t\t\t\t\t<ul><li><span data-sheets-root=\"1\">Imm\u00e9diatement &#8211; 23 juin 2025<\/span><\/li><\/ul>\t\t\t\t\t\t\t\t<\/div>\n\t\t\t\t<\/div>\n\t\t\t\t<\/div>\n\t\t\t\t\t<\/div>\n\t\t\t\t<\/div>\n\t\t<div class=\"elementor-element elementor-element-df8be26 e-flex e-con-boxed e-con e-child\" data-id=\"df8be26\" data-element_type=\"container\" data-e-type=\"container\">\n\t\t\t\t\t<div class=\"e-con-inner\">\n\t\t\t\t<div class=\"elementor-element elementor-element-5273be7 elementor-widget elementor-widget-heading\" data-id=\"5273be7\" data-element_type=\"widget\" data-e-type=\"widget\" data-widget_type=\"heading.default\">\n\t\t\t\t<div class=\"elementor-widget-container\">\n\t\t\t\t\t<h2 class=\"elementor-heading-title elementor-size-default\">P\u00e9riode de s\u00e9jour :<\/h2>\t\t\t\t<\/div>\n\t\t\t\t<\/div>\n\t\t<div class=\"elementor-element elementor-element-433a5b9 e-con-full e-flex e-con e-child\" data-id=\"433a5b9\" data-element_type=\"container\" data-e-type=\"container\">\n\t\t\t\t<div class=\"elementor-element elementor-element-c1a37da elementor-widget elementor-widget-text-editor\" data-id=\"c1a37da\" data-element_type=\"widget\" data-e-type=\"widget\" data-widget_type=\"text-editor.default\">\n\t\t\t\t<div class=\"elementor-widget-container\">\n\t\t\t\t\t\t\t\t\t<ul><li>Imm\u00e9diatement &#8211; 30 juin 2025<\/li><\/ul>\t\t\t\t\t\t\t\t<\/div>\n\t\t\t\t<\/div>\n\t\t\t\t<\/div>\n\t\t\t\t\t<\/div>\n\t\t\t\t<\/div>\n\t\t\t\t<\/div>\n\t\t<div class=\"elementor-element elementor-element-48355e8 e-con-full e-flex e-con e-child\" data-id=\"48355e8\" data-element_type=\"container\" data-e-type=\"container\">\n\t\t\t\t<div class=\"elementor-element elementor-element-91ca537 elementor-widget elementor-widget-heading\" data-id=\"91ca537\" data-element_type=\"widget\" data-e-type=\"widget\" data-widget_type=\"heading.default\">\n\t\t\t\t<div class=\"elementor-widget-container\">\n\t\t\t\t\t<h2 class=\"elementor-heading-title elementor-size-default\">Le forfait comprend :<\/h2>\t\t\t\t<\/div>\n\t\t\t\t<\/div>\n\t\t<div class=\"elementor-element elementor-element-fa0685d e-con-full e-grid e-con e-child\" data-id=\"fa0685d\" data-element_type=\"container\" data-e-type=\"container\">\n\t\t\t\t<div class=\"elementor-element elementor-element-71471d3 elementor-widget-laptop__width-initial elementor-widget__width-initial elementor-widget elementor-widget-text-editor\" data-id=\"71471d3\" data-element_type=\"widget\" data-e-type=\"widget\" data-widget_type=\"text-editor.default\">\n\t\t\t\t<div class=\"elementor-widget-container\">\n\t\t\t\t\t\t\t\t\t<ul>\n \t<li>Transferts a\u00e9roport aller-retour<\/li>\n \t<li>Rituel de bienvenue balinais et bracelet Tridatu<\/li>\n \t<li>Petit-d\u00e9jeuner quotidien au Arunika Restaurant pour 2 personnes<\/li>\n \t<li>Blanchisserie (valeur 500,000 IDR) &#8211; valable pour un seul usage, non cumulable, non \u00e9changeable contre de l&rsquo;argent<\/li>\n<\/ul>\t\t\t\t\t\t\t\t<\/div>\n\t\t\t\t<\/div>\n\t\t\t\t<div class=\"elementor-element elementor-element-563dbd0 elementor-widget-laptop__width-initial elementor-widget__width-initial elementor-widget elementor-widget-text-editor\" data-id=\"563dbd0\" data-element_type=\"widget\" data-e-type=\"widget\" data-widget_type=\"text-editor.default\">\n\t\t\t\t<div class=\"elementor-widget-container\">\n\t\t\t\t\t\t\t\t\t<ul><li>2 x Bons de cr\u00e9dit pour la restauration (valeur 300,000 IDR chacun) valables pour un seul usage par bon, non cumulables, non \u00e9changeables contre de l&rsquo;argent<\/li><li>Acc\u00e8s Internet Wi-Fi gratuit.<\/li><li>S\u00e9lection d&rsquo;activit\u00e9s gratuites programm\u00e9es<\/li><\/ul>\t\t\t\t\t\t\t\t<\/div>\n\t\t\t\t<\/div>\n\t\t\t\t<\/div>\n\t\t\t\t<\/div>\n\t\t\t\t<\/div>\n\t\t\t\t<\/div>\n\t\t\t\t\t<\/div>\n\t\t\t\t<\/div>\n\t\t<div class=\"elementor-element elementor-element-cd0e4a2 e-flex e-con-boxed e-con e-parent\" data-id=\"cd0e4a2\" data-element_type=\"container\" data-e-type=\"container\">\n\t\t\t\t\t<div class=\"e-con-inner\">\n\t\t<div class=\"elementor-element elementor-element-48d6c59 e-con-full e-flex e-con e-child\" data-id=\"48d6c59\" data-element_type=\"container\" data-e-type=\"container\" data-settings=\"{&quot;background_background&quot;:&quot;classic&quot;}\">\n\t\t<div class=\"elementor-element elementor-element-0b28811 e-con-full e-flex e-con e-child\" data-id=\"0b28811\" data-element_type=\"container\" data-e-type=\"container\">\n\t\t\t\t<div class=\"elementor-element elementor-element-877c5cc elementor-widget elementor-widget-heading\" data-id=\"877c5cc\" data-element_type=\"widget\" data-e-type=\"widget\" data-widget_type=\"heading.default\">\n\t\t\t\t<div class=\"elementor-widget-container\">\n\t\t\t\t\t<h2 class=\"elementor-heading-title elementor-size-default\">Termes et conditions<\/h2>\t\t\t\t<\/div>\n\t\t\t\t<\/div>\n\t\t\t\t<div class=\"elementor-element elementor-element-35495be elementor-widget elementor-widget-text-editor\" data-id=\"35495be\" data-element_type=\"widget\" data-e-type=\"widget\" data-widget_type=\"text-editor.default\">\n\t\t\t\t<div class=\"elementor-widget-container\">\n\t\t\t\t\t\t\t\t\t<ul><li>S\u00e9jour minimum de 7 nuits<\/li><li>S\u00e9lection d&rsquo;activit\u00e9s gratuites programm\u00e9es<\/li><li>Conditions de paiement : Le paiement int\u00e9gral est requis lors de la finalisation de la r\u00e9servation<br>Politique d&rsquo;annulation : Non remboursable, non modifiable et non annulable<\/li><li>Retours et suggestions : Vos retours et suggestions nous sont pr\u00e9cieux alors que nous nous effor\u00e7ons d&rsquo;am\u00e9liorer et de perfectionner nos offres. Nous vous encourageons \u00e0 partager vos impressions avec nous pendant votre s\u00e9jour, soit directement aupr\u00e8s de notre personnel, soit via nos canaux de communication.<\/li><li>Conditions sujettes \u00e0 modification : Ces termes et conditions sont sujets \u00e0 modification sans pr\u00e9avis. Nous vous recommandons de consulter notre site Web ou de contacter notre \u00e9quipe de r\u00e9servation pour obtenir les informations les plus r\u00e9centes concernant notre complexe.<\/li><li>En effectuant une r\u00e9servation ou en s\u00e9journant dans notre \u00e9tablissement, vous acceptez de vous conformer \u00e0 ces termes et conditions. Nous appr\u00e9cions sinc\u00e8rement votre soutien et votre compr\u00e9hension alors que nous nous lan\u00e7ons dans cette aventure passionnante, et nous sommes impatients de vous offrir une exp\u00e9rience inoubliable.<\/li><\/ul>\t\t\t\t\t\t\t\t<\/div>\n\t\t\t\t<\/div>\n\t\t\t\t<\/div>\n\t\t\t\t<\/div>\n\t\t\t\t\t<\/div>\n\t\t\t\t<\/div>\n\t\t<div class=\"elementor-element elementor-element-6de6657 e-flex e-con-boxed e-con e-parent\" data-id=\"6de6657\" data-element_type=\"container\" data-e-type=\"container\">\n\t\t\t\t\t<div class=\"e-con-inner\">\n\t\t\t\t<div class=\"elementor-element elementor-element-24d9d1c ob-btn-block elementor-widget__width-initial elementor-widget elementor-widget-button\" data-id=\"24d9d1c\" data-element_type=\"widget\" data-e-type=\"widget\" data-widget_type=\"button.default\">\n\t\t\t\t<div class=\"elementor-widget-container\">\n\t\t\t\t\t\t\t\t\t<div class=\"elementor-button-wrapper\">\n\t\t\t\t\t<a class=\"elementor-button elementor-button-link elementor-size-sm\" href=\"https:\/\/book.themerusanur.com\/be\/index_be?m_currency=IDR&#038;fixp=&#038;display=flexi&#038;propertyId=OTEzMQ%3D%3D\">\n\t\t\t\t\t\t<span class=\"elementor-button-content-wrapper\">\n\t\t\t\t\t\t\t\t\t<span class=\"elementor-button-text\">R\u00e9server<\/span>\n\t\t\t\t\t<\/span>\n\t\t\t\t\t<\/a>\n\t\t\t\t<\/div>\n\t\t\t\t\t\t\t\t<\/div>\n\t\t\t\t<\/div>\n\t\t\t\t\t<\/div>\n\t\t\t\t<\/div>\n\t\t\t\t<\/div>\n\t\t","protected":false},"excerpt":{"rendered":"<p>Stay Longer &amp; Save Profitez de notre distingu\u00e9 Long Stay Package avec un minimum de 7 nuits, con\u00e7u pour offrir une p\u00e9riode prolong\u00e9e d&rsquo;opulence et de tranquillit\u00e9. B\u00e9n\u00e9ficiez de privil\u00e8ges exclusifs, notamment de somptueux petits-d\u00e9jeuners gratuits, de g\u00e9n\u00e9reuses r\u00e9ductions au spa et de r\u00e9servations prioritaires. Prolongez votre s\u00e9jour, am\u00e9liorez votre exp\u00e9rience et cr\u00e9ez des souvenirs [&hellip;]<\/p>\n","protected":false},"author":2,"featured_media":0,"parent":0,"menu_order":4,"comment_status":"closed","ping_status":"closed","template":"","meta":{"footnotes":""},"class_list":["post-11264","page","type-page","status-publish","hentry"],"_links":{"self":[{"href":"https:\/\/themerusanur.com\/fr\/wp-json\/wp\/v2\/pages\/11264","targetHints":{"allow":["GET"]}}],"collection":[{"href":"https:\/\/themerusanur.com\/fr\/wp-json\/wp\/v2\/pages"}],"about":[{"href":"https:\/\/themerusanur.com\/fr\/wp-json\/wp\/v2\/types\/page"}],"author":[{"embeddable":true,"href":"https:\/\/themerusanur.com\/fr\/wp-json\/wp\/v2\/users\/2"}],"replies":[{"embeddable":true,"href":"https:\/\/themerusanur.com\/fr\/wp-json\/wp\/v2\/comments?post=11264"}],"version-history":[{"count":1,"href":"https:\/\/themerusanur.com\/fr\/wp-json\/wp\/v2\/pages\/11264\/revisions"}],"predecessor-version":[{"id":11268,"href":"https:\/\/themerusanur.com\/fr\/wp-json\/wp\/v2\/pages\/11264\/revisions\/11268"}],"wp:attachment":[{"href":"https:\/\/themerusanur.com\/fr\/wp-json\/wp\/v2\/media?parent=11264"}],"curies":[{"name":"wp","href":"https:\/\/api.w.org\/{rel}","templated":true}]}}