{"id":11284,"date":"2025-09-15T12:34:41","date_gmt":"2025-09-15T04:34:41","guid":{"rendered":"https:\/\/themerusanur.com\/offres-exclusives\/family-luxury-holiday\/"},"modified":"2026-04-17T03:55:06","modified_gmt":"2026-04-16T19:55:06","slug":"family-luxury-holiday","status":"publish","type":"page","link":"https:\/\/themerusanur.com\/fr\/offres-exclusives\/family-luxury-holiday\/","title":{"rendered":"Family Luxury Holiday"},"content":{"rendered":"\t\t<div data-elementor-type=\"wp-page\" data-elementor-id=\"11284\" class=\"elementor elementor-11284 elementor-6639\" data-elementor-post-type=\"page\">\n\t\t\t\t<div class=\"elementor-element elementor-element-22770182 ob-bg-video e-flex e-con-boxed e-con e-parent\" data-id=\"22770182\" data-element_type=\"container\" data-e-type=\"container\" data-settings=\"{&quot;background_background&quot;:&quot;classic&quot;}\">\n\t\t\t\t\t<div class=\"e-con-inner\">\n\t\t\t\t\t<\/div>\n\t\t\t\t<\/div>\n\t\t<div class=\"elementor-element elementor-element-4eff2581 e-flex e-con-boxed e-con e-parent\" data-id=\"4eff2581\" data-element_type=\"container\" data-e-type=\"container\">\n\t\t\t\t\t<div class=\"e-con-inner\">\n\t\t\t\t\t<\/div>\n\t\t\t\t<\/div>\n\t\t<div class=\"elementor-element elementor-element-30d8b718 e-flex e-con-boxed e-con e-parent\" data-id=\"30d8b718\" data-element_type=\"container\" data-e-type=\"container\">\n\t\t\t\t\t<div class=\"e-con-inner\">\n\t\t<div class=\"elementor-element elementor-element-43a0c6a e-con-full e-flex e-con e-child\" data-id=\"43a0c6a\" data-element_type=\"container\" data-e-type=\"container\">\n\t\t\t\t<div class=\"elementor-element elementor-element-7755fdc elementor-widget elementor-widget-heading\" data-id=\"7755fdc\" data-element_type=\"widget\" data-e-type=\"widget\" data-widget_type=\"heading.default\">\n\t\t\t\t<div class=\"elementor-widget-container\">\n\t\t\t\t\t<h1 class=\"elementor-heading-title elementor-size-default\">Family Luxury Holiday<\/h1>\t\t\t\t<\/div>\n\t\t\t\t<\/div>\n\t\t\t\t<div class=\"elementor-element elementor-element-5f1be70a elementor-widget elementor-widget-text-editor\" data-id=\"5f1be70a\" data-element_type=\"widget\" data-e-type=\"widget\" data-widget_type=\"text-editor.default\">\n\t\t\t\t<div class=\"elementor-widget-container\">\n\t\t\t\t\t\t\t\t\t<p data-start=\"126\" data-end=\"370\">\u00c9vadez-vous sur les rivages sereins de Sanur et offrez-vous un minimum de cinq nuits inoubliables dans l&#8217;embl\u00e9matique The Meru Sanur ou au Bali Beach Hotel. L\u00e0 o\u00f9 l&rsquo;\u00e9l\u00e9gance tropicale rencontre le bonheur en famille. <\/p><p data-start=\"372\" data-end=\"589\">Con\u00e7u pour 2 adultes et 1 enfant, ce forfait exclusif regorge d&rsquo;inclusions premium, d&rsquo;exp\u00e9riences personnalis\u00e9es et d&rsquo;activit\u00e9s familiales attrayantes, le tout avec en toile de fond la beaut\u00e9 intemporelle de Bali. Des plages ensoleill\u00e9es aux tr\u00e9sors culturels, chaque instant est pens\u00e9 pour le luxe, le rire et des souvenirs durables. <\/p>\t\t\t\t\t\t\t\t<\/div>\n\t\t\t\t<\/div>\n\t\t\t\t<\/div>\n\t\t<div class=\"elementor-element elementor-element-3cd596c0 e-con-full e-flex e-con e-child\" data-id=\"3cd596c0\" data-element_type=\"container\" data-e-type=\"container\">\n\t\t\t\t<div class=\"elementor-element elementor-element-40624ef elementor-widget-divider--view-line elementor-widget elementor-widget-divider\" data-id=\"40624ef\" data-element_type=\"widget\" data-e-type=\"widget\" data-widget_type=\"divider.default\">\n\t\t\t\t<div class=\"elementor-widget-container\">\n\t\t\t\t\t\t\t<div class=\"elementor-divider\">\n\t\t\t<span class=\"elementor-divider-separator\">\n\t\t\t\t\t\t<\/span>\n\t\t<\/div>\n\t\t\t\t\t\t<\/div>\n\t\t\t\t<\/div>\n\t\t\t\t<\/div>\n\t\t\t\t\t<\/div>\n\t\t\t\t<\/div>\n\t\t<div class=\"elementor-element elementor-element-d97f901 e-grid e-con-boxed e-con e-parent\" data-id=\"d97f901\" data-element_type=\"container\" data-e-type=\"container\">\n\t\t\t\t\t<div class=\"e-con-inner\">\n\t\t<div class=\"elementor-element elementor-element-5c80242 e-con-full e-flex e-con e-child\" data-id=\"5c80242\" data-element_type=\"container\" data-e-type=\"container\">\n\t\t\t\t<div class=\"elementor-element elementor-element-9347d02 ob-btn-block elementor-widget__width-initial elementor-widget elementor-widget-button\" data-id=\"9347d02\" data-element_type=\"widget\" data-e-type=\"widget\" data-widget_type=\"button.default\">\n\t\t\t\t<div class=\"elementor-widget-container\">\n\t\t\t\t\t\t\t\t\t<div class=\"elementor-button-wrapper\">\n\t\t\t\t\t<a class=\"elementor-button elementor-button-link elementor-size-sm\" href=\"https:\/\/book.themerusanur.com\/inst\/#home?propertyId=50941&#038;PackageID=913100000000055&#038;checkIn=2025-10-01&#038;minNight=5&#038;promoCode=luxuryholiday\" target=\"_blank\">\n\t\t\t\t\t\t<span class=\"elementor-button-content-wrapper\">\n\t\t\t\t\t\t\t\t\t<span class=\"elementor-button-text\">R\u00e9server The Meru Sanur<\/span>\n\t\t\t\t\t<\/span>\n\t\t\t\t\t<\/a>\n\t\t\t\t<\/div>\n\t\t\t\t\t\t\t\t<\/div>\n\t\t\t\t<\/div>\n\t\t\t\t<\/div>\n\t\t<div class=\"elementor-element elementor-element-3d7b1de e-con-full e-flex e-con e-child\" data-id=\"3d7b1de\" data-element_type=\"container\" data-e-type=\"container\">\n\t\t\t\t<div class=\"elementor-element elementor-element-573927f ob-btn-block elementor-widget__width-initial elementor-widget elementor-widget-button\" data-id=\"573927f\" data-element_type=\"widget\" data-e-type=\"widget\" data-widget_type=\"button.default\">\n\t\t\t\t<div class=\"elementor-widget-container\">\n\t\t\t\t\t\t\t\t\t<div class=\"elementor-button-wrapper\">\n\t\t\t\t\t<a class=\"elementor-button elementor-button-link elementor-size-sm\" href=\"https:\/\/book.balibeachsanur.com\/inst\/#\/home?propertyId=50940&#038;PackageID=913000000000069&#038;checkIn=2025-10-01&#038;minNight=5&#038;promoCode=luxuryholiday\" target=\"_blank\" rel=\"noopener\">\n\t\t\t\t\t\t<span class=\"elementor-button-content-wrapper\">\n\t\t\t\t\t\t\t\t\t<span class=\"elementor-button-text\">D\u00e9couvrir Bali Beach Hotel<\/span>\n\t\t\t\t\t<\/span>\n\t\t\t\t\t<\/a>\n\t\t\t\t<\/div>\n\t\t\t\t\t\t\t\t<\/div>\n\t\t\t\t<\/div>\n\t\t\t\t<\/div>\n\t\t\t\t\t<\/div>\n\t\t\t\t<\/div>\n\t\t<div class=\"elementor-element elementor-element-bd2b659 e-flex e-con-boxed e-con e-parent\" data-id=\"bd2b659\" data-element_type=\"container\" data-e-type=\"container\">\n\t\t\t\t\t<div class=\"e-con-inner\">\n\t\t<div class=\"elementor-element elementor-element-48e863ec e-con-full e-flex e-con e-child\" data-id=\"48e863ec\" data-element_type=\"container\" data-e-type=\"container\" data-settings=\"{&quot;background_background&quot;:&quot;classic&quot;}\">\n\t\t<div class=\"elementor-element elementor-element-15e7ac65 e-con-full e-flex e-con e-child\" data-id=\"15e7ac65\" data-element_type=\"container\" data-e-type=\"container\">\n\t\t<div class=\"elementor-element elementor-element-757585f6 e-con-full e-flex e-con e-child\" data-id=\"757585f6\" data-element_type=\"container\" data-e-type=\"container\">\n\t\t<div class=\"elementor-element elementor-element-59bd1015 e-flex e-con-boxed e-con e-child\" data-id=\"59bd1015\" data-element_type=\"container\" data-e-type=\"container\">\n\t\t\t\t\t<div class=\"e-con-inner\">\n\t\t\t\t<div class=\"elementor-element elementor-element-23c7f5da elementor-widget elementor-widget-heading\" data-id=\"23c7f5da\" data-element_type=\"widget\" data-e-type=\"widget\" data-widget_type=\"heading.default\">\n\t\t\t\t<div class=\"elementor-widget-container\">\n\t\t\t\t\t<h2 class=\"elementor-heading-title elementor-size-default\">P\u00e9riode de r\u00e9servation :<\/h2>\t\t\t\t<\/div>\n\t\t\t\t<\/div>\n\t\t<div class=\"elementor-element elementor-element-6e8117cd e-con-full e-flex e-con e-child\" data-id=\"6e8117cd\" data-element_type=\"container\" data-e-type=\"container\">\n\t\t\t\t<div class=\"elementor-element elementor-element-2e085966 elementor-widget elementor-widget-text-editor\" data-id=\"2e085966\" data-element_type=\"widget\" data-e-type=\"widget\" data-widget_type=\"text-editor.default\">\n\t\t\t\t<div class=\"elementor-widget-container\">\n\t\t\t\t\t\t\t\t\t<ul><li>23 septembre 2025 \u2013 31 juillet 2026<\/li><\/ul>\t\t\t\t\t\t\t\t<\/div>\n\t\t\t\t<\/div>\n\t\t\t\t<\/div>\n\t\t\t\t\t<\/div>\n\t\t\t\t<\/div>\n\t\t<div class=\"elementor-element elementor-element-768bfb13 e-flex e-con-boxed e-con e-child\" data-id=\"768bfb13\" data-element_type=\"container\" data-e-type=\"container\">\n\t\t\t\t\t<div class=\"e-con-inner\">\n\t\t\t\t<div class=\"elementor-element elementor-element-4ddab68a elementor-widget elementor-widget-heading\" data-id=\"4ddab68a\" data-element_type=\"widget\" data-e-type=\"widget\" data-widget_type=\"heading.default\">\n\t\t\t\t<div class=\"elementor-widget-container\">\n\t\t\t\t\t<h2 class=\"elementor-heading-title elementor-size-default\">P\u00e9riode de s\u00e9jour :<\/h2>\t\t\t\t<\/div>\n\t\t\t\t<\/div>\n\t\t<div class=\"elementor-element elementor-element-211f4569 e-con-full e-flex e-con e-child\" data-id=\"211f4569\" data-element_type=\"container\" data-e-type=\"container\">\n\t\t\t\t<div class=\"elementor-element elementor-element-d7cc6e3 elementor-widget elementor-widget-text-editor\" data-id=\"d7cc6e3\" data-element_type=\"widget\" data-e-type=\"widget\" data-widget_type=\"text-editor.default\">\n\t\t\t\t<div class=\"elementor-widget-container\">\n\t\t\t\t\t\t\t\t\t<ul><li>1er octobre 2025 \u2013 31 juillet 2026<\/li><\/ul>\t\t\t\t\t\t\t\t<\/div>\n\t\t\t\t<\/div>\n\t\t\t\t<\/div>\n\t\t\t\t\t<\/div>\n\t\t\t\t<\/div>\n\t\t\t\t<\/div>\n\t\t<div class=\"elementor-element elementor-element-19b0078f e-con-full e-flex e-con e-child\" data-id=\"19b0078f\" data-element_type=\"container\" data-e-type=\"container\">\n\t\t<div class=\"elementor-element elementor-element-79158521 e-flex e-con-boxed e-con e-child\" data-id=\"79158521\" data-element_type=\"container\" data-e-type=\"container\">\n\t\t\t\t\t<div class=\"e-con-inner\">\n\t\t\t\t<div class=\"elementor-element elementor-element-1513cc51 elementor-widget elementor-widget-heading\" data-id=\"1513cc51\" data-element_type=\"widget\" data-e-type=\"widget\" data-widget_type=\"heading.default\">\n\t\t\t\t<div class=\"elementor-widget-container\">\n\t\t\t\t\t<h2 class=\"elementor-heading-title elementor-size-default\">P\u00e9riode d'exclusion :<\/h2>\t\t\t\t<\/div>\n\t\t\t\t<\/div>\n\t\t<div class=\"elementor-element elementor-element-1417deb8 e-con-full e-flex e-con e-child\" data-id=\"1417deb8\" data-element_type=\"container\" data-e-type=\"container\">\n\t\t\t\t<div class=\"elementor-element elementor-element-1446b302 elementor-widget elementor-widget-text-editor\" data-id=\"1446b302\" data-element_type=\"widget\" data-e-type=\"widget\" data-widget_type=\"text-editor.default\">\n\t\t\t\t<div class=\"elementor-widget-container\">\n\t\t\t\t\t\t\t\t\t<ul>\n<li><span data-sheets-root=\"1\">30 d\u00e9cembre 2025 &#8211; 1er janvier 2026<\/span><\/li>\n<\/ul>\t\t\t\t\t\t\t\t<\/div>\n\t\t\t\t<\/div>\n\t\t\t\t<\/div>\n\t\t\t\t\t<\/div>\n\t\t\t\t<\/div>\n\t\t\t\t<\/div>\n\t\t<div class=\"elementor-element elementor-element-21d10571 e-con-full e-flex e-con e-child\" data-id=\"21d10571\" data-element_type=\"container\" data-e-type=\"container\">\n\t\t\t\t<div class=\"elementor-element elementor-element-4f28e79e elementor-widget elementor-widget-heading\" data-id=\"4f28e79e\" data-element_type=\"widget\" data-e-type=\"widget\" data-widget_type=\"heading.default\">\n\t\t\t\t<div class=\"elementor-widget-container\">\n\t\t\t\t\t<h2 class=\"elementor-heading-title elementor-size-default\">Le forfait comprend :<\/h2>\t\t\t\t<\/div>\n\t\t\t\t<\/div>\n\t\t<div class=\"elementor-element elementor-element-179c4df e-con-full e-grid e-con e-child\" data-id=\"179c4df\" data-element_type=\"container\" data-e-type=\"container\">\n\t\t\t\t<div class=\"elementor-element elementor-element-4a1610a elementor-widget elementor-widget-text-editor\" data-id=\"4a1610a\" data-element_type=\"widget\" data-e-type=\"widget\" data-widget_type=\"text-editor.default\">\n\t\t\t\t<div class=\"elementor-widget-container\">\n\t\t\t\t\t\t\t\t\t<div data-id=\"fa17b75\" data-element_type=\"widget\" data-widget_type=\"text-editor.default\"><div><ul><li>Petit-d\u00e9jeuner quotidien au Arunika Restaurant pour 2 adultes + 1 enfant de moins de 12 ans<\/li><li>Lit suppl\u00e9mentaire et tente Tippy<\/li><li>Voiture avec chauffeur \u00e0 disposition 10 heures par jour<\/li><li>1x \u00c0 l&rsquo;arriv\u00e9e, chocolat de bienvenue<\/li><li>1x Soir\u00e9e cin\u00e9ma pour enfants avec pop-corn et boissons sans alcool pour 2 adultes et 1 enfant<\/li><li>1x S\u00e9ance Ocean Golf 7 pour 2 adultes + 1 enfant de moins de 12 ans<\/li><li>1x Sac \u00e0 dos pour enfants (inclusions : sac \u00e0 dos, produits d&rsquo;accueil pour le bain des enfants, livre de coloriage et crayon)<\/li><li>1x Melukat en famille et b\u00e9n\u00e9diction au temple pour 2 adultes + 1 enfant de moins de 12 ans<\/li><li>1x Excursion d&rsquo;une journ\u00e9e compl\u00e8te au Bali Safari (d\u00e9jeuner\/d\u00eener inclus) : Safari Lion ou Night Safari ou spectacle d&rsquo;otaries<\/li><li>1x D\u00eener barbecue sur la plage avec feu de camp pour 2 adultes + 1 enfant de moins de 12 ans<\/li><li>1x Atelier de poterie d&rsquo;une demi-journ\u00e9e chez Kevala (2 adultes : tournage et d\u00e9coration), 1 enfant de moins de 12 ans (argile et peinture pour enfants) <\/li><li>1x Cours de danse balinaise d&rsquo;une heure avec documentation par Magkna pour 2 adultes + 1 enfant de moins de 12 ans<\/li><li>1x Cours de cuisine avec d\u00e9jeuner pour 2 adultes et 1 enfant de moins de 12 ans<\/li><li>1x S\u00e9ance photo de style balinais avec costume balinais et maquillage (photo par Magkna) (3 heures)<\/li><\/ul><\/div><\/div><div data-id=\"91b564e\" data-element_type=\"widget\" data-widget_type=\"text-editor.default\"><div> <\/div><\/div>\t\t\t\t\t\t\t\t<\/div>\n\t\t\t\t<\/div>\n\t\t\t\t<\/div>\n\t\t\t\t<\/div>\n\t\t\t\t<\/div>\n\t\t\t\t<\/div>\n\t\t\t\t\t<\/div>\n\t\t\t\t<\/div>\n\t\t<div class=\"elementor-element elementor-element-33a5cb71 e-flex e-con-boxed e-con e-parent\" data-id=\"33a5cb71\" data-element_type=\"container\" data-e-type=\"container\">\n\t\t\t\t\t<div class=\"e-con-inner\">\n\t\t<div class=\"elementor-element elementor-element-1c4a0d6 e-con-full e-flex e-con e-child\" data-id=\"1c4a0d6\" data-element_type=\"container\" data-e-type=\"container\" data-settings=\"{&quot;background_background&quot;:&quot;classic&quot;}\">\n\t\t<div class=\"elementor-element elementor-element-649090d0 e-con-full e-flex e-con e-child\" data-id=\"649090d0\" data-element_type=\"container\" data-e-type=\"container\">\n\t\t\t\t<div class=\"elementor-element elementor-element-4ccd479e elementor-widget elementor-widget-heading\" data-id=\"4ccd479e\" data-element_type=\"widget\" data-e-type=\"widget\" data-widget_type=\"heading.default\">\n\t\t\t\t<div class=\"elementor-widget-container\">\n\t\t\t\t\t<h2 class=\"elementor-heading-title elementor-size-default\">Termes et conditions<\/h2>\t\t\t\t<\/div>\n\t\t\t\t<\/div>\n\t\t\t\t<div class=\"elementor-element elementor-element-efaf503 elementor-widget elementor-widget-text-editor\" data-id=\"efaf503\" data-element_type=\"widget\" data-e-type=\"widget\" data-widget_type=\"text-editor.default\">\n\t\t\t\t<div class=\"elementor-widget-container\">\n\t\t\t\t\t\t\t\t\t<h5><span style=\"text-decoration: underline;\">Politiques d&rsquo;annulation et de modification : <\/span><\/h5><p>-La r\u00e9servation doit \u00eatre effectu\u00e9e au moins 7 jours avant la date d&rsquo;arriv\u00e9e<br>-Les r\u00e9servations peuvent \u00eatre modifi\u00e9es jusqu&rsquo;\u00e0 14 jours avant l&rsquo;arriv\u00e9e, sous r\u00e9serve de confirmation du changement de date<br>-Le prix total de la r\u00e9servation vous sera factur\u00e9 si vous annulez \u00e0 tout moment<br>-En cas de non-pr\u00e9sentation, 100 % du s\u00e9jour total sera factur\u00e9<\/p><h5><span style=\"text-decoration: underline;\">Politiques de paiement :<\/span><\/h5><p>-Le paiement int\u00e9gral est requis lors de la finalisation de la r\u00e9servation<br>-Un suppl\u00e9ment pour la haute saison s&rsquo;applique<\/p><div class=\"mb-5\"><h5 class=\"fs16 fw600 notranslate\"><span style=\"text-decoration: underline;\">Politique relative aux enfants :<\/span><\/h5><p class=\"fs12 fw400\"><span class=\"fs12 fw400 roomDes\">Un enfant de moins de 5 ans partageant la literie existante b\u00e9n\u00e9ficiera du petit-d\u00e9jeuner gratuit<br>Un enfant de 5 \u00e0 moins de 12 ans partageant la literie existante se verra facturer 50 % du petit-d\u00e9jeuner<br>Les enfants de 12 ans et plus seront consid\u00e9r\u00e9s comme des adultes et se verront facturer 100 % du petit-d\u00e9jeuner et d&rsquo;un lit suppl\u00e9mentaire<\/span><\/p><\/div><div class=\"mb-5\"><h5 class=\"fs16 fw600 notranslate\"><span style=\"text-decoration: underline;\">Politique relative aux lits suppl\u00e9mentaires :<\/span><\/h5><p class=\"fs12 fw400\"><span class=\"fs12 fw400 roomDes\">-Un lit suppl\u00e9mentaire comprend le petit-d\u00e9jeuner quotidien<\/span><\/p><\/div><div class=\"mb-5\"><h5 class=\"fs16 fw600 notranslate\"><span style=\"text-decoration: underline;\">Politique d&rsquo;annulation :<\/span><\/h5><p class=\"fs12 fw400\"><span class=\"fs12 fw400 roomDes\">&#8211; Le client sera factur\u00e9 du prix total en cas d&rsquo;annulation.<\/span><\/p><\/div><div class=\"mb-5\"><h5 class=\"fs16 fw600 notranslate\"><span style=\"text-decoration: underline;\">D\u00e9claration de confidentialit\u00e9 :<\/span><\/h5><p class=\"fs12 fw400\"><span class=\"fs12 fw400 roomDes\">PT Hotel Internasional Sanur Indonesia &#8211; The Meru Sanur s&rsquo;engage \u00e0 respecter la vie priv\u00e9e de toute personne acc\u00e9dant \u00e0 notre site Web. Ce site, themerusanur.com, ne collecte des donn\u00e9es personnelles vous concernant que dans la mesure n\u00e9cessaire pour vous fournir un service exceptionnel, et pour aider \u00e0 traiter votre demande ou vous fournir des informations.<\/span><\/p><\/div>\t\t\t\t\t\t\t\t<\/div>\n\t\t\t\t<\/div>\n\t\t\t\t<\/div>\n\t\t\t\t<\/div>\n\t\t\t\t\t<\/div>\n\t\t\t\t<\/div>\n\t\t<div class=\"elementor-element elementor-element-5d51d8c e-grid e-con-boxed e-con e-parent\" data-id=\"5d51d8c\" data-element_type=\"container\" data-e-type=\"container\">\n\t\t\t\t\t<div class=\"e-con-inner\">\n\t\t<div class=\"elementor-element elementor-element-f062ceb e-con-full e-flex e-con e-child\" data-id=\"f062ceb\" data-element_type=\"container\" data-e-type=\"container\">\n\t\t\t\t<div class=\"elementor-element elementor-element-5f8fffe ob-btn-block elementor-widget__width-initial elementor-widget elementor-widget-button\" data-id=\"5f8fffe\" data-element_type=\"widget\" data-e-type=\"widget\" data-widget_type=\"button.default\">\n\t\t\t\t<div class=\"elementor-widget-container\">\n\t\t\t\t\t\t\t\t\t<div class=\"elementor-button-wrapper\">\n\t\t\t\t\t<a class=\"elementor-button elementor-button-link elementor-size-sm\" href=\"https:\/\/book.themerusanur.com\/inst\/#home?propertyId=50941&#038;PackageID=913100000000055&#038;checkIn=2025-10-01&#038;minNight=5&#038;promoCode=luxuryholiday\" target=\"_blank\">\n\t\t\t\t\t\t<span class=\"elementor-button-content-wrapper\">\n\t\t\t\t\t\t\t\t\t<span class=\"elementor-button-text\">R\u00e9server The Meru Sanur<\/span>\n\t\t\t\t\t<\/span>\n\t\t\t\t\t<\/a>\n\t\t\t\t<\/div>\n\t\t\t\t\t\t\t\t<\/div>\n\t\t\t\t<\/div>\n\t\t\t\t<\/div>\n\t\t<div class=\"elementor-element elementor-element-f70eceb e-con-full e-flex e-con e-child\" data-id=\"f70eceb\" data-element_type=\"container\" data-e-type=\"container\">\n\t\t\t\t<div class=\"elementor-element elementor-element-77f8a1b ob-btn-block elementor-widget__width-initial elementor-widget elementor-widget-button\" data-id=\"77f8a1b\" data-element_type=\"widget\" data-e-type=\"widget\" data-widget_type=\"button.default\">\n\t\t\t\t<div class=\"elementor-widget-container\">\n\t\t\t\t\t\t\t\t\t<div class=\"elementor-button-wrapper\">\n\t\t\t\t\t<a class=\"elementor-button elementor-button-link elementor-size-sm\" href=\"https:\/\/book.balibeachsanur.com\/inst\/#\/home?propertyId=50940&#038;PackageID=913000000000069&#038;checkIn=2025-10-01&#038;minNight=5&#038;promoCode=luxuryholiday\" target=\"_blank\" rel=\"noopener\">\n\t\t\t\t\t\t<span class=\"elementor-button-content-wrapper\">\n\t\t\t\t\t\t\t\t\t<span class=\"elementor-button-text\">D\u00e9couvrir Bali Beach Hotel<\/span>\n\t\t\t\t\t<\/span>\n\t\t\t\t\t<\/a>\n\t\t\t\t<\/div>\n\t\t\t\t\t\t\t\t<\/div>\n\t\t\t\t<\/div>\n\t\t\t\t<\/div>\n\t\t\t\t\t<\/div>\n\t\t\t\t<\/div>\n\t\t\t\t<\/div>\n\t\t","protected":false},"excerpt":{"rendered":"<p>Family Luxury Holiday \u00c9vadez-vous sur les rivages sereins de Sanur et offrez-vous un minimum de cinq nuits inoubliables dans l&#8217;embl\u00e9matique The Meru Sanur ou au Bali Beach Hotel. L\u00e0 o\u00f9 l&rsquo;\u00e9l\u00e9gance tropicale rencontre le bonheur en famille. Con\u00e7u pour 2 adultes et 1 enfant, ce forfait exclusif regorge d&rsquo;inclusions premium, d&rsquo;exp\u00e9riences personnalis\u00e9es et d&rsquo;activit\u00e9s familiales [&hellip;]<\/p>\n","protected":false},"author":2,"featured_media":9528,"parent":11269,"menu_order":0,"comment_status":"closed","ping_status":"closed","template":"","meta":{"footnotes":""},"class_list":["post-11284","page","type-page","status-publish","has-post-thumbnail","hentry"],"_links":{"self":[{"href":"https:\/\/themerusanur.com\/fr\/wp-json\/wp\/v2\/pages\/11284","targetHints":{"allow":["GET"]}}],"collection":[{"href":"https:\/\/themerusanur.com\/fr\/wp-json\/wp\/v2\/pages"}],"about":[{"href":"https:\/\/themerusanur.com\/fr\/wp-json\/wp\/v2\/types\/page"}],"author":[{"embeddable":true,"href":"https:\/\/themerusanur.com\/fr\/wp-json\/wp\/v2\/users\/2"}],"replies":[{"embeddable":true,"href":"https:\/\/themerusanur.com\/fr\/wp-json\/wp\/v2\/comments?post=11284"}],"version-history":[{"count":1,"href":"https:\/\/themerusanur.com\/fr\/wp-json\/wp\/v2\/pages\/11284\/revisions"}],"predecessor-version":[{"id":11286,"href":"https:\/\/themerusanur.com\/fr\/wp-json\/wp\/v2\/pages\/11284\/revisions\/11286"}],"up":[{"embeddable":true,"href":"https:\/\/themerusanur.com\/fr\/wp-json\/wp\/v2\/pages\/11269"}],"wp:featuredmedia":[{"embeddable":true,"href":"https:\/\/themerusanur.com\/fr\/wp-json\/wp\/v2\/media\/9528"}],"wp:attachment":[{"href":"https:\/\/themerusanur.com\/fr\/wp-json\/wp\/v2\/media?parent=11284"}],"curies":[{"name":"wp","href":"https:\/\/api.w.org\/{rel}","templated":true}]}}