{"id":11287,"date":"2025-09-15T14:35:48","date_gmt":"2025-09-15T06:35:48","guid":{"rendered":"https:\/\/themerusanur.com\/offres-exclusives\/family-luxury-suite\/"},"modified":"2026-04-17T03:55:48","modified_gmt":"2026-04-16T19:55:48","slug":"family-luxury-suite","status":"publish","type":"page","link":"https:\/\/themerusanur.com\/fr\/offres-exclusives\/family-luxury-suite\/","title":{"rendered":"Family Luxury Suite"},"content":{"rendered":"\t\t<div data-elementor-type=\"wp-page\" data-elementor-id=\"11287\" class=\"elementor elementor-11287 elementor-6656\" data-elementor-post-type=\"page\">\n\t\t\t\t<div class=\"elementor-element elementor-element-22770182 ob-bg-video e-flex e-con-boxed e-con e-parent\" data-id=\"22770182\" data-element_type=\"container\" data-e-type=\"container\" data-settings=\"{&quot;background_background&quot;:&quot;classic&quot;}\">\n\t\t\t\t\t<div class=\"e-con-inner\">\n\t\t\t\t\t<\/div>\n\t\t\t\t<\/div>\n\t\t<div class=\"elementor-element elementor-element-4eff2581 e-flex e-con-boxed e-con e-parent\" data-id=\"4eff2581\" data-element_type=\"container\" data-e-type=\"container\">\n\t\t\t\t\t<div class=\"e-con-inner\">\n\t\t\t\t\t<\/div>\n\t\t\t\t<\/div>\n\t\t<div class=\"elementor-element elementor-element-30d8b718 e-flex e-con-boxed e-con e-parent\" data-id=\"30d8b718\" data-element_type=\"container\" data-e-type=\"container\">\n\t\t\t\t\t<div class=\"e-con-inner\">\n\t\t<div class=\"elementor-element elementor-element-43a0c6a e-con-full e-flex e-con e-child\" data-id=\"43a0c6a\" data-element_type=\"container\" data-e-type=\"container\">\n\t\t\t\t<div class=\"elementor-element elementor-element-7755fdc elementor-widget elementor-widget-heading\" data-id=\"7755fdc\" data-element_type=\"widget\" data-e-type=\"widget\" data-widget_type=\"heading.default\">\n\t\t\t\t<div class=\"elementor-widget-container\">\n\t\t\t\t\t<h2 class=\"elementor-heading-title elementor-size-default\">Family Luxury Suite<\/h2>\t\t\t\t<\/div>\n\t\t\t\t<\/div>\n\t\t\t\t<div class=\"elementor-element elementor-element-5f1be70a elementor-widget elementor-widget-text-editor\" data-id=\"5f1be70a\" data-element_type=\"widget\" data-e-type=\"widget\" data-widget_type=\"text-editor.default\">\n\t\t\t\t<div class=\"elementor-widget-container\">\n\t\t\t\t\t\t\t\t\t<p>\u00c9vadez-vous au paradis avec notre All-Inclusive Package \u2014 l&rsquo;escapade ultime sans tracas. Profitez d&rsquo;un s\u00e9jour d&rsquo;au minimum 5 nuits et d\u00e9bloquez une multitude d&rsquo;avantages exclusifs, notamment les repas quotidiens, une s\u00e9lection de boissons, des activit\u00e9s, et bien plus encore.  <\/p>\t\t\t\t\t\t\t\t<\/div>\n\t\t\t\t<\/div>\n\t\t\t\t<\/div>\n\t\t<div class=\"elementor-element elementor-element-3cd596c0 e-con-full e-flex e-con e-child\" data-id=\"3cd596c0\" data-element_type=\"container\" data-e-type=\"container\">\n\t\t\t\t<div class=\"elementor-element elementor-element-40624ef elementor-widget-divider--view-line elementor-widget elementor-widget-divider\" data-id=\"40624ef\" data-element_type=\"widget\" data-e-type=\"widget\" data-widget_type=\"divider.default\">\n\t\t\t\t<div class=\"elementor-widget-container\">\n\t\t\t\t\t\t\t<div class=\"elementor-divider\">\n\t\t\t<span class=\"elementor-divider-separator\">\n\t\t\t\t\t\t<\/span>\n\t\t<\/div>\n\t\t\t\t\t\t<\/div>\n\t\t\t\t<\/div>\n\t\t\t\t<\/div>\n\t\t\t\t\t<\/div>\n\t\t\t\t<\/div>\n\t\t<div class=\"elementor-element elementor-element-d97f901 e-grid e-con-boxed e-con e-parent\" data-id=\"d97f901\" data-element_type=\"container\" data-e-type=\"container\">\n\t\t\t\t\t<div class=\"e-con-inner\">\n\t\t<div class=\"elementor-element elementor-element-3d7b1de e-con-full e-flex e-con e-child\" data-id=\"3d7b1de\" data-element_type=\"container\" data-e-type=\"container\">\n\t\t\t\t<div class=\"elementor-element elementor-element-573927f ob-btn-block elementor-widget__width-initial elementor-widget elementor-widget-button\" data-id=\"573927f\" data-element_type=\"widget\" data-e-type=\"widget\" data-widget_type=\"button.default\">\n\t\t\t\t<div class=\"elementor-widget-container\">\n\t\t\t\t\t\t\t\t\t<div class=\"elementor-button-wrapper\">\n\t\t\t\t\t<a class=\"elementor-button elementor-button-link elementor-size-sm\" href=\"https:\/\/book.themerusanur.com\/inst\/#home?propertyId=50941&#038;PackageID=913100000000055&#038;checkIn=2025-10-01&#038;minNight=5&#038;promoCode=luxuryholiday\" target=\"_blank\">\n\t\t\t\t\t\t<span class=\"elementor-button-content-wrapper\">\n\t\t\t\t\t\t\t\t\t<span class=\"elementor-button-text\">R\u00e9server<\/span>\n\t\t\t\t\t<\/span>\n\t\t\t\t\t<\/a>\n\t\t\t\t<\/div>\n\t\t\t\t\t\t\t\t<\/div>\n\t\t\t\t<\/div>\n\t\t\t\t<\/div>\n\t\t\t\t\t<\/div>\n\t\t\t\t<\/div>\n\t\t<div class=\"elementor-element elementor-element-bd2b659 e-flex e-con-boxed e-con e-parent\" data-id=\"bd2b659\" data-element_type=\"container\" data-e-type=\"container\">\n\t\t\t\t\t<div class=\"e-con-inner\">\n\t\t<div class=\"elementor-element elementor-element-48e863ec e-con-full e-flex e-con e-child\" data-id=\"48e863ec\" data-element_type=\"container\" data-e-type=\"container\" data-settings=\"{&quot;background_background&quot;:&quot;classic&quot;}\">\n\t\t<div class=\"elementor-element elementor-element-15e7ac65 e-con-full e-flex e-con e-child\" data-id=\"15e7ac65\" data-element_type=\"container\" data-e-type=\"container\">\n\t\t<div class=\"elementor-element elementor-element-757585f6 e-con-full e-flex e-con e-child\" data-id=\"757585f6\" data-element_type=\"container\" data-e-type=\"container\">\n\t\t<div class=\"elementor-element elementor-element-59bd1015 e-flex e-con-boxed e-con e-child\" data-id=\"59bd1015\" data-element_type=\"container\" data-e-type=\"container\">\n\t\t\t\t\t<div class=\"e-con-inner\">\n\t\t\t\t<div class=\"elementor-element elementor-element-23c7f5da elementor-widget elementor-widget-heading\" data-id=\"23c7f5da\" data-element_type=\"widget\" data-e-type=\"widget\" data-widget_type=\"heading.default\">\n\t\t\t\t<div class=\"elementor-widget-container\">\n\t\t\t\t\t<h2 class=\"elementor-heading-title elementor-size-default\">P\u00e9riode de r\u00e9servation :<\/h2>\t\t\t\t<\/div>\n\t\t\t\t<\/div>\n\t\t<div class=\"elementor-element elementor-element-6e8117cd e-con-full e-flex e-con e-child\" data-id=\"6e8117cd\" data-element_type=\"container\" data-e-type=\"container\">\n\t\t\t\t<div class=\"elementor-element elementor-element-2e085966 elementor-widget elementor-widget-text-editor\" data-id=\"2e085966\" data-element_type=\"widget\" data-e-type=\"widget\" data-widget_type=\"text-editor.default\">\n\t\t\t\t<div class=\"elementor-widget-container\">\n\t\t\t\t\t\t\t\t\t<ul><li><span data-sheets-root=\"1\">12 avril 2025 &#8211; 30 novembre 2025<\/span><\/li><\/ul>\t\t\t\t\t\t\t\t<\/div>\n\t\t\t\t<\/div>\n\t\t\t\t<\/div>\n\t\t\t\t\t<\/div>\n\t\t\t\t<\/div>\n\t\t<div class=\"elementor-element elementor-element-768bfb13 e-flex e-con-boxed e-con e-child\" data-id=\"768bfb13\" data-element_type=\"container\" data-e-type=\"container\">\n\t\t\t\t\t<div class=\"e-con-inner\">\n\t\t\t\t<div class=\"elementor-element elementor-element-4ddab68a elementor-widget elementor-widget-heading\" data-id=\"4ddab68a\" data-element_type=\"widget\" data-e-type=\"widget\" data-widget_type=\"heading.default\">\n\t\t\t\t<div class=\"elementor-widget-container\">\n\t\t\t\t\t<h2 class=\"elementor-heading-title elementor-size-default\">P\u00e9riode de s\u00e9jour :<\/h2>\t\t\t\t<\/div>\n\t\t\t\t<\/div>\n\t\t<div class=\"elementor-element elementor-element-211f4569 e-con-full e-flex e-con e-child\" data-id=\"211f4569\" data-element_type=\"container\" data-e-type=\"container\">\n\t\t\t\t<div class=\"elementor-element elementor-element-d7cc6e3 elementor-widget elementor-widget-text-editor\" data-id=\"d7cc6e3\" data-element_type=\"widget\" data-e-type=\"widget\" data-widget_type=\"text-editor.default\">\n\t\t\t\t<div class=\"elementor-widget-container\">\n\t\t\t\t\t\t\t\t\t<ul>\n<li>12 avril 2025 &#8211; 31 mars 2026<\/li>\n<\/ul>\t\t\t\t\t\t\t\t<\/div>\n\t\t\t\t<\/div>\n\t\t\t\t<\/div>\n\t\t\t\t\t<\/div>\n\t\t\t\t<\/div>\n\t\t\t\t<\/div>\n\t\t<div class=\"elementor-element elementor-element-19b0078f e-con-full e-flex e-con e-child\" data-id=\"19b0078f\" data-element_type=\"container\" data-e-type=\"container\">\n\t\t<div class=\"elementor-element elementor-element-79158521 e-flex e-con-boxed e-con e-child\" data-id=\"79158521\" data-element_type=\"container\" data-e-type=\"container\">\n\t\t\t\t\t<div class=\"e-con-inner\">\n\t\t\t\t<div class=\"elementor-element elementor-element-1513cc51 elementor-widget elementor-widget-heading\" data-id=\"1513cc51\" data-element_type=\"widget\" data-e-type=\"widget\" data-widget_type=\"heading.default\">\n\t\t\t\t<div class=\"elementor-widget-container\">\n\t\t\t\t\t<h2 class=\"elementor-heading-title elementor-size-default\">P\u00e9riode d'exclusion :<\/h2>\t\t\t\t<\/div>\n\t\t\t\t<\/div>\n\t\t<div class=\"elementor-element elementor-element-1417deb8 e-con-full e-flex e-con e-child\" data-id=\"1417deb8\" data-element_type=\"container\" data-e-type=\"container\">\n\t\t\t\t<div class=\"elementor-element elementor-element-1446b302 elementor-widget elementor-widget-text-editor\" data-id=\"1446b302\" data-element_type=\"widget\" data-e-type=\"widget\" data-widget_type=\"text-editor.default\">\n\t\t\t\t<div class=\"elementor-widget-container\">\n\t\t\t\t\t\t\t\t\t<ul>\n<li><span data-sheets-root=\"1\">30 d\u00e9cembre 2025 &#8211; 1er janvier 2026<\/span><\/li>\n<\/ul>\t\t\t\t\t\t\t\t<\/div>\n\t\t\t\t<\/div>\n\t\t\t\t<\/div>\n\t\t\t\t\t<\/div>\n\t\t\t\t<\/div>\n\t\t\t\t<\/div>\n\t\t<div class=\"elementor-element elementor-element-21d10571 e-con-full e-flex e-con e-child\" data-id=\"21d10571\" data-element_type=\"container\" data-e-type=\"container\">\n\t\t\t\t<div class=\"elementor-element elementor-element-4f28e79e elementor-widget elementor-widget-heading\" data-id=\"4f28e79e\" data-element_type=\"widget\" data-e-type=\"widget\" data-widget_type=\"heading.default\">\n\t\t\t\t<div class=\"elementor-widget-container\">\n\t\t\t\t\t<h2 class=\"elementor-heading-title elementor-size-default\">Le forfait comprend :<\/h2>\t\t\t\t<\/div>\n\t\t\t\t<\/div>\n\t\t<div class=\"elementor-element elementor-element-179c4df e-con-full e-grid e-con e-child\" data-id=\"179c4df\" data-element_type=\"container\" data-e-type=\"container\">\n\t\t\t\t<div class=\"elementor-element elementor-element-4a1610a elementor-widget elementor-widget-text-editor\" data-id=\"4a1610a\" data-element_type=\"widget\" data-e-type=\"widget\" data-widget_type=\"text-editor.default\">\n\t\t\t\t<div class=\"elementor-widget-container\">\n\t\t\t\t\t\t\t\t\t<div data-id=\"fa17b75\" data-element_type=\"widget\" data-widget_type=\"text-editor.default\"><div><ul><li>Petit-d\u00e9jeuner quotidien au Arunika Restaurant pour 2 adultes + 1 enfant de moins de 12 ans<\/li><li>Lit suppl\u00e9mentaire et tente Tippy<\/li><li>Voiture avec chauffeur \u00e0 disposition 10 heures par jour<\/li><li>1x \u00c0 l&rsquo;arriv\u00e9e, chocolat de bienvenue<\/li><li>1x Soir\u00e9e cin\u00e9ma pour enfants avec pop-corn et boissons sans alcool pour 2 adultes et 1 enfant<\/li><li>1x S\u00e9ance Ocean Golf 7 pour 2 adultes + 1 enfant de moins de 12 ans<\/li><li>1x Sac \u00e0 dos pour enfants (inclusions : sac \u00e0 dos, produits d&rsquo;accueil pour le bain des enfants, livre de coloriage et crayon)<\/li><li>1x Melukat en famille et b\u00e9n\u00e9diction au temple pour 2 adultes + 1 enfant de moins de 12 ans<\/li><li>1x Excursion d&rsquo;une journ\u00e9e compl\u00e8te au Bali Safari (d\u00e9jeuner\/d\u00eener inclus) : Safari Lion ou Night Safari ou spectacle d&rsquo;otaries<\/li><li>1x D\u00eener barbecue sur la plage avec feu de camp pour 2 adultes + 1 enfant de moins de 12 ans<\/li><li>1x Atelier de poterie d&rsquo;une demi-journ\u00e9e chez Kevala (2 adultes : tournage et d\u00e9coration), 1 enfant de moins de 12 ans (argile et peinture pour enfants) <\/li><li>1x Cours de danse balinaise d&rsquo;une heure avec documentation par Magkna pour 2 adultes + 1 enfant de moins de 12 ans<\/li><li>1x Cours de cuisine avec d\u00e9jeuner pour 2 adultes et 1 enfant de moins de 12 ans<\/li><li>1x S\u00e9ance photo de style balinais avec costume balinais et maquillage (photo par Magkna) (3 heures)<\/li><\/ul><\/div><\/div><div data-id=\"91b564e\" data-element_type=\"widget\" data-widget_type=\"text-editor.default\"><div> <\/div><\/div>\t\t\t\t\t\t\t\t<\/div>\n\t\t\t\t<\/div>\n\t\t\t\t<\/div>\n\t\t\t\t<\/div>\n\t\t\t\t<\/div>\n\t\t\t\t<\/div>\n\t\t\t\t\t<\/div>\n\t\t\t\t<\/div>\n\t\t<div class=\"elementor-element elementor-element-33a5cb71 e-flex e-con-boxed e-con e-parent\" data-id=\"33a5cb71\" data-element_type=\"container\" data-e-type=\"container\">\n\t\t\t\t\t<div class=\"e-con-inner\">\n\t\t<div class=\"elementor-element elementor-element-1c4a0d6 e-con-full e-flex e-con e-child\" data-id=\"1c4a0d6\" data-element_type=\"container\" data-e-type=\"container\" data-settings=\"{&quot;background_background&quot;:&quot;classic&quot;}\">\n\t\t<div class=\"elementor-element elementor-element-649090d0 e-con-full e-flex e-con e-child\" data-id=\"649090d0\" data-element_type=\"container\" data-e-type=\"container\">\n\t\t\t\t<div class=\"elementor-element elementor-element-4ccd479e elementor-widget elementor-widget-heading\" data-id=\"4ccd479e\" data-element_type=\"widget\" data-e-type=\"widget\" data-widget_type=\"heading.default\">\n\t\t\t\t<div class=\"elementor-widget-container\">\n\t\t\t\t\t<h2 class=\"elementor-heading-title elementor-size-default\">Termes et conditions<\/h2>\t\t\t\t<\/div>\n\t\t\t\t<\/div>\n\t\t\t\t<div class=\"elementor-element elementor-element-efaf503 elementor-widget elementor-widget-text-editor\" data-id=\"efaf503\" data-element_type=\"widget\" data-e-type=\"widget\" data-widget_type=\"text-editor.default\">\n\t\t\t\t<div class=\"elementor-widget-container\">\n\t\t\t\t\t\t\t\t\t<ul>\n<li>Dur\u00e9e minimale de s\u00e9jour de 5 nuits<\/li>\n<li>\n<div class=\"shPackageDesc\">\n<p>Politiques d&rsquo;annulation et de modification :<\/p>\n<p>*Vous pouvez annuler sans frais jusqu&rsquo;\u00e0 21 jours avant l&rsquo;arriv\u00e9e (le paiement int\u00e9gral sera rembours\u00e9 sur le mode de paiement original)<br>*Les r\u00e9servations peuvent \u00eatre modifi\u00e9es jusqu&rsquo;\u00e0 21 jours avant l&rsquo;arriv\u00e9e, sous r\u00e9serve de confirmation du changement de date<br>*Les r\u00e9servations peuvent \u00eatre transf\u00e9r\u00e9es \u00e0 un autre client jusqu&rsquo;\u00e0 21 jours avant l&rsquo;arriv\u00e9e, sous r\u00e9serve de confirmation du changement de nom<br>*Le prix total de la r\u00e9servation vous sera factur\u00e9 si vous annulez dans les 20 jours pr\u00e9c\u00e9dant l&rsquo;arriv\u00e9e<br>*En cas de non-pr\u00e9sentation, 100 % du s\u00e9jour total sera factur\u00e9<\/p>\n<\/div>\n<\/li>\n<li>\n<p>Politique d&rsquo;annulation : Le client sera factur\u00e9 100 % de la 1\u00e8re nuit.<\/p>\n<\/li>\n<li>\n<p><span style=\"background-color: transparent; color: var( --e-global-color-text ); font-family: var( --e-global-typography-48160fd-font-family ), Sans-serif; font-weight: var( --e-global-typography-text-font-weight ); letter-spacing: var( --e-global-typography-48160fd-letter-spacing ); text-align: var(--text-align);\">Politiques de paiement : Le paiement int\u00e9gral est requis lors de la finalisation de la r\u00e9servation<\/span><\/p>\n<\/li>\n<li>Retours et suggestions : Vos retours et suggestions nous sont pr\u00e9cieux car nous nous effor\u00e7ons d&rsquo;am\u00e9liorer et d&rsquo;affiner nos offres. Nous vous encourageons \u00e0 partager vos impressions avec nous pendant votre s\u00e9jour, que ce soit directement avec notre personnel ou via nos canaux de communication. <\/li>\n<li>Conditions sujettes \u00e0 modification : Ces termes et conditions peuvent \u00eatre modifi\u00e9s sans pr\u00e9avis. Nous vous recommandons de consulter notre site Web ou de contacter notre \u00e9quipe de r\u00e9servation pour obtenir les informations les plus r\u00e9centes concernant notre complexe. <\/li>\n<li>En effectuant une r\u00e9servation ou en s\u00e9journant dans notre \u00e9tablissement, vous acceptez de vous conformer \u00e0 ces termes et conditions. Nous appr\u00e9cions sinc\u00e8rement votre soutien et votre compr\u00e9hension alors que nous nous lan\u00e7ons dans cette aventure passionnante, et nous sommes impatients de vous offrir une exp\u00e9rience inoubliable. <\/li>\n<\/ul>\t\t\t\t\t\t\t\t<\/div>\n\t\t\t\t<\/div>\n\t\t\t\t<\/div>\n\t\t\t\t<\/div>\n\t\t\t\t\t<\/div>\n\t\t\t\t<\/div>\n\t\t<div class=\"elementor-element elementor-element-5d51d8c e-grid e-con-boxed e-con e-parent\" data-id=\"5d51d8c\" data-element_type=\"container\" data-e-type=\"container\">\n\t\t\t\t\t<div class=\"e-con-inner\">\n\t\t<div class=\"elementor-element elementor-element-f062ceb e-con-full e-flex e-con e-child\" data-id=\"f062ceb\" data-element_type=\"container\" data-e-type=\"container\">\n\t\t\t\t<div class=\"elementor-element elementor-element-5f8fffe ob-btn-block elementor-widget__width-initial elementor-widget elementor-widget-button\" data-id=\"5f8fffe\" data-element_type=\"widget\" data-e-type=\"widget\" data-widget_type=\"button.default\">\n\t\t\t\t<div class=\"elementor-widget-container\">\n\t\t\t\t\t\t\t\t\t<div class=\"elementor-button-wrapper\">\n\t\t\t\t\t<a class=\"elementor-button elementor-button-link elementor-size-sm\" href=\"https:\/\/book.themerusanur.com\/inst\/#home?propertyId=50941&#038;PackageID=913100000000055&#038;checkIn=2025-10-01&#038;minNight=5&#038;promoCode=luxuryholiday\" target=\"_blank\">\n\t\t\t\t\t\t<span class=\"elementor-button-content-wrapper\">\n\t\t\t\t\t\t\t\t\t<span class=\"elementor-button-text\">R\u00e9server<\/span>\n\t\t\t\t\t<\/span>\n\t\t\t\t\t<\/a>\n\t\t\t\t<\/div>\n\t\t\t\t\t\t\t\t<\/div>\n\t\t\t\t<\/div>\n\t\t\t\t<\/div>\n\t\t\t\t\t<\/div>\n\t\t\t\t<\/div>\n\t\t\t\t<\/div>\n\t\t","protected":false},"excerpt":{"rendered":"<p>Family Luxury Suite \u00c9vadez-vous au paradis avec notre All-Inclusive Package \u2014 l&rsquo;escapade ultime sans tracas. Profitez d&rsquo;un s\u00e9jour d&rsquo;au minimum 5 nuits et d\u00e9bloquez une multitude d&rsquo;avantages exclusifs, notamment les repas quotidiens, une s\u00e9lection de boissons, des activit\u00e9s, et bien plus encore. R\u00e9server P\u00e9riode de r\u00e9servation : 12 avril 2025 &#8211; 30 novembre 2025 P\u00e9riode [&hellip;]<\/p>\n","protected":false},"author":2,"featured_media":9528,"parent":11269,"menu_order":0,"comment_status":"closed","ping_status":"closed","template":"","meta":{"footnotes":""},"class_list":["post-11287","page","type-page","status-publish","has-post-thumbnail","hentry"],"_links":{"self":[{"href":"https:\/\/themerusanur.com\/fr\/wp-json\/wp\/v2\/pages\/11287","targetHints":{"allow":["GET"]}}],"collection":[{"href":"https:\/\/themerusanur.com\/fr\/wp-json\/wp\/v2\/pages"}],"about":[{"href":"https:\/\/themerusanur.com\/fr\/wp-json\/wp\/v2\/types\/page"}],"author":[{"embeddable":true,"href":"https:\/\/themerusanur.com\/fr\/wp-json\/wp\/v2\/users\/2"}],"replies":[{"embeddable":true,"href":"https:\/\/themerusanur.com\/fr\/wp-json\/wp\/v2\/comments?post=11287"}],"version-history":[{"count":1,"href":"https:\/\/themerusanur.com\/fr\/wp-json\/wp\/v2\/pages\/11287\/revisions"}],"predecessor-version":[{"id":11288,"href":"https:\/\/themerusanur.com\/fr\/wp-json\/wp\/v2\/pages\/11287\/revisions\/11288"}],"up":[{"embeddable":true,"href":"https:\/\/themerusanur.com\/fr\/wp-json\/wp\/v2\/pages\/11269"}],"wp:featuredmedia":[{"embeddable":true,"href":"https:\/\/themerusanur.com\/fr\/wp-json\/wp\/v2\/media\/9528"}],"wp:attachment":[{"href":"https:\/\/themerusanur.com\/fr\/wp-json\/wp\/v2\/media?parent=11287"}],"curies":[{"name":"wp","href":"https:\/\/api.w.org\/{rel}","templated":true}]}}