{"id":11289,"date":"2025-10-27T10:53:18","date_gmt":"2025-10-27T02:53:18","guid":{"rendered":"https:\/\/themerusanur.com\/offres-exclusives\/healing-journey\/"},"modified":"2026-04-17T04:01:15","modified_gmt":"2026-04-16T20:01:15","slug":"healing-journey","status":"publish","type":"page","link":"https:\/\/themerusanur.com\/fr\/offres-exclusives\/healing-journey\/","title":{"rendered":"Healing Journey"},"content":{"rendered":"\t\t<div data-elementor-type=\"wp-page\" data-elementor-id=\"11289\" class=\"elementor elementor-11289 elementor-6881\" data-elementor-post-type=\"page\">\n\t\t\t\t<div class=\"elementor-element elementor-element-22770182 ob-bg-video e-flex e-con-boxed e-con e-parent\" data-id=\"22770182\" data-element_type=\"container\" data-e-type=\"container\" data-settings=\"{&quot;background_background&quot;:&quot;classic&quot;}\">\n\t\t\t\t\t<div class=\"e-con-inner\">\n\t\t\t\t\t<\/div>\n\t\t\t\t<\/div>\n\t\t<div class=\"elementor-element elementor-element-4eff2581 e-flex e-con-boxed e-con e-parent\" data-id=\"4eff2581\" data-element_type=\"container\" data-e-type=\"container\">\n\t\t\t\t\t<div class=\"e-con-inner\">\n\t\t\t\t\t<\/div>\n\t\t\t\t<\/div>\n\t\t<div class=\"elementor-element elementor-element-30d8b718 e-flex e-con-boxed e-con e-parent\" data-id=\"30d8b718\" data-element_type=\"container\" data-e-type=\"container\">\n\t\t\t\t\t<div class=\"e-con-inner\">\n\t\t<div class=\"elementor-element elementor-element-43a0c6a e-con-full e-flex e-con e-child\" data-id=\"43a0c6a\" data-element_type=\"container\" data-e-type=\"container\">\n\t\t\t\t<div class=\"elementor-element elementor-element-7755fdc elementor-widget elementor-widget-heading\" data-id=\"7755fdc\" data-element_type=\"widget\" data-e-type=\"widget\" data-widget_type=\"heading.default\">\n\t\t\t\t<div class=\"elementor-widget-container\">\n\t\t\t\t\t<h1 class=\"elementor-heading-title elementor-size-default\">Healing Journey<\/h1>\t\t\t\t<\/div>\n\t\t\t\t<\/div>\n\t\t\t\t<div class=\"elementor-element elementor-element-5f1be70a elementor-widget elementor-widget-text-editor\" data-id=\"5f1be70a\" data-element_type=\"widget\" data-e-type=\"widget\" data-widget_type=\"text-editor.default\">\n\t\t\t\t<div class=\"elementor-widget-container\">\n\t\t\t\t\t\t\t\t\t<p>Embarquez pour un voyage transformateur de 3 nuits con\u00e7u pour restaurer l&rsquo;harmonie entre le corps, l&rsquo;esprit et l&rsquo;\u00e2me. Notre Healing Journey Package combine des rituels balinais authentiques, des soins de spa th\u00e9rapeutiques et des exp\u00e9riences de pleine conscience dans l&rsquo;atmosph\u00e8re sereine de Sanur. <\/p>\n<p>Nous pr\u00e9sentons le Healing Journey Stay Package, une offre exclusive m\u00e9ticuleusement con\u00e7ue pour les personnes \u00e0 la recherche d&rsquo;un r\u00e9pit profond et d&rsquo;un renouveau personnel. Dans le rythme effr\u00e9n\u00e9 de la vie moderne, l&rsquo;opportunit\u00e9 d&rsquo;un repos v\u00e9ritable et d&rsquo;une concentration sur soi est primordiale. Ce forfait constitue votre invitation formelle \u00e0 vous \u00e9loigner et \u00e0 consacrer du temps \u00e0 votre bien-\u00eatre.  <\/p>\n<p>Notre engagement est de fournir un environnement serein et imperturbable propice \u00e0 la clart\u00e9 mentale et \u00e0 la lib\u00e9ration \u00e9motionnelle. Nous offrons plus qu&rsquo;un simple h\u00e9bergement ; nous fournissons un sanctuaire o\u00f9 vous pouvez poursuivre votre voyage de gu\u00e9rison personnel avec intention et en toute tranquillit\u00e9. <\/p>\n<p> <\/p>\t\t\t\t\t\t\t\t<\/div>\n\t\t\t\t<\/div>\n\t\t\t\t<\/div>\n\t\t<div class=\"elementor-element elementor-element-3cd596c0 e-con-full e-flex e-con e-child\" data-id=\"3cd596c0\" data-element_type=\"container\" data-e-type=\"container\">\n\t\t\t\t<div class=\"elementor-element elementor-element-40624ef elementor-widget-divider--view-line elementor-widget elementor-widget-divider\" data-id=\"40624ef\" data-element_type=\"widget\" data-e-type=\"widget\" data-widget_type=\"divider.default\">\n\t\t\t\t<div class=\"elementor-widget-container\">\n\t\t\t\t\t\t\t<div class=\"elementor-divider\">\n\t\t\t<span class=\"elementor-divider-separator\">\n\t\t\t\t\t\t<\/span>\n\t\t<\/div>\n\t\t\t\t\t\t<\/div>\n\t\t\t\t<\/div>\n\t\t\t\t<\/div>\n\t\t\t\t\t<\/div>\n\t\t\t\t<\/div>\n\t\t<div class=\"elementor-element elementor-element-d97f901 e-grid e-con-boxed e-con e-parent\" data-id=\"d97f901\" data-element_type=\"container\" data-e-type=\"container\">\n\t\t\t\t\t<div class=\"e-con-inner\">\n\t\t<div class=\"elementor-element elementor-element-5c80242 e-con-full e-flex e-con e-child\" data-id=\"5c80242\" data-element_type=\"container\" data-e-type=\"container\">\n\t\t\t\t<div class=\"elementor-element elementor-element-9347d02 ob-btn-block elementor-widget__width-initial elementor-widget elementor-widget-button\" data-id=\"9347d02\" data-element_type=\"widget\" data-e-type=\"widget\" data-widget_type=\"button.default\">\n\t\t\t\t<div class=\"elementor-widget-container\">\n\t\t\t\t\t\t\t\t\t<div class=\"elementor-button-wrapper\">\n\t\t\t\t\t<a class=\"elementor-button elementor-button-link elementor-size-sm\" href=\"https:\/\/book.themerusanur.com\/inst\/#home?propertyId=50941&#038;PackageID=913100000000059&#038;checkIn=2025-10-14&#038;minNight=3\" target=\"_blank\">\n\t\t\t\t\t\t<span class=\"elementor-button-content-wrapper\">\n\t\t\t\t\t\t\t\t\t<span class=\"elementor-button-text\">R\u00e9server The Meru Sanur<\/span>\n\t\t\t\t\t<\/span>\n\t\t\t\t\t<\/a>\n\t\t\t\t<\/div>\n\t\t\t\t\t\t\t\t<\/div>\n\t\t\t\t<\/div>\n\t\t\t\t<\/div>\n\t\t<div class=\"elementor-element elementor-element-3d7b1de e-con-full e-flex e-con e-child\" data-id=\"3d7b1de\" data-element_type=\"container\" data-e-type=\"container\">\n\t\t\t\t<div class=\"elementor-element elementor-element-573927f ob-btn-block elementor-widget__width-initial elementor-widget elementor-widget-button\" data-id=\"573927f\" data-element_type=\"widget\" data-e-type=\"widget\" data-widget_type=\"button.default\">\n\t\t\t\t<div class=\"elementor-widget-container\">\n\t\t\t\t\t\t\t\t\t<div class=\"elementor-button-wrapper\">\n\t\t\t\t\t<a class=\"elementor-button elementor-button-link elementor-size-sm\" href=\"https:\/\/book.balibeachsanur.com\/inst\/#\/home?propertyId=50940&#038;PackageID=913000000000075&#038;checkIn=2025-10-14&#038;minNight=3\" target=\"_blank\" rel=\"noopener\">\n\t\t\t\t\t\t<span class=\"elementor-button-content-wrapper\">\n\t\t\t\t\t\t\t\t\t<span class=\"elementor-button-text\">D\u00e9couvrir Bali Beach Hotel<\/span>\n\t\t\t\t\t<\/span>\n\t\t\t\t\t<\/a>\n\t\t\t\t<\/div>\n\t\t\t\t\t\t\t\t<\/div>\n\t\t\t\t<\/div>\n\t\t\t\t<\/div>\n\t\t\t\t\t<\/div>\n\t\t\t\t<\/div>\n\t\t<div class=\"elementor-element elementor-element-bd2b659 e-flex e-con-boxed e-con e-parent\" data-id=\"bd2b659\" data-element_type=\"container\" data-e-type=\"container\">\n\t\t\t\t\t<div class=\"e-con-inner\">\n\t\t<div class=\"elementor-element elementor-element-48e863ec e-con-full e-flex e-con e-child\" data-id=\"48e863ec\" data-element_type=\"container\" data-e-type=\"container\" data-settings=\"{&quot;background_background&quot;:&quot;classic&quot;}\">\n\t\t<div class=\"elementor-element elementor-element-15e7ac65 e-con-full e-flex e-con e-child\" data-id=\"15e7ac65\" data-element_type=\"container\" data-e-type=\"container\">\n\t\t<div class=\"elementor-element elementor-element-757585f6 e-con-full e-flex e-con e-child\" data-id=\"757585f6\" data-element_type=\"container\" data-e-type=\"container\">\n\t\t<div class=\"elementor-element elementor-element-59bd1015 e-flex e-con-boxed e-con e-child\" data-id=\"59bd1015\" data-element_type=\"container\" data-e-type=\"container\">\n\t\t\t\t\t<div class=\"e-con-inner\">\n\t\t\t\t<div class=\"elementor-element elementor-element-23c7f5da elementor-widget elementor-widget-heading\" data-id=\"23c7f5da\" data-element_type=\"widget\" data-e-type=\"widget\" data-widget_type=\"heading.default\">\n\t\t\t\t<div class=\"elementor-widget-container\">\n\t\t\t\t\t<h2 class=\"elementor-heading-title elementor-size-default\">P\u00e9riode de r\u00e9servation :<\/h2>\t\t\t\t<\/div>\n\t\t\t\t<\/div>\n\t\t<div class=\"elementor-element elementor-element-6e8117cd e-con-full e-flex e-con e-child\" data-id=\"6e8117cd\" data-element_type=\"container\" data-e-type=\"container\">\n\t\t\t\t<div class=\"elementor-element elementor-element-2e085966 elementor-widget elementor-widget-text-editor\" data-id=\"2e085966\" data-element_type=\"widget\" data-e-type=\"widget\" data-widget_type=\"text-editor.default\">\n\t\t\t\t<div class=\"elementor-widget-container\">\n\t\t\t\t\t\t\t\t\t<ul><li>23 septembre 2025 \u2013 31 juillet 2026<\/li><\/ul>\t\t\t\t\t\t\t\t<\/div>\n\t\t\t\t<\/div>\n\t\t\t\t<\/div>\n\t\t\t\t\t<\/div>\n\t\t\t\t<\/div>\n\t\t<div class=\"elementor-element elementor-element-768bfb13 e-flex e-con-boxed e-con e-child\" data-id=\"768bfb13\" data-element_type=\"container\" data-e-type=\"container\">\n\t\t\t\t\t<div class=\"e-con-inner\">\n\t\t\t\t<div class=\"elementor-element elementor-element-4ddab68a elementor-widget elementor-widget-heading\" data-id=\"4ddab68a\" data-element_type=\"widget\" data-e-type=\"widget\" data-widget_type=\"heading.default\">\n\t\t\t\t<div class=\"elementor-widget-container\">\n\t\t\t\t\t<h2 class=\"elementor-heading-title elementor-size-default\">P\u00e9riode de s\u00e9jour :<\/h2>\t\t\t\t<\/div>\n\t\t\t\t<\/div>\n\t\t<div class=\"elementor-element elementor-element-211f4569 e-con-full e-flex e-con e-child\" data-id=\"211f4569\" data-element_type=\"container\" data-e-type=\"container\">\n\t\t\t\t<div class=\"elementor-element elementor-element-d7cc6e3 elementor-widget elementor-widget-text-editor\" data-id=\"d7cc6e3\" data-element_type=\"widget\" data-e-type=\"widget\" data-widget_type=\"text-editor.default\">\n\t\t\t\t<div class=\"elementor-widget-container\">\n\t\t\t\t\t\t\t\t\t<ul><li>1er octobre 2025 \u2013 31 juillet 2026<\/li><\/ul>\t\t\t\t\t\t\t\t<\/div>\n\t\t\t\t<\/div>\n\t\t\t\t<\/div>\n\t\t\t\t\t<\/div>\n\t\t\t\t<\/div>\n\t\t\t\t<\/div>\n\t\t<div class=\"elementor-element elementor-element-19b0078f e-con-full e-flex e-con e-child\" data-id=\"19b0078f\" data-element_type=\"container\" data-e-type=\"container\">\n\t\t<div class=\"elementor-element elementor-element-79158521 e-flex e-con-boxed e-con e-child\" data-id=\"79158521\" data-element_type=\"container\" data-e-type=\"container\">\n\t\t\t\t\t<div class=\"e-con-inner\">\n\t\t\t\t<div class=\"elementor-element elementor-element-1513cc51 elementor-widget elementor-widget-heading\" data-id=\"1513cc51\" data-element_type=\"widget\" data-e-type=\"widget\" data-widget_type=\"heading.default\">\n\t\t\t\t<div class=\"elementor-widget-container\">\n\t\t\t\t\t<h2 class=\"elementor-heading-title elementor-size-default\">P\u00e9riode d'exclusion :<\/h2>\t\t\t\t<\/div>\n\t\t\t\t<\/div>\n\t\t<div class=\"elementor-element elementor-element-1417deb8 e-con-full e-flex e-con e-child\" data-id=\"1417deb8\" data-element_type=\"container\" data-e-type=\"container\">\n\t\t\t\t<div class=\"elementor-element elementor-element-1446b302 elementor-widget elementor-widget-text-editor\" data-id=\"1446b302\" data-element_type=\"widget\" data-e-type=\"widget\" data-widget_type=\"text-editor.default\">\n\t\t\t\t<div class=\"elementor-widget-container\">\n\t\t\t\t\t\t\t\t\t<ul>\n<li><span data-sheets-root=\"1\">30 d\u00e9cembre 2025 &#8211; 1er janvier 2026<\/span><\/li>\n<\/ul>\t\t\t\t\t\t\t\t<\/div>\n\t\t\t\t<\/div>\n\t\t\t\t<\/div>\n\t\t\t\t\t<\/div>\n\t\t\t\t<\/div>\n\t\t\t\t<\/div>\n\t\t<div class=\"elementor-element elementor-element-21d10571 e-con-full e-flex e-con e-child\" data-id=\"21d10571\" data-element_type=\"container\" data-e-type=\"container\">\n\t\t\t\t<div class=\"elementor-element elementor-element-4f28e79e elementor-widget elementor-widget-heading\" data-id=\"4f28e79e\" data-element_type=\"widget\" data-e-type=\"widget\" data-widget_type=\"heading.default\">\n\t\t\t\t<div class=\"elementor-widget-container\">\n\t\t\t\t\t<h2 class=\"elementor-heading-title elementor-size-default\">Le forfait comprend :<\/h2>\t\t\t\t<\/div>\n\t\t\t\t<\/div>\n\t\t\t\t<div class=\"elementor-element elementor-element-4a1610a elementor-widget elementor-widget-text-editor\" data-id=\"4a1610a\" data-element_type=\"widget\" data-e-type=\"widget\" data-widget_type=\"text-editor.default\">\n\t\t\t\t<div class=\"elementor-widget-container\">\n\t\t\t\t\t\t\t\t\t<div data-id=\"fa17b75\" data-element_type=\"widget\" data-widget_type=\"text-editor.default\">\n<div>\n<ul>\n<li>\n<p>Healing Journey Package (forfait de 3 nuits)<\/p>\n<hr data-end=\"582\" data-start=\"579\">\n<p data-end=\"619\" data-start=\"584\">Jour 1 \u2013 Arriv\u00e9e et ancrage<\/p>\n<ul>\n<li data-end=\"656\" data-start=\"622\">Boisson de bienvenue \u00e0 l&rsquo;arriv\u00e9e<\/li>\n<li>Enregistrement et orientation<\/li>\n<li>Sandikala Ritual \u2013 une c\u00e9r\u00e9monie balinaise sereine pour commencer votre voyage de gu\u00e9rison<\/li>\n<\/ul>\n<hr data-end=\"816\" data-start=\"813\">\n<p data-end=\"856\" data-start=\"818\">Jour 2 \u2013 Connexion corps et esprit<\/p>\n<ul>\n<li data-end=\"896\" data-start=\"859\">Sunrise Connection au bord de la plage<\/li>\n<li data-end=\"944\" data-start=\"899\">Petit-d\u00e9jeuner sain au Arunika Restaurant <\/li>\n<li data-end=\"1012\" data-start=\"947\">Wellness Apothecary \u2013 cr\u00e9ez votre m\u00e9lange d&rsquo;herbes personnalis\u00e9<\/li>\n<li data-end=\"1065\" data-start=\"1015\">Massage complet du corps, gommage corporel et enveloppement th\u00e9rapeutique<\/li>\n<li data-end=\"1109\" data-start=\"1068\">D\u00e9jeuner nutritif au Arunika Restaurant<\/li>\n<li data-end=\"1109\" data-start=\"1068\">S\u00e9ance de sound healing et de m\u00e9ditation respiratoire<\/li>\n<li data-end=\"1162\" data-start=\"1112\">Heritage Tour avec une visite sp\u00e9ciale de la Soekarno Room (P\u00e8re fondateur de l&rsquo;Indon\u00e9sie)<\/li>\n<li data-end=\"1263\" data-start=\"1218\">D\u00eener nourrissant au Arunika Restaurant<\/li>\n<\/ul>\n<hr data-end=\"1268\" data-start=\"1265\">\n<p data-end=\"1314\" data-start=\"1270\">Jour 3 \u2013 Gu\u00e9rison par l&rsquo;art et l&rsquo;esprit<\/p>\n<ul>\n<li data-end=\"1365\" data-start=\"1317\">Olah Prana \u2013 mouvement d&rsquo;\u00e9nergie corporelle balinais<\/li>\n<li data-end=\"1413\" data-start=\"1368\">Petit-d\u00e9jeuner sain au Arunika Restaurant<\/li>\n<li data-end=\"1413\" data-start=\"1368\">Wellness Apothecary \u2013 cr\u00e9ez votre m\u00e9lange d&rsquo;herbes personnalis\u00e9<\/li>\n<li data-end=\"1485\" data-start=\"1416\">Atelier de peinture balinaise \u2013 exprimez votre cr\u00e9ativit\u00e9 et votre pleine conscience<\/li>\n<li data-end=\"1545\" data-start=\"1488\">Goji Berry Facial et rituel de bain pour le renouvellement de la peau<\/li>\n<li data-end=\"1589\" data-start=\"1548\">D\u00e9jeuner nutritif au Arunika Restaurant<\/li>\n<li data-end=\"1631\" data-start=\"1592\">Melukat Swara Purification Ritual<\/li>\n<li>Song of the Senses Journey \u2013 Connexion du corps, du souffle et de l&rsquo;esprit<\/li>\n<li>Goddess Lobby Tour et l\u00e9gende de Rajapala<\/li>\n<li>D\u00eener nourrissant au Arunika Restaurant<\/li>\n<\/ul>\n<hr data-end=\"1795\" data-start=\"1792\">\n<p data-end=\"1835\" data-start=\"1797\">Jour 4 \u2013 D\u00e9part sous le signe du renouveau<\/p>\n<ul>\n<li data-end=\"1885\" data-start=\"1838\">Tai-chi au lever du soleil \u2013 harmonisez le corps et l&rsquo;esprit<\/li>\n<li data-end=\"1933\" data-start=\"1888\">Petit-d\u00e9jeuner sain au Arunika Restaurant<\/li>\n<li data-end=\"1971\" data-start=\"1936\">D\u00e9part<\/li>\n<\/ul>\n<hr data-end=\"1795\" data-start=\"1792\">\n<p data-end=\"1835\" data-start=\"1797\">Politiques d&rsquo;annulation et de modification :<br>*Le prix total de la r\u00e9servation vous sera factur\u00e9 si vous annulez \u00e0 tout moment<br>*Les non-pr\u00e9sentations entra\u00eeneront une facturation de 100% du s\u00e9jour total<\/p>\n<p>Politiques de paiement :<br>*Le paiement int\u00e9gral est requis lors de la finalisation de la r\u00e9servation<br>*Un suppl\u00e9ment pour la haute saison s&rsquo;applique<\/p>\n<\/li>\n<\/ul>\n<\/div>\n<\/div>\t\t\t\t\t\t\t\t<\/div>\n\t\t\t\t<\/div>\n\t\t\t\t<\/div>\n\t\t\t\t<\/div>\n\t\t\t\t<\/div>\n\t\t\t\t\t<\/div>\n\t\t\t\t<\/div>\n\t\t<div class=\"elementor-element elementor-element-33a5cb71 e-flex e-con-boxed e-con e-parent\" data-id=\"33a5cb71\" data-element_type=\"container\" data-e-type=\"container\">\n\t\t\t\t\t<div class=\"e-con-inner\">\n\t\t<div class=\"elementor-element elementor-element-1c4a0d6 e-con-full e-flex e-con e-child\" data-id=\"1c4a0d6\" data-element_type=\"container\" data-e-type=\"container\" data-settings=\"{&quot;background_background&quot;:&quot;classic&quot;}\">\n\t\t<div class=\"elementor-element elementor-element-649090d0 e-con-full e-flex e-con e-child\" data-id=\"649090d0\" data-element_type=\"container\" data-e-type=\"container\">\n\t\t\t\t<div class=\"elementor-element elementor-element-4ccd479e elementor-widget elementor-widget-heading\" data-id=\"4ccd479e\" data-element_type=\"widget\" data-e-type=\"widget\" data-widget_type=\"heading.default\">\n\t\t\t\t<div class=\"elementor-widget-container\">\n\t\t\t\t\t<h2 class=\"elementor-heading-title elementor-size-default\">Termes et conditions<\/h2>\t\t\t\t<\/div>\n\t\t\t\t<\/div>\n\t\t\t\t<div class=\"elementor-element elementor-element-efaf503 elementor-widget elementor-widget-text-editor\" data-id=\"efaf503\" data-element_type=\"widget\" data-e-type=\"widget\" data-widget_type=\"text-editor.default\">\n\t\t\t\t<div class=\"elementor-widget-container\">\n\t\t\t\t\t\t\t\t\t<h5><span style=\"text-decoration: underline;\">Politiques d&rsquo;annulation et de modification : <\/span><\/h5><p>-La r\u00e9servation doit \u00eatre effectu\u00e9e au moins 7 jours avant la date d&rsquo;arriv\u00e9e<br>-Les r\u00e9servations peuvent \u00eatre modifi\u00e9es jusqu&rsquo;\u00e0 14 jours avant l&rsquo;arriv\u00e9e, sous r\u00e9serve de confirmation du changement de date<br>-Le prix total de la r\u00e9servation vous sera factur\u00e9 si vous annulez \u00e0 tout moment<br>-En cas de non-pr\u00e9sentation, 100 % du s\u00e9jour total sera factur\u00e9<\/p><h5><span style=\"text-decoration: underline;\">Politiques de paiement :<\/span><\/h5><p>-Le paiement int\u00e9gral est requis lors de la finalisation de la r\u00e9servation<br>-Un suppl\u00e9ment pour la haute saison s&rsquo;applique<\/p><div class=\"mb-5\"><h5 class=\"fs16 fw600 notranslate\"><span style=\"text-decoration: underline;\">Politique relative aux enfants :<\/span><\/h5><p class=\"fs12 fw400\"><span class=\"fs12 fw400 roomDes\">Un enfant de moins de 5 ans partageant la literie existante b\u00e9n\u00e9ficiera du petit-d\u00e9jeuner gratuit<br>Un enfant de 5 \u00e0 moins de 12 ans partageant la literie existante se verra facturer 50 % du petit-d\u00e9jeuner<br>Les enfants de 12 ans et plus seront consid\u00e9r\u00e9s comme des adultes et se verront facturer 100 % du petit-d\u00e9jeuner et d&rsquo;un lit suppl\u00e9mentaire<\/span><\/p><\/div><div class=\"mb-5\"><h5 class=\"fs16 fw600 notranslate\"><span style=\"text-decoration: underline;\">Politique relative aux lits suppl\u00e9mentaires :<\/span><\/h5><p class=\"fs12 fw400\"><span class=\"fs12 fw400 roomDes\">-Un lit suppl\u00e9mentaire comprend le petit-d\u00e9jeuner quotidien<\/span><\/p><\/div><div class=\"mb-5\"><h5 class=\"fs16 fw600 notranslate\"><span style=\"text-decoration: underline;\">Politique d&rsquo;annulation :<\/span><\/h5><p class=\"fs12 fw400\"><span class=\"fs12 fw400 roomDes\">&#8211; Le client sera factur\u00e9 du prix total en cas d&rsquo;annulation.<\/span><\/p><\/div><div class=\"mb-5\"><h5 class=\"fs16 fw600 notranslate\"><span style=\"text-decoration: underline;\">D\u00e9claration de confidentialit\u00e9 :<\/span><\/h5><p class=\"fs12 fw400\"><span class=\"fs12 fw400 roomDes\">PT Hotel Internasional Sanur Indonesia &#8211; The Meru Sanur s&rsquo;engage \u00e0 respecter la vie priv\u00e9e de toute personne acc\u00e9dant \u00e0 notre site Web. Ce site, themerusanur.com, ne collecte des donn\u00e9es personnelles vous concernant que dans la mesure n\u00e9cessaire pour vous fournir un service exceptionnel, et pour aider \u00e0 traiter votre demande ou vous fournir des informations.<\/span><\/p><\/div>\t\t\t\t\t\t\t\t<\/div>\n\t\t\t\t<\/div>\n\t\t\t\t<\/div>\n\t\t\t\t<\/div>\n\t\t\t\t\t<\/div>\n\t\t\t\t<\/div>\n\t\t<div class=\"elementor-element elementor-element-5d51d8c e-grid e-con-boxed e-con e-parent\" data-id=\"5d51d8c\" data-element_type=\"container\" data-e-type=\"container\">\n\t\t\t\t\t<div class=\"e-con-inner\">\n\t\t<div class=\"elementor-element elementor-element-f062ceb e-con-full e-flex e-con e-child\" data-id=\"f062ceb\" data-element_type=\"container\" data-e-type=\"container\">\n\t\t\t\t<div class=\"elementor-element elementor-element-5f8fffe ob-btn-block elementor-widget__width-initial elementor-widget elementor-widget-button\" data-id=\"5f8fffe\" data-element_type=\"widget\" data-e-type=\"widget\" data-widget_type=\"button.default\">\n\t\t\t\t<div class=\"elementor-widget-container\">\n\t\t\t\t\t\t\t\t\t<div class=\"elementor-button-wrapper\">\n\t\t\t\t\t<a class=\"elementor-button elementor-button-link elementor-size-sm\" href=\"https:\/\/book.themerusanur.com\/inst\/#home?propertyId=50941&#038;PackageID=913100000000055&#038;checkIn=2025-10-01&#038;minNight=5&#038;promoCode=luxuryholiday\" target=\"_blank\">\n\t\t\t\t\t\t<span class=\"elementor-button-content-wrapper\">\n\t\t\t\t\t\t\t\t\t<span class=\"elementor-button-text\">R\u00e9server The Meru Sanur<\/span>\n\t\t\t\t\t<\/span>\n\t\t\t\t\t<\/a>\n\t\t\t\t<\/div>\n\t\t\t\t\t\t\t\t<\/div>\n\t\t\t\t<\/div>\n\t\t\t\t<\/div>\n\t\t<div class=\"elementor-element elementor-element-f70eceb e-con-full e-flex e-con e-child\" data-id=\"f70eceb\" data-element_type=\"container\" data-e-type=\"container\">\n\t\t\t\t<div class=\"elementor-element elementor-element-77f8a1b ob-btn-block elementor-widget__width-initial elementor-widget elementor-widget-button\" data-id=\"77f8a1b\" data-element_type=\"widget\" data-e-type=\"widget\" data-widget_type=\"button.default\">\n\t\t\t\t<div class=\"elementor-widget-container\">\n\t\t\t\t\t\t\t\t\t<div class=\"elementor-button-wrapper\">\n\t\t\t\t\t<a class=\"elementor-button elementor-button-link elementor-size-sm\" href=\"https:\/\/book.balibeachsanur.com\/inst\/#\/home?propertyId=50940&#038;PackageID=913000000000069&#038;checkIn=2025-10-01&#038;minNight=5&#038;promoCode=luxuryholiday\" target=\"_blank\" rel=\"noopener\">\n\t\t\t\t\t\t<span class=\"elementor-button-content-wrapper\">\n\t\t\t\t\t\t\t\t\t<span class=\"elementor-button-text\">D\u00e9couvrir Bali Beach Hotel<\/span>\n\t\t\t\t\t<\/span>\n\t\t\t\t\t<\/a>\n\t\t\t\t<\/div>\n\t\t\t\t\t\t\t\t<\/div>\n\t\t\t\t<\/div>\n\t\t\t\t<\/div>\n\t\t\t\t\t<\/div>\n\t\t\t\t<\/div>\n\t\t\t\t<\/div>\n\t\t","protected":false},"excerpt":{"rendered":"<p>Healing Journey Embarquez pour un voyage transformateur de 3 nuits con\u00e7u pour restaurer l&rsquo;harmonie entre le corps, l&rsquo;esprit et l&rsquo;\u00e2me. Notre Healing Journey Package combine des rituels balinais authentiques, des soins de spa th\u00e9rapeutiques et des exp\u00e9riences de pleine conscience dans l&rsquo;atmosph\u00e8re sereine de Sanur. Nous pr\u00e9sentons le Healing Journey Stay Package, une offre exclusive [&hellip;]<\/p>\n","protected":false},"author":2,"featured_media":9528,"parent":11269,"menu_order":0,"comment_status":"closed","ping_status":"closed","template":"","meta":{"footnotes":""},"class_list":["post-11289","page","type-page","status-publish","has-post-thumbnail","hentry"],"_links":{"self":[{"href":"https:\/\/themerusanur.com\/fr\/wp-json\/wp\/v2\/pages\/11289","targetHints":{"allow":["GET"]}}],"collection":[{"href":"https:\/\/themerusanur.com\/fr\/wp-json\/wp\/v2\/pages"}],"about":[{"href":"https:\/\/themerusanur.com\/fr\/wp-json\/wp\/v2\/types\/page"}],"author":[{"embeddable":true,"href":"https:\/\/themerusanur.com\/fr\/wp-json\/wp\/v2\/users\/2"}],"replies":[{"embeddable":true,"href":"https:\/\/themerusanur.com\/fr\/wp-json\/wp\/v2\/comments?post=11289"}],"version-history":[{"count":1,"href":"https:\/\/themerusanur.com\/fr\/wp-json\/wp\/v2\/pages\/11289\/revisions"}],"predecessor-version":[{"id":11291,"href":"https:\/\/themerusanur.com\/fr\/wp-json\/wp\/v2\/pages\/11289\/revisions\/11291"}],"up":[{"embeddable":true,"href":"https:\/\/themerusanur.com\/fr\/wp-json\/wp\/v2\/pages\/11269"}],"wp:featuredmedia":[{"embeddable":true,"href":"https:\/\/themerusanur.com\/fr\/wp-json\/wp\/v2\/media\/9528"}],"wp:attachment":[{"href":"https:\/\/themerusanur.com\/fr\/wp-json\/wp\/v2\/media?parent=11289"}],"curies":[{"name":"wp","href":"https:\/\/api.w.org\/{rel}","templated":true}]}}