{"id":11464,"date":"2025-02-14T15:52:38","date_gmt":"2025-02-14T07:52:38","guid":{"rendered":"https:\/\/themerusanur.com\/evenements-et-congres\/mariage\/"},"modified":"2026-04-18T00:37:01","modified_gmt":"2026-04-17T16:37:01","slug":"mariage","status":"publish","type":"page","link":"https:\/\/themerusanur.com\/fr\/evenements-et-congres\/mariage\/","title":{"rendered":"Mariage"},"content":{"rendered":"\t\t<div data-elementor-type=\"wp-page\" data-elementor-id=\"11464\" class=\"elementor elementor-11464 elementor-3217\" data-elementor-post-type=\"page\">\n\t\t\t\t<div class=\"elementor-element elementor-element-d007107 ob-bg-video e-flex e-con-boxed e-con e-parent\" data-id=\"d007107\" data-element_type=\"container\" data-e-type=\"container\" data-settings=\"{&quot;background_background&quot;:&quot;classic&quot;}\">\n\t\t\t\t\t<div class=\"e-con-inner\">\n\t\t\t\t\t<\/div>\n\t\t\t\t<\/div>\n\t\t<div class=\"elementor-element elementor-element-08690a2 e-flex e-con-boxed e-con e-parent\" data-id=\"08690a2\" data-element_type=\"container\" data-e-type=\"container\">\n\t\t\t\t\t<div class=\"e-con-inner\">\n\t\t\t\t\t<\/div>\n\t\t\t\t<\/div>\n\t\t<div class=\"elementor-element elementor-element-58a8534 e-flex e-con-boxed e-con e-parent\" data-id=\"58a8534\" data-element_type=\"container\" data-e-type=\"container\">\n\t\t\t\t\t<div class=\"e-con-inner\">\n\t\t<div class=\"elementor-element elementor-element-651eeff e-con-full e-flex e-con e-child\" data-id=\"651eeff\" data-element_type=\"container\" data-e-type=\"container\">\n\t\t\t\t<div class=\"elementor-element elementor-element-c6fa47f elementor-widget elementor-widget-heading\" data-id=\"c6fa47f\" data-element_type=\"widget\" data-e-type=\"widget\" data-widget_type=\"heading.default\">\n\t\t\t\t<div class=\"elementor-widget-container\">\n\t\t\t\t\t<h1 class=\"elementor-heading-title elementor-size-default\">Bali Wedding Fair 2026<\/h1>\t\t\t\t<\/div>\n\t\t\t\t<\/div>\n\t\t\t\t<div class=\"elementor-element elementor-element-b771662 elementor-widget elementor-widget-text-editor\" data-id=\"b771662\" data-element_type=\"widget\" data-e-type=\"widget\" data-widget_type=\"text-editor.default\">\n\t\t\t\t<div class=\"elementor-widget-container\">\n\t\t\t\t\t\t\t\t\t<p>Bienvenue \u00e0 nouveau \u00e0 la Bali Wedding Fair 2026 \u2014 plus grande, plus audacieuse et plus belle que jamais.<\/p><p>Apr\u00e8s des d\u00e9buts spectaculaires l&rsquo;ann\u00e9e derni\u00e8re, nous nous r\u00e9unissons avec The Meru Sanur pour vous offrir l&rsquo;exp\u00e9rience ultime de planification de mariage. Du 20 au 22 f\u00e9vrier au Bali Beach Convention Center, rencontrez les meilleurs prestataires de Bali et r\u00e9servez le lieu de mariage id\u00e9al \u00e0 Bali pour votre journ\u00e9e sp\u00e9ciale. <\/p>\t\t\t\t\t\t\t\t<\/div>\n\t\t\t\t<\/div>\n\t\t\t\t<\/div>\n\t\t\t\t<div class=\"elementor-element elementor-element-26cfc82 ob-btn-block elementor-widget__width-initial elementor-widget elementor-widget-button\" data-id=\"26cfc82\" data-element_type=\"widget\" data-e-type=\"widget\" data-widget_type=\"button.default\">\n\t\t\t\t<div class=\"elementor-widget-container\">\n\t\t\t\t\t\t\t\t\t<div class=\"elementor-button-wrapper\">\n\t\t\t\t\t<a class=\"elementor-button elementor-button-link elementor-size-sm\" href=\"https:\/\/baliweddingfair.com\/\" target=\"_blank\" rel=\"noopener\">\n\t\t\t\t\t\t<span class=\"elementor-button-content-wrapper\">\n\t\t\t\t\t\t\t\t\t<span class=\"elementor-button-text\">D\u00e9couvrir<\/span>\n\t\t\t\t\t<\/span>\n\t\t\t\t\t<\/a>\n\t\t\t\t<\/div>\n\t\t\t\t\t\t\t\t<\/div>\n\t\t\t\t<\/div>\n\t\t<div class=\"elementor-element elementor-element-aede4ef e-con-full e-flex e-con e-child\" data-id=\"aede4ef\" data-element_type=\"container\" data-e-type=\"container\">\n\t\t\t\t<div class=\"elementor-element elementor-element-b4ef1a4 elementor-widget-divider--view-line elementor-widget elementor-widget-divider\" data-id=\"b4ef1a4\" data-element_type=\"widget\" data-e-type=\"widget\" data-widget_type=\"divider.default\">\n\t\t\t\t<div class=\"elementor-widget-container\">\n\t\t\t\t\t\t\t<div class=\"elementor-divider\">\n\t\t\t<span class=\"elementor-divider-separator\">\n\t\t\t\t\t\t<\/span>\n\t\t<\/div>\n\t\t\t\t\t\t<\/div>\n\t\t\t\t<\/div>\n\t\t\t\t<\/div>\n\t\t\t\t\t<\/div>\n\t\t\t\t<\/div>\n\t\t<div class=\"elementor-element elementor-element-174a6e36 e-flex e-con-boxed e-con e-parent\" data-id=\"174a6e36\" data-element_type=\"container\" data-e-type=\"container\">\n\t\t\t\t\t<div class=\"e-con-inner\">\n\t\t<div class=\"elementor-element elementor-element-73c0e01 e-con-full e-flex e-con e-child\" data-id=\"73c0e01\" data-element_type=\"container\" data-e-type=\"container\">\n\t\t<div class=\"elementor-element elementor-element-699e35fb e-con-full e-flex e-con e-child\" data-id=\"699e35fb\" data-element_type=\"container\" data-e-type=\"container\">\n\t\t\t\t<div class=\"elementor-element elementor-element-112d2f5a elementor-widget elementor-widget-image\" data-id=\"112d2f5a\" data-element_type=\"widget\" data-e-type=\"widget\" data-widget_type=\"image.default\">\n\t\t\t\t<div class=\"elementor-widget-container\">\n\t\t\t\t\t\t\t\t\t\t\t\t\t\t\t<img fetchpriority=\"high\" decoding=\"async\" width=\"882\" height=\"1094\" src=\"https:\/\/themerusanur.com\/wp-content\/uploads\/2026\/01\/Website-Bali-Wedding-Fair-882x1094-2.jpg\" class=\"attachment-full size-full wp-image-11475\" alt=\"\" srcset=\"https:\/\/themerusanur.com\/wp-content\/uploads\/2026\/01\/Website-Bali-Wedding-Fair-882x1094-2.jpg 882w, https:\/\/themerusanur.com\/wp-content\/uploads\/2026\/01\/Website-Bali-Wedding-Fair-882x1094-2-242x300.jpg 242w, https:\/\/themerusanur.com\/wp-content\/uploads\/2026\/01\/Website-Bali-Wedding-Fair-882x1094-2-826x1024.jpg 826w, https:\/\/themerusanur.com\/wp-content\/uploads\/2026\/01\/Website-Bali-Wedding-Fair-882x1094-2-768x953.jpg 768w\" sizes=\"(max-width: 882px) 100vw, 882px\" title=\"\">\t\t\t\t\t\t\t\t\t\t\t\t\t\t\t<\/div>\n\t\t\t\t<\/div>\n\t\t\t\t<div class=\"elementor-element elementor-element-7bddbe00 elementor-widget elementor-widget-heading\" data-id=\"7bddbe00\" data-element_type=\"widget\" data-e-type=\"widget\" data-widget_type=\"heading.default\">\n\t\t\t\t<div class=\"elementor-widget-container\">\n\t\t\t\t\t<h2 class=\"elementor-heading-title elementor-size-default\">Gagnez le Grand Prix<\/h2>\t\t\t\t<\/div>\n\t\t\t\t<\/div>\n\t\t\t\t<div class=\"elementor-element elementor-element-132329b elementor-widget elementor-widget-heading\" data-id=\"132329b\" data-element_type=\"widget\" data-e-type=\"widget\" data-widget_type=\"heading.default\">\n\t\t\t\t<div class=\"elementor-widget-container\">\n\t\t\t\t\t<h2 class=\"elementor-heading-title elementor-size-default\">Venez \u00e0 la Bali Wedding Fair et courez la chance de gagner le grand prix. <br>Une lune de miel inoubliable au Japon avec l'\u00eatre cher.<\/h2>\t\t\t\t<\/div>\n\t\t\t\t<\/div>\n\t\t\t\t<\/div>\n\t\t\t\t<div class=\"elementor-element elementor-element-4412b2f3 ob-btn-block elementor-widget__width-initial elementor-widget elementor-widget-button\" data-id=\"4412b2f3\" data-element_type=\"widget\" data-e-type=\"widget\" data-widget_type=\"button.default\">\n\t\t\t\t<div class=\"elementor-widget-container\">\n\t\t\t\t\t\t\t\t\t<div class=\"elementor-button-wrapper\">\n\t\t\t\t\t<a class=\"elementor-button elementor-button-link elementor-size-sm\" href=\"https:\/\/baliweddingfair.com\/\" target=\"_blank\" rel=\"noopener\">\n\t\t\t\t\t\t<span class=\"elementor-button-content-wrapper\">\n\t\t\t\t\t\t\t\t\t<span class=\"elementor-button-text\">D\u00e9couvrir<\/span>\n\t\t\t\t\t<\/span>\n\t\t\t\t\t<\/a>\n\t\t\t\t<\/div>\n\t\t\t\t\t\t\t\t<\/div>\n\t\t\t\t<\/div>\n\t\t\t\t<\/div>\n\t\t<div class=\"elementor-element elementor-element-3148cae e-con-full e-flex e-con e-child\" data-id=\"3148cae\" data-element_type=\"container\" data-e-type=\"container\">\n\t\t<div class=\"elementor-element elementor-element-776751af e-con-full e-flex e-con e-child\" data-id=\"776751af\" data-element_type=\"container\" data-e-type=\"container\">\n\t\t\t\t<div class=\"elementor-element elementor-element-7ad9d818 elementor-widget elementor-widget-image\" data-id=\"7ad9d818\" data-element_type=\"widget\" data-e-type=\"widget\" data-widget_type=\"image.default\">\n\t\t\t\t<div class=\"elementor-widget-container\">\n\t\t\t\t\t\t\t\t\t\t\t\t\t\t\t<img decoding=\"async\" width=\"882\" height=\"1094\" src=\"https:\/\/themerusanur.com\/wp-content\/uploads\/2026\/01\/Website-Bali-Wedding-Fair-882x1094-3.jpg\" class=\"attachment-full size-full wp-image-11476\" alt=\"\" srcset=\"https:\/\/themerusanur.com\/wp-content\/uploads\/2026\/01\/Website-Bali-Wedding-Fair-882x1094-3.jpg 882w, https:\/\/themerusanur.com\/wp-content\/uploads\/2026\/01\/Website-Bali-Wedding-Fair-882x1094-3-242x300.jpg 242w, https:\/\/themerusanur.com\/wp-content\/uploads\/2026\/01\/Website-Bali-Wedding-Fair-882x1094-3-826x1024.jpg 826w, https:\/\/themerusanur.com\/wp-content\/uploads\/2026\/01\/Website-Bali-Wedding-Fair-882x1094-3-768x953.jpg 768w\" sizes=\"(max-width: 882px) 100vw, 882px\" title=\"\">\t\t\t\t\t\t\t\t\t\t\t\t\t\t\t<\/div>\n\t\t\t\t<\/div>\n\t\t\t\t<div class=\"elementor-element elementor-element-76151918 elementor-widget elementor-widget-heading\" data-id=\"76151918\" data-element_type=\"widget\" data-e-type=\"widget\" data-widget_type=\"heading.default\">\n\t\t\t\t<div class=\"elementor-widget-container\">\n\t\t\t\t\t<h2 class=\"elementor-heading-title elementor-size-default\">Inscrivez-vous gratuitement<\/h2>\t\t\t\t<\/div>\n\t\t\t\t<\/div>\n\t\t\t\t<div class=\"elementor-element elementor-element-4614a109 elementor-widget elementor-widget-heading\" data-id=\"4614a109\" data-element_type=\"widget\" data-e-type=\"widget\" data-widget_type=\"heading.default\">\n\t\t\t\t<div class=\"elementor-widget-container\">\n\t\t\t\t\t<h2 class=\"elementor-heading-title elementor-size-default\">Planifiez le mariage de vos r\u00eaves \u2014 Inscrivez-vous en tant que visiteur pour une entr\u00e9e gratuite. R\u00e9servez votre pass pour la plus grande exposition de mariages de Bali d\u00e8s aujourd'hui.<\/h2>\t\t\t\t<\/div>\n\t\t\t\t<\/div>\n\t\t\t\t<\/div>\n\t\t\t\t<div class=\"elementor-element elementor-element-5610bf83 ob-btn-block elementor-widget__width-initial elementor-widget elementor-widget-button\" data-id=\"5610bf83\" data-element_type=\"widget\" data-e-type=\"widget\" data-widget_type=\"button.default\">\n\t\t\t\t<div class=\"elementor-widget-container\">\n\t\t\t\t\t\t\t\t\t<div class=\"elementor-button-wrapper\">\n\t\t\t\t\t<a class=\"elementor-button elementor-button-link elementor-size-sm\" href=\"https:\/\/baliweddingfair.com\/registration\" target=\"_blank\" rel=\"noopener\">\n\t\t\t\t\t\t<span class=\"elementor-button-content-wrapper\">\n\t\t\t\t\t\t\t\t\t<span class=\"elementor-button-text\">D\u00e9couvrir<\/span>\n\t\t\t\t\t<\/span>\n\t\t\t\t\t<\/a>\n\t\t\t\t<\/div>\n\t\t\t\t\t\t\t\t<\/div>\n\t\t\t\t<\/div>\n\t\t\t\t<\/div>\n\t\t<div class=\"elementor-element elementor-element-743c389e e-con-full e-flex e-con e-child\" data-id=\"743c389e\" data-element_type=\"container\" data-e-type=\"container\">\n\t\t<div class=\"elementor-element elementor-element-7d70fa25 e-con-full e-flex e-con e-child\" data-id=\"7d70fa25\" data-element_type=\"container\" data-e-type=\"container\">\n\t\t\t\t<div class=\"elementor-element elementor-element-2eccb9b9 elementor-widget elementor-widget-image\" data-id=\"2eccb9b9\" data-element_type=\"widget\" data-e-type=\"widget\" data-widget_type=\"image.default\">\n\t\t\t\t<div class=\"elementor-widget-container\">\n\t\t\t\t\t\t\t\t\t\t\t\t\t\t\t<img decoding=\"async\" width=\"882\" height=\"1094\" src=\"https:\/\/themerusanur.com\/wp-content\/uploads\/2026\/01\/Website-Bali-Wedding-Fair-882x1094-1.jpg\" class=\"attachment-full size-full wp-image-11474\" alt=\"\" srcset=\"https:\/\/themerusanur.com\/wp-content\/uploads\/2026\/01\/Website-Bali-Wedding-Fair-882x1094-1.jpg 882w, https:\/\/themerusanur.com\/wp-content\/uploads\/2026\/01\/Website-Bali-Wedding-Fair-882x1094-1-242x300.jpg 242w, https:\/\/themerusanur.com\/wp-content\/uploads\/2026\/01\/Website-Bali-Wedding-Fair-882x1094-1-826x1024.jpg 826w, https:\/\/themerusanur.com\/wp-content\/uploads\/2026\/01\/Website-Bali-Wedding-Fair-882x1094-1-768x953.jpg 768w\" sizes=\"(max-width: 882px) 100vw, 882px\" title=\"\">\t\t\t\t\t\t\t\t\t\t\t\t\t\t\t<\/div>\n\t\t\t\t<\/div>\n\t\t\t\t<div class=\"elementor-element elementor-element-79b42a81 elementor-widget elementor-widget-heading\" data-id=\"79b42a81\" data-element_type=\"widget\" data-e-type=\"widget\" data-widget_type=\"heading.default\">\n\t\t\t\t<div class=\"elementor-widget-container\">\n\t\t\t\t\t<h2 class=\"elementor-heading-title elementor-size-default\">Participez en tant qu'exposant<\/h2>\t\t\t\t<\/div>\n\t\t\t\t<\/div>\n\t\t\t\t<div class=\"elementor-element elementor-element-6581c099 elementor-widget elementor-widget-heading\" data-id=\"6581c099\" data-element_type=\"widget\" data-e-type=\"widget\" data-widget_type=\"heading.default\">\n\t\t\t\t<div class=\"elementor-widget-container\">\n\t\t\t\t\t<h2 class=\"elementor-heading-title elementor-size-default\">Pr\u00e9sentez votre marque lors de la plus grande exposition de mariages de Bali. <br>Entrez en contact avec des milliers de couples. <br>R\u00e9servez votre stand maintenant.<\/h2>\t\t\t\t<\/div>\n\t\t\t\t<\/div>\n\t\t\t\t<\/div>\n\t\t\t\t<div class=\"elementor-element elementor-element-5c31d748 ob-btn-block elementor-widget__width-initial elementor-widget elementor-widget-button\" data-id=\"5c31d748\" data-element_type=\"widget\" data-e-type=\"widget\" data-widget_type=\"button.default\">\n\t\t\t\t<div class=\"elementor-widget-container\">\n\t\t\t\t\t\t\t\t\t<div class=\"elementor-button-wrapper\">\n\t\t\t\t\t<a class=\"elementor-button elementor-button-link elementor-size-sm\" href=\"https:\/\/baliweddingfair.com\/form\" target=\"_blank\" rel=\"noopener\">\n\t\t\t\t\t\t<span class=\"elementor-button-content-wrapper\">\n\t\t\t\t\t\t\t\t\t<span class=\"elementor-button-text\">D\u00e9couvrir<\/span>\n\t\t\t\t\t<\/span>\n\t\t\t\t\t<\/a>\n\t\t\t\t<\/div>\n\t\t\t\t\t\t\t\t<\/div>\n\t\t\t\t<\/div>\n\t\t\t\t<\/div>\n\t\t\t\t\t<\/div>\n\t\t\t\t<\/div>\n\t\t\t\t<\/div>\n\t\t","protected":false},"excerpt":{"rendered":"<p>Bali Wedding Fair 2026 Bienvenue \u00e0 nouveau \u00e0 la Bali Wedding Fair 2026 \u2014 plus grande, plus audacieuse et plus belle que jamais. Apr\u00e8s des d\u00e9buts spectaculaires l&rsquo;ann\u00e9e derni\u00e8re, nous nous r\u00e9unissons avec The Meru Sanur pour vous offrir l&rsquo;exp\u00e9rience ultime de planification de mariage. Du 20 au 22 f\u00e9vrier au Bali Beach Convention Center, [&hellip;]<\/p>\n","protected":false},"author":2,"featured_media":10897,"parent":11402,"menu_order":4,"comment_status":"closed","ping_status":"closed","template":"","meta":{"footnotes":""},"class_list":["post-11464","page","type-page","status-publish","has-post-thumbnail","hentry"],"_links":{"self":[{"href":"https:\/\/themerusanur.com\/fr\/wp-json\/wp\/v2\/pages\/11464","targetHints":{"allow":["GET"]}}],"collection":[{"href":"https:\/\/themerusanur.com\/fr\/wp-json\/wp\/v2\/pages"}],"about":[{"href":"https:\/\/themerusanur.com\/fr\/wp-json\/wp\/v2\/types\/page"}],"author":[{"embeddable":true,"href":"https:\/\/themerusanur.com\/fr\/wp-json\/wp\/v2\/users\/2"}],"replies":[{"embeddable":true,"href":"https:\/\/themerusanur.com\/fr\/wp-json\/wp\/v2\/comments?post=11464"}],"version-history":[{"count":1,"href":"https:\/\/themerusanur.com\/fr\/wp-json\/wp\/v2\/pages\/11464\/revisions"}],"predecessor-version":[{"id":11477,"href":"https:\/\/themerusanur.com\/fr\/wp-json\/wp\/v2\/pages\/11464\/revisions\/11477"}],"up":[{"embeddable":true,"href":"https:\/\/themerusanur.com\/fr\/wp-json\/wp\/v2\/pages\/11402"}],"wp:featuredmedia":[{"embeddable":true,"href":"https:\/\/themerusanur.com\/fr\/wp-json\/wp\/v2\/media\/10897"}],"wp:attachment":[{"href":"https:\/\/themerusanur.com\/fr\/wp-json\/wp\/v2\/media?parent=11464"}],"curies":[{"name":"wp","href":"https:\/\/api.w.org\/{rel}","templated":true}]}}