{"id":9514,"date":"2025-06-29T18:54:11","date_gmt":"2025-06-29T10:54:11","guid":{"rendered":"https:\/\/themerusanur.com\/holiday-haven\/"},"modified":"2026-04-09T13:51:57","modified_gmt":"2026-04-09T05:51:57","slug":"holiday-haven","status":"publish","type":"page","link":"https:\/\/themerusanur.com\/fr\/holiday-haven\/","title":{"rendered":"Holiday Haven"},"content":{"rendered":"\t\t<div data-elementor-type=\"wp-page\" data-elementor-id=\"9514\" class=\"elementor elementor-9514 elementor-6164\" data-elementor-post-type=\"page\">\n\t\t\t\t<div class=\"elementor-element elementor-element-25c34ace ob-bg-video e-flex e-con-boxed e-con e-parent\" data-id=\"25c34ace\" data-element_type=\"container\" data-e-type=\"container\" data-settings=\"{&quot;background_background&quot;:&quot;classic&quot;}\">\n\t\t\t\t\t<div class=\"e-con-inner\">\n\t\t\t\t\t<\/div>\n\t\t\t\t<\/div>\n\t\t<div class=\"elementor-element elementor-element-4238848e e-flex e-con-boxed e-con e-parent\" data-id=\"4238848e\" data-element_type=\"container\" data-e-type=\"container\">\n\t\t\t\t\t<div class=\"e-con-inner\">\n\t\t\t\t\t<\/div>\n\t\t\t\t<\/div>\n\t\t<div class=\"elementor-element elementor-element-4a3ba5d e-flex e-con-boxed e-con e-parent\" data-id=\"4a3ba5d\" data-element_type=\"container\" data-e-type=\"container\">\n\t\t\t\t\t<div class=\"e-con-inner\">\n\t\t<div class=\"elementor-element elementor-element-201de2ae e-con-full e-flex e-con e-child\" data-id=\"201de2ae\" data-element_type=\"container\" data-e-type=\"container\">\n\t\t\t\t<div class=\"elementor-element elementor-element-4d9010fd elementor-widget elementor-widget-heading\" data-id=\"4d9010fd\" data-element_type=\"widget\" data-e-type=\"widget\" data-widget_type=\"heading.default\">\n\t\t\t\t<div class=\"elementor-widget-container\">\n\t\t\t\t\t<h2 class=\"elementor-heading-title elementor-size-default\">Holiday Haven<\/h2>\t\t\t\t<\/div>\n\t\t\t\t<\/div>\n\t\t\t\t<div class=\"elementor-element elementor-element-2464c544 elementor-widget elementor-widget-text-editor\" data-id=\"2464c544\" data-element_type=\"widget\" data-e-type=\"widget\" data-widget_type=\"text-editor.default\">\n\t\t\t\t<div class=\"elementor-widget-container\">\n\t\t\t\t\t\t\t\t\t<p data-start=\"81\" data-end=\"316\">D\u00e9tendez-vous lors d&rsquo;un s\u00e9jour paisible d&rsquo;au minimum 2 nuits dans notre complexe tout compris en bord de mer, o\u00f9 les vues panoramiques sur Sanur Beach se m\u00ealent \u00e0 une hospitalit\u00e9 chaleureuse et \u00e0 des exp\u00e9riences familiales sur mesure.<\/p><p data-start=\"318\" data-end=\"431\"> Vos vacances en famille inoubliables commencent ici, o\u00f9 chaque d\u00e9tail est pens\u00e9 pour le confort, les liens et les plaisirs baln\u00e9aires en toute insouciance.<\/p>\t\t\t\t\t\t\t\t<\/div>\n\t\t\t\t<\/div>\n\t\t\t\t<\/div>\n\t\t<div class=\"elementor-element elementor-element-c89035b e-con-full e-flex e-con e-child\" data-id=\"c89035b\" data-element_type=\"container\" data-e-type=\"container\">\n\t\t\t\t<div class=\"elementor-element elementor-element-3602c1a elementor-widget-divider--view-line elementor-widget elementor-widget-divider\" data-id=\"3602c1a\" data-element_type=\"widget\" data-e-type=\"widget\" data-widget_type=\"divider.default\">\n\t\t\t\t<div class=\"elementor-widget-container\">\n\t\t\t\t\t\t\t<div class=\"elementor-divider\">\n\t\t\t<span class=\"elementor-divider-separator\">\n\t\t\t\t\t\t<\/span>\n\t\t<\/div>\n\t\t\t\t\t\t<\/div>\n\t\t\t\t<\/div>\n\t\t\t\t<\/div>\n\t\t\t\t\t<\/div>\n\t\t\t\t<\/div>\n\t\t<div class=\"elementor-element elementor-element-686cc860 e-con-full e-grid e-con e-child\" data-id=\"686cc860\" data-element_type=\"container\" data-e-type=\"container\">\n\t\t\t\t<div class=\"elementor-element elementor-element-5db7d363 ob-btn-block elementor-widget__width-initial elementor-widget elementor-widget-button\" data-id=\"5db7d363\" data-element_type=\"widget\" data-e-type=\"widget\" data-widget_type=\"button.default\">\n\t\t\t\t<div class=\"elementor-widget-container\">\n\t\t\t\t\t\t\t\t\t<div class=\"elementor-button-wrapper\">\n\t\t\t\t\t<a class=\"elementor-button elementor-button-link elementor-size-sm\" href=\"https:\/\/book.balibeachsanur.com\/inst\/#\/home?propertyId=50940&#038;PackageID=913000000000052&#038;checkIn=2025-06-01&#038;minNight=3\" target=\"_blank\" rel=\"noopener\">\n\t\t\t\t\t\t<span class=\"elementor-button-content-wrapper\">\n\t\t\t\t\t\t\t\t\t<span class=\"elementor-button-text\">R\u00e9server maintenant<\/span>\n\t\t\t\t\t<\/span>\n\t\t\t\t\t<\/a>\n\t\t\t\t<\/div>\n\t\t\t\t\t\t\t\t<\/div>\n\t\t\t\t<\/div>\n\t\t\t\t<\/div>\n\t\t<div class=\"elementor-element elementor-element-76437631 e-flex e-con-boxed e-con e-parent\" data-id=\"76437631\" data-element_type=\"container\" data-e-type=\"container\">\n\t\t\t\t\t<div class=\"e-con-inner\">\n\t\t<div class=\"elementor-element elementor-element-d954385 e-con-full e-flex e-con e-child\" data-id=\"d954385\" data-element_type=\"container\" data-e-type=\"container\" data-settings=\"{&quot;background_background&quot;:&quot;classic&quot;}\">\n\t\t<div class=\"elementor-element elementor-element-4b8da7e2 e-con-full e-flex e-con e-child\" data-id=\"4b8da7e2\" data-element_type=\"container\" data-e-type=\"container\">\n\t\t<div class=\"elementor-element elementor-element-3db86ddf e-con-full e-flex e-con e-child\" data-id=\"3db86ddf\" data-element_type=\"container\" data-e-type=\"container\">\n\t\t<div class=\"elementor-element elementor-element-17d2c3c7 e-flex e-con-boxed e-con e-child\" data-id=\"17d2c3c7\" data-element_type=\"container\" data-e-type=\"container\">\n\t\t\t\t\t<div class=\"e-con-inner\">\n\t\t\t\t<div class=\"elementor-element elementor-element-60c15440 elementor-widget elementor-widget-heading\" data-id=\"60c15440\" data-element_type=\"widget\" data-e-type=\"widget\" data-widget_type=\"heading.default\">\n\t\t\t\t<div class=\"elementor-widget-container\">\n\t\t\t\t\t<h2 class=\"elementor-heading-title elementor-size-default\">P\u00e9riode de r\u00e9servation :<\/h2>\t\t\t\t<\/div>\n\t\t\t\t<\/div>\n\t\t<div class=\"elementor-element elementor-element-19f80a96 e-con-full e-flex e-con e-child\" data-id=\"19f80a96\" data-element_type=\"container\" data-e-type=\"container\">\n\t\t\t\t<div class=\"elementor-element elementor-element-59005492 elementor-widget elementor-widget-text-editor\" data-id=\"59005492\" data-element_type=\"widget\" data-e-type=\"widget\" data-widget_type=\"text-editor.default\">\n\t\t\t\t<div class=\"elementor-widget-container\">\n\t\t\t\t\t\t\t\t\t<ul><li><span data-sheets-root=\"1\">1er juin 2025 \u2013 31 juillet 2025<\/span><\/li><\/ul>\t\t\t\t\t\t\t\t<\/div>\n\t\t\t\t<\/div>\n\t\t\t\t<\/div>\n\t\t\t\t\t<\/div>\n\t\t\t\t<\/div>\n\t\t<div class=\"elementor-element elementor-element-7c8177d8 e-flex e-con-boxed e-con e-child\" data-id=\"7c8177d8\" data-element_type=\"container\" data-e-type=\"container\">\n\t\t\t\t\t<div class=\"e-con-inner\">\n\t\t\t\t<div class=\"elementor-element elementor-element-6cd10f2e elementor-widget elementor-widget-heading\" data-id=\"6cd10f2e\" data-element_type=\"widget\" data-e-type=\"widget\" data-widget_type=\"heading.default\">\n\t\t\t\t<div class=\"elementor-widget-container\">\n\t\t\t\t\t<h2 class=\"elementor-heading-title elementor-size-default\">P\u00e9riode de s\u00e9jour :<\/h2>\t\t\t\t<\/div>\n\t\t\t\t<\/div>\n\t\t<div class=\"elementor-element elementor-element-4faea0a2 e-con-full e-flex e-con e-child\" data-id=\"4faea0a2\" data-element_type=\"container\" data-e-type=\"container\">\n\t\t\t\t<div class=\"elementor-element elementor-element-564b7b63 elementor-widget elementor-widget-text-editor\" data-id=\"564b7b63\" data-element_type=\"widget\" data-e-type=\"widget\" data-widget_type=\"text-editor.default\">\n\t\t\t\t<div class=\"elementor-widget-container\">\n\t\t\t\t\t\t\t\t\t<ul><li>8 mai 2025 \u2013 31 juillet 2025<\/li><\/ul>\t\t\t\t\t\t\t\t<\/div>\n\t\t\t\t<\/div>\n\t\t\t\t<\/div>\n\t\t\t\t\t<\/div>\n\t\t\t\t<\/div>\n\t\t\t\t<\/div>\n\t\t<div class=\"elementor-element elementor-element-14336701 e-con-full e-flex e-con e-child\" data-id=\"14336701\" data-element_type=\"container\" data-e-type=\"container\">\n\t\t\t\t<div class=\"elementor-element elementor-element-a670da8 elementor-widget elementor-widget-heading\" data-id=\"a670da8\" data-element_type=\"widget\" data-e-type=\"widget\" data-widget_type=\"heading.default\">\n\t\t\t\t<div class=\"elementor-widget-container\">\n\t\t\t\t\t<h2 class=\"elementor-heading-title elementor-size-default\">Le forfait comprend :<\/h2>\t\t\t\t<\/div>\n\t\t\t\t<\/div>\n\t\t<div class=\"elementor-element elementor-element-225cc1c0 e-con-full e-grid e-con e-child\" data-id=\"225cc1c0\" data-element_type=\"container\" data-e-type=\"container\">\n\t\t\t\t<div class=\"elementor-element elementor-element-7f36a614 elementor-widget elementor-widget-text-editor\" data-id=\"7f36a614\" data-element_type=\"widget\" data-e-type=\"widget\" data-widget_type=\"text-editor.default\">\n\t\t\t\t<div class=\"elementor-widget-container\">\n\t\t\t\t\t\t\t\t\t<ul><li>Rituel de bienvenue balinais et bracelet Tridatu<\/li><li>Boisson signature de bienvenue dans le hall \u00e0 l&rsquo;arriv\u00e9e<\/li><li>S\u00e9jour gratuit (partageant le lit des parents) pour un enfant de moins de 12 ans<\/li><li>Petit-d\u00e9jeuner quotidien au Roso Restaurant pour 2 adultes et un enfant de moins de 12 ans <\/li><\/ul>\t\t\t\t\t\t\t\t<\/div>\n\t\t\t\t<\/div>\n\t\t\t\t<div class=\"elementor-element elementor-element-79cba435 elementor-widget elementor-widget-text-editor\" data-id=\"79cba435\" data-element_type=\"widget\" data-e-type=\"widget\" data-widget_type=\"text-editor.default\">\n\t\t\t\t<div class=\"elementor-widget-container\">\n\t\t\t\t\t\t\t\t\t<ul><li>2 parts de g\u00e2teau dans la chambre \u00e0 l&rsquo;arriv\u00e9e <\/li><li>\u00c9quipements pour enfants dans la chambre <\/li><li>Coin enfants (jeux et collations) <\/li><li>Cr\u00e9ation en p\u00e2te \u00e0 sel (activit\u00e9 familiale)<\/li><li>Activit\u00e9s de bien-\u00eatre quotidiennes gratuites (activit\u00e9 pour les parents)<\/li><li>Acc\u00e8s Internet Wi-Fi gratuit.<\/li><\/ul>\t\t\t\t\t\t\t\t<\/div>\n\t\t\t\t<\/div>\n\t\t\t\t<\/div>\n\t\t\t\t<\/div>\n\t\t\t\t<\/div>\n\t\t\t\t<\/div>\n\t\t\t\t\t<\/div>\n\t\t\t\t<\/div>\n\t\t<div class=\"elementor-element elementor-element-2b8be07a e-flex e-con-boxed e-con e-parent\" data-id=\"2b8be07a\" data-element_type=\"container\" data-e-type=\"container\">\n\t\t\t\t\t<div class=\"e-con-inner\">\n\t\t<div class=\"elementor-element elementor-element-1174f3ae e-con-full e-flex e-con e-child\" data-id=\"1174f3ae\" data-element_type=\"container\" data-e-type=\"container\" data-settings=\"{&quot;background_background&quot;:&quot;classic&quot;}\">\n\t\t<div class=\"elementor-element elementor-element-7b8c93f4 e-con-full e-flex e-con e-child\" data-id=\"7b8c93f4\" data-element_type=\"container\" data-e-type=\"container\">\n\t\t\t\t<div class=\"elementor-element elementor-element-111274b elementor-widget elementor-widget-heading\" data-id=\"111274b\" data-element_type=\"widget\" data-e-type=\"widget\" data-widget_type=\"heading.default\">\n\t\t\t\t<div class=\"elementor-widget-container\">\n\t\t\t\t\t<h2 class=\"elementor-heading-title elementor-size-default\">Termes et conditions<\/h2>\t\t\t\t<\/div>\n\t\t\t\t<\/div>\n\t\t\t\t<div class=\"elementor-element elementor-element-26b35510 elementor-widget elementor-widget-text-editor\" data-id=\"26b35510\" data-element_type=\"widget\" data-e-type=\"widget\" data-widget_type=\"text-editor.default\">\n\t\t\t\t<div class=\"elementor-widget-container\">\n\t\t\t\t\t\t\t\t\t<ul>\n<li>S\u00e9jour minimum de 2 nuits<\/li>\n<li>\n<p>Politiques d&rsquo;annulation : Non annulable et non remboursable. Le client se verra facturer le prix total si la r\u00e9servation est annul\u00e9e.<\/p>\n<\/li>\n<li>\n<p><span style=\"background-color: transparent; letter-spacing: 1.28px;\">Politiques de paiement : Le paiement int\u00e9gral est requis lors de la finalisation de la r\u00e9servation<\/span><\/p>\n<\/li>\n<li>\n<div>\n<p>Politique enfants:&nbsp;Un enfant de moins de 5 ans partageant la literie existante b\u00e9n\u00e9ficiera du petit-d\u00e9jeuner gratuit<\/p>\n<\/div>\n<\/li>\n<li>\n<div><span style=\"background-color: transparent; letter-spacing: 1.28px;\">Les enfants de 12 ans et plus seront consid\u00e9r\u00e9s comme des adultes et se verront facturer 100 % du petit-d\u00e9jeuner et d&rsquo;un lit suppl\u00e9mentaire<\/span><\/div>\n<\/li>\n<li>\n<p><span style=\"background-color: transparent; letter-spacing: 1.28px;\">Un enfant de 5 \u00e0 moins de 12 ans partageant la literie existante se verra facturer 50 % du petit-d\u00e9jeuner<\/span><\/p>\n<\/li>\n<li>\n<p><span style=\"background-color: transparent; letter-spacing: 1.28px;\">Un lit suppl\u00e9mentaire comprend un petit-d\u00e9jeuner quotidien<\/span><\/p>\n<\/li>\n<\/ul>\t\t\t\t\t\t\t\t<\/div>\n\t\t\t\t<\/div>\n\t\t\t\t<\/div>\n\t\t\t\t<\/div>\n\t\t\t\t\t<\/div>\n\t\t\t\t<\/div>\n\t\t<div class=\"elementor-element elementor-element-42106e70 e-con-full e-grid e-con e-child\" data-id=\"42106e70\" data-element_type=\"container\" data-e-type=\"container\">\n\t\t\t\t<div class=\"elementor-element elementor-element-75d81a55 ob-btn-block elementor-widget__width-initial elementor-widget elementor-widget-button\" data-id=\"75d81a55\" data-element_type=\"widget\" data-e-type=\"widget\" data-widget_type=\"button.default\">\n\t\t\t\t<div class=\"elementor-widget-container\">\n\t\t\t\t\t\t\t\t\t<div class=\"elementor-button-wrapper\">\n\t\t\t\t\t<a class=\"elementor-button elementor-button-link elementor-size-sm\" href=\"https:\/\/book.balibeachsanur.com\/inst\/#\/home?propertyId=50940&#038;PackageID=913000000000052&#038;checkIn=2025-06-01&#038;minNight=3\" target=\"_blank\" rel=\"noopener\">\n\t\t\t\t\t\t<span class=\"elementor-button-content-wrapper\">\n\t\t\t\t\t\t\t\t\t<span class=\"elementor-button-text\">R\u00e9server maintenant<\/span>\n\t\t\t\t\t<\/span>\n\t\t\t\t\t<\/a>\n\t\t\t\t<\/div>\n\t\t\t\t\t\t\t\t<\/div>\n\t\t\t\t<\/div>\n\t\t\t\t<\/div>\n\t\t\t\t<\/div>\n\t\t","protected":false},"excerpt":{"rendered":"<p>Holiday Haven D\u00e9tendez-vous lors d&rsquo;un s\u00e9jour paisible d&rsquo;au minimum 2 nuits dans notre complexe tout compris en bord de mer, o\u00f9 les vues panoramiques sur Sanur Beach se m\u00ealent \u00e0 une hospitalit\u00e9 chaleureuse et \u00e0 des exp\u00e9riences familiales sur mesure. Vos vacances en famille inoubliables commencent ici, o\u00f9 chaque d\u00e9tail est pens\u00e9 pour le confort, [&hellip;]<\/p>\n","protected":false},"author":2,"featured_media":0,"parent":0,"menu_order":0,"comment_status":"closed","ping_status":"closed","template":"","meta":{"footnotes":""},"class_list":["post-9514","page","type-page","status-publish","hentry"],"_links":{"self":[{"href":"https:\/\/themerusanur.com\/fr\/wp-json\/wp\/v2\/pages\/9514","targetHints":{"allow":["GET"]}}],"collection":[{"href":"https:\/\/themerusanur.com\/fr\/wp-json\/wp\/v2\/pages"}],"about":[{"href":"https:\/\/themerusanur.com\/fr\/wp-json\/wp\/v2\/types\/page"}],"author":[{"embeddable":true,"href":"https:\/\/themerusanur.com\/fr\/wp-json\/wp\/v2\/users\/2"}],"replies":[{"embeddable":true,"href":"https:\/\/themerusanur.com\/fr\/wp-json\/wp\/v2\/comments?post=9514"}],"version-history":[{"count":1,"href":"https:\/\/themerusanur.com\/fr\/wp-json\/wp\/v2\/pages\/9514\/revisions"}],"predecessor-version":[{"id":9515,"href":"https:\/\/themerusanur.com\/fr\/wp-json\/wp\/v2\/pages\/9514\/revisions\/9515"}],"wp:attachment":[{"href":"https:\/\/themerusanur.com\/fr\/wp-json\/wp\/v2\/media?parent=9514"}],"curies":[{"name":"wp","href":"https:\/\/api.w.org\/{rel}","templated":true}]}}