{"id":9652,"date":"2025-09-15T15:20:15","date_gmt":"2025-09-15T07:20:15","guid":{"rendered":"https:\/\/themerusanur.com\/honeymoon-luxury-presidential-suite\/"},"modified":"2026-04-10T15:23:00","modified_gmt":"2026-04-10T07:23:00","slug":"honeymoon-luxury-presidential-suite","status":"publish","type":"page","link":"https:\/\/themerusanur.com\/ja\/honeymoon-luxury-presidential-suite\/","title":{"rendered":"Honeymoon Luxury Presidential Suite"},"content":{"rendered":"\t\t<div data-elementor-type=\"wp-page\" data-elementor-id=\"9652\" class=\"elementor elementor-9652 elementor-9527\" data-elementor-post-type=\"page\">\n\t\t\t\t<div class=\"elementor-element elementor-element-22770182 ob-bg-video e-flex e-con-boxed e-con e-parent\" data-id=\"22770182\" data-element_type=\"container\" data-e-type=\"container\" data-settings=\"{&quot;background_background&quot;:&quot;classic&quot;}\">\n\t\t\t\t\t<div class=\"e-con-inner\">\n\t\t\t\t\t<\/div>\n\t\t\t\t<\/div>\n\t\t<div class=\"elementor-element elementor-element-4eff2581 e-flex e-con-boxed e-con e-parent\" data-id=\"4eff2581\" data-element_type=\"container\" data-e-type=\"container\">\n\t\t\t\t\t<div class=\"e-con-inner\">\n\t\t\t\t\t<\/div>\n\t\t\t\t<\/div>\n\t\t<div class=\"elementor-element elementor-element-30d8b718 e-flex e-con-boxed e-con e-parent\" data-id=\"30d8b718\" data-element_type=\"container\" data-e-type=\"container\">\n\t\t\t\t\t<div class=\"e-con-inner\">\n\t\t<div class=\"elementor-element elementor-element-43a0c6a e-con-full e-flex e-con e-child\" data-id=\"43a0c6a\" data-element_type=\"container\" data-e-type=\"container\">\n\t\t\t\t<div class=\"elementor-element elementor-element-7755fdc elementor-widget elementor-widget-heading\" data-id=\"7755fdc\" data-element_type=\"widget\" data-e-type=\"widget\" data-widget_type=\"heading.default\">\n\t\t\t\t<div class=\"elementor-widget-container\">\n\t\t\t\t\t<h2 class=\"elementor-heading-title elementor-size-default\">Honeymoon Luxury Presidential Suite<\/h2>\t\t\t\t<\/div>\n\t\t\t\t<\/div>\n\t\t\t\t<div class=\"elementor-element elementor-element-5f1be70a elementor-widget elementor-widget-text-editor\" data-id=\"5f1be70a\" data-element_type=\"widget\" data-e-type=\"widget\" data-widget_type=\"text-editor.default\">\n\t\t\t\t<div class=\"elementor-widget-container\">\n\t\t\t\t\t\t\t\t\t<p>\u901a\u8fc7\u6211\u4eec\u7684 All-Inclusive Package \u5f00\u542f\u60a8\u7684\u5929\u5802\u4e4b\u65c5 \u2014\u2014 \u4eab\u53d7\u6781\u81f4\u65e0\u5fe7\u7684\u5ea6\u5047\u4f53\u9a8c\u3002\u8fde\u7eed\u5165\u4f4f\u81f3\u5c11 5 \u665a\uff0c\u5373\u53ef\u89e3\u9501\u591a\u9879\u4e13\u5c5e\u7279\u6743\uff0c\u5305\u62ec\u6bcf\u65e5\u9910\u996e\u3001\u7cbe\u9009\u996e\u54c1\u3001\u4e30\u5bcc\u6d3b\u52a8\u53ca\u66f4\u591a\u7cbe\u5f69\u5185\u5bb9\u3002  <\/p>\t\t\t\t\t\t\t\t<\/div>\n\t\t\t\t<\/div>\n\t\t\t\t<\/div>\n\t\t<div class=\"elementor-element elementor-element-3cd596c0 e-con-full e-flex e-con e-child\" data-id=\"3cd596c0\" data-element_type=\"container\" data-e-type=\"container\">\n\t\t\t\t<div class=\"elementor-element elementor-element-40624ef elementor-widget-divider--view-line elementor-widget elementor-widget-divider\" data-id=\"40624ef\" data-element_type=\"widget\" data-e-type=\"widget\" data-widget_type=\"divider.default\">\n\t\t\t\t<div class=\"elementor-widget-container\">\n\t\t\t\t\t\t\t<div class=\"elementor-divider\">\n\t\t\t<span class=\"elementor-divider-separator\">\n\t\t\t\t\t\t<\/span>\n\t\t<\/div>\n\t\t\t\t\t\t<\/div>\n\t\t\t\t<\/div>\n\t\t\t\t<\/div>\n\t\t\t\t\t<\/div>\n\t\t\t\t<\/div>\n\t\t<div class=\"elementor-element elementor-element-d97f901 e-grid e-con-boxed e-con e-parent\" data-id=\"d97f901\" data-element_type=\"container\" data-e-type=\"container\">\n\t\t\t\t\t<div class=\"e-con-inner\">\n\t\t<div class=\"elementor-element elementor-element-5c80242 e-con-full e-flex e-con e-child\" data-id=\"5c80242\" data-element_type=\"container\" data-e-type=\"container\">\n\t\t\t\t<div class=\"elementor-element elementor-element-9347d02 ob-btn-block elementor-widget__width-initial elementor-widget elementor-widget-button\" data-id=\"9347d02\" data-element_type=\"widget\" data-e-type=\"widget\" data-widget_type=\"button.default\">\n\t\t\t\t<div class=\"elementor-widget-container\">\n\t\t\t\t\t\t\t\t\t<div class=\"elementor-button-wrapper\">\n\t\t\t\t\t<a class=\"elementor-button elementor-button-link elementor-size-sm\" href=\"https:\/\/book.themerusanur.com\/inst\/#home?propertyId=50941&#038;PackageID=913100000000036&#038;promoCode=ALLIN&#038;minNight=5\" target=\"_blank\">\n\t\t\t\t\t\t<span class=\"elementor-button-content-wrapper\">\n\t\t\t\t\t\t\t\t\t<span class=\"elementor-button-text\">\u9884\u8ba2 The Meru Sanur<\/span>\n\t\t\t\t\t<\/span>\n\t\t\t\t\t<\/a>\n\t\t\t\t<\/div>\n\t\t\t\t\t\t\t\t<\/div>\n\t\t\t\t<\/div>\n\t\t\t\t<\/div>\n\t\t<div class=\"elementor-element elementor-element-3d7b1de e-con-full e-flex e-con e-child\" data-id=\"3d7b1de\" data-element_type=\"container\" data-e-type=\"container\">\n\t\t\t\t<div class=\"elementor-element elementor-element-573927f ob-btn-block elementor-widget__width-initial elementor-widget elementor-widget-button\" data-id=\"573927f\" data-element_type=\"widget\" data-e-type=\"widget\" data-widget_type=\"button.default\">\n\t\t\t\t<div class=\"elementor-widget-container\">\n\t\t\t\t\t\t\t\t\t<div class=\"elementor-button-wrapper\">\n\t\t\t\t\t<a class=\"elementor-button elementor-button-link elementor-size-sm\" href=\"\" target=\"_blank\">\n\t\t\t\t\t\t<span class=\"elementor-button-content-wrapper\">\n\t\t\t\t\t\t\t\t\t<span class=\"elementor-button-text\">\u63a2\u7d22 Bali Beach Hotel<\/span>\n\t\t\t\t\t<\/span>\n\t\t\t\t\t<\/a>\n\t\t\t\t<\/div>\n\t\t\t\t\t\t\t\t<\/div>\n\t\t\t\t<\/div>\n\t\t\t\t<\/div>\n\t\t\t\t\t<\/div>\n\t\t\t\t<\/div>\n\t\t<div class=\"elementor-element elementor-element-bd2b659 e-flex e-con-boxed e-con e-parent\" data-id=\"bd2b659\" data-element_type=\"container\" data-e-type=\"container\">\n\t\t\t\t\t<div class=\"e-con-inner\">\n\t\t<div class=\"elementor-element elementor-element-48e863ec e-con-full e-flex e-con e-child\" data-id=\"48e863ec\" data-element_type=\"container\" data-e-type=\"container\" data-settings=\"{&quot;background_background&quot;:&quot;classic&quot;}\">\n\t\t<div class=\"elementor-element elementor-element-15e7ac65 e-con-full e-flex e-con e-child\" data-id=\"15e7ac65\" data-element_type=\"container\" data-e-type=\"container\">\n\t\t<div class=\"elementor-element elementor-element-757585f6 e-con-full e-flex e-con e-child\" data-id=\"757585f6\" data-element_type=\"container\" data-e-type=\"container\">\n\t\t<div class=\"elementor-element elementor-element-59bd1015 e-flex e-con-boxed e-con e-child\" data-id=\"59bd1015\" data-element_type=\"container\" data-e-type=\"container\">\n\t\t\t\t\t<div class=\"e-con-inner\">\n\t\t\t\t<div class=\"elementor-element elementor-element-23c7f5da elementor-widget elementor-widget-heading\" data-id=\"23c7f5da\" data-element_type=\"widget\" data-e-type=\"widget\" data-widget_type=\"heading.default\">\n\t\t\t\t<div class=\"elementor-widget-container\">\n\t\t\t\t\t<h2 class=\"elementor-heading-title elementor-size-default\">\u9884\u8ba2\u65e5\u671f\uff1a<\/h2>\t\t\t\t<\/div>\n\t\t\t\t<\/div>\n\t\t<div class=\"elementor-element elementor-element-6e8117cd e-con-full e-flex e-con e-child\" data-id=\"6e8117cd\" data-element_type=\"container\" data-e-type=\"container\">\n\t\t\t\t<div class=\"elementor-element elementor-element-2e085966 elementor-widget elementor-widget-text-editor\" data-id=\"2e085966\" data-element_type=\"widget\" data-e-type=\"widget\" data-widget_type=\"text-editor.default\">\n\t\t\t\t<div class=\"elementor-widget-container\">\n\t\t\t\t\t\t\t\t\t<ul><li><span data-sheets-root=\"1\">2025\u5e744\u670812\u65e5 &#8211; 2025\u5e7411\u670830\u65e5<\/span><\/li><\/ul>\t\t\t\t\t\t\t\t<\/div>\n\t\t\t\t<\/div>\n\t\t\t\t<\/div>\n\t\t\t\t\t<\/div>\n\t\t\t\t<\/div>\n\t\t<div class=\"elementor-element elementor-element-768bfb13 e-flex e-con-boxed e-con e-child\" data-id=\"768bfb13\" data-element_type=\"container\" data-e-type=\"container\">\n\t\t\t\t\t<div class=\"e-con-inner\">\n\t\t\t\t<div class=\"elementor-element elementor-element-4ddab68a elementor-widget elementor-widget-heading\" data-id=\"4ddab68a\" data-element_type=\"widget\" data-e-type=\"widget\" data-widget_type=\"heading.default\">\n\t\t\t\t<div class=\"elementor-widget-container\">\n\t\t\t\t\t<h2 class=\"elementor-heading-title elementor-size-default\">\u5165\u4f4f\u65e5\u671f\uff1a<\/h2>\t\t\t\t<\/div>\n\t\t\t\t<\/div>\n\t\t<div class=\"elementor-element elementor-element-211f4569 e-con-full e-flex e-con e-child\" data-id=\"211f4569\" data-element_type=\"container\" data-e-type=\"container\">\n\t\t\t\t<div class=\"elementor-element elementor-element-d7cc6e3 elementor-widget elementor-widget-text-editor\" data-id=\"d7cc6e3\" data-element_type=\"widget\" data-e-type=\"widget\" data-widget_type=\"text-editor.default\">\n\t\t\t\t<div class=\"elementor-widget-container\">\n\t\t\t\t\t\t\t\t\t<ul>\n<li>2025\u5e744\u670812\u65e5 &#8211; 2026\u5e743\u670831\u65e5<\/li>\n<\/ul>\t\t\t\t\t\t\t\t<\/div>\n\t\t\t\t<\/div>\n\t\t\t\t<\/div>\n\t\t\t\t\t<\/div>\n\t\t\t\t<\/div>\n\t\t\t\t<\/div>\n\t\t<div class=\"elementor-element elementor-element-19b0078f e-con-full e-flex e-con e-child\" data-id=\"19b0078f\" data-element_type=\"container\" data-e-type=\"container\">\n\t\t<div class=\"elementor-element elementor-element-79158521 e-flex e-con-boxed e-con e-child\" data-id=\"79158521\" data-element_type=\"container\" data-e-type=\"container\">\n\t\t\t\t\t<div class=\"e-con-inner\">\n\t\t\t\t<div class=\"elementor-element elementor-element-1513cc51 elementor-widget elementor-widget-heading\" data-id=\"1513cc51\" data-element_type=\"widget\" data-e-type=\"widget\" data-widget_type=\"heading.default\">\n\t\t\t\t<div class=\"elementor-widget-container\">\n\t\t\t\t\t<h2 class=\"elementor-heading-title elementor-size-default\">\u4e0d\u9002\u7528\u65e5\u671f\uff1a<\/h2>\t\t\t\t<\/div>\n\t\t\t\t<\/div>\n\t\t<div class=\"elementor-element elementor-element-1417deb8 e-con-full e-flex e-con e-child\" data-id=\"1417deb8\" data-element_type=\"container\" data-e-type=\"container\">\n\t\t\t\t<div class=\"elementor-element elementor-element-1446b302 elementor-widget elementor-widget-text-editor\" data-id=\"1446b302\" data-element_type=\"widget\" data-e-type=\"widget\" data-widget_type=\"text-editor.default\">\n\t\t\t\t<div class=\"elementor-widget-container\">\n\t\t\t\t\t\t\t\t\t<ul>\n<li><span data-sheets-root=\"1\">2025\u5e7412\u670830\u65e5 &#8211; 2026\u5e741\u67081\u65e5<\/span><\/li>\n<\/ul>\t\t\t\t\t\t\t\t<\/div>\n\t\t\t\t<\/div>\n\t\t\t\t<\/div>\n\t\t\t\t\t<\/div>\n\t\t\t\t<\/div>\n\t\t\t\t<\/div>\n\t\t<div class=\"elementor-element elementor-element-21d10571 e-con-full e-flex e-con e-child\" data-id=\"21d10571\" data-element_type=\"container\" data-e-type=\"container\">\n\t\t\t\t<div class=\"elementor-element elementor-element-4f28e79e elementor-widget elementor-widget-heading\" data-id=\"4f28e79e\" data-element_type=\"widget\" data-e-type=\"widget\" data-widget_type=\"heading.default\">\n\t\t\t\t<div class=\"elementor-widget-container\">\n\t\t\t\t\t<h2 class=\"elementor-heading-title elementor-size-default\">\u793c\u9047\u5305\u542b\uff1a<\/h2>\t\t\t\t<\/div>\n\t\t\t\t<\/div>\n\t\t<div class=\"elementor-element elementor-element-179c4df e-con-full e-grid e-con e-child\" data-id=\"179c4df\" data-element_type=\"container\" data-e-type=\"container\">\n\t\t\t\t<div class=\"elementor-element elementor-element-4a1610a elementor-widget elementor-widget-text-editor\" data-id=\"4a1610a\" data-element_type=\"widget\" data-e-type=\"widget\" data-widget_type=\"text-editor.default\">\n\t\t\t\t<div class=\"elementor-widget-container\">\n\t\t\t\t\t\t\t\t\t<ul><li>\u53cc\u4eba\u79c1\u4eba\u4e13\u5c5e\u65e9\u9910<\/li><li>\u5f80\u8fd4\u673a\u573a\u63a5\u9001\u53ca Jumpa \u673a\u573a\u534f\u52a9\u670d\u52a1<\/li><li>\u6bcf\u65e5 10 \u5c0f\u65f6\u4e13\u5c5e\u7528\u8f66\u670d\u52a1<\/li><li>\u62b5\u8fbe\u65f6\u5ba2\u623f\u5c0a\u4eab\u8fce\u5bbe\u8461\u8404\u9152\u4e00\u74f6<\/li><li>\u6d77\u6ee9\u6d6a\u6f2b\u70db\u5149\u665a\u9910<\/li><li>90 \u5206\u949f\u53cc\u4eba\u7279\u8272\u6309\u6469\u53ca\u68ee\u6797\u8eab\u4f53\u88f9\u6577\u62a4\u7406<\/li><li>\u5bfa\u5e99\u6e38\u89c8\u53ca\u7948\u798f\u6d3b\u52a8<\/li><li>\u53cc\u4eba Ocean Golf 7 \u4f53\u9a8c\u8bfe\u7a0b<\/li><li>Kevala Ceramics \u9676\u827a\u5de5\u4f5c\u574a<\/li><li>\u5ba2\u623f\u5185\u4e0b\u5348\u8336\u670d\u52a1<\/li><li>Magkna \u63d0\u4f9b\u7684\u5df4\u5398\u5c9b\u98ce\u60c5\u5199\u771f\u62cd\u6444<\/li><\/ul>\t\t\t\t\t\t\t\t<\/div>\n\t\t\t\t<\/div>\n\t\t\t\t<\/div>\n\t\t\t\t<\/div>\n\t\t\t\t<\/div>\n\t\t\t\t<\/div>\n\t\t\t\t\t<\/div>\n\t\t\t\t<\/div>\n\t\t<div class=\"elementor-element elementor-element-33a5cb71 e-flex e-con-boxed e-con e-parent\" data-id=\"33a5cb71\" data-element_type=\"container\" data-e-type=\"container\">\n\t\t\t\t\t<div class=\"e-con-inner\">\n\t\t<div class=\"elementor-element elementor-element-1c4a0d6 e-con-full e-flex e-con e-child\" data-id=\"1c4a0d6\" data-element_type=\"container\" data-e-type=\"container\" data-settings=\"{&quot;background_background&quot;:&quot;classic&quot;}\">\n\t\t<div class=\"elementor-element elementor-element-649090d0 e-con-full e-flex e-con e-child\" data-id=\"649090d0\" data-element_type=\"container\" data-e-type=\"container\">\n\t\t\t\t<div class=\"elementor-element elementor-element-4ccd479e elementor-widget elementor-widget-heading\" data-id=\"4ccd479e\" data-element_type=\"widget\" data-e-type=\"widget\" data-widget_type=\"heading.default\">\n\t\t\t\t<div class=\"elementor-widget-container\">\n\t\t\t\t\t<h2 class=\"elementor-heading-title elementor-size-default\">\u6761\u6b3e\u4e0e\u9644\u5219<\/h2>\t\t\t\t<\/div>\n\t\t\t\t<\/div>\n\t\t\t\t<div class=\"elementor-element elementor-element-efaf503 elementor-widget elementor-widget-text-editor\" data-id=\"efaf503\" data-element_type=\"widget\" data-e-type=\"widget\" data-widget_type=\"text-editor.default\">\n\t\t\t\t<div class=\"elementor-widget-container\">\n\t\t\t\t\t\t\t\t\t<ul>\n<li>\u6700\u4f4e\u5165\u4f4f\u8981\u6c42\uff1a5 \u665a\u3002<\/li>\n<li>\n<div class=\"shPackageDesc\">\n<p>\u53d6\u6d88\u4e0e\u4fee\u6539\u653f\u7b56\uff1a<\/p>\n<p>*\u5165\u4f4f\u524d 21 \u5929\u53ca\u4ee5\u4e0a\u53ef\u514d\u8d39\u53d6\u6d88\uff08\u5168\u989d\u9000\u6b3e\u5c06\u6309\u539f\u652f\u4ed8\u65b9\u5f0f\u9000\u56de\uff09\u3002<br>*\u5165\u4f4f\u524d 21 \u5929\u53ca\u4ee5\u4e0a\u53ef\u4fee\u6539\u9884\u8ba2\uff08\u987b\u89c6\u65e5\u671f\u53d8\u66f4\u786e\u8ba4\u60c5\u51b5\u800c\u5b9a\uff09\u3002<br>*\u5165\u4f4f\u524d 21 \u5929\u53ca\u4ee5\u4e0a\u53ef\u8f6c\u8ba9\u9884\u8ba2\uff08\u987b\u89c6\u66f4\u540d\u786e\u8ba4\u60c5\u51b5\u800c\u5b9a\uff09\u3002<br>*\u5165\u4f4f\u524d 20 \u5929\u5185\u53d6\u6d88\u9884\u8ba2\uff0c\u5c06\u6536\u53d6\u8ba2\u5355\u5168\u989d\u8d39\u7528\u3002<br>*\u82e5\u672a\u5982\u671f\u5165\u4f4f (No-show)\uff0c\u5c06\u6536\u53d6\u8ba2\u5355\u603b\u989d\u7684 100% \u4f5c\u4e3a\u8d39\u7528\u3002<\/p>\n<\/div>\n<\/li>\n<li>\n<p>\u53d6\u6d88\u653f\u7b56\uff1a \u5c06\u6536\u53d6\u9996\u665a\u623f\u8d39\u7684 100% \u4f5c\u4e3a\u53d6\u6d88\u91d1\u3002<\/p>\n<\/li>\n<li>\n<p><span style=\"background-color: transparent; color: var( --e-global-color-text ); font-family: var( --e-global-typography-48160fd-font-family ), Sans-serif; font-weight: var( --e-global-typography-text-font-weight ); letter-spacing: var( --e-global-typography-48160fd-letter-spacing ); text-align: var(--text-align);\">\u652f\u4ed8\u653f\u7b56\uff1a \u786e\u8ba4\u9884\u8ba2\u65f6\u9700\u652f\u4ed8\u5168\u989d\u623f\u6b3e\u3002<\/span><\/p>\n<\/li>\n<li>\u610f\u89c1\u4e0e\u53cd\u9988\uff1a \u60a8\u7684\u610f\u89c1\u5bf9\u6211\u4eec\u81f3\u5173\u91cd\u8981\uff0c\u5b83\u80fd\u5e2e\u52a9\u6211\u4eec\u4e0d\u65ad\u4f18\u5316\u670d\u52a1\u5e76\u5b8c\u5584\u793c\u9047\u3002\u6211\u4eec\u9f13\u52b1\u60a8\u5728\u5165\u4f4f\u671f\u95f4\u5206\u4eab\u60a8\u7684\u611f\u53d7\uff0c\u60a8\u53ef\u4ee5\u76f4\u63a5\u4e0e\u5458\u5de5\u4ea4\u6d41\u6216\u901a\u8fc7\u6211\u4eec\u7684\u6c9f\u901a\u6e20\u9053\u53cd\u9988\u3002  <\/li>\n<li>Conditions sujettes \u00e0 modification : Ces termes et conditions peuvent \u00eatre modifi\u00e9s sans pr\u00e9avis. Nous vous recommandons de consulter notre site Web ou de contacter notre \u00e9quipe de r\u00e9servation pour obtenir les informations les plus r\u00e9centes concernant notre complexe.  <\/li>\n<li>\u6761\u6b3e\u66f4\u6539\u8bf4\u660e\uff1a \u4e0a\u8ff0\u6761\u6b3e\u4e0e\u9644\u5219\u5982\u6709\u66f4\u6539\uff0c\u6055\u4e0d\u53e6\u884c\u901a\u77e5\u3002\u5efa\u8bae\u60a8\u8bbf\u95ee\u5b98\u65b9\u7f51\u7ad9\u6216\u8054\u7cfb\u9884\u8ba2\u56e2\u961f\uff0c\u4ee5\u83b7\u53d6\u6700\u65b0\u8d44\u8baf\u3002\u9884\u8ba2\u6216\u5165\u4f4f\u672c\u9152\u5e97\uff0c\u5373\u8868\u793a\u60a8\u540c\u610f\u9075\u5b88\u4e0a\u8ff0\u6761\u6b3e\u4e0e\u9644\u5219\u3002\u7531\u8877\u611f\u8c22\u60a8\u7684\u652f\u6301\u4e0e\u7406\u89e3\u3002\u6211\u4eec\u6b63\u5f00\u542f\u8fd9\u6bb5\u6fc0\u52a8\u4eba\u5fc3\u7684\u65c5\u7a0b\uff0c\u671f\u5f85\u4e3a\u60a8\u6253\u9020\u96be\u5fd8\u7684\u5ea6\u5047\u4f53\u9a8c\u3002  <\/li>\n<\/ul>\t\t\t\t\t\t\t\t<\/div>\n\t\t\t\t<\/div>\n\t\t\t\t<\/div>\n\t\t\t\t<\/div>\n\t\t\t\t\t<\/div>\n\t\t\t\t<\/div>\n\t\t<div class=\"elementor-element elementor-element-5d51d8c e-grid e-con-boxed e-con e-parent\" data-id=\"5d51d8c\" data-element_type=\"container\" data-e-type=\"container\">\n\t\t\t\t\t<div class=\"e-con-inner\">\n\t\t<div class=\"elementor-element elementor-element-f062ceb e-con-full e-flex e-con e-child\" data-id=\"f062ceb\" data-element_type=\"container\" data-e-type=\"container\">\n\t\t\t\t<div class=\"elementor-element elementor-element-5f8fffe ob-btn-block elementor-widget__width-initial elementor-widget elementor-widget-button\" data-id=\"5f8fffe\" data-element_type=\"widget\" data-e-type=\"widget\" data-widget_type=\"button.default\">\n\t\t\t\t<div class=\"elementor-widget-container\">\n\t\t\t\t\t\t\t\t\t<div class=\"elementor-button-wrapper\">\n\t\t\t\t\t<a class=\"elementor-button elementor-button-link elementor-size-sm\" href=\"https:\/\/book.themerusanur.com\/inst\/#home?propertyId=50941&#038;PackageID=913100000000036&#038;promoCode=ALLIN&#038;minNight=5\" target=\"_blank\">\n\t\t\t\t\t\t<span class=\"elementor-button-content-wrapper\">\n\t\t\t\t\t\t\t\t\t<span class=\"elementor-button-text\">\u9884\u8ba2 The Meru Sanur<\/span>\n\t\t\t\t\t<\/span>\n\t\t\t\t\t<\/a>\n\t\t\t\t<\/div>\n\t\t\t\t\t\t\t\t<\/div>\n\t\t\t\t<\/div>\n\t\t\t\t<\/div>\n\t\t<div class=\"elementor-element elementor-element-f70eceb e-con-full e-flex e-con e-child\" data-id=\"f70eceb\" data-element_type=\"container\" data-e-type=\"container\">\n\t\t\t\t<div class=\"elementor-element elementor-element-77f8a1b ob-btn-block elementor-widget__width-initial elementor-widget elementor-widget-button\" data-id=\"77f8a1b\" data-element_type=\"widget\" data-e-type=\"widget\" data-widget_type=\"button.default\">\n\t\t\t\t<div class=\"elementor-widget-container\">\n\t\t\t\t\t\t\t\t\t<div class=\"elementor-button-wrapper\">\n\t\t\t\t\t<a class=\"elementor-button elementor-button-link elementor-size-sm\" href=\"\" target=\"_blank\">\n\t\t\t\t\t\t<span class=\"elementor-button-content-wrapper\">\n\t\t\t\t\t\t\t\t\t<span class=\"elementor-button-text\">\u63a2\u7d22 Bali Beach Hotel<\/span>\n\t\t\t\t\t<\/span>\n\t\t\t\t\t<\/a>\n\t\t\t\t<\/div>\n\t\t\t\t\t\t\t\t<\/div>\n\t\t\t\t<\/div>\n\t\t\t\t<\/div>\n\t\t\t\t\t<\/div>\n\t\t\t\t<\/div>\n\t\t\t\t<\/div>\n\t\t","protected":false},"excerpt":{"rendered":"<p>Honeymoon Luxury Presidential Suite \u901a\u8fc7\u6211\u4eec\u7684 All-Inclusive Package \u5f00\u542f\u60a8\u7684\u5929\u5802\u4e4b\u65c5 \u2014\u2014 \u4eab\u53d7\u6781\u81f4\u65e0\u5fe7\u7684\u5ea6\u5047\u4f53\u9a8c\u3002\u8fde\u7eed\u5165\u4f4f\u81f3\u5c11 5 \u665a\uff0c\u5373\u53ef\u89e3\u9501\u591a\u9879\u4e13\u5c5e\u7279\u6743\uff0c [&hellip;]<\/p>\n","protected":false},"author":2,"featured_media":9653,"parent":0,"menu_order":0,"comment_status":"closed","ping_status":"closed","template":"","meta":{"footnotes":""},"class_list":["post-9652","page","type-page","status-publish","has-post-thumbnail","hentry"],"_links":{"self":[{"href":"https:\/\/themerusanur.com\/ja\/wp-json\/wp\/v2\/pages\/9652","targetHints":{"allow":["GET"]}}],"collection":[{"href":"https:\/\/themerusanur.com\/ja\/wp-json\/wp\/v2\/pages"}],"about":[{"href":"https:\/\/themerusanur.com\/ja\/wp-json\/wp\/v2\/types\/page"}],"author":[{"embeddable":true,"href":"https:\/\/themerusanur.com\/ja\/wp-json\/wp\/v2\/users\/2"}],"replies":[{"embeddable":true,"href":"https:\/\/themerusanur.com\/ja\/wp-json\/wp\/v2\/comments?post=9652"}],"version-history":[{"count":1,"href":"https:\/\/themerusanur.com\/ja\/wp-json\/wp\/v2\/pages\/9652\/revisions"}],"predecessor-version":[{"id":9654,"href":"https:\/\/themerusanur.com\/ja\/wp-json\/wp\/v2\/pages\/9652\/revisions\/9654"}],"wp:featuredmedia":[{"embeddable":true,"href":"https:\/\/themerusanur.com\/ja\/wp-json\/wp\/v2\/media\/9653"}],"wp:attachment":[{"href":"https:\/\/themerusanur.com\/ja\/wp-json\/wp\/v2\/media?parent=9652"}],"curies":[{"name":"wp","href":"https:\/\/api.w.org\/{rel}","templated":true}]}}